{"id":416317,"date":"2026-04-05T15:11:58","date_gmt":"2026-04-05T13:11:58","guid":{"rendered":"https:\/\/bogensportdiscount.ch\/produkt\/compound-drop-away-rests-ratchet-micro-cable-driven-rh-black\/"},"modified":"2026-04-17T13:48:43","modified_gmt":"2026-04-17T11:48:43","slug":"ripcord-compound-fallaway-auflage-ratchet-micro-cable-driven","status":"publish","type":"product","link":"https:\/\/bogensportdiscount.ch\/it\/prodotto\/ripcord-compound-fallaway-auflage-ratchet-micro-cable-driven\/","title":{"rendered":"RIPCORD COMPOUND DROP AWAY RESTS CRICCHETTO MICRO CAVO GUIDATO"},"content":{"rendered":"<p>Die Ripcord Ratchet Micro Cable Driven ist eine Fallaway-Pfeilauflage f\u00fcr Compound-B\u00f6gen, die \u00fcber das Kabel des Bogens angesteuert wird. Beim Auszug hebt sich die Auflage automatisch an und f\u00e4llt beim Abschuss kontrolliert ab, was den Pfeil w\u00e4hrend des gesamten Schussvorgangs optimal f\u00fchrt.<\/p>\n<p>Der integrierte Ratchet-Mechanismus erlaubt eine feinstufige Einstellung der Auflage, ohne dass Werkzeug ben\u00f6tigt wird. Die Auflage ist sowohl f\u00fcr Rechts- als auch f\u00fcr Linksh\u00e4nder erh\u00e4ltlich.<\/p>\n<ul>\n<li>Kabelgesteuerte Fallaway-Mechanik<\/li>\n<li>Ratchet-Feinjustierung f\u00fcr pr\u00e4zise Einstellung<\/li>\n<li>Erh\u00e4ltlich f\u00fcr Rechtshand und Linkshand<\/li>\n<li>Prodotto negli Stati Uniti<\/li>\n<\/ul>","protected":false},"excerpt":{"rendered":"<p>Die Ripcord Ratchet Micro Cable Driven ist eine kabelgesteuerte Compound-Fallaway-Auflage f\u00fcr Links- und Rechtsh\u00e4nder. Sie erm\u00f6glicht eine pr\u00e4zise Feinjustierung \u00fcber den Ratchet-Mechanismus und eignet sich f\u00fcr den Einsatz am Compound-Bogen.<\/p>","protected":false},"featured_media":444430,"comment_status":"open","ping_status":"closed","template":"","meta":[],"product_brand":[536],"product_cat":[4233],"product_tag":[],"class_list":{"0":"post-416317","1":"product","2":"type-product","3":"status-publish","4":"has-post-thumbnail","6":"product_brand-ripcord","7":"product_cat-compound-drop-away-pfeilauflage","9":"first","10":"instock","11":"shipping-taxable","12":"purchasable","13":"product-type-variable"},"_links":{"self":[{"href":"https:\/\/bogensportdiscount.ch\/it\/wp-json\/wp\/v2\/product\/416317","targetHints":{"allow":["GET"]}}],"collection":[{"href":"https:\/\/bogensportdiscount.ch\/it\/wp-json\/wp\/v2\/product"}],"about":[{"href":"https:\/\/bogensportdiscount.ch\/it\/wp-json\/wp\/v2\/types\/product"}],"replies":[{"embeddable":true,"href":"https:\/\/bogensportdiscount.ch\/it\/wp-json\/wp\/v2\/comments?post=416317"}],"wp:featuredmedia":[{"embeddable":true,"href":"https:\/\/bogensportdiscount.ch\/it\/wp-json\/wp\/v2\/media\/444430"}],"wp:attachment":[{"href":"https:\/\/bogensportdiscount.ch\/it\/wp-json\/wp\/v2\/media?parent=416317"}],"wp:term":[{"taxonomy":"product_brand","embeddable":true,"href":"https:\/\/bogensportdiscount.ch\/it\/wp-json\/wp\/v2\/product_brand?post=416317"},{"taxonomy":"product_cat","embeddable":true,"href":"https:\/\/bogensportdiscount.ch\/it\/wp-json\/wp\/v2\/product_cat?post=416317"},{"taxonomy":"product_tag","embeddable":true,"href":"https:\/\/bogensportdiscount.ch\/it\/wp-json\/wp\/v2\/product_tag?post=416317"}],"curies":[{"name":"wp","href":"https:\/\/api.w.org\/{rel}","templated":true}]}}