{"id":416314,"date":"2026-04-05T15:11:58","date_gmt":"2026-04-05T13:11:58","guid":{"rendered":"https:\/\/bogensportdiscount.ch\/produkt\/compound-drop-away-rests-ratchet-ims-cable-driven-rh-black\/"},"modified":"2026-04-17T13:48:43","modified_gmt":"2026-04-17T11:48:43","slug":"ripcord-compound-fallaway-auflage-ratchet-ims-cable-driven","status":"publish","type":"product","link":"https:\/\/bogensportdiscount.ch\/it\/prodotto\/ripcord-compound-fallaway-auflage-ratchet-ims-cable-driven\/","title":{"rendered":"RIPCORD COMPOUND DROP AWAY RESTS CRICCHETTO IMS A CAVO"},"content":{"rendered":"<p>Die Ripcord Ratchet IMS Cable Driven ist eine kabelgesteuerte Compound-Fallaway-Auflage, die beim Auszug \u00fcber das Kabel des Bogens aktiviert wird. Das Fallaway-Prinzip sorgt daf\u00fcr, dass die Auflage beim Abschuss vollst\u00e4ndig nach unten f\u00e4llt und den Pfeil nicht ber\u00fchrt \u2013 f\u00fcr maximale Pfeilf\u00fchrung und minimale Einfl\u00fcsse auf den Flug.<\/p>\n<p>Die Auflage ist in einer Rechtshand- und einer Linkshandversion erh\u00e4ltlich und eignet sich f\u00fcr den Einsatz am Jagd- sowie am Turnierbogen.<\/p>\n<ul>\n<li>Kabelgesteuerte Fallaway-Mechanik (Cable Driven)<\/li>\n<li>Ratchet IMS System f\u00fcr pr\u00e4zise Einstellung<\/li>\n<li>Erh\u00e4ltlich f\u00fcr Rechts- und Linkshandbogen<\/li>\n<li>Prodotto negli Stati Uniti<\/li>\n<\/ul>","protected":false},"excerpt":{"rendered":"<p>Die Ripcord Ratchet IMS Cable Driven ist eine kabelgesteuerte Fallaway-Pfeilauflage f\u00fcr Compoundb\u00f6gen. Sie ist sowohl f\u00fcr Rechts- als auch f\u00fcr Linkshandbogen-Sch\u00fctzen erh\u00e4ltlich und gew\u00e4hrleistet einen sauberen Pfeilabgang durch das Fallaway-Prinzip.<\/p>","protected":false},"featured_media":444411,"comment_status":"open","ping_status":"closed","template":"","meta":[],"product_brand":[536],"product_cat":[4233],"product_tag":[],"class_list":{"0":"post-416314","1":"product","2":"type-product","3":"status-publish","4":"has-post-thumbnail","6":"product_brand-ripcord","7":"product_cat-compound-drop-away-pfeilauflage","9":"first","10":"instock","11":"shipping-taxable","12":"purchasable","13":"product-type-variable"},"_links":{"self":[{"href":"https:\/\/bogensportdiscount.ch\/it\/wp-json\/wp\/v2\/product\/416314","targetHints":{"allow":["GET"]}}],"collection":[{"href":"https:\/\/bogensportdiscount.ch\/it\/wp-json\/wp\/v2\/product"}],"about":[{"href":"https:\/\/bogensportdiscount.ch\/it\/wp-json\/wp\/v2\/types\/product"}],"replies":[{"embeddable":true,"href":"https:\/\/bogensportdiscount.ch\/it\/wp-json\/wp\/v2\/comments?post=416314"}],"wp:featuredmedia":[{"embeddable":true,"href":"https:\/\/bogensportdiscount.ch\/it\/wp-json\/wp\/v2\/media\/444411"}],"wp:attachment":[{"href":"https:\/\/bogensportdiscount.ch\/it\/wp-json\/wp\/v2\/media?parent=416314"}],"wp:term":[{"taxonomy":"product_brand","embeddable":true,"href":"https:\/\/bogensportdiscount.ch\/it\/wp-json\/wp\/v2\/product_brand?post=416314"},{"taxonomy":"product_cat","embeddable":true,"href":"https:\/\/bogensportdiscount.ch\/it\/wp-json\/wp\/v2\/product_cat?post=416314"},{"taxonomy":"product_tag","embeddable":true,"href":"https:\/\/bogensportdiscount.ch\/it\/wp-json\/wp\/v2\/product_tag?post=416314"}],"curies":[{"name":"wp","href":"https:\/\/api.w.org\/{rel}","templated":true}]}}