{"id":416302,"date":"2026-04-05T15:11:56","date_gmt":"2026-04-05T13:11:56","guid":{"rendered":"https:\/\/bogensportdiscount.ch\/produkt\/single-bevel-150-gr-replacement-main-blade-3-pk\/"},"modified":"2026-04-15T13:38:45","modified_gmt":"2026-04-15T11:38:45","slug":"magnus-single-bevel-150gr-ersatz-hauptklinge-3er-pack","status":"publish","type":"product","link":"https:\/\/bogensportdiscount.ch\/it\/prodotto\/magnus-single-bevel-150gr-ersatz-hauptklinge-3er-pack\/","title":{"rendered":"LAMA PRINCIPALE DI RICAMBIO MAGNUS SINGLE BEVEL 150 GR 3\/PK"},"content":{"rendered":"<p>Diese Ersatz-Hauptklingen sind passend f\u00fcr den MAGNUS Single Bevel Broadhead konzipiert und erm\u00f6glichen einen schnellen Klingenwechsel ohne den gesamten Pfeilkopf ersetzen zu m\u00fcssen. Das Gewicht von 150 Grain macht die Klingen f\u00fcr die Jagd geeignet.<\/p>\n<p>Single-Bevel-Klingen sind einseitig geschliffen und bekannt f\u00fcr ihre gute Eindringtiefe sowie das spiralf\u00f6rmige Schnittbild im Gewebe. Die Klingen werden im praktischen 3er-Pack geliefert.<\/p>\n<ul>\n<li>Gewicht: 150 Grain<\/li>\n<li>Einseitig geschliffene Klinge (Single Bevel)<\/li>\n<li>Prodotto negli Stati Uniti<\/li>\n<li>3 Klingen pro Packung<\/li>\n<\/ul>","protected":false},"excerpt":{"rendered":"<p>Ersatz-Hauptklingen von MAGNUS f\u00fcr den Single Bevel Broadhead, 150 Grain, im 3er-Pack. Hergestellt in den USA.<\/p>","protected":false},"featured_media":453631,"comment_status":"open","ping_status":"closed","template":"","meta":[],"product_brand":[532],"product_cat":[4179],"product_tag":[],"class_list":{"0":"post-416302","1":"product","2":"type-product","3":"status-publish","4":"has-post-thumbnail","6":"product_brand-magnus","7":"product_cat-einzelteile-zubehoer","9":"first","10":"instock","11":"shipping-taxable","12":"purchasable","13":"product-type-variable"},"_links":{"self":[{"href":"https:\/\/bogensportdiscount.ch\/it\/wp-json\/wp\/v2\/product\/416302","targetHints":{"allow":["GET"]}}],"collection":[{"href":"https:\/\/bogensportdiscount.ch\/it\/wp-json\/wp\/v2\/product"}],"about":[{"href":"https:\/\/bogensportdiscount.ch\/it\/wp-json\/wp\/v2\/types\/product"}],"replies":[{"embeddable":true,"href":"https:\/\/bogensportdiscount.ch\/it\/wp-json\/wp\/v2\/comments?post=416302"}],"wp:featuredmedia":[{"embeddable":true,"href":"https:\/\/bogensportdiscount.ch\/it\/wp-json\/wp\/v2\/media\/453631"}],"wp:attachment":[{"href":"https:\/\/bogensportdiscount.ch\/it\/wp-json\/wp\/v2\/media?parent=416302"}],"wp:term":[{"taxonomy":"product_brand","embeddable":true,"href":"https:\/\/bogensportdiscount.ch\/it\/wp-json\/wp\/v2\/product_brand?post=416302"},{"taxonomy":"product_cat","embeddable":true,"href":"https:\/\/bogensportdiscount.ch\/it\/wp-json\/wp\/v2\/product_cat?post=416302"},{"taxonomy":"product_tag","embeddable":true,"href":"https:\/\/bogensportdiscount.ch\/it\/wp-json\/wp\/v2\/product_tag?post=416302"}],"curies":[{"name":"wp","href":"https:\/\/api.w.org\/{rel}","templated":true}]}}