{"id":416296,"date":"2026-04-05T15:11:54","date_gmt":"2026-04-05T13:11:54","guid":{"rendered":"https:\/\/bogensportdiscount.ch\/produkt\/wooden-grip-for-arios-ext-evolium-rh\/"},"modified":"2026-04-17T13:48:42","modified_gmt":"2026-04-17T11:48:42","slug":"kinetic-holzgriff-fuer-arios-ext-evolium","status":"publish","type":"product","link":"https:\/\/bogensportdiscount.ch\/it\/prodotto\/kinetic-holzgriff-fuer-arios-ext-evolium\/","title":{"rendered":"IMPUGNATURA CINETICA IN LEGNO PER ARIOS EXT\/EVOLIUM"},"content":{"rendered":"<p>Der KINETIC Holzgriff ist speziell f\u00fcr die Recurve-Griffschienen der Modelle Arios Ext und Evolium konzipiert. Er bietet eine nat\u00fcrliche Holzoptik und erm\u00f6glicht einen direkten Austausch des bestehenden Griffs an kompatiblen KINETIC-Griffschienen.<\/p>\n<p>Das Modell ist sowohl f\u00fcr Rechtshand- als auch f\u00fcr Linksh\u00e4nder erh\u00e4ltlich, sodass eine breite Zielgruppe versorgt wird. Der Griff eignet sich f\u00fcr Bogensch\u00fctzen, die Wert auf ein nat\u00fcrliches Material und eine angepasste Passform legen.<\/p>\n<ul>\n<li>Kompatibel mit KINETIC Arios Ext und Evolium Griffschienen<\/li>\n<li>Material: Holz<\/li>\n<li>Erh\u00e4ltlich in Rechtshand- und Linksh\u00e4ndervariante<\/li>\n<\/ul>","protected":false},"excerpt":{"rendered":"<p>Holzgriff von KINETIC, passend f\u00fcr die Recurve-Griffschienen Arios Ext und Evolium. Erh\u00e4ltlich f\u00fcr Rechtshand und Linkshand.<\/p>","protected":false},"featured_media":451428,"comment_status":"open","ping_status":"closed","template":"","meta":[],"product_brand":[439],"product_cat":[4201],"product_tag":[],"class_list":{"0":"post-416296","1":"product","2":"type-product","3":"status-publish","4":"has-post-thumbnail","6":"product_brand-kinetic","7":"product_cat-recurve-griffe-griffe-bogen-zubehoer","9":"first","10":"instock","11":"shipping-taxable","12":"purchasable","13":"product-type-variable"},"_links":{"self":[{"href":"https:\/\/bogensportdiscount.ch\/it\/wp-json\/wp\/v2\/product\/416296","targetHints":{"allow":["GET"]}}],"collection":[{"href":"https:\/\/bogensportdiscount.ch\/it\/wp-json\/wp\/v2\/product"}],"about":[{"href":"https:\/\/bogensportdiscount.ch\/it\/wp-json\/wp\/v2\/types\/product"}],"replies":[{"embeddable":true,"href":"https:\/\/bogensportdiscount.ch\/it\/wp-json\/wp\/v2\/comments?post=416296"}],"wp:featuredmedia":[{"embeddable":true,"href":"https:\/\/bogensportdiscount.ch\/it\/wp-json\/wp\/v2\/media\/451428"}],"wp:attachment":[{"href":"https:\/\/bogensportdiscount.ch\/it\/wp-json\/wp\/v2\/media?parent=416296"}],"wp:term":[{"taxonomy":"product_brand","embeddable":true,"href":"https:\/\/bogensportdiscount.ch\/it\/wp-json\/wp\/v2\/product_brand?post=416296"},{"taxonomy":"product_cat","embeddable":true,"href":"https:\/\/bogensportdiscount.ch\/it\/wp-json\/wp\/v2\/product_cat?post=416296"},{"taxonomy":"product_tag","embeddable":true,"href":"https:\/\/bogensportdiscount.ch\/it\/wp-json\/wp\/v2\/product_tag?post=416296"}],"curies":[{"name":"wp","href":"https:\/\/api.w.org\/{rel}","templated":true}]}}