{"id":416287,"date":"2026-04-05T15:11:53","date_gmt":"2026-04-05T13:11:53","guid":{"rendered":"https:\/\/bogensportdiscount.ch\/produkt\/weights-stabilis-cover-for-tuner-for-centralizer-green\/"},"modified":"2026-05-14T15:27:05","modified_gmt":"2026-05-14T13:27:05","slug":"beiter-gewichte-stabilisator-abdeckung-tuner-centralizer","status":"publish","type":"product","link":"https:\/\/bogensportdiscount.ch\/it\/prodotto\/beiter-gewichte-stabilisator-abdeckung-tuner-centralizer\/","title":{"rendered":"BEITER GEWICHTE STABILIS. ABDECKUNG F\u00dcR TUNER F\u00dcR CENTRALIZER"},"content":{"rendered":"<p>\/  BEITER GEWICHTE STABILIS. ABDECKUNG F\u00dcR TUNER F\u00dcR CENTRALIZER<\/p>\n<p>Questo coperchio di BEITER \u00e8 progettato per l'utilizzo con il Beiter Tuner in combinazione con il sistema di stabilizzazione Centralizer. Funge da protezione per i pesi e contribuisce a un montaggio ordinato.<\/p>\n<ul>\n<li>Il coperchio \u00e8 disponibile in pi\u00f9 colori, cos\u00ec pu\u00f2 essere coordinato cromaticamente con il proprio setup.<\/li>\n<li>Compatibile con Beiter Tuner e Centralizer<\/li>\n<li>Disponibile nei colori: Nero, Verde, Grigio, Lime, Arancione, Rosso, Bianco<\/li>\n<li>Prodotto in Germania<\/li>\n<\/ul>","protected":false},"excerpt":{"rendered":"<table>\n<tr>\n<th>Propriet\u00e0<\/th>\n<th>Valore<\/th>\n<\/tr>\n<tr>\n<td>Marca<\/td>\n<td>Disponibile in 8 colori per una marcatura individuale<\/td>\n<\/tr>\n<tr>\n<td>Paese di origine<\/td>\n<td>Germania<\/td>\n<\/tr>\n<\/table>","protected":false},"featured_media":451435,"comment_status":"open","ping_status":"closed","template":"","meta":[],"product_brand":[419],"product_cat":[4199],"product_tag":[],"class_list":{"0":"post-416287","1":"product","2":"type-product","3":"status-publish","4":"has-post-thumbnail","6":"product_brand-beiter","7":"product_cat-gewichte","8":"product_shipping_class-bsd-standard","10":"first","11":"instock","12":"shipping-taxable","13":"purchasable","14":"product-type-variable"},"yoast_head":"<!-- This site is optimized with the Yoast SEO plugin v27.6 - https:\/\/yoast.com\/product\/yoast-seo-wordpress\/ -->\n<title>BEITER GEWICHTE STABILIS. ABDECKUNG F\u00dcR TUNER F\u00dcR CENTRALIZER - Bogensportdiscount \u2013 Archi, frecce, bersagli &amp; accessori<\/title>\n<meta name=\"description\" content=\"Acquisti BEITER GEWICHTE STABILIS. ABDECKUNG F\u00dcR TUNER F\u00dcR CENTRALIZER a un prezzo conveniente su Bogensportdiscount \u2013 Le migliori marche, spedizione veloce dalla Svizzera.\" \/>\n<meta name=\"robots\" content=\"index, follow, max-snippet:-1, max-image-preview:large, max-video-preview:-1\" \/>\n<link rel=\"canonical\" href=\"https:\/\/bogensportdiscount.ch\/it\/prodotto\/beiter-gewichte-stabilisator-abdeckung-tuner-centralizer\/\" \/>\n<meta property=\"og:locale\" content=\"it_IT\" \/>\n<meta property=\"og:type\" content=\"article\" \/>\n<meta property=\"og:title\" content=\"BEITER GEWICHTE STABILIS. ABDECKUNG F\u00dcR TUNER F\u00dcR CENTRALIZER - Bogensportdiscount \u2013 Archi, frecce, bersagli &amp; accessori\" \/>\n<meta property=\"og:description\" content=\"Acquisti BEITER GEWICHTE STABILIS. ABDECKUNG F\u00dcR TUNER F\u00dcR CENTRALIZER a un prezzo conveniente su Bogensportdiscount \u2013 Le migliori marche, spedizione veloce dalla Svizzera.\" \/>\n<meta property=\"og:url\" content=\"https:\/\/bogensportdiscount.ch\/it\/prodotto\/beiter-gewichte-stabilisator-abdeckung-tuner-centralizer\/\" \/>\n<meta property=\"og:site_name\" content=\"Bogensportdiscount \u2013 B\u00f6gen, Pfeile, Targets &amp; Zubeh\u00f6r\" \/>\n<meta property=\"article:modified_time\" content=\"2026-05-14T13:27:05+00:00\" \/>\n<meta property=\"og:image\" content=\"https:\/\/bogensportdiscount.ch\/wp-content\/uploads\/bsm-images\/A081053_1.jpg\" \/>\n\t<meta property=\"og:image:width\" content=\"600\" \/>\n\t<meta property=\"og:image:height\" content=\"498\" \/>\n\t<meta property=\"og:image:type\" content=\"image\/jpeg\" \/>\n<meta name=\"twitter:card\" content=\"summary_large_image\" \/>\n<script type=\"application\/ld+json\" class=\"yoast-schema-graph\">{\"@context\":\"https:\\\/\\\/schema.org\",\"@graph\":[{\"@type\":\"WebPage\",\"@id\":\"https:\\\/\\\/bogensportdiscount.ch\\\/produkt\\\/beiter-gewichte-stabilisator-abdeckung-tuner-centralizer\\\/\",\"url\":\"https:\\\/\\\/bogensportdiscount.ch\\\/produkt\\\/beiter-gewichte-stabilisator-abdeckung-tuner-centralizer\\\/\",\"name\":\"BEITER GEWICHTE STABILIS. ABDECKUNG F\u00dcR TUNER F\u00dcR CENTRALIZER - Bogensportdiscount \u2013 B\u00f6gen, Pfeile, Targets &amp; Zubeh\u00f6r\",\"isPartOf\":{\"@id\":\"https:\\\/\\\/bogensportdiscount.ch\\\/#website\"},\"primaryImageOfPage\":{\"@id\":\"https:\\\/\\\/bogensportdiscount.ch\\\/produkt\\\/beiter-gewichte-stabilisator-abdeckung-tuner-centralizer\\\/#primaryimage\"},\"image\":{\"@id\":\"https:\\\/\\\/bogensportdiscount.ch\\\/produkt\\\/beiter-gewichte-stabilisator-abdeckung-tuner-centralizer\\\/#primaryimage\"},\"thumbnailUrl\":\"https:\\\/\\\/bogensportdiscount.ch\\\/wp-content\\\/uploads\\\/bsm-images\\\/A081053_1.jpg\",\"datePublished\":\"2026-04-05T13:11:53+00:00\",\"dateModified\":\"2026-05-14T13:27:05+00:00\",\"description\":\"BEITER GEWICHTE STABILIS. ABDECKUNG F\u00dcR TUNER F\u00dcR CENTRALIZER g\u00fcnstig kaufen bei Bogensportdiscount \u2013 Top-Marken, schneller Versand aus der Schweiz.\",\"breadcrumb\":{\"@id\":\"https:\\\/\\\/bogensportdiscount.ch\\\/produkt\\\/beiter-gewichte-stabilisator-abdeckung-tuner-centralizer\\\/#breadcrumb\"},\"inLanguage\":\"it-IT\",\"potentialAction\":[{\"@type\":\"ReadAction\",\"target\":[\"https:\\\/\\\/bogensportdiscount.ch\\\/produkt\\\/beiter-gewichte-stabilisator-abdeckung-tuner-centralizer\\\/\"]}]},{\"@type\":\"ImageObject\",\"inLanguage\":\"it-IT\",\"@id\":\"https:\\\/\\\/bogensportdiscount.ch\\\/produkt\\\/beiter-gewichte-stabilisator-abdeckung-tuner-centralizer\\\/#primaryimage\",\"url\":\"https:\\\/\\\/bogensportdiscount.ch\\\/wp-content\\\/uploads\\\/bsm-images\\\/A081053_1.jpg\",\"contentUrl\":\"https:\\\/\\\/bogensportdiscount.ch\\\/wp-content\\\/uploads\\\/bsm-images\\\/A081053_1.jpg\",\"width\":600,\"height\":498},{\"@type\":\"BreadcrumbList\",\"@id\":\"https:\\\/\\\/bogensportdiscount.ch\\\/produkt\\\/beiter-gewichte-stabilisator-abdeckung-tuner-centralizer\\\/#breadcrumb\",\"itemListElement\":[{\"@type\":\"ListItem\",\"position\":1,\"name\":\"Home\",\"item\":\"https:\\\/\\\/bogensportdiscount.ch\\\/\"},{\"@type\":\"ListItem\",\"position\":2,\"name\":\"Shop\",\"item\":\"https:\\\/\\\/bogensportdiscount.ch\\\/shop\\\/\"},{\"@type\":\"ListItem\",\"position\":3,\"name\":\"BEITER GEWICHTE STABILIS. ABDECKUNG FUER TUNER FUER CENTRALIZER\"}]},{\"@type\":\"WebSite\",\"@id\":\"https:\\\/\\\/bogensportdiscount.ch\\\/#website\",\"url\":\"https:\\\/\\\/bogensportdiscount.ch\\\/\",\"name\":\"Bogensportdiscount\",\"description\":\"\",\"potentialAction\":[{\"@type\":\"SearchAction\",\"target\":{\"@type\":\"EntryPoint\",\"urlTemplate\":\"https:\\\/\\\/bogensportdiscount.ch\\\/?s={search_term_string}\"},\"query-input\":{\"@type\":\"PropertyValueSpecification\",\"valueRequired\":true,\"valueName\":\"search_term_string\"}}],\"inLanguage\":\"it-IT\"}]}<\/script>\n<!-- \/ Yoast SEO plugin. -->","yoast_head_json":{"title":"BEITER GEWICHTE STABILIS. ABDECKUNG F\u00dcR TUNER F\u00dcR CENTRALIZER - Bogensportdiscount \u2013 Archi, frecce, bersagli &amp; accessori","description":"Acquisti BEITER GEWICHTE STABILIS. ABDECKUNG F\u00dcR TUNER F\u00dcR CENTRALIZER a un prezzo conveniente su Bogensportdiscount \u2013 Le migliori marche, spedizione veloce dalla Svizzera.","robots":{"index":"index","follow":"follow","max-snippet":"max-snippet:-1","max-image-preview":"max-image-preview:large","max-video-preview":"max-video-preview:-1"},"canonical":"https:\/\/bogensportdiscount.ch\/it\/prodotto\/beiter-gewichte-stabilisator-abdeckung-tuner-centralizer\/","og_locale":"it_IT","og_type":"article","og_title":"BEITER GEWICHTE STABILIS. ABDECKUNG F\u00dcR TUNER F\u00dcR CENTRALIZER - Bogensportdiscount \u2013 Archi, frecce, bersagli &amp; accessori","og_description":"Acquisti BEITER GEWICHTE STABILIS. ABDECKUNG F\u00dcR TUNER F\u00dcR CENTRALIZER a un prezzo conveniente su Bogensportdiscount \u2013 Le migliori marche, spedizione veloce dalla Svizzera.","og_url":"https:\/\/bogensportdiscount.ch\/it\/prodotto\/beiter-gewichte-stabilisator-abdeckung-tuner-centralizer\/","og_site_name":"Bogensportdiscount \u2013 B\u00f6gen, Pfeile, Targets &amp; Zubeh\u00f6r","article_modified_time":"2026-05-14T13:27:05+00:00","og_image":[{"width":600,"height":498,"url":"https:\/\/bogensportdiscount.ch\/wp-content\/uploads\/bsm-images\/A081053_1.jpg","type":"image\/jpeg"}],"twitter_card":"summary_large_image","schema":{"@context":"https:\/\/schema.org","@graph":[{"@type":"WebPage","@id":"https:\/\/bogensportdiscount.ch\/produkt\/beiter-gewichte-stabilisator-abdeckung-tuner-centralizer\/","url":"https:\/\/bogensportdiscount.ch\/produkt\/beiter-gewichte-stabilisator-abdeckung-tuner-centralizer\/","name":"BEITER GEWICHTE STABILIS. ABDECKUNG F\u00dcR TUNER F\u00dcR CENTRALIZER - Bogensportdiscount \u2013 Archi, frecce, bersagli &amp; accessori","isPartOf":{"@id":"https:\/\/bogensportdiscount.ch\/#website"},"primaryImageOfPage":{"@id":"https:\/\/bogensportdiscount.ch\/produkt\/beiter-gewichte-stabilisator-abdeckung-tuner-centralizer\/#primaryimage"},"image":{"@id":"https:\/\/bogensportdiscount.ch\/produkt\/beiter-gewichte-stabilisator-abdeckung-tuner-centralizer\/#primaryimage"},"thumbnailUrl":"https:\/\/bogensportdiscount.ch\/wp-content\/uploads\/bsm-images\/A081053_1.jpg","datePublished":"2026-04-05T13:11:53+00:00","dateModified":"2026-05-14T13:27:05+00:00","description":"Acquisti BEITER GEWICHTE STABILIS. ABDECKUNG F\u00dcR TUNER F\u00dcR CENTRALIZER a un prezzo conveniente su Bogensportdiscount \u2013 Le migliori marche, spedizione veloce dalla Svizzera.","breadcrumb":{"@id":"https:\/\/bogensportdiscount.ch\/produkt\/beiter-gewichte-stabilisator-abdeckung-tuner-centralizer\/#breadcrumb"},"inLanguage":"it-IT","potentialAction":[{"@type":"ReadAction","target":["https:\/\/bogensportdiscount.ch\/produkt\/beiter-gewichte-stabilisator-abdeckung-tuner-centralizer\/"]}]},{"@type":"ImageObject","inLanguage":"it-IT","@id":"https:\/\/bogensportdiscount.ch\/produkt\/beiter-gewichte-stabilisator-abdeckung-tuner-centralizer\/#primaryimage","url":"https:\/\/bogensportdiscount.ch\/wp-content\/uploads\/bsm-images\/A081053_1.jpg","contentUrl":"https:\/\/bogensportdiscount.ch\/wp-content\/uploads\/bsm-images\/A081053_1.jpg","width":600,"height":498},{"@type":"BreadcrumbList","@id":"https:\/\/bogensportdiscount.ch\/produkt\/beiter-gewichte-stabilisator-abdeckung-tuner-centralizer\/#breadcrumb","itemListElement":[{"@type":"ListItem","position":1,"name":"Home","item":"https:\/\/bogensportdiscount.ch\/"},{"@type":"ListItem","position":2,"name":"Shop","item":"https:\/\/bogensportdiscount.ch\/shop\/"},{"@type":"ListItem","position":3,"name":"BEITER GEWICHTE STABILIS. ABDECKUNG FUER TUNER FUER CENTRALIZER"}]},{"@type":"WebSite","@id":"https:\/\/bogensportdiscount.ch\/#website","url":"https:\/\/bogensportdiscount.ch\/","name":"Bogensportdiscount","description":"","potentialAction":[{"@type":"SearchAction","target":{"@type":"EntryPoint","urlTemplate":"https:\/\/bogensportdiscount.ch\/?s={search_term_string}"},"query-input":{"@type":"PropertyValueSpecification","valueRequired":true,"valueName":"search_term_string"}}],"inLanguage":"it-IT"}]}},"_links":{"self":[{"href":"https:\/\/bogensportdiscount.ch\/it\/wp-json\/wp\/v2\/product\/416287","targetHints":{"allow":["GET"]}}],"collection":[{"href":"https:\/\/bogensportdiscount.ch\/it\/wp-json\/wp\/v2\/product"}],"about":[{"href":"https:\/\/bogensportdiscount.ch\/it\/wp-json\/wp\/v2\/types\/product"}],"replies":[{"embeddable":true,"href":"https:\/\/bogensportdiscount.ch\/it\/wp-json\/wp\/v2\/comments?post=416287"}],"wp:featuredmedia":[{"embeddable":true,"href":"https:\/\/bogensportdiscount.ch\/it\/wp-json\/wp\/v2\/media\/451435"}],"wp:attachment":[{"href":"https:\/\/bogensportdiscount.ch\/it\/wp-json\/wp\/v2\/media?parent=416287"}],"wp:term":[{"taxonomy":"product_brand","embeddable":true,"href":"https:\/\/bogensportdiscount.ch\/it\/wp-json\/wp\/v2\/product_brand?post=416287"},{"taxonomy":"product_cat","embeddable":true,"href":"https:\/\/bogensportdiscount.ch\/it\/wp-json\/wp\/v2\/product_cat?post=416287"},{"taxonomy":"product_tag","embeddable":true,"href":"https:\/\/bogensportdiscount.ch\/it\/wp-json\/wp\/v2\/product_tag?post=416287"}],"curies":[{"name":"wp","href":"https:\/\/api.w.org\/{rel}","templated":true}]}}