{"id":415589,"date":"2026-04-05T15:10:41","date_gmt":"2026-04-05T13:10:41","guid":{"rendered":"https:\/\/bogensportdiscount.ch\/produkt\/micro-suppressor-extreme-crossbow-set-mobuc-w-tact-100-scope-w-charger-ext\/"},"modified":"2026-04-20T13:35:47","modified_gmt":"2026-04-20T11:35:47","slug":"excalibur-recurve-armbrust-micro-suppressor-extreme-set","status":"publish","type":"product","link":"https:\/\/bogensportdiscount.ch\/it\/prodotto\/excalibur-recurve-armbrust-micro-suppressor-extreme-set\/","title":{"rendered":"EXCALIBUR MICRO SUPPRESSOR EXTREME RECURVE ARMBRUST SET"},"content":{"rendered":"<p>Die EXCALIBUR Micro Suppressor Extreme ist eine Recurve-Armbrust aus dem Hause Excalibur, einem kanadischen Hersteller mit langj\u00e4hriger Erfahrung im Armbrustbau. Das \u00abMicro\u00bb-Konzept steht f\u00fcr eine kompakte Bauweise, die den Einsatz in beengten Verh\u00e4ltnissen \u2013 etwa bei der Jagd vom Hochsitz oder aus dem Treestand \u2013 erleichtert.<\/p>\n<p>Das Set enth\u00e4lt alle notwendigen Komponenten f\u00fcr den sofortigen Einsatz. Der Namenszusatz \u00abSuppressor\u00bb weist auf integrierte Ger\u00e4uschd\u00e4mpfung hin, die den Schuss leiser und angenehmer macht.<\/p>\n<ul>\n<li>Kompakte Recurve-Bauweise f\u00fcr einfache Handhabung<\/li>\n<li>Integriertes Suppressor-System zur Ger\u00e4uschreduzierung<\/li>\n<li>Lieferung als vollst\u00e4ndiges Set<\/li>\n<li>Prodotto in Canada<\/li>\n<\/ul>","protected":false},"excerpt":{"rendered":"<p>Die EXCALIBUR Micro Suppressor Extreme ist eine kompakte Recurve-Armbrust aus Kanada, erh\u00e4ltlich als vollst\u00e4ndiges Set. Sie eignet sich f\u00fcr J\u00e4ger und Bogensportler, die Wert auf ein geringes Abmass und zuverl\u00e4ssige Leistung legen.<\/p>","protected":false},"featured_media":451977,"comment_status":"open","ping_status":"closed","template":"","meta":[],"product_brand":[804],"product_cat":[4203],"product_tag":[],"class_list":{"0":"post-415589","1":"product","2":"type-product","3":"status-publish","4":"has-post-thumbnail","6":"product_brand-excalibur","7":"product_cat-recurve-armbrueste-armbueste","9":"first","10":"instock","11":"shipping-taxable","12":"purchasable","13":"product-type-variable"},"yoast_head":"<!-- This site is optimized with the Yoast SEO plugin v27.4 - https:\/\/yoast.com\/product\/yoast-seo-wordpress\/ -->\n<title>EXCALIBUR MICRO SUPPRESSOR EXTREME RECURVE ARMBRUST SET - Bogensportdiscount \u2013 B\u00f6gen, Pfeile, Targets &amp; Zubeh\u00f6r<\/title>\n<meta name=\"robots\" content=\"noindex, follow, max-snippet:-1, max-image-preview:large, max-video-preview:-1\" \/>\n<meta property=\"og:locale\" content=\"it_IT\" \/>\n<meta property=\"og:type\" content=\"article\" \/>\n<meta property=\"og:title\" content=\"EXCALIBUR MICRO SUPPRESSOR EXTREME RECURVE ARMBRUST SET - Bogensportdiscount \u2013 B\u00f6gen, Pfeile, Targets &amp; Zubeh\u00f6r\" \/>\n<meta property=\"og:description\" content=\"Die EXCALIBUR Micro Suppressor Extreme ist eine kompakte Recurve-Armbrust aus Kanada, erh\u00e4ltlich als vollst\u00e4ndiges Set. Sie eignet sich f\u00fcr J\u00e4ger und Bogensportler, die Wert auf ein geringes Abmass und zuverl\u00e4ssige Leistung legen.\" \/>\n<meta property=\"og:url\" content=\"https:\/\/bogensportdiscount.ch\/it\/prodotto\/excalibur-recurve-armbrust-micro-suppressor-extreme-set\/\" \/>\n<meta property=\"og:site_name\" content=\"Bogensportdiscount \u2013 B\u00f6gen, Pfeile, Targets &amp; Zubeh\u00f6r\" \/>\n<meta property=\"article:modified_time\" content=\"2026-04-20T11:35:47+00:00\" \/>\n<meta property=\"og:image\" content=\"https:\/\/bogensportdiscount.ch\/wp-content\/uploads\/bsm-images\/A079079_1.png\" \/>\n\t<meta property=\"og:image:width\" content=\"5042\" \/>\n\t<meta property=\"og:image:height\" content=\"2063\" \/>\n\t<meta property=\"og:image:type\" content=\"image\/png\" \/>\n<meta name=\"twitter:card\" content=\"summary_large_image\" \/>\n<script type=\"application\/ld+json\" class=\"yoast-schema-graph\">{\"@context\":\"https:\\\/\\\/schema.org\",\"@graph\":[{\"@type\":\"WebPage\",\"@id\":\"https:\\\/\\\/bogensportdiscount.ch\\\/it\\\/prodotto\\\/excalibur-recurve-armbrust-micro-suppressor-extreme-set\\\/\",\"url\":\"https:\\\/\\\/bogensportdiscount.ch\\\/it\\\/prodotto\\\/excalibur-recurve-armbrust-micro-suppressor-extreme-set\\\/\",\"name\":\"EXCALIBUR MICRO SUPPRESSOR EXTREME RECURVE ARMBRUST SET - Bogensportdiscount \u2013 B\u00f6gen, Pfeile, Targets &amp; Zubeh\u00f6r\",\"isPartOf\":{\"@id\":\"https:\\\/\\\/bogensportdiscount.ch\\\/#website\"},\"primaryImageOfPage\":{\"@id\":\"https:\\\/\\\/bogensportdiscount.ch\\\/it\\\/prodotto\\\/excalibur-recurve-armbrust-micro-suppressor-extreme-set\\\/#primaryimage\"},\"image\":{\"@id\":\"https:\\\/\\\/bogensportdiscount.ch\\\/it\\\/prodotto\\\/excalibur-recurve-armbrust-micro-suppressor-extreme-set\\\/#primaryimage\"},\"thumbnailUrl\":\"https:\\\/\\\/bogensportdiscount.ch\\\/wp-content\\\/uploads\\\/bsm-images\\\/A079079_1.png\",\"datePublished\":\"2026-04-05T13:10:41+00:00\",\"dateModified\":\"2026-04-20T11:35:47+00:00\",\"breadcrumb\":{\"@id\":\"https:\\\/\\\/bogensportdiscount.ch\\\/it\\\/prodotto\\\/excalibur-recurve-armbrust-micro-suppressor-extreme-set\\\/#breadcrumb\"},\"inLanguage\":\"it-IT\",\"potentialAction\":[{\"@type\":\"ReadAction\",\"target\":[\"https:\\\/\\\/bogensportdiscount.ch\\\/it\\\/prodotto\\\/excalibur-recurve-armbrust-micro-suppressor-extreme-set\\\/\"]}]},{\"@type\":\"ImageObject\",\"inLanguage\":\"it-IT\",\"@id\":\"https:\\\/\\\/bogensportdiscount.ch\\\/it\\\/prodotto\\\/excalibur-recurve-armbrust-micro-suppressor-extreme-set\\\/#primaryimage\",\"url\":\"https:\\\/\\\/bogensportdiscount.ch\\\/wp-content\\\/uploads\\\/bsm-images\\\/A079079_1.png\",\"contentUrl\":\"https:\\\/\\\/bogensportdiscount.ch\\\/wp-content\\\/uploads\\\/bsm-images\\\/A079079_1.png\",\"width\":5042,\"height\":2063},{\"@type\":\"BreadcrumbList\",\"@id\":\"https:\\\/\\\/bogensportdiscount.ch\\\/it\\\/prodotto\\\/excalibur-recurve-armbrust-micro-suppressor-extreme-set\\\/#breadcrumb\",\"itemListElement\":[{\"@type\":\"ListItem\",\"position\":1,\"name\":\"Home\",\"item\":\"https:\\\/\\\/bogensportdiscount.ch\\\/\"},{\"@type\":\"ListItem\",\"position\":2,\"name\":\"Shop\",\"item\":\"https:\\\/\\\/bogensportdiscount.ch\\\/shop\\\/\"},{\"@type\":\"ListItem\",\"position\":3,\"name\":\"EXCALIBUR MICRO SUPPRESSOR EXTREME RECURVE ARMBRUST SET\"}]},{\"@type\":\"WebSite\",\"@id\":\"https:\\\/\\\/bogensportdiscount.ch\\\/#website\",\"url\":\"https:\\\/\\\/bogensportdiscount.ch\\\/\",\"name\":\"Bogensportdiscount\",\"description\":\"\",\"potentialAction\":[{\"@type\":\"SearchAction\",\"target\":{\"@type\":\"EntryPoint\",\"urlTemplate\":\"https:\\\/\\\/bogensportdiscount.ch\\\/?s={search_term_string}\"},\"query-input\":{\"@type\":\"PropertyValueSpecification\",\"valueRequired\":true,\"valueName\":\"search_term_string\"}}],\"inLanguage\":\"it-IT\"}]}<\/script>\n<!-- \/ Yoast SEO plugin. -->","yoast_head_json":{"title":"EXCALIBUR MICRO SUPPRESSOR EXTREME RECURVE ARMBRUST SET - Bogensportdiscount \u2013 B\u00f6gen, Pfeile, Targets &amp; Zubeh\u00f6r","robots":{"index":"noindex","follow":"follow","max-snippet":"max-snippet:-1","max-image-preview":"max-image-preview:large","max-video-preview":"max-video-preview:-1"},"og_locale":"it_IT","og_type":"article","og_title":"EXCALIBUR MICRO SUPPRESSOR EXTREME RECURVE ARMBRUST SET - Bogensportdiscount \u2013 B\u00f6gen, Pfeile, Targets &amp; Zubeh\u00f6r","og_description":"Die EXCALIBUR Micro Suppressor Extreme ist eine kompakte Recurve-Armbrust aus Kanada, erh\u00e4ltlich als vollst\u00e4ndiges Set. Sie eignet sich f\u00fcr J\u00e4ger und Bogensportler, die Wert auf ein geringes Abmass und zuverl\u00e4ssige Leistung legen.","og_url":"https:\/\/bogensportdiscount.ch\/it\/prodotto\/excalibur-recurve-armbrust-micro-suppressor-extreme-set\/","og_site_name":"Bogensportdiscount \u2013 B\u00f6gen, Pfeile, Targets &amp; Zubeh\u00f6r","article_modified_time":"2026-04-20T11:35:47+00:00","og_image":[{"url":"https:\/\/bogensportdiscount.ch\/wp-content\/uploads\/bsm-images\/A079079_1.png","width":5042,"height":2063,"type":"image\/png"}],"twitter_card":"summary_large_image","schema":{"@context":"https:\/\/schema.org","@graph":[{"@type":"WebPage","@id":"https:\/\/bogensportdiscount.ch\/it\/prodotto\/excalibur-recurve-armbrust-micro-suppressor-extreme-set\/","url":"https:\/\/bogensportdiscount.ch\/it\/prodotto\/excalibur-recurve-armbrust-micro-suppressor-extreme-set\/","name":"EXCALIBUR MICRO SUPPRESSOR EXTREME RECURVE ARMBRUST SET - Bogensportdiscount \u2013 B\u00f6gen, Pfeile, Targets &amp; Zubeh\u00f6r","isPartOf":{"@id":"https:\/\/bogensportdiscount.ch\/#website"},"primaryImageOfPage":{"@id":"https:\/\/bogensportdiscount.ch\/it\/prodotto\/excalibur-recurve-armbrust-micro-suppressor-extreme-set\/#primaryimage"},"image":{"@id":"https:\/\/bogensportdiscount.ch\/it\/prodotto\/excalibur-recurve-armbrust-micro-suppressor-extreme-set\/#primaryimage"},"thumbnailUrl":"https:\/\/bogensportdiscount.ch\/wp-content\/uploads\/bsm-images\/A079079_1.png","datePublished":"2026-04-05T13:10:41+00:00","dateModified":"2026-04-20T11:35:47+00:00","breadcrumb":{"@id":"https:\/\/bogensportdiscount.ch\/it\/prodotto\/excalibur-recurve-armbrust-micro-suppressor-extreme-set\/#breadcrumb"},"inLanguage":"it-IT","potentialAction":[{"@type":"ReadAction","target":["https:\/\/bogensportdiscount.ch\/it\/prodotto\/excalibur-recurve-armbrust-micro-suppressor-extreme-set\/"]}]},{"@type":"ImageObject","inLanguage":"it-IT","@id":"https:\/\/bogensportdiscount.ch\/it\/prodotto\/excalibur-recurve-armbrust-micro-suppressor-extreme-set\/#primaryimage","url":"https:\/\/bogensportdiscount.ch\/wp-content\/uploads\/bsm-images\/A079079_1.png","contentUrl":"https:\/\/bogensportdiscount.ch\/wp-content\/uploads\/bsm-images\/A079079_1.png","width":5042,"height":2063},{"@type":"BreadcrumbList","@id":"https:\/\/bogensportdiscount.ch\/it\/prodotto\/excalibur-recurve-armbrust-micro-suppressor-extreme-set\/#breadcrumb","itemListElement":[{"@type":"ListItem","position":1,"name":"Home","item":"https:\/\/bogensportdiscount.ch\/"},{"@type":"ListItem","position":2,"name":"Shop","item":"https:\/\/bogensportdiscount.ch\/shop\/"},{"@type":"ListItem","position":3,"name":"EXCALIBUR MICRO SUPPRESSOR EXTREME RECURVE ARMBRUST SET"}]},{"@type":"WebSite","@id":"https:\/\/bogensportdiscount.ch\/#website","url":"https:\/\/bogensportdiscount.ch\/","name":"Bogensportdiscount","description":"","potentialAction":[{"@type":"SearchAction","target":{"@type":"EntryPoint","urlTemplate":"https:\/\/bogensportdiscount.ch\/?s={search_term_string}"},"query-input":{"@type":"PropertyValueSpecification","valueRequired":true,"valueName":"search_term_string"}}],"inLanguage":"it-IT"}]}},"_links":{"self":[{"href":"https:\/\/bogensportdiscount.ch\/it\/wp-json\/wp\/v2\/product\/415589","targetHints":{"allow":["GET"]}}],"collection":[{"href":"https:\/\/bogensportdiscount.ch\/it\/wp-json\/wp\/v2\/product"}],"about":[{"href":"https:\/\/bogensportdiscount.ch\/it\/wp-json\/wp\/v2\/types\/product"}],"replies":[{"embeddable":true,"href":"https:\/\/bogensportdiscount.ch\/it\/wp-json\/wp\/v2\/comments?post=415589"}],"wp:featuredmedia":[{"embeddable":true,"href":"https:\/\/bogensportdiscount.ch\/it\/wp-json\/wp\/v2\/media\/451977"}],"wp:attachment":[{"href":"https:\/\/bogensportdiscount.ch\/it\/wp-json\/wp\/v2\/media?parent=415589"}],"wp:term":[{"taxonomy":"product_brand","embeddable":true,"href":"https:\/\/bogensportdiscount.ch\/it\/wp-json\/wp\/v2\/product_brand?post=415589"},{"taxonomy":"product_cat","embeddable":true,"href":"https:\/\/bogensportdiscount.ch\/it\/wp-json\/wp\/v2\/product_cat?post=415589"},{"taxonomy":"product_tag","embeddable":true,"href":"https:\/\/bogensportdiscount.ch\/it\/wp-json\/wp\/v2\/product_tag?post=415589"}],"curies":[{"name":"wp","href":"https:\/\/api.w.org\/{rel}","templated":true}]}}