{"id":415110,"date":"2026-04-05T15:09:46","date_gmt":"2026-04-05T13:09:46","guid":{"rendered":"https:\/\/bogensportdiscount.ch\/produkt\/sight-parts-dual-bridge-wedge-mounting-bracket-with-tri-star-knob-black-black\/"},"modified":"2026-04-21T09:09:15","modified_gmt":"2026-04-21T07:09:15","slug":"axcel-visier-ersatzteil-dual-bridge-wedge-montagehalterung-tri-star-knopf","status":"publish","type":"product","link":"https:\/\/bogensportdiscount.ch\/it\/prodotto\/axcel-visier-ersatzteil-dual-bridge-wedge-montagehalterung-tri-star-knopf\/","title":{"rendered":"AXCEL VISIER TEILE DUAL BRIDGE WEDGE MONTAGEHALTERUNG mit TRI-STAR KNOB"},"content":{"rendered":"<p>Die AXCEL Dual Bridge Wedge Montagehalterung ist ein Ersatz- und Erweiterungsteil f\u00fcr Compound-Visiere aus dem Hause Axcel. Die Halterung ist f\u00fcr den Einsatz im Wettkampf- und Trainingsbereich konzipiert und erm\u00f6glicht eine pr\u00e4zise Positionierung des Visiers am Bogen.<\/p>\n<p>Der mitgelieferte Tri-Star Knopf sorgt f\u00fcr eine unkomplizierte Handhabung bei der Montage und Feinjustierung. Das Teil ist in drei Farbvarianten erh\u00e4ltlich: Schwarz, Blau\/Schwarz sowie Rot\/Schwarz, sodass eine optische Abstimmung auf das vorhandene Equipment m\u00f6glich ist.<\/p>\n<ul>\n<li>Dual-Bridge-Wedge-Konstruktion f\u00fcr stabile Montage<\/li>\n<li>Tri-Star Knopf f\u00fcr einfache Justierung<\/li>\n<li>Drei Farbvarianten verf\u00fcgbar<\/li>\n<li>Prodotto negli Stati Uniti<\/li>\n<\/ul>","protected":false},"excerpt":{"rendered":"<p>Montagehalterung im Dual-Bridge-Wedge-Design von Axcel, kompatibel mit passenden Compound-Visieren. Der integrierte Tri-Star Knopf erm\u00f6glicht eine einfache Justierung und sichere Befestigung. Erh\u00e4ltlich in den Farben Schwarz, Blau\/Schwarz und Rot\/Schwarz.<\/p>","protected":false},"featured_media":451698,"comment_status":"open","ping_status":"closed","template":"","meta":[],"product_brand":[467],"product_cat":[4258],"product_tag":[],"class_list":{"0":"post-415110","1":"product","2":"type-product","3":"status-publish","4":"has-post-thumbnail","6":"product_brand-axcel","7":"product_cat-einzelteile-fuer-compound-visier","8":"product_shipping_class-bsd-standard","10":"first","11":"instock","12":"shipping-taxable","13":"purchasable","14":"product-type-variable"},"yoast_head":"<!-- This site is optimized with the Yoast SEO plugin v27.4 - https:\/\/yoast.com\/product\/yoast-seo-wordpress\/ -->\n<title>AXCEL PARTI PER MIRINO DUAL BRIDGE WEDGE SUPPORTO DI MONTAGGIO con MANOPOLA TRI-STAR - Bogensportdiscount \u2013 Archi, frecce, bersagli e accessori<\/title>\n<meta name=\"description\" content=\"Acquista a un prezzo vantaggioso il SUPPORTO DI MONTAGGIO AXCEL VISIER PARTI DUAL BRIDGE WEDGE con MANOPOLA TRI-STAR su Bogensportdiscount \u2013 Marchi di punta, spedizione veloce dalla Svizzera.\" \/>\n<meta name=\"robots\" content=\"index, follow, max-snippet:-1, max-image-preview:large, max-video-preview:-1\" \/>\n<link rel=\"canonical\" href=\"https:\/\/bogensportdiscount.ch\/it\/prodotto\/axcel-visier-ersatzteil-dual-bridge-wedge-montagehalterung-tri-star-knopf\/\" \/>\n<meta property=\"og:locale\" content=\"it_IT\" \/>\n<meta property=\"og:type\" content=\"article\" \/>\n<meta property=\"og:title\" content=\"AXCEL PARTI PER MIRINO DUAL BRIDGE WEDGE SUPPORTO DI MONTAGGIO con MANOPOLA TRI-STAR - Bogensportdiscount \u2013 Archi, frecce, bersagli e accessori\" \/>\n<meta property=\"og:description\" content=\"Acquista a un prezzo vantaggioso il SUPPORTO DI MONTAGGIO AXCEL VISIER PARTI DUAL BRIDGE WEDGE con MANOPOLA TRI-STAR su Bogensportdiscount \u2013 Marchi di punta, spedizione veloce dalla Svizzera.\" \/>\n<meta property=\"og:url\" content=\"https:\/\/bogensportdiscount.ch\/it\/prodotto\/axcel-visier-ersatzteil-dual-bridge-wedge-montagehalterung-tri-star-knopf\/\" \/>\n<meta property=\"og:site_name\" content=\"Bogensportdiscount \u2013 B\u00f6gen, Pfeile, Targets &amp; Zubeh\u00f6r\" \/>\n<meta property=\"article:modified_time\" content=\"2026-04-21T07:09:15+00:00\" \/>\n<meta property=\"og:image\" content=\"https:\/\/bogensportdiscount.ch\/wp-content\/uploads\/bsm-images\/A077365_1.png\" \/>\n\t<meta property=\"og:image:width\" content=\"1000\" \/>\n\t<meta property=\"og:image:height\" content=\"919\" \/>\n\t<meta property=\"og:image:type\" content=\"image\/png\" \/>\n<meta name=\"twitter:card\" content=\"summary_large_image\" \/>\n<script type=\"application\/ld+json\" class=\"yoast-schema-graph\">{\"@context\":\"https:\\\/\\\/schema.org\",\"@graph\":[{\"@type\":\"WebPage\",\"@id\":\"https:\\\/\\\/bogensportdiscount.ch\\\/produkt\\\/axcel-visier-ersatzteil-dual-bridge-wedge-montagehalterung-tri-star-knopf\\\/\",\"url\":\"https:\\\/\\\/bogensportdiscount.ch\\\/produkt\\\/axcel-visier-ersatzteil-dual-bridge-wedge-montagehalterung-tri-star-knopf\\\/\",\"name\":\"AXCEL VISIER TEILE DUAL BRIDGE WEDGE MONTAGEHALTERUNG mit TRI-STAR KNOB - Bogensportdiscount \u2013 B\u00f6gen, Pfeile, Targets &amp; Zubeh\u00f6r\",\"isPartOf\":{\"@id\":\"https:\\\/\\\/bogensportdiscount.ch\\\/#website\"},\"primaryImageOfPage\":{\"@id\":\"https:\\\/\\\/bogensportdiscount.ch\\\/produkt\\\/axcel-visier-ersatzteil-dual-bridge-wedge-montagehalterung-tri-star-knopf\\\/#primaryimage\"},\"image\":{\"@id\":\"https:\\\/\\\/bogensportdiscount.ch\\\/produkt\\\/axcel-visier-ersatzteil-dual-bridge-wedge-montagehalterung-tri-star-knopf\\\/#primaryimage\"},\"thumbnailUrl\":\"https:\\\/\\\/bogensportdiscount.ch\\\/wp-content\\\/uploads\\\/bsm-images\\\/A077365_1.png\",\"datePublished\":\"2026-04-05T13:09:46+00:00\",\"dateModified\":\"2026-04-21T07:09:15+00:00\",\"description\":\"AXCEL VISIER TEILE DUAL BRIDGE WEDGE MONTAGEHALTERUNG mit TRI-STAR KNOB g\u00fcnstig kaufen bei Bogensportdiscount \u2013 Top-Marken, schneller Versand aus der Schweiz.\",\"breadcrumb\":{\"@id\":\"https:\\\/\\\/bogensportdiscount.ch\\\/produkt\\\/axcel-visier-ersatzteil-dual-bridge-wedge-montagehalterung-tri-star-knopf\\\/#breadcrumb\"},\"inLanguage\":\"it-IT\",\"potentialAction\":[{\"@type\":\"ReadAction\",\"target\":[\"https:\\\/\\\/bogensportdiscount.ch\\\/produkt\\\/axcel-visier-ersatzteil-dual-bridge-wedge-montagehalterung-tri-star-knopf\\\/\"]}]},{\"@type\":\"ImageObject\",\"inLanguage\":\"it-IT\",\"@id\":\"https:\\\/\\\/bogensportdiscount.ch\\\/produkt\\\/axcel-visier-ersatzteil-dual-bridge-wedge-montagehalterung-tri-star-knopf\\\/#primaryimage\",\"url\":\"https:\\\/\\\/bogensportdiscount.ch\\\/wp-content\\\/uploads\\\/bsm-images\\\/A077365_1.png\",\"contentUrl\":\"https:\\\/\\\/bogensportdiscount.ch\\\/wp-content\\\/uploads\\\/bsm-images\\\/A077365_1.png\",\"width\":1000,\"height\":919},{\"@type\":\"BreadcrumbList\",\"@id\":\"https:\\\/\\\/bogensportdiscount.ch\\\/produkt\\\/axcel-visier-ersatzteil-dual-bridge-wedge-montagehalterung-tri-star-knopf\\\/#breadcrumb\",\"itemListElement\":[{\"@type\":\"ListItem\",\"position\":1,\"name\":\"Home\",\"item\":\"https:\\\/\\\/bogensportdiscount.ch\\\/\"},{\"@type\":\"ListItem\",\"position\":2,\"name\":\"Shop\",\"item\":\"https:\\\/\\\/bogensportdiscount.ch\\\/shop\\\/\"},{\"@type\":\"ListItem\",\"position\":3,\"name\":\"AXCEL VISIER TEILE DUAL BRIDGE WEDGE MONTAGEHALTERUNG mit TRI-STAR KNOB\"}]},{\"@type\":\"WebSite\",\"@id\":\"https:\\\/\\\/bogensportdiscount.ch\\\/#website\",\"url\":\"https:\\\/\\\/bogensportdiscount.ch\\\/\",\"name\":\"Bogensportdiscount\",\"description\":\"\",\"potentialAction\":[{\"@type\":\"SearchAction\",\"target\":{\"@type\":\"EntryPoint\",\"urlTemplate\":\"https:\\\/\\\/bogensportdiscount.ch\\\/?s={search_term_string}\"},\"query-input\":{\"@type\":\"PropertyValueSpecification\",\"valueRequired\":true,\"valueName\":\"search_term_string\"}}],\"inLanguage\":\"it-IT\"}]}<\/script>\n<!-- \/ Yoast SEO plugin. -->","yoast_head_json":{"title":"AXCEL PARTI PER MIRINO DUAL BRIDGE WEDGE SUPPORTO DI MONTAGGIO con MANOPOLA TRI-STAR - Bogensportdiscount \u2013 Archi, frecce, bersagli e accessori","description":"Acquista a un prezzo vantaggioso il SUPPORTO DI MONTAGGIO AXCEL VISIER PARTI DUAL BRIDGE WEDGE con MANOPOLA TRI-STAR su Bogensportdiscount \u2013 Marchi di punta, spedizione veloce dalla Svizzera.","robots":{"index":"index","follow":"follow","max-snippet":"max-snippet:-1","max-image-preview":"max-image-preview:large","max-video-preview":"max-video-preview:-1"},"canonical":"https:\/\/bogensportdiscount.ch\/it\/prodotto\/axcel-visier-ersatzteil-dual-bridge-wedge-montagehalterung-tri-star-knopf\/","og_locale":"it_IT","og_type":"article","og_title":"AXCEL PARTI PER MIRINO DUAL BRIDGE WEDGE SUPPORTO DI MONTAGGIO con MANOPOLA TRI-STAR - Bogensportdiscount \u2013 Archi, frecce, bersagli e accessori","og_description":"Acquista a un prezzo vantaggioso il SUPPORTO DI MONTAGGIO AXCEL VISIER PARTI DUAL BRIDGE WEDGE con MANOPOLA TRI-STAR su Bogensportdiscount \u2013 Marchi di punta, spedizione veloce dalla Svizzera.","og_url":"https:\/\/bogensportdiscount.ch\/it\/prodotto\/axcel-visier-ersatzteil-dual-bridge-wedge-montagehalterung-tri-star-knopf\/","og_site_name":"Bogensportdiscount \u2013 B\u00f6gen, Pfeile, Targets &amp; Zubeh\u00f6r","article_modified_time":"2026-04-21T07:09:15+00:00","og_image":[{"width":1000,"height":919,"url":"https:\/\/bogensportdiscount.ch\/wp-content\/uploads\/bsm-images\/A077365_1.png","type":"image\/png"}],"twitter_card":"summary_large_image","schema":{"@context":"https:\/\/schema.org","@graph":[{"@type":"WebPage","@id":"https:\/\/bogensportdiscount.ch\/produkt\/axcel-visier-ersatzteil-dual-bridge-wedge-montagehalterung-tri-star-knopf\/","url":"https:\/\/bogensportdiscount.ch\/produkt\/axcel-visier-ersatzteil-dual-bridge-wedge-montagehalterung-tri-star-knopf\/","name":"AXCEL PARTI PER MIRINO DUAL BRIDGE WEDGE SUPPORTO DI MONTAGGIO con MANOPOLA TRI-STAR - Bogensportdiscount \u2013 Archi, frecce, bersagli e accessori","isPartOf":{"@id":"https:\/\/bogensportdiscount.ch\/#website"},"primaryImageOfPage":{"@id":"https:\/\/bogensportdiscount.ch\/produkt\/axcel-visier-ersatzteil-dual-bridge-wedge-montagehalterung-tri-star-knopf\/#primaryimage"},"image":{"@id":"https:\/\/bogensportdiscount.ch\/produkt\/axcel-visier-ersatzteil-dual-bridge-wedge-montagehalterung-tri-star-knopf\/#primaryimage"},"thumbnailUrl":"https:\/\/bogensportdiscount.ch\/wp-content\/uploads\/bsm-images\/A077365_1.png","datePublished":"2026-04-05T13:09:46+00:00","dateModified":"2026-04-21T07:09:15+00:00","description":"Acquista a un prezzo vantaggioso il SUPPORTO DI MONTAGGIO AXCEL VISIER PARTI DUAL BRIDGE WEDGE con MANOPOLA TRI-STAR su Bogensportdiscount \u2013 Marchi di punta, spedizione veloce dalla Svizzera.","breadcrumb":{"@id":"https:\/\/bogensportdiscount.ch\/produkt\/axcel-visier-ersatzteil-dual-bridge-wedge-montagehalterung-tri-star-knopf\/#breadcrumb"},"inLanguage":"it-IT","potentialAction":[{"@type":"ReadAction","target":["https:\/\/bogensportdiscount.ch\/produkt\/axcel-visier-ersatzteil-dual-bridge-wedge-montagehalterung-tri-star-knopf\/"]}]},{"@type":"ImageObject","inLanguage":"it-IT","@id":"https:\/\/bogensportdiscount.ch\/produkt\/axcel-visier-ersatzteil-dual-bridge-wedge-montagehalterung-tri-star-knopf\/#primaryimage","url":"https:\/\/bogensportdiscount.ch\/wp-content\/uploads\/bsm-images\/A077365_1.png","contentUrl":"https:\/\/bogensportdiscount.ch\/wp-content\/uploads\/bsm-images\/A077365_1.png","width":1000,"height":919},{"@type":"BreadcrumbList","@id":"https:\/\/bogensportdiscount.ch\/produkt\/axcel-visier-ersatzteil-dual-bridge-wedge-montagehalterung-tri-star-knopf\/#breadcrumb","itemListElement":[{"@type":"ListItem","position":1,"name":"Home","item":"https:\/\/bogensportdiscount.ch\/"},{"@type":"ListItem","position":2,"name":"Shop","item":"https:\/\/bogensportdiscount.ch\/shop\/"},{"@type":"ListItem","position":3,"name":"AXCEL VISIER TEILE DUAL BRIDGE WEDGE MONTAGEHALTERUNG mit TRI-STAR KNOB"}]},{"@type":"WebSite","@id":"https:\/\/bogensportdiscount.ch\/#website","url":"https:\/\/bogensportdiscount.ch\/","name":"Bogensportdiscount","description":"","potentialAction":[{"@type":"SearchAction","target":{"@type":"EntryPoint","urlTemplate":"https:\/\/bogensportdiscount.ch\/?s={search_term_string}"},"query-input":{"@type":"PropertyValueSpecification","valueRequired":true,"valueName":"search_term_string"}}],"inLanguage":"it-IT"}]}},"_links":{"self":[{"href":"https:\/\/bogensportdiscount.ch\/it\/wp-json\/wp\/v2\/product\/415110","targetHints":{"allow":["GET"]}}],"collection":[{"href":"https:\/\/bogensportdiscount.ch\/it\/wp-json\/wp\/v2\/product"}],"about":[{"href":"https:\/\/bogensportdiscount.ch\/it\/wp-json\/wp\/v2\/types\/product"}],"replies":[{"embeddable":true,"href":"https:\/\/bogensportdiscount.ch\/it\/wp-json\/wp\/v2\/comments?post=415110"}],"wp:featuredmedia":[{"embeddable":true,"href":"https:\/\/bogensportdiscount.ch\/it\/wp-json\/wp\/v2\/media\/451698"}],"wp:attachment":[{"href":"https:\/\/bogensportdiscount.ch\/it\/wp-json\/wp\/v2\/media?parent=415110"}],"wp:term":[{"taxonomy":"product_brand","embeddable":true,"href":"https:\/\/bogensportdiscount.ch\/it\/wp-json\/wp\/v2\/product_brand?post=415110"},{"taxonomy":"product_cat","embeddable":true,"href":"https:\/\/bogensportdiscount.ch\/it\/wp-json\/wp\/v2\/product_cat?post=415110"},{"taxonomy":"product_tag","embeddable":true,"href":"https:\/\/bogensportdiscount.ch\/it\/wp-json\/wp\/v2\/product_tag?post=415110"}],"curies":[{"name":"wp","href":"https:\/\/api.w.org\/{rel}","templated":true}]}}