{"id":415047,"date":"2026-04-05T15:09:38","date_gmt":"2026-04-05T13:09:38","guid":{"rendered":"https:\/\/bogensportdiscount.ch\/produkt\/recurve-sights-achieve-xp-pro-uhm-diamond-weave-carbon-bar-ext-9-rh-black-black\/"},"modified":"2026-04-24T13:56:04","modified_gmt":"2026-04-24T11:56:04","slug":"axcel-recurve-visier-achieve-xp-pro-uhm-diamond-weave-carbon-bar-ext-9-zoll","status":"publish","type":"product","link":"https:\/\/bogensportdiscount.ch\/it\/prodotto\/axcel-recurve-visier-achieve-xp-pro-uhm-diamond-weave-carbon-bar-ext-9-zoll\/","title":{"rendered":"AXCEL RECURVE VISIERE ACHIEVE XP PRO UHM DIAMOND WEAVE CARBON STANGE \/ VERL. 9&#8243;"},"content":{"rendered":"<p>Das AXCEL Achieve XP Pro Recurve-Visier mit UHM-Diamond-Weave-Carbon-Bar und 9-Zoll-Verl\u00e4ngerung ist auf den anspruchsvollen Targetbogensport ausgerichtet. Der Verl\u00e4ngerungsarm aus Ultra-High-Modulus-Carbon (UHM) im Diamond-Weave-Gewebe bietet eine hohe Steifigkeit bei geringem Gewicht, was eine stabile und vibrationsd\u00e4mpfende Visiermontage erm\u00f6glicht.<\/p>\n<p>Das Visier ist f\u00fcr Rechts- und Linksh\u00e4nder ausgelegt und in drei Farbvarianten erh\u00e4ltlich: Schwarz, Blau\/Schwarz und Rot\/Schwarz. Damit l\u00e4sst es sich optisch an unterschiedliche Bogenkonfigurationen anpassen.<\/p>\n<ul>\n<li>Verl\u00e4ngerungsarm aus UHM Diamond Weave Carbon (9 Zoll)<\/li>\n<li>Peso ridotto con elevata rigidit\u00e0<\/li>\n<li>Adatto per mancini e destrimani<\/li>\n<li>Disponibile in tre varianti di colore<\/li>\n<\/ul>","protected":false},"excerpt":{"rendered":"<p><strong>Marchio:<\/strong> Axcel<\/p>","protected":false},"featured_media":451784,"comment_status":"open","ping_status":"closed","template":"","meta":[],"product_brand":[467],"product_cat":[4262],"product_tag":[],"class_list":{"0":"post-415047","1":"product","2":"type-product","3":"status-publish","4":"has-post-thumbnail","6":"product_brand-axcel","7":"product_cat-recurve-visiere","8":"product_shipping_class-bsd-standard","10":"first","11":"instock","12":"shipping-taxable","13":"purchasable","14":"product-type-variable"},"yoast_head":"<!-- This site is optimized with the Yoast SEO plugin v27.4 - https:\/\/yoast.com\/product\/yoast-seo-wordpress\/ -->\n<title>MIRINO RECURVE AXCEL ACHIEVE XP PRO CON ASTA IN CARBONIO UHM DIAMOND WEAVE \/ PROLUNGA 9&quot; - Bogensportdiscount \u2013 Archi, frecce, bersagli e accessori<\/title>\n<meta name=\"description\" content=\"Mira ricurva AXCEL ACHIEVE XP PRO con asta in carbonio UHM Diamond Weave \/ estensione 9&quot; \u2013 Acquista a un prezzo vantaggioso su Bogensportdiscount \u2013 Le migliori marche, spedizione veloce dalla Svizzera.\" \/>\n<meta name=\"robots\" content=\"index, follow, max-snippet:-1, max-image-preview:large, max-video-preview:-1\" \/>\n<link rel=\"canonical\" href=\"https:\/\/bogensportdiscount.ch\/it\/prodotto\/axcel-recurve-visier-achieve-xp-pro-uhm-diamond-weave-carbon-bar-ext-9-zoll\/\" \/>\n<meta property=\"og:locale\" content=\"it_IT\" \/>\n<meta property=\"og:type\" content=\"article\" \/>\n<meta property=\"og:title\" content=\"MIRINO RECURVE AXCEL ACHIEVE XP PRO CON ASTA IN CARBONIO UHM DIAMOND WEAVE \/ PROLUNGA 9&quot; - Bogensportdiscount \u2013 Archi, frecce, bersagli e accessori\" \/>\n<meta property=\"og:description\" content=\"Mira ricurva AXCEL ACHIEVE XP PRO con asta in carbonio UHM Diamond Weave \/ estensione 9&quot; \u2013 Acquista a un prezzo vantaggioso su Bogensportdiscount \u2013 Le migliori marche, spedizione veloce dalla Svizzera.\" \/>\n<meta property=\"og:url\" content=\"https:\/\/bogensportdiscount.ch\/it\/prodotto\/axcel-recurve-visier-achieve-xp-pro-uhm-diamond-weave-carbon-bar-ext-9-zoll\/\" \/>\n<meta property=\"og:site_name\" content=\"Bogensportdiscount \u2013 B\u00f6gen, Pfeile, Targets &amp; Zubeh\u00f6r\" \/>\n<meta property=\"article:modified_time\" content=\"2026-04-24T11:56:04+00:00\" \/>\n<meta property=\"og:image\" content=\"https:\/\/bogensportdiscount.ch\/wp-content\/uploads\/bsm-images\/A077294_1.png\" \/>\n\t<meta property=\"og:image:width\" content=\"4552\" \/>\n\t<meta property=\"og:image:height\" content=\"2458\" \/>\n\t<meta property=\"og:image:type\" content=\"image\/png\" \/>\n<meta name=\"twitter:card\" content=\"summary_large_image\" \/>\n<script type=\"application\/ld+json\" class=\"yoast-schema-graph\">{\"@context\":\"https:\\\/\\\/schema.org\",\"@graph\":[{\"@type\":\"WebPage\",\"@id\":\"https:\\\/\\\/bogensportdiscount.ch\\\/produkt\\\/axcel-recurve-visier-achieve-xp-pro-uhm-diamond-weave-carbon-bar-ext-9-zoll\\\/\",\"url\":\"https:\\\/\\\/bogensportdiscount.ch\\\/produkt\\\/axcel-recurve-visier-achieve-xp-pro-uhm-diamond-weave-carbon-bar-ext-9-zoll\\\/\",\"name\":\"AXCEL RECURVE VISIERE ACHIEVE XP PRO UHM DIAMOND WEAVE CARBON STANGE \\\/ VERL. 9\\\" - Bogensportdiscount \u2013 B\u00f6gen, Pfeile, Targets &amp; Zubeh\u00f6r\",\"isPartOf\":{\"@id\":\"https:\\\/\\\/bogensportdiscount.ch\\\/#website\"},\"primaryImageOfPage\":{\"@id\":\"https:\\\/\\\/bogensportdiscount.ch\\\/produkt\\\/axcel-recurve-visier-achieve-xp-pro-uhm-diamond-weave-carbon-bar-ext-9-zoll\\\/#primaryimage\"},\"image\":{\"@id\":\"https:\\\/\\\/bogensportdiscount.ch\\\/produkt\\\/axcel-recurve-visier-achieve-xp-pro-uhm-diamond-weave-carbon-bar-ext-9-zoll\\\/#primaryimage\"},\"thumbnailUrl\":\"https:\\\/\\\/bogensportdiscount.ch\\\/wp-content\\\/uploads\\\/bsm-images\\\/A077294_1.png\",\"datePublished\":\"2026-04-05T13:09:38+00:00\",\"dateModified\":\"2026-04-24T11:56:04+00:00\",\"description\":\"AXCEL RECURVE VISIERE ACHIEVE XP PRO UHM DIAMOND WEAVE CARBON STANGE \\\/ VERL. 9\\\" g\u00fcnstig kaufen bei Bogensportdiscount \u2013 Top-Marken, schneller Versand aus der Schweiz.\",\"breadcrumb\":{\"@id\":\"https:\\\/\\\/bogensportdiscount.ch\\\/produkt\\\/axcel-recurve-visier-achieve-xp-pro-uhm-diamond-weave-carbon-bar-ext-9-zoll\\\/#breadcrumb\"},\"inLanguage\":\"it-IT\",\"potentialAction\":[{\"@type\":\"ReadAction\",\"target\":[\"https:\\\/\\\/bogensportdiscount.ch\\\/produkt\\\/axcel-recurve-visier-achieve-xp-pro-uhm-diamond-weave-carbon-bar-ext-9-zoll\\\/\"]}]},{\"@type\":\"ImageObject\",\"inLanguage\":\"it-IT\",\"@id\":\"https:\\\/\\\/bogensportdiscount.ch\\\/produkt\\\/axcel-recurve-visier-achieve-xp-pro-uhm-diamond-weave-carbon-bar-ext-9-zoll\\\/#primaryimage\",\"url\":\"https:\\\/\\\/bogensportdiscount.ch\\\/wp-content\\\/uploads\\\/bsm-images\\\/A077294_1.png\",\"contentUrl\":\"https:\\\/\\\/bogensportdiscount.ch\\\/wp-content\\\/uploads\\\/bsm-images\\\/A077294_1.png\",\"width\":4552,\"height\":2458},{\"@type\":\"BreadcrumbList\",\"@id\":\"https:\\\/\\\/bogensportdiscount.ch\\\/produkt\\\/axcel-recurve-visier-achieve-xp-pro-uhm-diamond-weave-carbon-bar-ext-9-zoll\\\/#breadcrumb\",\"itemListElement\":[{\"@type\":\"ListItem\",\"position\":1,\"name\":\"Home\",\"item\":\"https:\\\/\\\/bogensportdiscount.ch\\\/\"},{\"@type\":\"ListItem\",\"position\":2,\"name\":\"Shop\",\"item\":\"https:\\\/\\\/bogensportdiscount.ch\\\/shop\\\/\"},{\"@type\":\"ListItem\",\"position\":3,\"name\":\"AXCEL RECURVE VISIERE ACHIEVE XP PRO UHM DIAMOND WEAVE CARBON STANGE \\\/ VERL. 9&#8243;\"}]},{\"@type\":\"WebSite\",\"@id\":\"https:\\\/\\\/bogensportdiscount.ch\\\/#website\",\"url\":\"https:\\\/\\\/bogensportdiscount.ch\\\/\",\"name\":\"Bogensportdiscount\",\"description\":\"\",\"potentialAction\":[{\"@type\":\"SearchAction\",\"target\":{\"@type\":\"EntryPoint\",\"urlTemplate\":\"https:\\\/\\\/bogensportdiscount.ch\\\/?s={search_term_string}\"},\"query-input\":{\"@type\":\"PropertyValueSpecification\",\"valueRequired\":true,\"valueName\":\"search_term_string\"}}],\"inLanguage\":\"it-IT\"}]}<\/script>\n<!-- \/ Yoast SEO plugin. -->","yoast_head_json":{"title":"MIRINO RECURVE AXCEL ACHIEVE XP PRO CON ASTA IN CARBONIO UHM DIAMOND WEAVE \/ PROLUNGA 9&quot; - Bogensportdiscount \u2013 Archi, frecce, bersagli e accessori","description":"Mira ricurva AXCEL ACHIEVE XP PRO con asta in carbonio UHM Diamond Weave \/ estensione 9&quot; \u2013 Acquista a un prezzo vantaggioso su Bogensportdiscount \u2013 Le migliori marche, spedizione veloce dalla Svizzera.","robots":{"index":"index","follow":"follow","max-snippet":"max-snippet:-1","max-image-preview":"max-image-preview:large","max-video-preview":"max-video-preview:-1"},"canonical":"https:\/\/bogensportdiscount.ch\/it\/prodotto\/axcel-recurve-visier-achieve-xp-pro-uhm-diamond-weave-carbon-bar-ext-9-zoll\/","og_locale":"it_IT","og_type":"article","og_title":"MIRINO RECURVE AXCEL ACHIEVE XP PRO CON ASTA IN CARBONIO UHM DIAMOND WEAVE \/ PROLUNGA 9&quot; - Bogensportdiscount \u2013 Archi, frecce, bersagli e accessori","og_description":"Mira ricurva AXCEL ACHIEVE XP PRO con asta in carbonio UHM Diamond Weave \/ estensione 9&quot; \u2013 Acquista a un prezzo vantaggioso su Bogensportdiscount \u2013 Le migliori marche, spedizione veloce dalla Svizzera.","og_url":"https:\/\/bogensportdiscount.ch\/it\/prodotto\/axcel-recurve-visier-achieve-xp-pro-uhm-diamond-weave-carbon-bar-ext-9-zoll\/","og_site_name":"Bogensportdiscount \u2013 B\u00f6gen, Pfeile, Targets &amp; Zubeh\u00f6r","article_modified_time":"2026-04-24T11:56:04+00:00","og_image":[{"url":"https:\/\/bogensportdiscount.ch\/wp-content\/uploads\/bsm-images\/A077294_1.png","width":4552,"height":2458,"type":"image\/png"}],"twitter_card":"summary_large_image","schema":{"@context":"https:\/\/schema.org","@graph":[{"@type":"WebPage","@id":"https:\/\/bogensportdiscount.ch\/produkt\/axcel-recurve-visier-achieve-xp-pro-uhm-diamond-weave-carbon-bar-ext-9-zoll\/","url":"https:\/\/bogensportdiscount.ch\/produkt\/axcel-recurve-visier-achieve-xp-pro-uhm-diamond-weave-carbon-bar-ext-9-zoll\/","name":"MIRINO RECURVE AXCEL ACHIEVE XP PRO CON ASTA IN CARBONIO UHM DIAMOND WEAVE \/ PROLUNGA 9&quot; - Bogensportdiscount \u2013 Archi, frecce, bersagli e accessori","isPartOf":{"@id":"https:\/\/bogensportdiscount.ch\/#website"},"primaryImageOfPage":{"@id":"https:\/\/bogensportdiscount.ch\/produkt\/axcel-recurve-visier-achieve-xp-pro-uhm-diamond-weave-carbon-bar-ext-9-zoll\/#primaryimage"},"image":{"@id":"https:\/\/bogensportdiscount.ch\/produkt\/axcel-recurve-visier-achieve-xp-pro-uhm-diamond-weave-carbon-bar-ext-9-zoll\/#primaryimage"},"thumbnailUrl":"https:\/\/bogensportdiscount.ch\/wp-content\/uploads\/bsm-images\/A077294_1.png","datePublished":"2026-04-05T13:09:38+00:00","dateModified":"2026-04-24T11:56:04+00:00","description":"Mira ricurva AXCEL ACHIEVE XP PRO con asta in carbonio UHM Diamond Weave \/ estensione 9&quot; \u2013 Acquista a un prezzo vantaggioso su Bogensportdiscount \u2013 Le migliori marche, spedizione veloce dalla Svizzera.","breadcrumb":{"@id":"https:\/\/bogensportdiscount.ch\/produkt\/axcel-recurve-visier-achieve-xp-pro-uhm-diamond-weave-carbon-bar-ext-9-zoll\/#breadcrumb"},"inLanguage":"it-IT","potentialAction":[{"@type":"ReadAction","target":["https:\/\/bogensportdiscount.ch\/produkt\/axcel-recurve-visier-achieve-xp-pro-uhm-diamond-weave-carbon-bar-ext-9-zoll\/"]}]},{"@type":"ImageObject","inLanguage":"it-IT","@id":"https:\/\/bogensportdiscount.ch\/produkt\/axcel-recurve-visier-achieve-xp-pro-uhm-diamond-weave-carbon-bar-ext-9-zoll\/#primaryimage","url":"https:\/\/bogensportdiscount.ch\/wp-content\/uploads\/bsm-images\/A077294_1.png","contentUrl":"https:\/\/bogensportdiscount.ch\/wp-content\/uploads\/bsm-images\/A077294_1.png","width":4552,"height":2458},{"@type":"BreadcrumbList","@id":"https:\/\/bogensportdiscount.ch\/produkt\/axcel-recurve-visier-achieve-xp-pro-uhm-diamond-weave-carbon-bar-ext-9-zoll\/#breadcrumb","itemListElement":[{"@type":"ListItem","position":1,"name":"Home","item":"https:\/\/bogensportdiscount.ch\/"},{"@type":"ListItem","position":2,"name":"Shop","item":"https:\/\/bogensportdiscount.ch\/shop\/"},{"@type":"ListItem","position":3,"name":"AXCEL RECURVE VISIERE ACHIEVE XP PRO UHM DIAMOND WEAVE CARBON STANGE \/ VERL. 9&#8243;"}]},{"@type":"WebSite","@id":"https:\/\/bogensportdiscount.ch\/#website","url":"https:\/\/bogensportdiscount.ch\/","name":"Bogensportdiscount","description":"","potentialAction":[{"@type":"SearchAction","target":{"@type":"EntryPoint","urlTemplate":"https:\/\/bogensportdiscount.ch\/?s={search_term_string}"},"query-input":{"@type":"PropertyValueSpecification","valueRequired":true,"valueName":"search_term_string"}}],"inLanguage":"it-IT"}]}},"_links":{"self":[{"href":"https:\/\/bogensportdiscount.ch\/it\/wp-json\/wp\/v2\/product\/415047","targetHints":{"allow":["GET"]}}],"collection":[{"href":"https:\/\/bogensportdiscount.ch\/it\/wp-json\/wp\/v2\/product"}],"about":[{"href":"https:\/\/bogensportdiscount.ch\/it\/wp-json\/wp\/v2\/types\/product"}],"replies":[{"embeddable":true,"href":"https:\/\/bogensportdiscount.ch\/it\/wp-json\/wp\/v2\/comments?post=415047"}],"wp:featuredmedia":[{"embeddable":true,"href":"https:\/\/bogensportdiscount.ch\/it\/wp-json\/wp\/v2\/media\/451784"}],"wp:attachment":[{"href":"https:\/\/bogensportdiscount.ch\/it\/wp-json\/wp\/v2\/media?parent=415047"}],"wp:term":[{"taxonomy":"product_brand","embeddable":true,"href":"https:\/\/bogensportdiscount.ch\/it\/wp-json\/wp\/v2\/product_brand?post=415047"},{"taxonomy":"product_cat","embeddable":true,"href":"https:\/\/bogensportdiscount.ch\/it\/wp-json\/wp\/v2\/product_cat?post=415047"},{"taxonomy":"product_tag","embeddable":true,"href":"https:\/\/bogensportdiscount.ch\/it\/wp-json\/wp\/v2\/product_tag?post=415047"}],"curies":[{"name":"wp","href":"https:\/\/api.w.org\/{rel}","templated":true}]}}