{"id":415015,"date":"2026-04-05T15:09:35","date_gmt":"2026-04-05T13:09:35","guid":{"rendered":"https:\/\/bogensportdiscount.ch\/produkt\/compound-sights-achieve-xp-pro-uhm-diamond-weave-carbon-bar-ext-6-rh-black-black\/"},"modified":"2026-04-16T12:28:47","modified_gmt":"2026-04-16T10:28:47","slug":"axcel-compound-visier-achieve-xp-pro-uhm-diamond-weave-carbon-bar-ext-6-zoll","status":"publish","type":"product","link":"https:\/\/bogensportdiscount.ch\/it\/prodotto\/axcel-compound-visier-achieve-xp-pro-uhm-diamond-weave-carbon-bar-ext-6-zoll\/","title":{"rendered":"AXCEL COMPOUND SIGHTS ACHIEVE XP PRO UHM DIAMOND WEAVE CARBON BAR \/ EXT 6\u2033"},"content":{"rendered":"<p>Das AXCEL Achieve XP Pro ist ein hochwertiges Compound-Target-Visier, das speziell f\u00fcr anspruchsvolle Bogensportler im Wettkampf- und Trainingsbereich entwickelt wurde. Der Balken aus UHM (Ultra High Modulus) Diamond Weave Carbon sorgt f\u00fcr eine steife und leichte Konstruktion, die eine stabile Visierausrichtung unterst\u00fctzt.<\/p>\n<p>Die mitgelieferte 6&#8243; Extension erm\u00f6glicht eine flexible Positionierung des Visiers am Bogen. Das Modell ist f\u00fcr Links- und Rechtshand-Sch\u00fctzen erh\u00e4ltlich und kann in den Farbvarianten Schwarz, Blau\/Schwarz sowie Rot\/Schwarz gew\u00e4hlt werden.<\/p>\n<ul>\n<li>UHM Diamond Weave Carbon-Balken \u2014 leicht und torsionssteif<\/li>\n<li>6&#8243; Extension f\u00fcr flexible Montageposition<\/li>\n<li>Disponibile per l'uso con la mano destra o sinistra<\/li>\n<li>Drei Farbvarianten w\u00e4hlbar<\/li>\n<\/ul>","protected":false},"excerpt":{"rendered":"<p><strong>Length:<\/strong> 6&quot;<br \/><strong>Materiale:<\/strong> Carbon &amp; aluminium<br \/><strong>Type:<\/strong> Compound sight<br \/><strong>Orientation:<\/strong> RH \/ LH variants<\/p>","protected":false},"featured_media":451832,"comment_status":"open","ping_status":"closed","template":"","meta":[],"product_brand":[467],"product_cat":[4261],"product_tag":[],"class_list":{"0":"post-415015","1":"product","2":"type-product","3":"status-publish","4":"has-post-thumbnail","6":"product_brand-axcel","7":"product_cat-compound-visiere","9":"first","10":"instock","11":"shipping-taxable","12":"purchasable","13":"product-type-variable"},"_links":{"self":[{"href":"https:\/\/bogensportdiscount.ch\/it\/wp-json\/wp\/v2\/product\/415015","targetHints":{"allow":["GET"]}}],"collection":[{"href":"https:\/\/bogensportdiscount.ch\/it\/wp-json\/wp\/v2\/product"}],"about":[{"href":"https:\/\/bogensportdiscount.ch\/it\/wp-json\/wp\/v2\/types\/product"}],"replies":[{"embeddable":true,"href":"https:\/\/bogensportdiscount.ch\/it\/wp-json\/wp\/v2\/comments?post=415015"}],"wp:featuredmedia":[{"embeddable":true,"href":"https:\/\/bogensportdiscount.ch\/it\/wp-json\/wp\/v2\/media\/451832"}],"wp:attachment":[{"href":"https:\/\/bogensportdiscount.ch\/it\/wp-json\/wp\/v2\/media?parent=415015"}],"wp:term":[{"taxonomy":"product_brand","embeddable":true,"href":"https:\/\/bogensportdiscount.ch\/it\/wp-json\/wp\/v2\/product_brand?post=415015"},{"taxonomy":"product_cat","embeddable":true,"href":"https:\/\/bogensportdiscount.ch\/it\/wp-json\/wp\/v2\/product_cat?post=415015"},{"taxonomy":"product_tag","embeddable":true,"href":"https:\/\/bogensportdiscount.ch\/it\/wp-json\/wp\/v2\/product_tag?post=415015"}],"curies":[{"name":"wp","href":"https:\/\/api.w.org\/{rel}","templated":true}]}}