{"id":414940,"date":"2026-04-05T15:09:26","date_gmt":"2026-04-05T13:09:26","guid":{"rendered":"https:\/\/bogensportdiscount.ch\/produkt\/t-d-recurve-bows-package-eagle-x9-58-rh-25lbs\/"},"modified":"2026-04-19T11:54:26","modified_gmt":"2026-04-19T09:54:26","slug":"sanlida-take-down-recurvebogen-set-eagle-x9-58","status":"publish","type":"product","link":"https:\/\/bogensportdiscount.ch\/it\/prodotto\/sanlida-take-down-recurvebogen-set-eagle-x9-58\/","title":{"rendered":"SANLIDA T\/D RECURVE BOEGEN PAKET EAGLE X9 58&#8243;"},"content":{"rendered":"<p>Il SANLIDA Eagle X9 \u00e8 un arco ricurvo smontabile venduto in set, con una lunghezza di 58 pollici. Grazie alla struttura smontabile, l&#x27;arco \u00e8 facile da trasportare e riporre. Il set \u00e8 pensato per i principianti e gli appassionati di tiro con l&#x27;arco che vogliono avvicinarsi al tiro con l&#x27;arco ricurvo tradizionale.<\/p>\n<p>L&#x27;Eagle X9 \u00e8 disponibile sia per i tiratori mancini che per quelli destrimani e, con pesi di trazione compresi tra 25 e 45 libbre, soddisfa un&#x27;ampia gamma di esigenze. Viene prodotto in Cina con il marchio SANLIDA, specializzato in attrezzature tradizionali per il tiro con l&#x27;arco.<\/p>\n<ul>\n<li>Lunghezza dell&#x27;arco: 58 pollici<\/li>\n<li>Struttura smontabile per un facile trasporto<\/li>\n<li>Disponibile per mancini e destrimani<\/li>\n<li>Zuggewichte: 25, 30, 35, 40 und 45 lbs<\/li>\n<\/ul>","protected":false},"excerpt":{"rendered":"<p>Il SANLIDA Eagle X9 \u00e8 un set di arco ricurvo smontabile con una lunghezza di 58 pollici. Disponibile per mancini e destrimani con potenze da 25 a 45 libbre, questo arco \u00e8 adatto sia ai principianti che agli arcieri di livello intermedio nel tiro con l&#x27;arco tradizionale.<\/p>","protected":false},"featured_media":511614,"comment_status":"open","ping_status":"closed","template":"","meta":[],"product_brand":[459],"product_cat":[4530],"product_tag":[],"class_list":{"0":"post-414940","1":"product","2":"type-product","3":"status-publish","4":"has-post-thumbnail","6":"product_brand-sanlida","7":"product_cat-traditionelle-boegen-sets","9":"first","10":"instock","11":"shipping-taxable","12":"purchasable","13":"product-type-variable"},"yoast_head":"<!-- This site is optimized with the Yoast SEO plugin v27.4 - https:\/\/yoast.com\/product\/yoast-seo-wordpress\/ -->\n<title>SANLIDA T\/D RECURVE BOEGEN PAKET EAGLE X9 58&quot; - Bogensportdiscount \u2013 B\u00f6gen, Pfeile, Targets &amp; Zubeh\u00f6r<\/title>\n<meta name=\"robots\" content=\"noindex, follow, max-snippet:-1, max-image-preview:large, max-video-preview:-1\" \/>\n<meta property=\"og:locale\" content=\"it_IT\" \/>\n<meta property=\"og:type\" content=\"article\" \/>\n<meta property=\"og:title\" content=\"SANLIDA T\/D RECURVE BOEGEN PAKET EAGLE X9 58&quot; - Bogensportdiscount \u2013 B\u00f6gen, Pfeile, Targets &amp; Zubeh\u00f6r\" \/>\n<meta property=\"og:description\" content=\"Das SANLIDA Eagle X9 ist ein Take-Down Recurvebogen-Set mit einer Bogenl\u00e4nge von 58 Zoll. Erh\u00e4ltlich f\u00fcr Links- und Rechtshand in Zuggewichten von 25 bis 45 lbs, eignet sich dieser Bogen f\u00fcr Einsteiger und Fortgeschrittene im traditionellen Bogensport.\" \/>\n<meta property=\"og:url\" content=\"https:\/\/bogensportdiscount.ch\/it\/prodotto\/sanlida-take-down-recurvebogen-set-eagle-x9-58\/\" \/>\n<meta property=\"og:site_name\" content=\"Bogensportdiscount \u2013 B\u00f6gen, Pfeile, Targets &amp; Zubeh\u00f6r\" \/>\n<meta property=\"article:modified_time\" content=\"2026-04-19T09:54:26+00:00\" \/>\n<meta property=\"og:image\" content=\"https:\/\/bogensportdiscount.ch\/wp-content\/uploads\/bsm-images\/A077126_1.jpg\" \/>\n\t<meta property=\"og:image:width\" content=\"1600\" \/>\n\t<meta property=\"og:image:height\" content=\"1600\" \/>\n\t<meta property=\"og:image:type\" content=\"image\/jpeg\" \/>\n<meta name=\"twitter:card\" content=\"summary_large_image\" \/>\n<meta name=\"twitter:label1\" content=\"Est. reading time\" \/>\n\t<meta name=\"twitter:data1\" content=\"1 minuto\" \/>\n<script type=\"application\/ld+json\" class=\"yoast-schema-graph\">{\"@context\":\"https:\\\/\\\/schema.org\",\"@graph\":[{\"@type\":\"WebPage\",\"@id\":\"https:\\\/\\\/bogensportdiscount.ch\\\/it\\\/prodotto\\\/sanlida-take-down-recurvebogen-set-eagle-x9-58\\\/\",\"url\":\"https:\\\/\\\/bogensportdiscount.ch\\\/it\\\/prodotto\\\/sanlida-take-down-recurvebogen-set-eagle-x9-58\\\/\",\"name\":\"SANLIDA T\\\/D RECURVE BOEGEN PAKET EAGLE X9 58\\\" - Bogensportdiscount \u2013 B\u00f6gen, Pfeile, Targets &amp; Zubeh\u00f6r\",\"isPartOf\":{\"@id\":\"https:\\\/\\\/bogensportdiscount.ch\\\/#website\"},\"primaryImageOfPage\":{\"@id\":\"https:\\\/\\\/bogensportdiscount.ch\\\/it\\\/prodotto\\\/sanlida-take-down-recurvebogen-set-eagle-x9-58\\\/#primaryimage\"},\"image\":{\"@id\":\"https:\\\/\\\/bogensportdiscount.ch\\\/it\\\/prodotto\\\/sanlida-take-down-recurvebogen-set-eagle-x9-58\\\/#primaryimage\"},\"thumbnailUrl\":\"https:\\\/\\\/bogensportdiscount.ch\\\/wp-content\\\/uploads\\\/bsm-images\\\/A077126_1.jpg\",\"datePublished\":\"2026-04-05T13:09:26+00:00\",\"dateModified\":\"2026-04-19T09:54:26+00:00\",\"breadcrumb\":{\"@id\":\"https:\\\/\\\/bogensportdiscount.ch\\\/it\\\/prodotto\\\/sanlida-take-down-recurvebogen-set-eagle-x9-58\\\/#breadcrumb\"},\"inLanguage\":\"it-IT\",\"potentialAction\":[{\"@type\":\"ReadAction\",\"target\":[\"https:\\\/\\\/bogensportdiscount.ch\\\/it\\\/prodotto\\\/sanlida-take-down-recurvebogen-set-eagle-x9-58\\\/\"]}]},{\"@type\":\"ImageObject\",\"inLanguage\":\"it-IT\",\"@id\":\"https:\\\/\\\/bogensportdiscount.ch\\\/it\\\/prodotto\\\/sanlida-take-down-recurvebogen-set-eagle-x9-58\\\/#primaryimage\",\"url\":\"https:\\\/\\\/bogensportdiscount.ch\\\/wp-content\\\/uploads\\\/bsm-images\\\/A077126_1.jpg\",\"contentUrl\":\"https:\\\/\\\/bogensportdiscount.ch\\\/wp-content\\\/uploads\\\/bsm-images\\\/A077126_1.jpg\",\"width\":1600,\"height\":1600},{\"@type\":\"BreadcrumbList\",\"@id\":\"https:\\\/\\\/bogensportdiscount.ch\\\/it\\\/prodotto\\\/sanlida-take-down-recurvebogen-set-eagle-x9-58\\\/#breadcrumb\",\"itemListElement\":[{\"@type\":\"ListItem\",\"position\":1,\"name\":\"Home\",\"item\":\"https:\\\/\\\/bogensportdiscount.ch\\\/\"},{\"@type\":\"ListItem\",\"position\":2,\"name\":\"Shop\",\"item\":\"https:\\\/\\\/bogensportdiscount.ch\\\/shop\\\/\"},{\"@type\":\"ListItem\",\"position\":3,\"name\":\"SANLIDA T\\\/D RECURVE BOEGEN PAKET EAGLE X9 58&#8243;\"}]},{\"@type\":\"WebSite\",\"@id\":\"https:\\\/\\\/bogensportdiscount.ch\\\/#website\",\"url\":\"https:\\\/\\\/bogensportdiscount.ch\\\/\",\"name\":\"Bogensportdiscount\",\"description\":\"\",\"potentialAction\":[{\"@type\":\"SearchAction\",\"target\":{\"@type\":\"EntryPoint\",\"urlTemplate\":\"https:\\\/\\\/bogensportdiscount.ch\\\/?s={search_term_string}\"},\"query-input\":{\"@type\":\"PropertyValueSpecification\",\"valueRequired\":true,\"valueName\":\"search_term_string\"}}],\"inLanguage\":\"it-IT\"}]}<\/script>\n<!-- \/ Yoast SEO plugin. -->","yoast_head_json":{"title":"SANLIDA T\/D RECURVE BOEGEN PAKET EAGLE X9 58\" - Bogensportdiscount \u2013 B\u00f6gen, Pfeile, Targets &amp; Zubeh\u00f6r","robots":{"index":"noindex","follow":"follow","max-snippet":"max-snippet:-1","max-image-preview":"max-image-preview:large","max-video-preview":"max-video-preview:-1"},"og_locale":"it_IT","og_type":"article","og_title":"SANLIDA T\/D RECURVE BOEGEN PAKET EAGLE X9 58\" - Bogensportdiscount \u2013 B\u00f6gen, Pfeile, Targets &amp; Zubeh\u00f6r","og_description":"Das SANLIDA Eagle X9 ist ein Take-Down Recurvebogen-Set mit einer Bogenl\u00e4nge von 58 Zoll. Erh\u00e4ltlich f\u00fcr Links- und Rechtshand in Zuggewichten von 25 bis 45 lbs, eignet sich dieser Bogen f\u00fcr Einsteiger und Fortgeschrittene im traditionellen Bogensport.","og_url":"https:\/\/bogensportdiscount.ch\/it\/prodotto\/sanlida-take-down-recurvebogen-set-eagle-x9-58\/","og_site_name":"Bogensportdiscount \u2013 B\u00f6gen, Pfeile, Targets &amp; Zubeh\u00f6r","article_modified_time":"2026-04-19T09:54:26+00:00","og_image":[{"width":1600,"height":1600,"url":"https:\/\/bogensportdiscount.ch\/wp-content\/uploads\/bsm-images\/A077126_1.jpg","type":"image\/jpeg"}],"twitter_card":"summary_large_image","twitter_misc":{"Est. reading time":"1 minuto"},"schema":{"@context":"https:\/\/schema.org","@graph":[{"@type":"WebPage","@id":"https:\/\/bogensportdiscount.ch\/it\/prodotto\/sanlida-take-down-recurvebogen-set-eagle-x9-58\/","url":"https:\/\/bogensportdiscount.ch\/it\/prodotto\/sanlida-take-down-recurvebogen-set-eagle-x9-58\/","name":"SANLIDA T\/D RECURVE BOEGEN PAKET EAGLE X9 58\" - Bogensportdiscount \u2013 B\u00f6gen, Pfeile, Targets &amp; Zubeh\u00f6r","isPartOf":{"@id":"https:\/\/bogensportdiscount.ch\/#website"},"primaryImageOfPage":{"@id":"https:\/\/bogensportdiscount.ch\/it\/prodotto\/sanlida-take-down-recurvebogen-set-eagle-x9-58\/#primaryimage"},"image":{"@id":"https:\/\/bogensportdiscount.ch\/it\/prodotto\/sanlida-take-down-recurvebogen-set-eagle-x9-58\/#primaryimage"},"thumbnailUrl":"https:\/\/bogensportdiscount.ch\/wp-content\/uploads\/bsm-images\/A077126_1.jpg","datePublished":"2026-04-05T13:09:26+00:00","dateModified":"2026-04-19T09:54:26+00:00","breadcrumb":{"@id":"https:\/\/bogensportdiscount.ch\/it\/prodotto\/sanlida-take-down-recurvebogen-set-eagle-x9-58\/#breadcrumb"},"inLanguage":"it-IT","potentialAction":[{"@type":"ReadAction","target":["https:\/\/bogensportdiscount.ch\/it\/prodotto\/sanlida-take-down-recurvebogen-set-eagle-x9-58\/"]}]},{"@type":"ImageObject","inLanguage":"it-IT","@id":"https:\/\/bogensportdiscount.ch\/it\/prodotto\/sanlida-take-down-recurvebogen-set-eagle-x9-58\/#primaryimage","url":"https:\/\/bogensportdiscount.ch\/wp-content\/uploads\/bsm-images\/A077126_1.jpg","contentUrl":"https:\/\/bogensportdiscount.ch\/wp-content\/uploads\/bsm-images\/A077126_1.jpg","width":1600,"height":1600},{"@type":"BreadcrumbList","@id":"https:\/\/bogensportdiscount.ch\/it\/prodotto\/sanlida-take-down-recurvebogen-set-eagle-x9-58\/#breadcrumb","itemListElement":[{"@type":"ListItem","position":1,"name":"Home","item":"https:\/\/bogensportdiscount.ch\/"},{"@type":"ListItem","position":2,"name":"Shop","item":"https:\/\/bogensportdiscount.ch\/shop\/"},{"@type":"ListItem","position":3,"name":"SANLIDA T\/D RECURVE BOEGEN PAKET EAGLE X9 58&#8243;"}]},{"@type":"WebSite","@id":"https:\/\/bogensportdiscount.ch\/#website","url":"https:\/\/bogensportdiscount.ch\/","name":"Bogensportdiscount","description":"","potentialAction":[{"@type":"SearchAction","target":{"@type":"EntryPoint","urlTemplate":"https:\/\/bogensportdiscount.ch\/?s={search_term_string}"},"query-input":{"@type":"PropertyValueSpecification","valueRequired":true,"valueName":"search_term_string"}}],"inLanguage":"it-IT"}]}},"_links":{"self":[{"href":"https:\/\/bogensportdiscount.ch\/it\/wp-json\/wp\/v2\/product\/414940","targetHints":{"allow":["GET"]}}],"collection":[{"href":"https:\/\/bogensportdiscount.ch\/it\/wp-json\/wp\/v2\/product"}],"about":[{"href":"https:\/\/bogensportdiscount.ch\/it\/wp-json\/wp\/v2\/types\/product"}],"replies":[{"embeddable":true,"href":"https:\/\/bogensportdiscount.ch\/it\/wp-json\/wp\/v2\/comments?post=414940"}],"wp:featuredmedia":[{"embeddable":true,"href":"https:\/\/bogensportdiscount.ch\/it\/wp-json\/wp\/v2\/media\/511614"}],"wp:attachment":[{"href":"https:\/\/bogensportdiscount.ch\/it\/wp-json\/wp\/v2\/media?parent=414940"}],"wp:term":[{"taxonomy":"product_brand","embeddable":true,"href":"https:\/\/bogensportdiscount.ch\/it\/wp-json\/wp\/v2\/product_brand?post=414940"},{"taxonomy":"product_cat","embeddable":true,"href":"https:\/\/bogensportdiscount.ch\/it\/wp-json\/wp\/v2\/product_cat?post=414940"},{"taxonomy":"product_tag","embeddable":true,"href":"https:\/\/bogensportdiscount.ch\/it\/wp-json\/wp\/v2\/product_tag?post=414940"}],"curies":[{"name":"wp","href":"https:\/\/api.w.org\/{rel}","templated":true}]}}