{"id":414887,"date":"2026-04-05T15:09:21","date_gmt":"2026-04-05T13:09:21","guid":{"rendered":"https:\/\/bogensportdiscount.ch\/produkt\/compound-core-ss-deadlock-cam-rot-mod-rh-50-60lbs-26-31-black\/"},"modified":"2026-04-17T13:48:27","modified_gmt":"2026-04-17T11:48:27","slug":"bowtech-compound-core-ss-deadlock-cam-rotating-mod-rh","status":"publish","type":"product","link":"https:\/\/bogensportdiscount.ch\/it\/prodotto\/bowtech-compound-core-ss-deadlock-cam-rotating-mod-rh\/","title":{"rendered":"BOWTECH COMPOUND CORE SS DEADLOCK CAM ROSSO. MOD RH"},"content":{"rendered":"<p>Der Bowtech Compound Core SS ist ein kompakter Compoundbogen mit einem Achsabstand von 31,5 Zoll und einer Brace Height von 6,25 Zoll. Er ist f\u00fcr Rechtsh\u00e4nder ausgelegt und eignet sich sowohl f\u00fcr die Jagd als auch f\u00fcr den sportlichen Einsatz.<\/p>\n<p>Der Bogen ist mit dem Deadlock-Cam-System und einem Rotating Mod ausgestattet, das eine einfache Anpassung der Zugkurve erm\u00f6glicht. Der Rahmen besteht aus Aluminium und ist in den Farbvarianten OD Green und Subalpine erh\u00e4ltlich.<\/p>\n<ul>\n<li>Kompakter Achsabstand von 31,5 Zoll \u2013 geeignet f\u00fcr enge Situationen auf der Jagd<\/li>\n<li>Deadlock-Cam mit Rotating Mod f\u00fcr flexible Zugl\u00e4ngenanpassung<\/li>\n<li>Zuggewicht w\u00e4hlbar: 50\u201360 lbs oder 60\u201370 lbs<\/li>\n<li>Leichter Aluminiumrahmen in zwei Tarnfarbvarianten<\/li>\n<\/ul>","protected":false},"excerpt":{"rendered":"<table>\n<tr>\n<th>Propriet\u00e0<\/th>\n<th>Valore<\/th>\n<\/tr>\n<tr>\n<td>Achsabstand (Zoll)<\/td>\n<td>31,5&#8243;<\/td>\n<\/tr>\n<tr>\n<td>Brace Height (Zoll)<\/td>\n<td>6,25&#8243;<\/td>\n<\/tr>\n<tr>\n<td>Modul<\/td>\n<td>Rotating Mod<\/td>\n<\/tr>\n<tr>\n<td>Materiale<\/td>\n<td>Aluminium<\/td>\n<\/tr>\n<tr>\n<td>Peso del treno<\/td>\n<td>50\u201360 lbs \/ 60\u201370 lbs<\/td>\n<\/tr>\n<tr>\n<td>Colore<\/td>\n<td>OD Green \/ Subalpine<\/td>\n<\/tr>\n<tr>\n<td>Origine<\/td>\n<td>USA<\/td>\n<\/tr>\n<\/table>","protected":false},"featured_media":451921,"comment_status":"open","ping_status":"closed","template":"","meta":[],"product_brand":[451],"product_cat":[4524],"product_tag":[],"class_list":{"0":"post-414887","1":"product","2":"type-product","3":"status-publish","4":"has-post-thumbnail","6":"product_brand-bowtech","7":"product_cat-jagdboegen-compound-boegen-boegen","9":"first","10":"instock","11":"shipping-taxable","12":"purchasable","13":"product-type-variable"},"_links":{"self":[{"href":"https:\/\/bogensportdiscount.ch\/it\/wp-json\/wp\/v2\/product\/414887","targetHints":{"allow":["GET"]}}],"collection":[{"href":"https:\/\/bogensportdiscount.ch\/it\/wp-json\/wp\/v2\/product"}],"about":[{"href":"https:\/\/bogensportdiscount.ch\/it\/wp-json\/wp\/v2\/types\/product"}],"replies":[{"embeddable":true,"href":"https:\/\/bogensportdiscount.ch\/it\/wp-json\/wp\/v2\/comments?post=414887"}],"wp:featuredmedia":[{"embeddable":true,"href":"https:\/\/bogensportdiscount.ch\/it\/wp-json\/wp\/v2\/media\/451921"}],"wp:attachment":[{"href":"https:\/\/bogensportdiscount.ch\/it\/wp-json\/wp\/v2\/media?parent=414887"}],"wp:term":[{"taxonomy":"product_brand","embeddable":true,"href":"https:\/\/bogensportdiscount.ch\/it\/wp-json\/wp\/v2\/product_brand?post=414887"},{"taxonomy":"product_cat","embeddable":true,"href":"https:\/\/bogensportdiscount.ch\/it\/wp-json\/wp\/v2\/product_cat?post=414887"},{"taxonomy":"product_tag","embeddable":true,"href":"https:\/\/bogensportdiscount.ch\/it\/wp-json\/wp\/v2\/product_tag?post=414887"}],"curies":[{"name":"wp","href":"https:\/\/api.w.org\/{rel}","templated":true}]}}