{"id":414850,"date":"2026-04-05T15:09:17","date_gmt":"2026-04-05T13:09:17","guid":{"rendered":"https:\/\/bogensportdiscount.ch\/produkt\/compound-sights-powr-carbon-bar-ext-6-rh-black\/"},"modified":"2026-04-17T13:48:27","modified_gmt":"2026-04-17T11:48:27","slug":"avalon-compound-visier-powr-carbon-bar-ext-6","status":"publish","type":"product","link":"https:\/\/bogensportdiscount.ch\/it\/prodotto\/avalon-compound-visier-powr-carbon-bar-ext-6\/","title":{"rendered":"AVALON COMPOUND SIGHTS POWR CARBON BAR \/ EXT 6\u2033"},"content":{"rendered":"<p>Das AVALON Compound-Visier Powr Carbon Bar Ext 6&#8243; ist ein hochwertiges Visier f\u00fcr Compound-Bogen. Mit seiner Carbon-Bar-Konstruktion bietet es eine stabile und leichte L\u00f6sung f\u00fcr pr\u00e4zises Zielen.<\/p>\n<p>Dieses Visier ist in beiden Handvarianten (Linkshand und Rechtshand) erh\u00e4ltlich und eignet sich ideal f\u00fcr Bogensch\u00fctzen, die eine zuverl\u00e4ssige Zielvorrichtung mit modernem Design suchen. Die 6&#8243; Ausladung erm\u00f6glicht eine optimale Positionierung am Bogen.<\/p>","protected":false},"excerpt":{"rendered":"<table>\n<tr>\n<th>Propriet\u00e0<\/th>\n<th>Valore<\/th>\n<\/tr>\n<tr>\n<td>Marchio<\/td>\n<td>Avalon<\/td>\n<\/tr>\n<tr>\n<td>Tipo<\/td>\n<td>Compound-Visier<\/td>\n<\/tr>\n<tr>\n<td>Modell<\/td>\n<td>Powr Carbon Bar<\/td>\n<\/tr>\n<tr>\n<td>Ausladung<\/td>\n<td>6&#8243;<\/td>\n<\/tr>\n<tr>\n<td>Verf\u00fcgbare Varianten<\/td>\n<td>Linkshand (LH), Rechtshand (RH)<\/td>\n<\/tr>\n<\/table>","protected":false},"featured_media":438809,"comment_status":"open","ping_status":"closed","template":"","meta":[],"product_brand":[449],"product_cat":[4261],"product_tag":[],"class_list":{"0":"post-414850","1":"product","2":"type-product","3":"status-publish","4":"has-post-thumbnail","6":"product_brand-avalon","7":"product_cat-compound-visiere","9":"first","10":"instock","11":"shipping-taxable","12":"purchasable","13":"product-type-variable"},"_links":{"self":[{"href":"https:\/\/bogensportdiscount.ch\/it\/wp-json\/wp\/v2\/product\/414850","targetHints":{"allow":["GET"]}}],"collection":[{"href":"https:\/\/bogensportdiscount.ch\/it\/wp-json\/wp\/v2\/product"}],"about":[{"href":"https:\/\/bogensportdiscount.ch\/it\/wp-json\/wp\/v2\/types\/product"}],"replies":[{"embeddable":true,"href":"https:\/\/bogensportdiscount.ch\/it\/wp-json\/wp\/v2\/comments?post=414850"}],"wp:featuredmedia":[{"embeddable":true,"href":"https:\/\/bogensportdiscount.ch\/it\/wp-json\/wp\/v2\/media\/438809"}],"wp:attachment":[{"href":"https:\/\/bogensportdiscount.ch\/it\/wp-json\/wp\/v2\/media?parent=414850"}],"wp:term":[{"taxonomy":"product_brand","embeddable":true,"href":"https:\/\/bogensportdiscount.ch\/it\/wp-json\/wp\/v2\/product_brand?post=414850"},{"taxonomy":"product_cat","embeddable":true,"href":"https:\/\/bogensportdiscount.ch\/it\/wp-json\/wp\/v2\/product_cat?post=414850"},{"taxonomy":"product_tag","embeddable":true,"href":"https:\/\/bogensportdiscount.ch\/it\/wp-json\/wp\/v2\/product_tag?post=414850"}],"curies":[{"name":"wp","href":"https:\/\/api.w.org\/{rel}","templated":true}]}}