{"id":414551,"date":"2026-04-05T15:08:49","date_gmt":"2026-04-05T13:08:49","guid":{"rendered":"https:\/\/bogensportdiscount.ch\/produkt\/plastic-grip-tsg-rh\/"},"modified":"2026-04-17T19:13:07","modified_gmt":"2026-04-17T17:13:07","slug":"fivics-recurve-griff-plastik-tsg","status":"publish","type":"product","link":"https:\/\/bogensportdiscount.ch\/it\/prodotto\/fivics-recurve-griff-plastik-tsg\/","title":{"rendered":"IMPUGNATURA IN PLASTICA FIVICS TSG"},"content":{"rendered":"<p>Der FIVICS TSG Recurve-Griff besteht aus Kunststoff und ist eine solide Wahl f\u00fcr Bogensch\u00fctzen, die einen funktionalen und leichten Griff f\u00fcr ihren Recurve-Bogen suchen. Das Modell ist in einer Rechtshand- und einer Linkshand-Ausf\u00fchrung erh\u00e4ltlich.<\/p>\n<p>Als Produkt des koreanischen Bogensport-Herstellers FIVICS f\u00fcgt sich der TSG-Griff in das bew\u00e4hrte Sortiment von Recurve-Zubeh\u00f6r ein, das auf Praxistauglichkeit ausgerichtet ist.<\/p>\n<ul>\n<li>Material: Kunststoff<\/li>\n<li>Verf\u00fcgbar f\u00fcr Rechts- und Linksh\u00e4nder<\/li>\n<li>Geeignet als Ersatz- oder Einsteiger-Griff<\/li>\n<\/ul>","protected":false},"excerpt":{"rendered":"<p>Der FIVICS TSG ist ein Recurve-Griff aus Kunststoff, erh\u00e4ltlich f\u00fcr Links- und Rechtsh\u00e4nder. Er eignet sich als unkomplizierter Ersatz- oder Einsteiger-Griff f\u00fcr kompatible Recurve-B\u00f6gen.<\/p>","protected":false},"featured_media":452169,"comment_status":"open","ping_status":"closed","template":"","meta":[],"product_brand":[429],"product_cat":[4201],"product_tag":[],"class_list":{"0":"post-414551","1":"product","2":"type-product","3":"status-publish","4":"has-post-thumbnail","6":"product_brand-fivics","7":"product_cat-recurve-griffe-griffe-bogen-zubehoer","9":"first","10":"instock","11":"shipping-taxable","12":"purchasable","13":"product-type-variable"},"_links":{"self":[{"href":"https:\/\/bogensportdiscount.ch\/it\/wp-json\/wp\/v2\/product\/414551","targetHints":{"allow":["GET"]}}],"collection":[{"href":"https:\/\/bogensportdiscount.ch\/it\/wp-json\/wp\/v2\/product"}],"about":[{"href":"https:\/\/bogensportdiscount.ch\/it\/wp-json\/wp\/v2\/types\/product"}],"replies":[{"embeddable":true,"href":"https:\/\/bogensportdiscount.ch\/it\/wp-json\/wp\/v2\/comments?post=414551"}],"wp:featuredmedia":[{"embeddable":true,"href":"https:\/\/bogensportdiscount.ch\/it\/wp-json\/wp\/v2\/media\/452169"}],"wp:attachment":[{"href":"https:\/\/bogensportdiscount.ch\/it\/wp-json\/wp\/v2\/media?parent=414551"}],"wp:term":[{"taxonomy":"product_brand","embeddable":true,"href":"https:\/\/bogensportdiscount.ch\/it\/wp-json\/wp\/v2\/product_brand?post=414551"},{"taxonomy":"product_cat","embeddable":true,"href":"https:\/\/bogensportdiscount.ch\/it\/wp-json\/wp\/v2\/product_cat?post=414551"},{"taxonomy":"product_tag","embeddable":true,"href":"https:\/\/bogensportdiscount.ch\/it\/wp-json\/wp\/v2\/product_tag?post=414551"}],"curies":[{"name":"wp","href":"https:\/\/api.w.org\/{rel}","templated":true}]}}