{"id":414539,"date":"2026-04-05T15:08:48","date_gmt":"2026-04-05T13:08:48","guid":{"rendered":"https:\/\/bogensportdiscount.ch\/produkt\/compound-drop-away-rest-influence-dlx-kit-rh-black\/"},"modified":"2026-04-17T13:48:25","modified_gmt":"2026-04-17T11:48:25","slug":"specialty-archery-prod-compound-fallaway-auflage-influence-dlx-kit","status":"publish","type":"product","link":"https:\/\/bogensportdiscount.ch\/it\/prodotto\/specialty-archery-prod-compound-fallaway-auflage-influence-dlx-kit\/","title":{"rendered":"SPECIALTYARCHERYPROD KIT COMPOSTO DROP AWAY REST INFLUENCE DLX"},"content":{"rendered":"<p>Die Influence DLX Kit von Specialty Archery Prod ist eine Fallaway-Pfeilauflage f\u00fcr Compoundb\u00f6gen. Fallaway-Auflagen senken sich beim Abschuss automatisch ab, sodass die Befiederung des Pfeils die Auflage nicht ber\u00fchrt \u2013 das reduziert St\u00f6rungen im Pfeilflug und f\u00f6rdert eine konsistente Genauigkeit.<\/p>\n<p>Das DLX Kit beinhaltet s\u00e4mtliche Montageteile, die f\u00fcr eine vollst\u00e4ndige Installation ben\u00f6tigt werden. Die Auflage ist f\u00fcr Links- und Rechtshandbogensch\u00fctzen verf\u00fcgbar.<\/p>\n<ul>\n<li>Fallaway-Mechanismus f\u00fcr st\u00f6rungsfreien Pfeilflug<\/li>\n<li>Geeignet f\u00fcr Compoundb\u00f6gen<\/li>\n<li>Disponibile per l'uso con la mano destra o sinistra<\/li>\n<li>Komplett-Kit mit Zubeh\u00f6r f\u00fcr die Montage<\/li>\n<\/ul>","protected":false},"excerpt":{"rendered":"<p><strong>Marchio:<\/strong> Specialty Archery Products<\/p>","protected":false},"featured_media":444485,"comment_status":"open","ping_status":"closed","template":"","meta":[],"product_brand":[815],"product_cat":[4233],"product_tag":[],"class_list":{"0":"post-414539","1":"product","2":"type-product","3":"status-publish","4":"has-post-thumbnail","6":"product_brand-specialtyarcheryprod","7":"product_cat-compound-drop-away-pfeilauflage","9":"first","10":"instock","11":"shipping-taxable","12":"purchasable","13":"product-type-variable"},"_links":{"self":[{"href":"https:\/\/bogensportdiscount.ch\/it\/wp-json\/wp\/v2\/product\/414539","targetHints":{"allow":["GET"]}}],"collection":[{"href":"https:\/\/bogensportdiscount.ch\/it\/wp-json\/wp\/v2\/product"}],"about":[{"href":"https:\/\/bogensportdiscount.ch\/it\/wp-json\/wp\/v2\/types\/product"}],"replies":[{"embeddable":true,"href":"https:\/\/bogensportdiscount.ch\/it\/wp-json\/wp\/v2\/comments?post=414539"}],"wp:featuredmedia":[{"embeddable":true,"href":"https:\/\/bogensportdiscount.ch\/it\/wp-json\/wp\/v2\/media\/444485"}],"wp:attachment":[{"href":"https:\/\/bogensportdiscount.ch\/it\/wp-json\/wp\/v2\/media?parent=414539"}],"wp:term":[{"taxonomy":"product_brand","embeddable":true,"href":"https:\/\/bogensportdiscount.ch\/it\/wp-json\/wp\/v2\/product_brand?post=414539"},{"taxonomy":"product_cat","embeddable":true,"href":"https:\/\/bogensportdiscount.ch\/it\/wp-json\/wp\/v2\/product_cat?post=414539"},{"taxonomy":"product_tag","embeddable":true,"href":"https:\/\/bogensportdiscount.ch\/it\/wp-json\/wp\/v2\/product_tag?post=414539"}],"curies":[{"name":"wp","href":"https:\/\/api.w.org\/{rel}","templated":true}]}}