{"id":414327,"date":"2026-04-05T15:08:30","date_gmt":"2026-04-05T13:08:30","guid":{"rendered":"https:\/\/bogensportdiscount.ch\/produkt\/wooden-shafts-spruce-premium-wood-20-25lbs-dia-5-16-100-pk\/"},"modified":"2026-04-17T15:42:27","modified_gmt":"2026-04-17T13:42:27","slug":"tas-holzschaefte-spruce-premium-wood","status":"publish","type":"product","link":"https:\/\/bogensportdiscount.ch\/it\/prodotto\/tas-holzschaefte-spruce-premium-wood\/","title":{"rendered":"ALBERI TAS ABETE ROSSO LEGNO PREGIATO - DIAMETRO 5\/16 - 32\u2033"},"content":{"rendered":"<p>Die TAS Spruce Premium Wood Holzsch\u00e4fte bestehen aus Fichtenholz und richten sich an traditionelle Bogensch\u00fctzen, die auf nat\u00fcrliche Pfeilsch\u00e4fte setzen. Fichtenholz z\u00e4hlt zu den klassischen Materialien im Holzpfeilbau und bietet eine ausgewogene Kombination aus Gewicht und Steifigkeit.<\/p>\n<p>Die Sch\u00e4fte werden in Deutschland produziert und unter der Marke TAS-Factoryshop vertrieben. Sie eignen sich f\u00fcr den Eigenbau von Traditionalpfeilen und k\u00f6nnen mit den g\u00e4ngigen Nocken, Befiederungen und Spitzen ausgestattet werden.<\/p>\n<ul>\n<li>Material: Fichtenholz (Spruce)<\/li>\n<li>Herkunft: Deutschland<\/li>\n<li>F\u00fcr traditionellen Bogensport geeignet<\/li>\n<li>Zum Selbstbau und Befiederung von Pfeilen<\/li>\n<\/ul>","protected":false},"excerpt":{"rendered":"<p>Hochwertige Holzsch\u00e4fte aus Fichtenholz (Spruce) von TAS, gefertigt in Deutschland. Geeignet f\u00fcr traditionelle B\u00f6gen mit einem Zuggewicht von 0 bis 5 LBS Toleranzbereich. Eine solide Wahl f\u00fcr traditionelle Bogensch\u00fctzen, die Wert auf nat\u00fcrliche Materialien legen.<\/p>","protected":false},"featured_media":451933,"comment_status":"open","ping_status":"closed","template":"","meta":[],"product_brand":[1242],"product_cat":[4544],"product_tag":[],"class_list":{"0":"post-414327","1":"product","2":"type-product","3":"status-publish","4":"has-post-thumbnail","6":"product_brand-tas","7":"product_cat-holz-schaefte","9":"first","10":"instock","11":"shipping-taxable","12":"purchasable","13":"product-type-variable"},"_links":{"self":[{"href":"https:\/\/bogensportdiscount.ch\/it\/wp-json\/wp\/v2\/product\/414327","targetHints":{"allow":["GET"]}}],"collection":[{"href":"https:\/\/bogensportdiscount.ch\/it\/wp-json\/wp\/v2\/product"}],"about":[{"href":"https:\/\/bogensportdiscount.ch\/it\/wp-json\/wp\/v2\/types\/product"}],"replies":[{"embeddable":true,"href":"https:\/\/bogensportdiscount.ch\/it\/wp-json\/wp\/v2\/comments?post=414327"}],"wp:featuredmedia":[{"embeddable":true,"href":"https:\/\/bogensportdiscount.ch\/it\/wp-json\/wp\/v2\/media\/451933"}],"wp:attachment":[{"href":"https:\/\/bogensportdiscount.ch\/it\/wp-json\/wp\/v2\/media?parent=414327"}],"wp:term":[{"taxonomy":"product_brand","embeddable":true,"href":"https:\/\/bogensportdiscount.ch\/it\/wp-json\/wp\/v2\/product_brand?post=414327"},{"taxonomy":"product_cat","embeddable":true,"href":"https:\/\/bogensportdiscount.ch\/it\/wp-json\/wp\/v2\/product_cat?post=414327"},{"taxonomy":"product_tag","embeddable":true,"href":"https:\/\/bogensportdiscount.ch\/it\/wp-json\/wp\/v2\/product_tag?post=414327"}],"curies":[{"name":"wp","href":"https:\/\/api.w.org\/{rel}","templated":true}]}}