{"id":414318,"date":"2026-04-05T15:08:28","date_gmt":"2026-04-05T13:08:28","guid":{"rendered":"https:\/\/bogensportdiscount.ch\/produkt\/riser-cnc-v3-vellator-23-rh-anodized-silver\/"},"modified":"2026-05-14T15:26:57","modified_gmt":"2026-05-14T13:26:57","slug":"fivics-recurvebogen-mittelstuck-cnc-v3-vellator-23-rh-eloxiert","status":"publish","type":"product","link":"https:\/\/bogensportdiscount.ch\/it\/prodotto\/fivics-recurvebogen-mittelstuck-cnc-v3-vellator-23-rh-eloxiert\/","title":{"rendered":"FIVICS IMPUGNATURA CNC V3 VELLATOR 23&#8243; RH ANODIZZATA"},"content":{"rendered":"<p>Das FIVICS CNC V3 Vellator Mittelst\u00fcck ist ein CNC-gefr\u00e4stes Recurvebogen-Griffst\u00fcck mit einer L\u00e4nge von 23 Zoll, ausgelegt f\u00fcr Rechtsh\u00e4nder (RH). Die eloxierte Oberfl\u00e4che sorgt f\u00fcr eine langlebige und kratzfeste Optik.<\/p>\n<p>Das Mittelst\u00fcck ist in drei eloxierten Farbvarianten erh\u00e4ltlich: Gr\u00fcn, Rot und Silber. Es eignet sich f\u00fcr den Einsatz mit kompatiblen Recurvebogen-Wurfarmen und richtet sich an Bogensch\u00fctzen, die Wert auf eine solide Verarbeitung und ein ansprechendes Finish legen.<\/p>\n<ul>\n<li>CNC-gefr\u00e4stes Aluminium-Mittelst\u00fcck<\/li>\n<li>Lunghezza: 23 pollici, per destrorsi<\/li>\n<li>Superficie anodizzata in verde, rosso o argento<\/li>\n<li>Compatibile con i rami standard per archi ricurvi<\/li>\n<\/ul>","protected":false},"excerpt":{"rendered":"<table>\n<tr>\n<th>Propriet\u00e0<\/th>\n<th>Valore<\/th>\n<\/tr>\n<tr>\n<td>Marca<\/td>\n<td>Selezione spine: 400, 450, 500, 550, 600, 650, 700, 800, 900, 1000, 1100, 1200<\/td>\n<\/tr>\n<tr>\n<td>Paese di origine<\/td>\n<td>Cina<\/td>\n<\/tr>\n<\/table>","protected":false},"featured_media":451929,"comment_status":"open","ping_status":"closed","template":"","meta":[],"product_brand":[429],"product_cat":[4519],"product_tag":[],"class_list":{"0":"post-414318","1":"product","2":"type-product","3":"status-publish","4":"has-post-thumbnail","6":"product_brand-fivics","7":"product_cat-recurve-mittelteile","8":"product_shipping_class-bsd-standard","10":"first","11":"instock","12":"shipping-taxable","13":"purchasable","14":"product-type-variable"},"yoast_head":"<!-- This site is optimized with the Yoast SEO plugin v27.6 - https:\/\/yoast.com\/product\/yoast-seo-wordpress\/ -->\n<title>FIVICS IMPUGNATURA CNC V3 VELLATOR 23&quot; RH ANODIZZATA - Bogensportdiscount \u2013 Archi, Frecce, Bersagli &amp; Accessori<\/title>\n<meta name=\"description\" content=\"FIVICS IMPUGNATURA CNC V3 VELLATOR 23&quot; RH ANODIZZATA al miglior prezzo su Bogensportdiscount \u2013 Marchi top, spedizione rapida dalla Svizzera.\" \/>\n<meta name=\"robots\" content=\"index, follow, max-snippet:-1, max-image-preview:large, max-video-preview:-1\" \/>\n<link rel=\"canonical\" href=\"https:\/\/bogensportdiscount.ch\/it\/prodotto\/fivics-recurvebogen-mittelstuck-cnc-v3-vellator-23-rh-eloxiert\/\" \/>\n<meta property=\"og:locale\" content=\"it_IT\" \/>\n<meta property=\"og:type\" content=\"article\" \/>\n<meta property=\"og:title\" content=\"FIVICS IMPUGNATURA CNC V3 VELLATOR 23&quot; RH ANODIZZATA - Bogensportdiscount \u2013 Archi, Frecce, Bersagli &amp; Accessori\" \/>\n<meta property=\"og:description\" content=\"FIVICS IMPUGNATURA CNC V3 VELLATOR 23&quot; RH ANODIZZATA al miglior prezzo su Bogensportdiscount \u2013 Marchi top, spedizione rapida dalla Svizzera.\" \/>\n<meta property=\"og:url\" content=\"https:\/\/bogensportdiscount.ch\/it\/prodotto\/fivics-recurvebogen-mittelstuck-cnc-v3-vellator-23-rh-eloxiert\/\" \/>\n<meta property=\"og:site_name\" content=\"Bogensportdiscount \u2013 B\u00f6gen, Pfeile, Targets &amp; Zubeh\u00f6r\" \/>\n<meta property=\"article:modified_time\" content=\"2026-05-14T13:26:57+00:00\" \/>\n<meta property=\"og:image\" content=\"https:\/\/bogensportdiscount.ch\/wp-content\/uploads\/bsm-images\/A074775_1.png\" \/>\n\t<meta property=\"og:image:width\" content=\"1240\" \/>\n\t<meta property=\"og:image:height\" content=\"6568\" \/>\n\t<meta property=\"og:image:type\" content=\"image\/png\" \/>\n<meta name=\"twitter:card\" content=\"summary_large_image\" \/>\n<script type=\"application\/ld+json\" class=\"yoast-schema-graph\">{\"@context\":\"https:\\\/\\\/schema.org\",\"@graph\":[{\"@type\":\"WebPage\",\"@id\":\"https:\\\/\\\/bogensportdiscount.ch\\\/produkt\\\/fivics-recurvebogen-mittelstuck-cnc-v3-vellator-23-rh-eloxiert\\\/\",\"url\":\"https:\\\/\\\/bogensportdiscount.ch\\\/produkt\\\/fivics-recurvebogen-mittelstuck-cnc-v3-vellator-23-rh-eloxiert\\\/\",\"name\":\"FIVICS MITTELTEIL CNC V3 VELLATOR 23\\\" RH ELOXIERT - Bogensportdiscount \u2013 B\u00f6gen, Pfeile, Targets &amp; Zubeh\u00f6r\",\"isPartOf\":{\"@id\":\"https:\\\/\\\/bogensportdiscount.ch\\\/#website\"},\"primaryImageOfPage\":{\"@id\":\"https:\\\/\\\/bogensportdiscount.ch\\\/produkt\\\/fivics-recurvebogen-mittelstuck-cnc-v3-vellator-23-rh-eloxiert\\\/#primaryimage\"},\"image\":{\"@id\":\"https:\\\/\\\/bogensportdiscount.ch\\\/produkt\\\/fivics-recurvebogen-mittelstuck-cnc-v3-vellator-23-rh-eloxiert\\\/#primaryimage\"},\"thumbnailUrl\":\"https:\\\/\\\/bogensportdiscount.ch\\\/wp-content\\\/uploads\\\/bsm-images\\\/A074775_1.png\",\"datePublished\":\"2026-04-05T13:08:28+00:00\",\"dateModified\":\"2026-05-14T13:26:57+00:00\",\"description\":\"FIVICS MITTELTEIL CNC V3 VELLATOR 23\\\" RH ELOXIERT g\u00fcnstig kaufen bei Bogensportdiscount \u2013 Top-Marken, schneller Versand aus der Schweiz.\",\"breadcrumb\":{\"@id\":\"https:\\\/\\\/bogensportdiscount.ch\\\/produkt\\\/fivics-recurvebogen-mittelstuck-cnc-v3-vellator-23-rh-eloxiert\\\/#breadcrumb\"},\"inLanguage\":\"it-IT\",\"potentialAction\":[{\"@type\":\"ReadAction\",\"target\":[\"https:\\\/\\\/bogensportdiscount.ch\\\/produkt\\\/fivics-recurvebogen-mittelstuck-cnc-v3-vellator-23-rh-eloxiert\\\/\"]}]},{\"@type\":\"ImageObject\",\"inLanguage\":\"it-IT\",\"@id\":\"https:\\\/\\\/bogensportdiscount.ch\\\/produkt\\\/fivics-recurvebogen-mittelstuck-cnc-v3-vellator-23-rh-eloxiert\\\/#primaryimage\",\"url\":\"https:\\\/\\\/bogensportdiscount.ch\\\/wp-content\\\/uploads\\\/bsm-images\\\/A074775_1.png\",\"contentUrl\":\"https:\\\/\\\/bogensportdiscount.ch\\\/wp-content\\\/uploads\\\/bsm-images\\\/A074775_1.png\",\"width\":1240,\"height\":6568},{\"@type\":\"BreadcrumbList\",\"@id\":\"https:\\\/\\\/bogensportdiscount.ch\\\/produkt\\\/fivics-recurvebogen-mittelstuck-cnc-v3-vellator-23-rh-eloxiert\\\/#breadcrumb\",\"itemListElement\":[{\"@type\":\"ListItem\",\"position\":1,\"name\":\"Home\",\"item\":\"https:\\\/\\\/bogensportdiscount.ch\\\/\"},{\"@type\":\"ListItem\",\"position\":2,\"name\":\"Shop\",\"item\":\"https:\\\/\\\/bogensportdiscount.ch\\\/shop\\\/\"},{\"@type\":\"ListItem\",\"position\":3,\"name\":\"FIVICS RISER CNC V3 VELLATOR 23&#8243; RH ELOXIERT\"}]},{\"@type\":\"WebSite\",\"@id\":\"https:\\\/\\\/bogensportdiscount.ch\\\/#website\",\"url\":\"https:\\\/\\\/bogensportdiscount.ch\\\/\",\"name\":\"Bogensportdiscount\",\"description\":\"\",\"potentialAction\":[{\"@type\":\"SearchAction\",\"target\":{\"@type\":\"EntryPoint\",\"urlTemplate\":\"https:\\\/\\\/bogensportdiscount.ch\\\/?s={search_term_string}\"},\"query-input\":{\"@type\":\"PropertyValueSpecification\",\"valueRequired\":true,\"valueName\":\"search_term_string\"}}],\"inLanguage\":\"it-IT\"}]}<\/script>\n<!-- \/ Yoast SEO plugin. -->","yoast_head_json":{"title":"FIVICS IMPUGNATURA CNC V3 VELLATOR 23\" RH ANODIZZATA - Bogensportdiscount \u2013 Archi, Frecce, Bersagli & Accessori","description":"FIVICS IMPUGNATURA CNC V3 VELLATOR 23\" RH ANODIZZATA al miglior prezzo su Bogensportdiscount \u2013 Marchi top, spedizione rapida dalla Svizzera.","robots":{"index":"index","follow":"follow","max-snippet":"max-snippet:-1","max-image-preview":"max-image-preview:large","max-video-preview":"max-video-preview:-1"},"canonical":"https:\/\/bogensportdiscount.ch\/it\/prodotto\/fivics-recurvebogen-mittelstuck-cnc-v3-vellator-23-rh-eloxiert\/","og_locale":"it_IT","og_type":"article","og_title":"FIVICS IMPUGNATURA CNC V3 VELLATOR 23\" RH ANODIZZATA - Bogensportdiscount \u2013 Archi, Frecce, Bersagli & Accessori","og_description":"FIVICS IMPUGNATURA CNC V3 VELLATOR 23\" RH ANODIZZATA al miglior prezzo su Bogensportdiscount \u2013 Marchi top, spedizione rapida dalla Svizzera.","og_url":"https:\/\/bogensportdiscount.ch\/it\/prodotto\/fivics-recurvebogen-mittelstuck-cnc-v3-vellator-23-rh-eloxiert\/","og_site_name":"Bogensportdiscount \u2013 B\u00f6gen, Pfeile, Targets &amp; Zubeh\u00f6r","article_modified_time":"2026-05-14T13:26:57+00:00","og_image":[{"url":"https:\/\/bogensportdiscount.ch\/wp-content\/uploads\/bsm-images\/A074775_1.png","width":1240,"height":6568,"type":"image\/png"}],"twitter_card":"summary_large_image","schema":{"@context":"https:\/\/schema.org","@graph":[{"@type":"WebPage","@id":"https:\/\/bogensportdiscount.ch\/produkt\/fivics-recurvebogen-mittelstuck-cnc-v3-vellator-23-rh-eloxiert\/","url":"https:\/\/bogensportdiscount.ch\/produkt\/fivics-recurvebogen-mittelstuck-cnc-v3-vellator-23-rh-eloxiert\/","name":"FIVICS IMPUGNATURA CNC V3 VELLATOR 23\" RH ANODIZZATA - Bogensportdiscount \u2013 Archi, Frecce, Bersagli &amp; Accessori","isPartOf":{"@id":"https:\/\/bogensportdiscount.ch\/#website"},"primaryImageOfPage":{"@id":"https:\/\/bogensportdiscount.ch\/produkt\/fivics-recurvebogen-mittelstuck-cnc-v3-vellator-23-rh-eloxiert\/#primaryimage"},"image":{"@id":"https:\/\/bogensportdiscount.ch\/produkt\/fivics-recurvebogen-mittelstuck-cnc-v3-vellator-23-rh-eloxiert\/#primaryimage"},"thumbnailUrl":"https:\/\/bogensportdiscount.ch\/wp-content\/uploads\/bsm-images\/A074775_1.png","datePublished":"2026-04-05T13:08:28+00:00","dateModified":"2026-05-14T13:26:57+00:00","description":"FIVICS IMPUGNATURA CNC V3 VELLATOR 23\" RH ANODIZZATA al miglior prezzo su Bogensportdiscount \u2013 Marchi top, spedizione rapida dalla Svizzera.","breadcrumb":{"@id":"https:\/\/bogensportdiscount.ch\/produkt\/fivics-recurvebogen-mittelstuck-cnc-v3-vellator-23-rh-eloxiert\/#breadcrumb"},"inLanguage":"it-IT","potentialAction":[{"@type":"ReadAction","target":["https:\/\/bogensportdiscount.ch\/produkt\/fivics-recurvebogen-mittelstuck-cnc-v3-vellator-23-rh-eloxiert\/"]}]},{"@type":"ImageObject","inLanguage":"it-IT","@id":"https:\/\/bogensportdiscount.ch\/produkt\/fivics-recurvebogen-mittelstuck-cnc-v3-vellator-23-rh-eloxiert\/#primaryimage","url":"https:\/\/bogensportdiscount.ch\/wp-content\/uploads\/bsm-images\/A074775_1.png","contentUrl":"https:\/\/bogensportdiscount.ch\/wp-content\/uploads\/bsm-images\/A074775_1.png","width":1240,"height":6568},{"@type":"BreadcrumbList","@id":"https:\/\/bogensportdiscount.ch\/produkt\/fivics-recurvebogen-mittelstuck-cnc-v3-vellator-23-rh-eloxiert\/#breadcrumb","itemListElement":[{"@type":"ListItem","position":1,"name":"Home","item":"https:\/\/bogensportdiscount.ch\/"},{"@type":"ListItem","position":2,"name":"Shop","item":"https:\/\/bogensportdiscount.ch\/shop\/"},{"@type":"ListItem","position":3,"name":"FIVICS RISER CNC V3 VELLATOR 23&#8243; RH ELOXIERT"}]},{"@type":"WebSite","@id":"https:\/\/bogensportdiscount.ch\/#website","url":"https:\/\/bogensportdiscount.ch\/","name":"Bogensportdiscount","description":"","potentialAction":[{"@type":"SearchAction","target":{"@type":"EntryPoint","urlTemplate":"https:\/\/bogensportdiscount.ch\/?s={search_term_string}"},"query-input":{"@type":"PropertyValueSpecification","valueRequired":true,"valueName":"search_term_string"}}],"inLanguage":"it-IT"}]}},"_links":{"self":[{"href":"https:\/\/bogensportdiscount.ch\/it\/wp-json\/wp\/v2\/product\/414318","targetHints":{"allow":["GET"]}}],"collection":[{"href":"https:\/\/bogensportdiscount.ch\/it\/wp-json\/wp\/v2\/product"}],"about":[{"href":"https:\/\/bogensportdiscount.ch\/it\/wp-json\/wp\/v2\/types\/product"}],"replies":[{"embeddable":true,"href":"https:\/\/bogensportdiscount.ch\/it\/wp-json\/wp\/v2\/comments?post=414318"}],"wp:featuredmedia":[{"embeddable":true,"href":"https:\/\/bogensportdiscount.ch\/it\/wp-json\/wp\/v2\/media\/451929"}],"wp:attachment":[{"href":"https:\/\/bogensportdiscount.ch\/it\/wp-json\/wp\/v2\/media?parent=414318"}],"wp:term":[{"taxonomy":"product_brand","embeddable":true,"href":"https:\/\/bogensportdiscount.ch\/it\/wp-json\/wp\/v2\/product_brand?post=414318"},{"taxonomy":"product_cat","embeddable":true,"href":"https:\/\/bogensportdiscount.ch\/it\/wp-json\/wp\/v2\/product_cat?post=414318"},{"taxonomy":"product_tag","embeddable":true,"href":"https:\/\/bogensportdiscount.ch\/it\/wp-json\/wp\/v2\/product_tag?post=414318"}],"curies":[{"name":"wp","href":"https:\/\/api.w.org\/{rel}","templated":true}]}}