{"id":414210,"date":"2026-04-05T15:08:20","date_gmt":"2026-04-05T13:08:20","guid":{"rendered":"https:\/\/bogensportdiscount.ch\/produkt\/grip-dx-7-rh\/"},"modified":"2026-04-17T13:48:22","modified_gmt":"2026-04-17T11:48:22","slug":"wiawis-recurve-griff-dx","status":"publish","type":"product","link":"https:\/\/bogensportdiscount.ch\/it\/prodotto\/wiawis-recurve-griff-dx\/","title":{"rendered":"WIAWIS GRIP DX"},"content":{"rendered":"<p>Der WIAWIS Grip DX ist ein Recurvebogen-Griff des koreanischen Bogensport-Herstellers WIAWIS. Er wird als Zubeh\u00f6r f\u00fcr kompatible Recurve-B\u00f6gen angeboten und ist sowohl f\u00fcr Rechtshand- als auch f\u00fcr Linkshand-Sch\u00fctzen verf\u00fcgbar.<\/p>\n<p>Als Griffersatz oder Erg\u00e4nzung erm\u00f6glicht der DX-Griff eine individuelle Anpassung der Griffgeometrie an die pers\u00f6nlichen Vorlieben des Sch\u00fctzen. Die Verf\u00fcgbarkeit in beiden Handvarianten macht ihn f\u00fcr ein breites Spektrum an Bogensch\u00fctzen geeignet.<\/p>\n<ul>\n<li>Erh\u00e4ltlich f\u00fcr Rechtshand (RH) und Linkshand (LH)<\/li>\n<li>Passend f\u00fcr kompatible WIAWIS Recurve-B\u00f6gen<\/li>\n<li>Kategorie: Recurve-Griffe \/ Bogen Zubeh\u00f6r<\/li>\n<\/ul>","protected":false},"excerpt":{"rendered":"<p>Der WIAWIS Grip DX ist ein Recurve-Griff f\u00fcr Rechts- und Linkshand-Sch\u00fctzen. Er ist als direkter Ersatz- oder Aufr\u00fcstgriff f\u00fcr kompatible WIAWIS Recurve-B\u00f6gen konzipiert und in beiden Ausf\u00fchrungen erh\u00e4ltlich.<\/p>","protected":false},"featured_media":438846,"comment_status":"open","ping_status":"closed","template":"","meta":[],"product_brand":[473],"product_cat":[4201],"product_tag":[],"class_list":{"0":"post-414210","1":"product","2":"type-product","3":"status-publish","4":"has-post-thumbnail","6":"product_brand-wiawis","7":"product_cat-recurve-griffe-griffe-bogen-zubehoer","9":"first","10":"instock","11":"shipping-taxable","12":"purchasable","13":"product-type-variable"},"_links":{"self":[{"href":"https:\/\/bogensportdiscount.ch\/it\/wp-json\/wp\/v2\/product\/414210","targetHints":{"allow":["GET"]}}],"collection":[{"href":"https:\/\/bogensportdiscount.ch\/it\/wp-json\/wp\/v2\/product"}],"about":[{"href":"https:\/\/bogensportdiscount.ch\/it\/wp-json\/wp\/v2\/types\/product"}],"replies":[{"embeddable":true,"href":"https:\/\/bogensportdiscount.ch\/it\/wp-json\/wp\/v2\/comments?post=414210"}],"wp:featuredmedia":[{"embeddable":true,"href":"https:\/\/bogensportdiscount.ch\/it\/wp-json\/wp\/v2\/media\/438846"}],"wp:attachment":[{"href":"https:\/\/bogensportdiscount.ch\/it\/wp-json\/wp\/v2\/media?parent=414210"}],"wp:term":[{"taxonomy":"product_brand","embeddable":true,"href":"https:\/\/bogensportdiscount.ch\/it\/wp-json\/wp\/v2\/product_brand?post=414210"},{"taxonomy":"product_cat","embeddable":true,"href":"https:\/\/bogensportdiscount.ch\/it\/wp-json\/wp\/v2\/product_cat?post=414210"},{"taxonomy":"product_tag","embeddable":true,"href":"https:\/\/bogensportdiscount.ch\/it\/wp-json\/wp\/v2\/product_tag?post=414210"}],"curies":[{"name":"wp","href":"https:\/\/api.w.org\/{rel}","templated":true}]}}