{"id":414175,"date":"2026-04-05T15:08:18","date_gmt":"2026-04-05T13:08:18","guid":{"rendered":"https:\/\/bogensportdiscount.ch\/produkt\/limbs-fury-3k-carbon-foam-25-66-24-lbs-23-64-26-lbs-27-68-22lbs\/"},"modified":"2026-05-14T15:26:57","modified_gmt":"2026-05-14T13:26:57","slug":"kinetic-recurve-wurfarm-fury-3k-carbon-foam-25","status":"publish","type":"product","link":"https:\/\/bogensportdiscount.ch\/it\/prodotto\/kinetic-recurve-wurfarm-fury-3k-carbon-foam-25\/","title":{"rendered":"KINETIC flettenti FURY 3K CARBON FOAM"},"content":{"rendered":"<p>I rami KINETIC Fury 3K Carbon Foam sono rami per archi ricurvi con attacco al riser secondo lo standard ILF, rendendoli compatibili con la maggior parte dei riser moderni compatibili ILF. La struttura in carbonio 3K con anima in schiuma garantisce una costruzione rigida e allo stesso tempo leggera.<\/p>\n<p>I rami sono disponibili nelle lunghezze Short, Medium e Long e coprono, con pesi di trazione da 24 a 44 lbs in passi da 2 lbs, un ampio spettro \u2013 dai pesi di allenamento leggeri fino a setup pi\u00f9 impegnativi. L'indicazione in pollici 25&#8243; si riferisce alla lunghezza del ramo.<\/p>\n<ul>\n<li>Attacco ILF per ampia compatibilit\u00e0 con i riser<\/li>\n<li>Strati superficiali in carbonio 3K con anima in schiuma<\/li>\n<li>Pesi di trazione 24\u201344 lbs in incrementi da 2 lbs<\/li>\n<li>Disponibile in Short, Medium e Long<\/li>\n<\/ul>","protected":false},"excerpt":{"rendered":"<table>\n<tr>\n<th>Propriet\u00e0<\/th>\n<th>Valore<\/th>\n<\/tr>\n<tr>\n<td>Lunghezza<\/td>\n<td>Corto \/ Medio \/ Lungo<\/td>\n<\/tr>\n<tr>\n<td>Peso del treno<\/td>\n<td>24\u201344 lbs (in passi da 2 lbs)<\/td>\n<\/tr>\n<tr>\n<td>Materiale<\/td>\n<td>3K Carbon \/ anima in schiuma<\/td>\n<\/tr>\n<tr>\n<td>Attacco<\/td>\n<td>ILF<\/td>\n<\/tr>\n<\/table>","protected":false},"featured_media":523488,"comment_status":"open","ping_status":"closed","template":"","meta":[],"product_brand":[439],"product_cat":[4520],"product_tag":[],"class_list":{"0":"post-414175","1":"product","2":"type-product","3":"status-publish","4":"has-post-thumbnail","6":"product_brand-kinetic","7":"product_cat-recurve-wurfarme","8":"product_shipping_class-bsd-standard","10":"first","11":"instock","12":"shipping-taxable","13":"purchasable","14":"product-type-variable"},"yoast_head":"<!-- This site is optimized with the Yoast SEO plugin v27.6 - https:\/\/yoast.com\/product\/yoast-seo-wordpress\/ -->\n<title>KINETIC Wurfarme FURY 3K CARBON FOAM - Bogensportdiscount \u2013 B\u00f6gen, Pfeile, Targets &amp; Zubeh\u00f6r<\/title>\n<meta name=\"description\" content=\"KINETIC Wurfarme FURY 3K CARBON FOAM g\u00fcnstig kaufen bei Bogensportdiscount \u2013 Top-Marken, schneller Versand aus der Schweiz.\" \/>\n<meta name=\"robots\" content=\"index, follow, max-snippet:-1, max-image-preview:large, max-video-preview:-1\" \/>\n<link rel=\"canonical\" href=\"https:\/\/bogensportdiscount.ch\/it\/prodotto\/kinetic-recurve-wurfarm-fury-3k-carbon-foam-25\/\" \/>\n<meta property=\"og:locale\" content=\"it_IT\" \/>\n<meta property=\"og:type\" content=\"article\" \/>\n<meta property=\"og:title\" content=\"KINETIC Wurfarme FURY 3K CARBON FOAM - Bogensportdiscount \u2013 B\u00f6gen, Pfeile, Targets &amp; Zubeh\u00f6r\" \/>\n<meta property=\"og:description\" content=\"KINETIC Wurfarme FURY 3K CARBON FOAM g\u00fcnstig kaufen bei Bogensportdiscount \u2013 Top-Marken, schneller Versand aus der Schweiz.\" \/>\n<meta property=\"og:url\" content=\"https:\/\/bogensportdiscount.ch\/it\/prodotto\/kinetic-recurve-wurfarm-fury-3k-carbon-foam-25\/\" \/>\n<meta property=\"og:site_name\" content=\"Bogensportdiscount \u2013 B\u00f6gen, Pfeile, Targets &amp; Zubeh\u00f6r\" \/>\n<meta property=\"article:modified_time\" content=\"2026-05-14T13:26:57+00:00\" \/>\n<meta property=\"og:image\" content=\"https:\/\/bogensportdiscount.ch\/wp-content\/uploads\/bsm-images\/A074526_1.png\" \/>\n\t<meta property=\"og:image:width\" content=\"6185\" \/>\n\t<meta property=\"og:image:height\" content=\"1776\" \/>\n\t<meta property=\"og:image:type\" content=\"image\/png\" \/>\n<meta name=\"twitter:card\" content=\"summary_large_image\" \/>\n<meta name=\"twitter:label1\" content=\"Tempo di lettura stimato\" \/>\n\t<meta name=\"twitter:data1\" content=\"1 minuto\" \/>\n<script type=\"application\/ld+json\" class=\"yoast-schema-graph\">{\"@context\":\"https:\\\/\\\/schema.org\",\"@graph\":[{\"@type\":\"WebPage\",\"@id\":\"https:\\\/\\\/bogensportdiscount.ch\\\/produkt\\\/kinetic-recurve-wurfarm-fury-3k-carbon-foam-25\\\/\",\"url\":\"https:\\\/\\\/bogensportdiscount.ch\\\/produkt\\\/kinetic-recurve-wurfarm-fury-3k-carbon-foam-25\\\/\",\"name\":\"KINETIC Wurfarme FURY 3K CARBON FOAM - Bogensportdiscount \u2013 B\u00f6gen, Pfeile, Targets &amp; Zubeh\u00f6r\",\"isPartOf\":{\"@id\":\"https:\\\/\\\/bogensportdiscount.ch\\\/#website\"},\"primaryImageOfPage\":{\"@id\":\"https:\\\/\\\/bogensportdiscount.ch\\\/produkt\\\/kinetic-recurve-wurfarm-fury-3k-carbon-foam-25\\\/#primaryimage\"},\"image\":{\"@id\":\"https:\\\/\\\/bogensportdiscount.ch\\\/produkt\\\/kinetic-recurve-wurfarm-fury-3k-carbon-foam-25\\\/#primaryimage\"},\"thumbnailUrl\":\"https:\\\/\\\/bogensportdiscount.ch\\\/wp-content\\\/uploads\\\/bsm-images\\\/A074526_1.png\",\"datePublished\":\"2026-04-05T13:08:18+00:00\",\"dateModified\":\"2026-05-14T13:26:57+00:00\",\"description\":\"KINETIC Wurfarme FURY 3K CARBON FOAM g\u00fcnstig kaufen bei Bogensportdiscount \u2013 Top-Marken, schneller Versand aus der Schweiz.\",\"breadcrumb\":{\"@id\":\"https:\\\/\\\/bogensportdiscount.ch\\\/produkt\\\/kinetic-recurve-wurfarm-fury-3k-carbon-foam-25\\\/#breadcrumb\"},\"inLanguage\":\"it-IT\",\"potentialAction\":[{\"@type\":\"ReadAction\",\"target\":[\"https:\\\/\\\/bogensportdiscount.ch\\\/produkt\\\/kinetic-recurve-wurfarm-fury-3k-carbon-foam-25\\\/\"]}]},{\"@type\":\"ImageObject\",\"inLanguage\":\"it-IT\",\"@id\":\"https:\\\/\\\/bogensportdiscount.ch\\\/produkt\\\/kinetic-recurve-wurfarm-fury-3k-carbon-foam-25\\\/#primaryimage\",\"url\":\"https:\\\/\\\/bogensportdiscount.ch\\\/wp-content\\\/uploads\\\/bsm-images\\\/A074526_1.png\",\"contentUrl\":\"https:\\\/\\\/bogensportdiscount.ch\\\/wp-content\\\/uploads\\\/bsm-images\\\/A074526_1.png\",\"width\":6185,\"height\":1776},{\"@type\":\"BreadcrumbList\",\"@id\":\"https:\\\/\\\/bogensportdiscount.ch\\\/produkt\\\/kinetic-recurve-wurfarm-fury-3k-carbon-foam-25\\\/#breadcrumb\",\"itemListElement\":[{\"@type\":\"ListItem\",\"position\":1,\"name\":\"Home\",\"item\":\"https:\\\/\\\/bogensportdiscount.ch\\\/\"},{\"@type\":\"ListItem\",\"position\":2,\"name\":\"Shop\",\"item\":\"https:\\\/\\\/bogensportdiscount.ch\\\/shop\\\/\"},{\"@type\":\"ListItem\",\"position\":3,\"name\":\"KINETIC Wurfarme FURY 3K Carbon FOAM 25&#8243;\"}]},{\"@type\":\"WebSite\",\"@id\":\"https:\\\/\\\/bogensportdiscount.ch\\\/#website\",\"url\":\"https:\\\/\\\/bogensportdiscount.ch\\\/\",\"name\":\"Bogensportdiscount\",\"description\":\"\",\"potentialAction\":[{\"@type\":\"SearchAction\",\"target\":{\"@type\":\"EntryPoint\",\"urlTemplate\":\"https:\\\/\\\/bogensportdiscount.ch\\\/?s={search_term_string}\"},\"query-input\":{\"@type\":\"PropertyValueSpecification\",\"valueRequired\":true,\"valueName\":\"search_term_string\"}}],\"inLanguage\":\"it-IT\"}]}<\/script>\n<!-- \/ Yoast SEO plugin. -->","yoast_head_json":{"title":"KINETIC Wurfarme FURY 3K CARBON FOAM - Bogensportdiscount \u2013 B\u00f6gen, Pfeile, Targets &amp; Zubeh\u00f6r","description":"KINETIC Wurfarme FURY 3K CARBON FOAM g\u00fcnstig kaufen bei Bogensportdiscount \u2013 Top-Marken, schneller Versand aus der Schweiz.","robots":{"index":"index","follow":"follow","max-snippet":"max-snippet:-1","max-image-preview":"max-image-preview:large","max-video-preview":"max-video-preview:-1"},"canonical":"https:\/\/bogensportdiscount.ch\/it\/prodotto\/kinetic-recurve-wurfarm-fury-3k-carbon-foam-25\/","og_locale":"it_IT","og_type":"article","og_title":"KINETIC Wurfarme FURY 3K CARBON FOAM - Bogensportdiscount \u2013 B\u00f6gen, Pfeile, Targets &amp; Zubeh\u00f6r","og_description":"KINETIC Wurfarme FURY 3K CARBON FOAM g\u00fcnstig kaufen bei Bogensportdiscount \u2013 Top-Marken, schneller Versand aus der Schweiz.","og_url":"https:\/\/bogensportdiscount.ch\/it\/prodotto\/kinetic-recurve-wurfarm-fury-3k-carbon-foam-25\/","og_site_name":"Bogensportdiscount \u2013 B\u00f6gen, Pfeile, Targets &amp; Zubeh\u00f6r","article_modified_time":"2026-05-14T13:26:57+00:00","og_image":[{"url":"https:\/\/bogensportdiscount.ch\/wp-content\/uploads\/bsm-images\/A074526_1.png","width":6185,"height":1776,"type":"image\/png"}],"twitter_card":"summary_large_image","twitter_misc":{"Tempo di lettura stimato":"1 minuto"},"schema":{"@context":"https:\/\/schema.org","@graph":[{"@type":"WebPage","@id":"https:\/\/bogensportdiscount.ch\/produkt\/kinetic-recurve-wurfarm-fury-3k-carbon-foam-25\/","url":"https:\/\/bogensportdiscount.ch\/produkt\/kinetic-recurve-wurfarm-fury-3k-carbon-foam-25\/","name":"KINETIC Wurfarme FURY 3K CARBON FOAM - Bogensportdiscount \u2013 B\u00f6gen, Pfeile, Targets &amp; Zubeh\u00f6r","isPartOf":{"@id":"https:\/\/bogensportdiscount.ch\/#website"},"primaryImageOfPage":{"@id":"https:\/\/bogensportdiscount.ch\/produkt\/kinetic-recurve-wurfarm-fury-3k-carbon-foam-25\/#primaryimage"},"image":{"@id":"https:\/\/bogensportdiscount.ch\/produkt\/kinetic-recurve-wurfarm-fury-3k-carbon-foam-25\/#primaryimage"},"thumbnailUrl":"https:\/\/bogensportdiscount.ch\/wp-content\/uploads\/bsm-images\/A074526_1.png","datePublished":"2026-04-05T13:08:18+00:00","dateModified":"2026-05-14T13:26:57+00:00","description":"KINETIC Wurfarme FURY 3K CARBON FOAM g\u00fcnstig kaufen bei Bogensportdiscount \u2013 Top-Marken, schneller Versand aus der Schweiz.","breadcrumb":{"@id":"https:\/\/bogensportdiscount.ch\/produkt\/kinetic-recurve-wurfarm-fury-3k-carbon-foam-25\/#breadcrumb"},"inLanguage":"it-IT","potentialAction":[{"@type":"ReadAction","target":["https:\/\/bogensportdiscount.ch\/produkt\/kinetic-recurve-wurfarm-fury-3k-carbon-foam-25\/"]}]},{"@type":"ImageObject","inLanguage":"it-IT","@id":"https:\/\/bogensportdiscount.ch\/produkt\/kinetic-recurve-wurfarm-fury-3k-carbon-foam-25\/#primaryimage","url":"https:\/\/bogensportdiscount.ch\/wp-content\/uploads\/bsm-images\/A074526_1.png","contentUrl":"https:\/\/bogensportdiscount.ch\/wp-content\/uploads\/bsm-images\/A074526_1.png","width":6185,"height":1776},{"@type":"BreadcrumbList","@id":"https:\/\/bogensportdiscount.ch\/produkt\/kinetic-recurve-wurfarm-fury-3k-carbon-foam-25\/#breadcrumb","itemListElement":[{"@type":"ListItem","position":1,"name":"Home","item":"https:\/\/bogensportdiscount.ch\/"},{"@type":"ListItem","position":2,"name":"Shop","item":"https:\/\/bogensportdiscount.ch\/shop\/"},{"@type":"ListItem","position":3,"name":"KINETIC Wurfarme FURY 3K Carbon FOAM 25&#8243;"}]},{"@type":"WebSite","@id":"https:\/\/bogensportdiscount.ch\/#website","url":"https:\/\/bogensportdiscount.ch\/","name":"Bogensportdiscount","description":"","potentialAction":[{"@type":"SearchAction","target":{"@type":"EntryPoint","urlTemplate":"https:\/\/bogensportdiscount.ch\/?s={search_term_string}"},"query-input":{"@type":"PropertyValueSpecification","valueRequired":true,"valueName":"search_term_string"}}],"inLanguage":"it-IT"}]}},"_links":{"self":[{"href":"https:\/\/bogensportdiscount.ch\/it\/wp-json\/wp\/v2\/product\/414175","targetHints":{"allow":["GET"]}}],"collection":[{"href":"https:\/\/bogensportdiscount.ch\/it\/wp-json\/wp\/v2\/product"}],"about":[{"href":"https:\/\/bogensportdiscount.ch\/it\/wp-json\/wp\/v2\/types\/product"}],"replies":[{"embeddable":true,"href":"https:\/\/bogensportdiscount.ch\/it\/wp-json\/wp\/v2\/comments?post=414175"}],"wp:featuredmedia":[{"embeddable":true,"href":"https:\/\/bogensportdiscount.ch\/it\/wp-json\/wp\/v2\/media\/523488"}],"wp:attachment":[{"href":"https:\/\/bogensportdiscount.ch\/it\/wp-json\/wp\/v2\/media?parent=414175"}],"wp:term":[{"taxonomy":"product_brand","embeddable":true,"href":"https:\/\/bogensportdiscount.ch\/it\/wp-json\/wp\/v2\/product_brand?post=414175"},{"taxonomy":"product_cat","embeddable":true,"href":"https:\/\/bogensportdiscount.ch\/it\/wp-json\/wp\/v2\/product_cat?post=414175"},{"taxonomy":"product_tag","embeddable":true,"href":"https:\/\/bogensportdiscount.ch\/it\/wp-json\/wp\/v2\/product_tag?post=414175"}],"curies":[{"name":"wp","href":"https:\/\/api.w.org\/{rel}","templated":true}]}}