{"id":414038,"date":"2026-04-05T15:07:57","date_gmt":"2026-04-05T13:07:57","guid":{"rendered":"https:\/\/bogensportdiscount.ch\/produkt\/kinetic-ember-wooden-grip-rh-black-grey\/"},"modified":"2026-04-17T13:48:20","modified_gmt":"2026-04-17T11:48:20","slug":"kinetic-recurve-griff-ember-holz","status":"publish","type":"product","link":"https:\/\/bogensportdiscount.ch\/it\/prodotto\/kinetic-recurve-griff-ember-holz\/","title":{"rendered":"IMPUGNATURA IN LEGNO DELL'AMBRA CINETICA"},"content":{"rendered":"<p>Der Kinetic Ember ist ein Recurve-Griff aus Holz und eignet sich als Ersatz- oder Aufr\u00fcstungsgriff f\u00fcr kompatible Recurve-B\u00f6gen. Dank der Verf\u00fcgbarkeit in zwei Ausf\u00fchrungen \u2013 Rechtshand (RH) und Linkshand (LH) \u2013 l\u00e4sst er sich gezielt f\u00fcr die jeweilige Schusshand ausw\u00e4hlen.<\/p>\n<p>Der Griff ist in den Farben Schwarz und Weiss erh\u00e4ltlich und bietet so eine gewisse M\u00f6glichkeit zur optischen Anpassung des Bogens.<\/p>\n<ul>\n<li>Material: Holz<\/li>\n<li>Verf\u00fcgbar f\u00fcr Rechts- und Linkshand<\/li>\n<li>Erh\u00e4ltlich in Schwarz und Weiss<\/li>\n<li>Passend f\u00fcr kompatible Recurve-Bogen-Systeme<\/li>\n<\/ul>","protected":false},"excerpt":{"rendered":"<p>Der Kinetic Ember ist ein Recurve-Griff aus Holz, erh\u00e4ltlich f\u00fcr Rechts- und Linkshand sowie in den Farben Schwarz und Weiss.<\/p>","protected":false},"featured_media":451878,"comment_status":"open","ping_status":"closed","template":"","meta":[],"product_brand":[439],"product_cat":[4201],"product_tag":[],"class_list":{"0":"post-414038","1":"product","2":"type-product","3":"status-publish","4":"has-post-thumbnail","6":"product_brand-kinetic","7":"product_cat-recurve-griffe-griffe-bogen-zubehoer","9":"first","10":"instock","11":"shipping-taxable","12":"purchasable","13":"product-type-variable"},"_links":{"self":[{"href":"https:\/\/bogensportdiscount.ch\/it\/wp-json\/wp\/v2\/product\/414038","targetHints":{"allow":["GET"]}}],"collection":[{"href":"https:\/\/bogensportdiscount.ch\/it\/wp-json\/wp\/v2\/product"}],"about":[{"href":"https:\/\/bogensportdiscount.ch\/it\/wp-json\/wp\/v2\/types\/product"}],"replies":[{"embeddable":true,"href":"https:\/\/bogensportdiscount.ch\/it\/wp-json\/wp\/v2\/comments?post=414038"}],"wp:featuredmedia":[{"embeddable":true,"href":"https:\/\/bogensportdiscount.ch\/it\/wp-json\/wp\/v2\/media\/451878"}],"wp:attachment":[{"href":"https:\/\/bogensportdiscount.ch\/it\/wp-json\/wp\/v2\/media?parent=414038"}],"wp:term":[{"taxonomy":"product_brand","embeddable":true,"href":"https:\/\/bogensportdiscount.ch\/it\/wp-json\/wp\/v2\/product_brand?post=414038"},{"taxonomy":"product_cat","embeddable":true,"href":"https:\/\/bogensportdiscount.ch\/it\/wp-json\/wp\/v2\/product_cat?post=414038"},{"taxonomy":"product_tag","embeddable":true,"href":"https:\/\/bogensportdiscount.ch\/it\/wp-json\/wp\/v2\/product_tag?post=414038"}],"curies":[{"name":"wp","href":"https:\/\/api.w.org\/{rel}","templated":true}]}}