{"id":413053,"date":"2026-04-05T15:06:32","date_gmt":"2026-04-05T13:06:32","guid":{"rendered":"https:\/\/bogensportdiscount.ch\/produkt\/nock-collar-4mm-1-12-pk\/"},"modified":"2026-04-17T18:41:34","modified_gmt":"2026-04-17T16:41:34","slug":"easton-nock-collar-4mm","status":"publish","type":"product","link":"https:\/\/bogensportdiscount.ch\/it\/prodotto\/easton-nock-collar-4mm\/","title":{"rendered":"COLLARE EASTON 4MM 12\/PK"},"content":{"rendered":"<p>Der Easton Nock Collar 4mm ist ein Adapter, der am hinteren Ende eines 4mm Pfeilschafts eingesetzt wird, um einen stabilen Sitz des Nocks zu gew\u00e4hrleisten. Solche Collars werden verwendet, wenn der Innendurchmesser des Schafts nicht direkt mit dem Nock kompatibel ist oder um den Nock zus\u00e4tzlich zu sichern.<\/p>\n<p>Das Bauteil ist f\u00fcr den Einsatz mit Easton Pfeilsch\u00e4ften im 4mm Format ausgelegt und f\u00fcgt sich nahtlos in das Easton Komponentensystem ein. Durch die pr\u00e4zise Passform wird eine korrekte Nocklage und damit eine gleichm\u00e4ssige Schussausf\u00fchrung unterst\u00fctzt.<\/p>\n<ul>\n<li>Passend f\u00fcr 4mm Pfeilsch\u00e4fte<\/li>\n<li>Sichert und stabilisiert den Nock am Schaft<\/li>\n<li>Kompatibel mit dem Easton Pfeilsystem<\/li>\n<li>Hergestellt in S\u00fcdkorea<\/li>\n<\/ul>","protected":false},"excerpt":{"rendered":"<p>Der Easton Nock Collar 4mm ist ein Pfeilkomponenten-Adapter f\u00fcr 4mm Pfeilsch\u00e4fte. Er dient zur sicheren Befestigung und Ausrichtung des Nocks am Pfeil. Hergestellt in S\u00fcdkorea.<\/p>","protected":false},"featured_media":438915,"comment_status":"open","ping_status":"closed","template":"","meta":[],"product_brand":[417],"product_cat":[4551],"product_tag":[],"class_list":{"0":"post-413053","1":"product","2":"type-product","3":"status-publish","4":"has-post-thumbnail","6":"product_brand-easton","7":"product_cat-collars","9":"first","10":"instock","11":"shipping-taxable","12":"purchasable","13":"product-type-variable"},"_links":{"self":[{"href":"https:\/\/bogensportdiscount.ch\/it\/wp-json\/wp\/v2\/product\/413053","targetHints":{"allow":["GET"]}}],"collection":[{"href":"https:\/\/bogensportdiscount.ch\/it\/wp-json\/wp\/v2\/product"}],"about":[{"href":"https:\/\/bogensportdiscount.ch\/it\/wp-json\/wp\/v2\/types\/product"}],"replies":[{"embeddable":true,"href":"https:\/\/bogensportdiscount.ch\/it\/wp-json\/wp\/v2\/comments?post=413053"}],"wp:featuredmedia":[{"embeddable":true,"href":"https:\/\/bogensportdiscount.ch\/it\/wp-json\/wp\/v2\/media\/438915"}],"wp:attachment":[{"href":"https:\/\/bogensportdiscount.ch\/it\/wp-json\/wp\/v2\/media?parent=413053"}],"wp:term":[{"taxonomy":"product_brand","embeddable":true,"href":"https:\/\/bogensportdiscount.ch\/it\/wp-json\/wp\/v2\/product_brand?post=413053"},{"taxonomy":"product_cat","embeddable":true,"href":"https:\/\/bogensportdiscount.ch\/it\/wp-json\/wp\/v2\/product_cat?post=413053"},{"taxonomy":"product_tag","embeddable":true,"href":"https:\/\/bogensportdiscount.ch\/it\/wp-json\/wp\/v2\/product_tag?post=413053"}],"curies":[{"name":"wp","href":"https:\/\/api.w.org\/{rel}","templated":true}]}}