{"id":413047,"date":"2026-04-05T15:06:30","date_gmt":"2026-04-05T13:06:30","guid":{"rendered":"https:\/\/bogensportdiscount.ch\/produkt\/red-aluminum-sharpener-wooden-shafts-5-16-11-32\/"},"modified":"2026-04-19T11:54:22","modified_gmt":"2026-04-19T09:54:22","slug":"tipping-point-archery-aluminiumschaerfer-rot-holzschaefte-5-16-11-32","status":"publish","type":"product","link":"https:\/\/bogensportdiscount.ch\/it\/prodotto\/tipping-point-archery-aluminiumschaerfer-rot-holzschaefte-5-16-11-32\/","title":{"rendered":"TIPPINGPOINTARCHERY ALUMINIUM SCHAERFER HOLZSCHAEFTE 5\/16 &#8211; 11\/32"},"content":{"rendered":"<p>Der Tipping Point Archery Aluminiumsch\u00e4rfer in Rot ist ein Werkzeug zur Vorbereitung von Holzsch\u00e4ften im Durchmesserbereich 5\/16 bis 11\/32 Zoll. Er erm\u00f6glicht ein pr\u00e4zises Anspitzen der Pfeilsch\u00e4fte, damit Spitzen und Eins\u00e4tze korrekt und gleichm\u00e4ssig aufgesetzt werden k\u00f6nnen.<\/p>\n<p>Das Werkzeug besteht aus Aluminium und bietet damit eine solide, langlebige Grundlage f\u00fcr den regelm\u00e4ssigen Einsatz in der Pfeilwerkstatt. Die Rotf\u00e4rbung erm\u00f6glicht eine einfache Unterscheidung von anderen Sch\u00e4rfern in der Gr\u00f6sse.<\/p>\n<ul>\n<li>Geeignet f\u00fcr Holzsch\u00e4fte mit 5\/16 bis 11\/32 Zoll Durchmesser<\/li>\n<li>Robuste Aluminium-Konstruktion<\/li>\n<li>Prodotto in Italia<\/li>\n<li>Praktisches Werkzeug f\u00fcr die Pfeilvorbereitung<\/li>\n<\/ul>","protected":false},"excerpt":{"rendered":"<table>\n<tr>\n<th>Propriet\u00e0<\/th>\n<th>Valore<\/th>\n<\/tr>\n<tr>\n<td>Marca<\/td>\n<td>Tipping Point Archery<\/td>\n<\/tr>\n<tr>\n<td>Materiale<\/td>\n<td>Alluminio<\/td>\n<\/tr>\n<tr>\n<td>Colore<\/td>\n<td>Rosso<\/td>\n<\/tr>\n<tr>\n<td>Geeignet f\u00fcr Schaftdurchmesser<\/td>\n<td>5\/16 &#8211; 11\/32<\/td>\n<\/tr>\n<tr>\n<td>Paese di origine<\/td>\n<td>Italia<\/td>\n<\/tr>\n<\/table>","protected":false},"featured_media":451824,"comment_status":"open","ping_status":"closed","template":"","meta":[],"product_brand":[846],"product_cat":[4280],"product_tag":[],"class_list":{"0":"post-413047","1":"product","2":"type-product","3":"status-publish","4":"has-post-thumbnail","6":"product_brand-tippingpointarchery","7":"product_cat-taper-tools-vane-cutters","9":"first","10":"instock","11":"shipping-taxable","12":"purchasable","13":"product-type-variable"},"yoast_head":"<!-- This site is optimized with the Yoast SEO plugin v27.4 - https:\/\/yoast.com\/product\/yoast-seo-wordpress\/ -->\n<title>TIPPINGPOINTARCHERY ALUMINIUM SCHAERFER HOLZSCHAEFTE 5\/16 - 11\/32 - Bogensportdiscount \u2013 B\u00f6gen, Pfeile, Targets &amp; Zubeh\u00f6r<\/title>\n<meta name=\"robots\" content=\"noindex, follow, max-snippet:-1, max-image-preview:large, max-video-preview:-1\" \/>\n<meta property=\"og:locale\" content=\"it_IT\" \/>\n<meta property=\"og:type\" content=\"article\" \/>\n<meta property=\"og:title\" content=\"TIPPINGPOINTARCHERY ALUMINIUM SCHAERFER HOLZSCHAEFTE 5\/16 - 11\/32 - Bogensportdiscount \u2013 B\u00f6gen, Pfeile, Targets &amp; Zubeh\u00f6r\" \/>\n<meta property=\"og:description\" content=\"EigenschaftWertMarkeTipping Point ArcheryMaterialAluminiumFarbeRotGeeignet f\u00fcr Schaftdurchmesser5\/16 - 11\/32HerkunftslandItalien\" \/>\n<meta property=\"og:url\" content=\"https:\/\/bogensportdiscount.ch\/it\/prodotto\/tipping-point-archery-aluminiumschaerfer-rot-holzschaefte-5-16-11-32\/\" \/>\n<meta property=\"og:site_name\" content=\"Bogensportdiscount \u2013 B\u00f6gen, Pfeile, Targets &amp; Zubeh\u00f6r\" \/>\n<meta property=\"article:modified_time\" content=\"2026-04-19T09:54:22+00:00\" \/>\n<meta property=\"og:image\" content=\"https:\/\/bogensportdiscount.ch\/wp-content\/uploads\/bsm-images\/A071327_1.jpg\" \/>\n\t<meta property=\"og:image:width\" content=\"1500\" \/>\n\t<meta property=\"og:image:height\" content=\"1500\" \/>\n\t<meta property=\"og:image:type\" content=\"image\/jpeg\" \/>\n<meta name=\"twitter:card\" content=\"summary_large_image\" \/>\n<script type=\"application\/ld+json\" class=\"yoast-schema-graph\">{\"@context\":\"https:\\\/\\\/schema.org\",\"@graph\":[{\"@type\":\"WebPage\",\"@id\":\"https:\\\/\\\/bogensportdiscount.ch\\\/it\\\/prodotto\\\/tipping-point-archery-aluminiumschaerfer-rot-holzschaefte-5-16-11-32\\\/\",\"url\":\"https:\\\/\\\/bogensportdiscount.ch\\\/it\\\/prodotto\\\/tipping-point-archery-aluminiumschaerfer-rot-holzschaefte-5-16-11-32\\\/\",\"name\":\"TIPPINGPOINTARCHERY ALUMINIUM SCHAERFER HOLZSCHAEFTE 5\\\/16 - 11\\\/32 - Bogensportdiscount \u2013 B\u00f6gen, Pfeile, Targets &amp; Zubeh\u00f6r\",\"isPartOf\":{\"@id\":\"https:\\\/\\\/bogensportdiscount.ch\\\/#website\"},\"primaryImageOfPage\":{\"@id\":\"https:\\\/\\\/bogensportdiscount.ch\\\/it\\\/prodotto\\\/tipping-point-archery-aluminiumschaerfer-rot-holzschaefte-5-16-11-32\\\/#primaryimage\"},\"image\":{\"@id\":\"https:\\\/\\\/bogensportdiscount.ch\\\/it\\\/prodotto\\\/tipping-point-archery-aluminiumschaerfer-rot-holzschaefte-5-16-11-32\\\/#primaryimage\"},\"thumbnailUrl\":\"https:\\\/\\\/bogensportdiscount.ch\\\/wp-content\\\/uploads\\\/bsm-images\\\/A071327_1.jpg\",\"datePublished\":\"2026-04-05T13:06:30+00:00\",\"dateModified\":\"2026-04-19T09:54:22+00:00\",\"breadcrumb\":{\"@id\":\"https:\\\/\\\/bogensportdiscount.ch\\\/it\\\/prodotto\\\/tipping-point-archery-aluminiumschaerfer-rot-holzschaefte-5-16-11-32\\\/#breadcrumb\"},\"inLanguage\":\"it-IT\",\"potentialAction\":[{\"@type\":\"ReadAction\",\"target\":[\"https:\\\/\\\/bogensportdiscount.ch\\\/it\\\/prodotto\\\/tipping-point-archery-aluminiumschaerfer-rot-holzschaefte-5-16-11-32\\\/\"]}]},{\"@type\":\"ImageObject\",\"inLanguage\":\"it-IT\",\"@id\":\"https:\\\/\\\/bogensportdiscount.ch\\\/it\\\/prodotto\\\/tipping-point-archery-aluminiumschaerfer-rot-holzschaefte-5-16-11-32\\\/#primaryimage\",\"url\":\"https:\\\/\\\/bogensportdiscount.ch\\\/wp-content\\\/uploads\\\/bsm-images\\\/A071327_1.jpg\",\"contentUrl\":\"https:\\\/\\\/bogensportdiscount.ch\\\/wp-content\\\/uploads\\\/bsm-images\\\/A071327_1.jpg\",\"width\":1500,\"height\":1500},{\"@type\":\"BreadcrumbList\",\"@id\":\"https:\\\/\\\/bogensportdiscount.ch\\\/it\\\/prodotto\\\/tipping-point-archery-aluminiumschaerfer-rot-holzschaefte-5-16-11-32\\\/#breadcrumb\",\"itemListElement\":[{\"@type\":\"ListItem\",\"position\":1,\"name\":\"Home\",\"item\":\"https:\\\/\\\/bogensportdiscount.ch\\\/\"},{\"@type\":\"ListItem\",\"position\":2,\"name\":\"Shop\",\"item\":\"https:\\\/\\\/bogensportdiscount.ch\\\/shop\\\/\"},{\"@type\":\"ListItem\",\"position\":3,\"name\":\"TIPPINGPOINTARCHERY ALUMINIUM SCHAERFER HOLZSCHAEFTE 5\\\/16 &#8211; 11\\\/32\"}]},{\"@type\":\"WebSite\",\"@id\":\"https:\\\/\\\/bogensportdiscount.ch\\\/#website\",\"url\":\"https:\\\/\\\/bogensportdiscount.ch\\\/\",\"name\":\"Bogensportdiscount\",\"description\":\"\",\"potentialAction\":[{\"@type\":\"SearchAction\",\"target\":{\"@type\":\"EntryPoint\",\"urlTemplate\":\"https:\\\/\\\/bogensportdiscount.ch\\\/?s={search_term_string}\"},\"query-input\":{\"@type\":\"PropertyValueSpecification\",\"valueRequired\":true,\"valueName\":\"search_term_string\"}}],\"inLanguage\":\"it-IT\"}]}<\/script>\n<!-- \/ Yoast SEO plugin. -->","yoast_head_json":{"title":"TIPPINGPOINTARCHERY ALUMINIUM SCHAERFER HOLZSCHAEFTE 5\/16 - 11\/32 - Bogensportdiscount \u2013 B\u00f6gen, Pfeile, Targets &amp; Zubeh\u00f6r","robots":{"index":"noindex","follow":"follow","max-snippet":"max-snippet:-1","max-image-preview":"max-image-preview:large","max-video-preview":"max-video-preview:-1"},"og_locale":"it_IT","og_type":"article","og_title":"TIPPINGPOINTARCHERY ALUMINIUM SCHAERFER HOLZSCHAEFTE 5\/16 - 11\/32 - Bogensportdiscount \u2013 B\u00f6gen, Pfeile, Targets &amp; Zubeh\u00f6r","og_description":"EigenschaftWertMarkeTipping Point ArcheryMaterialAluminiumFarbeRotGeeignet f\u00fcr Schaftdurchmesser5\/16 - 11\/32HerkunftslandItalien","og_url":"https:\/\/bogensportdiscount.ch\/it\/prodotto\/tipping-point-archery-aluminiumschaerfer-rot-holzschaefte-5-16-11-32\/","og_site_name":"Bogensportdiscount \u2013 B\u00f6gen, Pfeile, Targets &amp; Zubeh\u00f6r","article_modified_time":"2026-04-19T09:54:22+00:00","og_image":[{"width":1500,"height":1500,"url":"https:\/\/bogensportdiscount.ch\/wp-content\/uploads\/bsm-images\/A071327_1.jpg","type":"image\/jpeg"}],"twitter_card":"summary_large_image","schema":{"@context":"https:\/\/schema.org","@graph":[{"@type":"WebPage","@id":"https:\/\/bogensportdiscount.ch\/it\/prodotto\/tipping-point-archery-aluminiumschaerfer-rot-holzschaefte-5-16-11-32\/","url":"https:\/\/bogensportdiscount.ch\/it\/prodotto\/tipping-point-archery-aluminiumschaerfer-rot-holzschaefte-5-16-11-32\/","name":"TIPPINGPOINTARCHERY ALUMINIUM SCHAERFER HOLZSCHAEFTE 5\/16 - 11\/32 - Bogensportdiscount \u2013 B\u00f6gen, Pfeile, Targets &amp; Zubeh\u00f6r","isPartOf":{"@id":"https:\/\/bogensportdiscount.ch\/#website"},"primaryImageOfPage":{"@id":"https:\/\/bogensportdiscount.ch\/it\/prodotto\/tipping-point-archery-aluminiumschaerfer-rot-holzschaefte-5-16-11-32\/#primaryimage"},"image":{"@id":"https:\/\/bogensportdiscount.ch\/it\/prodotto\/tipping-point-archery-aluminiumschaerfer-rot-holzschaefte-5-16-11-32\/#primaryimage"},"thumbnailUrl":"https:\/\/bogensportdiscount.ch\/wp-content\/uploads\/bsm-images\/A071327_1.jpg","datePublished":"2026-04-05T13:06:30+00:00","dateModified":"2026-04-19T09:54:22+00:00","breadcrumb":{"@id":"https:\/\/bogensportdiscount.ch\/it\/prodotto\/tipping-point-archery-aluminiumschaerfer-rot-holzschaefte-5-16-11-32\/#breadcrumb"},"inLanguage":"it-IT","potentialAction":[{"@type":"ReadAction","target":["https:\/\/bogensportdiscount.ch\/it\/prodotto\/tipping-point-archery-aluminiumschaerfer-rot-holzschaefte-5-16-11-32\/"]}]},{"@type":"ImageObject","inLanguage":"it-IT","@id":"https:\/\/bogensportdiscount.ch\/it\/prodotto\/tipping-point-archery-aluminiumschaerfer-rot-holzschaefte-5-16-11-32\/#primaryimage","url":"https:\/\/bogensportdiscount.ch\/wp-content\/uploads\/bsm-images\/A071327_1.jpg","contentUrl":"https:\/\/bogensportdiscount.ch\/wp-content\/uploads\/bsm-images\/A071327_1.jpg","width":1500,"height":1500},{"@type":"BreadcrumbList","@id":"https:\/\/bogensportdiscount.ch\/it\/prodotto\/tipping-point-archery-aluminiumschaerfer-rot-holzschaefte-5-16-11-32\/#breadcrumb","itemListElement":[{"@type":"ListItem","position":1,"name":"Home","item":"https:\/\/bogensportdiscount.ch\/"},{"@type":"ListItem","position":2,"name":"Shop","item":"https:\/\/bogensportdiscount.ch\/shop\/"},{"@type":"ListItem","position":3,"name":"TIPPINGPOINTARCHERY ALUMINIUM SCHAERFER HOLZSCHAEFTE 5\/16 &#8211; 11\/32"}]},{"@type":"WebSite","@id":"https:\/\/bogensportdiscount.ch\/#website","url":"https:\/\/bogensportdiscount.ch\/","name":"Bogensportdiscount","description":"","potentialAction":[{"@type":"SearchAction","target":{"@type":"EntryPoint","urlTemplate":"https:\/\/bogensportdiscount.ch\/?s={search_term_string}"},"query-input":{"@type":"PropertyValueSpecification","valueRequired":true,"valueName":"search_term_string"}}],"inLanguage":"it-IT"}]}},"_links":{"self":[{"href":"https:\/\/bogensportdiscount.ch\/it\/wp-json\/wp\/v2\/product\/413047","targetHints":{"allow":["GET"]}}],"collection":[{"href":"https:\/\/bogensportdiscount.ch\/it\/wp-json\/wp\/v2\/product"}],"about":[{"href":"https:\/\/bogensportdiscount.ch\/it\/wp-json\/wp\/v2\/types\/product"}],"replies":[{"embeddable":true,"href":"https:\/\/bogensportdiscount.ch\/it\/wp-json\/wp\/v2\/comments?post=413047"}],"wp:featuredmedia":[{"embeddable":true,"href":"https:\/\/bogensportdiscount.ch\/it\/wp-json\/wp\/v2\/media\/451824"}],"wp:attachment":[{"href":"https:\/\/bogensportdiscount.ch\/it\/wp-json\/wp\/v2\/media?parent=413047"}],"wp:term":[{"taxonomy":"product_brand","embeddable":true,"href":"https:\/\/bogensportdiscount.ch\/it\/wp-json\/wp\/v2\/product_brand?post=413047"},{"taxonomy":"product_cat","embeddable":true,"href":"https:\/\/bogensportdiscount.ch\/it\/wp-json\/wp\/v2\/product_cat?post=413047"},{"taxonomy":"product_tag","embeddable":true,"href":"https:\/\/bogensportdiscount.ch\/it\/wp-json\/wp\/v2\/product_tag?post=413047"}],"curies":[{"name":"wp","href":"https:\/\/api.w.org\/{rel}","templated":true}]}}