{"id":412763,"date":"2026-04-05T15:06:04","date_gmt":"2026-04-05T13:06:04","guid":{"rendered":"https:\/\/bogensportdiscount.ch\/produkt\/screw-in-points-combo-5-16-60-grains-12-pk\/"},"modified":"2026-04-17T13:48:14","modified_gmt":"2026-04-17T11:48:14","slug":"tipping-point-archery-einschraube-spitzen-combo-5-16","status":"publish","type":"product","link":"https:\/\/bogensportdiscount.ch\/it\/prodotto\/tipping-point-archery-einschraube-spitzen-combo-5-16\/","title":{"rendered":"PUNTE AVVITATE TIPPINGPOINTARCHERY COMBO 5\/16 GRANI 12\/PZ."},"content":{"rendered":"<p>Die Tipping Point Archery Einschraube-Spitzen Combo im Format 5\/16&#8243; sind in sechs verschiedenen Gewichten erh\u00e4ltlich: 60, 65, 80, 85, 100 und 125 Grain. Damit l\u00e4sst sich die Spitze gezielt auf den jeweiligen Pfeilschaft und den gew\u00fcnschten Spine-Abstimmungsbedarf anpassen.<\/p>\n<p>Das Screw-In-System erm\u00f6glicht einen schnellen Spitzenwechsel ohne Klebstoff. Die Spitzen eignen sich f\u00fcr g\u00e4ngige Holz- und Aluminiumsch\u00e4fte mit 5\/16&#8243;-Gewinde sowie f\u00fcr entsprechende Carbonsch\u00e4fte mit passendem Einsatz.<\/p>\n<ul>\n<li>Sechs Gewichtsoptionen f\u00fcr flexible Pfeilabstimmung<\/li>\n<li>Standardgewinde 5\/16&#8243; f\u00fcr breite Kompatibilit\u00e4t<\/li>\n<li>Einschraube-System f\u00fcr einfachen Wechsel<\/li>\n<li>Hergestellt in Italien<\/li>\n<\/ul>","protected":false},"excerpt":{"rendered":"<table>\n<tr>\n<th>Propriet\u00e0<\/th>\n<th>Valore<\/th>\n<\/tr>\n<tr>\n<td>Tipo<\/td>\n<td>Einschraube-Spitzen Combo<\/td>\n<\/tr>\n<tr>\n<td>Durchmesser<\/td>\n<td>5\/16&#8243;<\/td>\n<\/tr>\n<tr>\n<td>Verf\u00fcgbare Gewichte<\/td>\n<td>60 GR, 65 GR, 80 GR, 85 GR, 100 GR, 125 GR<\/td>\n<\/tr>\n<tr>\n<td>Herkunftsland<\/td>\n<td>Italien<\/td>\n<\/tr>\n<\/table>","protected":false},"featured_media":453055,"comment_status":"open","ping_status":"closed","template":"","meta":[],"product_brand":[846],"product_cat":[4545],"product_tag":[],"class_list":{"0":"post-412763","1":"product","2":"type-product","3":"status-publish","4":"has-post-thumbnail","6":"product_brand-tippingpointarchery","7":"product_cat-einschraube-spitzen-pfeil-komponenten","9":"first","10":"instock","11":"shipping-taxable","12":"purchasable","13":"product-type-variable"},"_links":{"self":[{"href":"https:\/\/bogensportdiscount.ch\/it\/wp-json\/wp\/v2\/product\/412763","targetHints":{"allow":["GET"]}}],"collection":[{"href":"https:\/\/bogensportdiscount.ch\/it\/wp-json\/wp\/v2\/product"}],"about":[{"href":"https:\/\/bogensportdiscount.ch\/it\/wp-json\/wp\/v2\/types\/product"}],"replies":[{"embeddable":true,"href":"https:\/\/bogensportdiscount.ch\/it\/wp-json\/wp\/v2\/comments?post=412763"}],"wp:featuredmedia":[{"embeddable":true,"href":"https:\/\/bogensportdiscount.ch\/it\/wp-json\/wp\/v2\/media\/453055"}],"wp:attachment":[{"href":"https:\/\/bogensportdiscount.ch\/it\/wp-json\/wp\/v2\/media?parent=412763"}],"wp:term":[{"taxonomy":"product_brand","embeddable":true,"href":"https:\/\/bogensportdiscount.ch\/it\/wp-json\/wp\/v2\/product_brand?post=412763"},{"taxonomy":"product_cat","embeddable":true,"href":"https:\/\/bogensportdiscount.ch\/it\/wp-json\/wp\/v2\/product_cat?post=412763"},{"taxonomy":"product_tag","embeddable":true,"href":"https:\/\/bogensportdiscount.ch\/it\/wp-json\/wp\/v2\/product_tag?post=412763"}],"curies":[{"name":"wp","href":"https:\/\/api.w.org\/{rel}","templated":true}]}}