{"id":412739,"date":"2026-04-05T15:06:00","date_gmt":"2026-04-05T13:06:00","guid":{"rendered":"https:\/\/bogensportdiscount.ch\/produkt\/barebow-tabs-vulcolan-rh-lh-small\/"},"modified":"2026-05-14T15:26:52","modified_gmt":"2026-05-14T13:26:52","slug":"spiga-barebow-tab-vulcolan-rh-lh","status":"publish","type":"product","link":"https:\/\/bogensportdiscount.ch\/it\/prodotto\/spiga-barebow-tab-vulcolan-rh-lh\/","title":{"rendered":"SPIGA BLANKBOGEN TABS VULCOLAN RH\/LH"},"content":{"rendered":"<p>Il tab barebow SPIGA Vulcolan \u00e8 una patelletta per le dita sviluppata specificamente per l'uso nel tiro barebow. Il Vulcolan \u00e8 un poliuretano di alta qualit\u00e0 che si distingue per l'elevata resistenza all'abrasione e una superficie costante \u2013 caratteristiche importanti per un abbandono uniforme della corda.<\/p>\n<p>Il tab \u00e8 adatto sia a destrorsi che a mancini (RH\/LH) ed \u00e8 disponibile nelle taglie S e M, per garantire una buona vestibilit\u00e0 a diverse dimensioni della mano.<\/p>\n<ul>\n<li>Materiale: Vulcolan (poliuretano resistente all'abrasione)<\/li>\n<li>Adatto per destrimani e mancini<\/li>\n<li>Progettato per la disciplina Barebow<\/li>\n<li>Disponibile nelle taglie S e M<\/li>\n<\/ul>","protected":false},"excerpt":{"rendered":"<table>\n<tr>\n<th>Propriet\u00e0<\/th>\n<th>Valore<\/th>\n<\/tr>\n<tr>\n<td>Marca<\/td>\n<td>Arco Sport Spigarelli<\/td>\n<\/tr>\n<tr>\n<td>Paese di origine<\/td>\n<td>Italia<\/td>\n<\/tr>\n<\/table>","protected":false},"featured_media":453054,"comment_status":"open","ping_status":"closed","template":"","meta":[],"product_brand":[634],"product_cat":[4557],"product_tag":[],"class_list":{"0":"post-412739","1":"product","2":"type-product","3":"status-publish","4":"has-post-thumbnail","6":"product_brand-spiga","7":"product_cat-barebow-tabs","8":"product_shipping_class-bsd-standard","10":"first","11":"instock","12":"shipping-taxable","13":"purchasable","14":"product-type-variable"},"yoast_head":"<!-- This site is optimized with the Yoast SEO plugin v27.6 - https:\/\/yoast.com\/product\/yoast-seo-wordpress\/ -->\n<title>SPIGA BLANKBOGEN TABS VULCOLAN RH\/LH - Bogensportdiscount \u2013 B\u00f6gen, Pfeile, Targets &amp; Zubeh\u00f6r<\/title>\n<meta name=\"description\" content=\"SPIGA BLANKBOGEN TABS VULCOLAN RH\/LH g\u00fcnstig kaufen bei Bogensportdiscount \u2013 Top-Marken, schneller Versand aus der Schweiz.\" \/>\n<meta name=\"robots\" content=\"index, follow, max-snippet:-1, max-image-preview:large, max-video-preview:-1\" \/>\n<link rel=\"canonical\" href=\"https:\/\/bogensportdiscount.ch\/it\/prodotto\/spiga-barebow-tab-vulcolan-rh-lh\/\" \/>\n<meta property=\"og:locale\" content=\"it_IT\" \/>\n<meta property=\"og:type\" content=\"article\" \/>\n<meta property=\"og:title\" content=\"SPIGA BLANKBOGEN TABS VULCOLAN RH\/LH - Bogensportdiscount \u2013 B\u00f6gen, Pfeile, Targets &amp; Zubeh\u00f6r\" \/>\n<meta property=\"og:description\" content=\"SPIGA BLANKBOGEN TABS VULCOLAN RH\/LH g\u00fcnstig kaufen bei Bogensportdiscount \u2013 Top-Marken, schneller Versand aus der Schweiz.\" \/>\n<meta property=\"og:url\" content=\"https:\/\/bogensportdiscount.ch\/it\/prodotto\/spiga-barebow-tab-vulcolan-rh-lh\/\" \/>\n<meta property=\"og:site_name\" content=\"Bogensportdiscount \u2013 B\u00f6gen, Pfeile, Targets &amp; Zubeh\u00f6r\" \/>\n<meta property=\"article:modified_time\" content=\"2026-05-14T13:26:52+00:00\" \/>\n<meta property=\"og:image\" content=\"https:\/\/bogensportdiscount.ch\/wp-content\/uploads\/bsm-images\/a070924_1.jpg\" \/>\n\t<meta property=\"og:image:width\" content=\"400\" \/>\n\t<meta property=\"og:image:height\" content=\"266\" \/>\n\t<meta property=\"og:image:type\" content=\"image\/jpeg\" \/>\n<meta name=\"twitter:card\" content=\"summary_large_image\" \/>\n<script type=\"application\/ld+json\" class=\"yoast-schema-graph\">{\"@context\":\"https:\\\/\\\/schema.org\",\"@graph\":[{\"@type\":\"WebPage\",\"@id\":\"https:\\\/\\\/bogensportdiscount.ch\\\/produkt\\\/spiga-barebow-tab-vulcolan-rh-lh\\\/\",\"url\":\"https:\\\/\\\/bogensportdiscount.ch\\\/produkt\\\/spiga-barebow-tab-vulcolan-rh-lh\\\/\",\"name\":\"SPIGA BLANKBOGEN TABS VULCOLAN RH\\\/LH - Bogensportdiscount \u2013 B\u00f6gen, Pfeile, Targets &amp; Zubeh\u00f6r\",\"isPartOf\":{\"@id\":\"https:\\\/\\\/bogensportdiscount.ch\\\/#website\"},\"primaryImageOfPage\":{\"@id\":\"https:\\\/\\\/bogensportdiscount.ch\\\/produkt\\\/spiga-barebow-tab-vulcolan-rh-lh\\\/#primaryimage\"},\"image\":{\"@id\":\"https:\\\/\\\/bogensportdiscount.ch\\\/produkt\\\/spiga-barebow-tab-vulcolan-rh-lh\\\/#primaryimage\"},\"thumbnailUrl\":\"https:\\\/\\\/bogensportdiscount.ch\\\/wp-content\\\/uploads\\\/bsm-images\\\/a070924_1.jpg\",\"datePublished\":\"2026-04-05T13:06:00+00:00\",\"dateModified\":\"2026-05-14T13:26:52+00:00\",\"description\":\"SPIGA BLANKBOGEN TABS VULCOLAN RH\\\/LH g\u00fcnstig kaufen bei Bogensportdiscount \u2013 Top-Marken, schneller Versand aus der Schweiz.\",\"breadcrumb\":{\"@id\":\"https:\\\/\\\/bogensportdiscount.ch\\\/produkt\\\/spiga-barebow-tab-vulcolan-rh-lh\\\/#breadcrumb\"},\"inLanguage\":\"it-IT\",\"potentialAction\":[{\"@type\":\"ReadAction\",\"target\":[\"https:\\\/\\\/bogensportdiscount.ch\\\/produkt\\\/spiga-barebow-tab-vulcolan-rh-lh\\\/\"]}]},{\"@type\":\"ImageObject\",\"inLanguage\":\"it-IT\",\"@id\":\"https:\\\/\\\/bogensportdiscount.ch\\\/produkt\\\/spiga-barebow-tab-vulcolan-rh-lh\\\/#primaryimage\",\"url\":\"https:\\\/\\\/bogensportdiscount.ch\\\/wp-content\\\/uploads\\\/bsm-images\\\/a070924_1.jpg\",\"contentUrl\":\"https:\\\/\\\/bogensportdiscount.ch\\\/wp-content\\\/uploads\\\/bsm-images\\\/a070924_1.jpg\",\"width\":400,\"height\":266},{\"@type\":\"BreadcrumbList\",\"@id\":\"https:\\\/\\\/bogensportdiscount.ch\\\/produkt\\\/spiga-barebow-tab-vulcolan-rh-lh\\\/#breadcrumb\",\"itemListElement\":[{\"@type\":\"ListItem\",\"position\":1,\"name\":\"Home\",\"item\":\"https:\\\/\\\/bogensportdiscount.ch\\\/\"},{\"@type\":\"ListItem\",\"position\":2,\"name\":\"Shop\",\"item\":\"https:\\\/\\\/bogensportdiscount.ch\\\/shop\\\/\"},{\"@type\":\"ListItem\",\"position\":3,\"name\":\"SPIGA BAREBOW TABS VULCOLAN RH\\\/LH\"}]},{\"@type\":\"WebSite\",\"@id\":\"https:\\\/\\\/bogensportdiscount.ch\\\/#website\",\"url\":\"https:\\\/\\\/bogensportdiscount.ch\\\/\",\"name\":\"Bogensportdiscount\",\"description\":\"\",\"potentialAction\":[{\"@type\":\"SearchAction\",\"target\":{\"@type\":\"EntryPoint\",\"urlTemplate\":\"https:\\\/\\\/bogensportdiscount.ch\\\/?s={search_term_string}\"},\"query-input\":{\"@type\":\"PropertyValueSpecification\",\"valueRequired\":true,\"valueName\":\"search_term_string\"}}],\"inLanguage\":\"it-IT\"}]}<\/script>\n<!-- \/ Yoast SEO plugin. -->","yoast_head_json":{"title":"SPIGA BLANKBOGEN TABS VULCOLAN RH\/LH - Bogensportdiscount \u2013 B\u00f6gen, Pfeile, Targets &amp; Zubeh\u00f6r","description":"SPIGA BLANKBOGEN TABS VULCOLAN RH\/LH g\u00fcnstig kaufen bei Bogensportdiscount \u2013 Top-Marken, schneller Versand aus der Schweiz.","robots":{"index":"index","follow":"follow","max-snippet":"max-snippet:-1","max-image-preview":"max-image-preview:large","max-video-preview":"max-video-preview:-1"},"canonical":"https:\/\/bogensportdiscount.ch\/it\/prodotto\/spiga-barebow-tab-vulcolan-rh-lh\/","og_locale":"it_IT","og_type":"article","og_title":"SPIGA BLANKBOGEN TABS VULCOLAN RH\/LH - Bogensportdiscount \u2013 B\u00f6gen, Pfeile, Targets &amp; Zubeh\u00f6r","og_description":"SPIGA BLANKBOGEN TABS VULCOLAN RH\/LH g\u00fcnstig kaufen bei Bogensportdiscount \u2013 Top-Marken, schneller Versand aus der Schweiz.","og_url":"https:\/\/bogensportdiscount.ch\/it\/prodotto\/spiga-barebow-tab-vulcolan-rh-lh\/","og_site_name":"Bogensportdiscount \u2013 B\u00f6gen, Pfeile, Targets &amp; Zubeh\u00f6r","article_modified_time":"2026-05-14T13:26:52+00:00","og_image":[{"width":400,"height":266,"url":"https:\/\/bogensportdiscount.ch\/wp-content\/uploads\/bsm-images\/a070924_1.jpg","type":"image\/jpeg"}],"twitter_card":"summary_large_image","schema":{"@context":"https:\/\/schema.org","@graph":[{"@type":"WebPage","@id":"https:\/\/bogensportdiscount.ch\/produkt\/spiga-barebow-tab-vulcolan-rh-lh\/","url":"https:\/\/bogensportdiscount.ch\/produkt\/spiga-barebow-tab-vulcolan-rh-lh\/","name":"SPIGA BLANKBOGEN TABS VULCOLAN RH\/LH - Bogensportdiscount \u2013 B\u00f6gen, Pfeile, Targets &amp; Zubeh\u00f6r","isPartOf":{"@id":"https:\/\/bogensportdiscount.ch\/#website"},"primaryImageOfPage":{"@id":"https:\/\/bogensportdiscount.ch\/produkt\/spiga-barebow-tab-vulcolan-rh-lh\/#primaryimage"},"image":{"@id":"https:\/\/bogensportdiscount.ch\/produkt\/spiga-barebow-tab-vulcolan-rh-lh\/#primaryimage"},"thumbnailUrl":"https:\/\/bogensportdiscount.ch\/wp-content\/uploads\/bsm-images\/a070924_1.jpg","datePublished":"2026-04-05T13:06:00+00:00","dateModified":"2026-05-14T13:26:52+00:00","description":"SPIGA BLANKBOGEN TABS VULCOLAN RH\/LH g\u00fcnstig kaufen bei Bogensportdiscount \u2013 Top-Marken, schneller Versand aus der Schweiz.","breadcrumb":{"@id":"https:\/\/bogensportdiscount.ch\/produkt\/spiga-barebow-tab-vulcolan-rh-lh\/#breadcrumb"},"inLanguage":"it-IT","potentialAction":[{"@type":"ReadAction","target":["https:\/\/bogensportdiscount.ch\/produkt\/spiga-barebow-tab-vulcolan-rh-lh\/"]}]},{"@type":"ImageObject","inLanguage":"it-IT","@id":"https:\/\/bogensportdiscount.ch\/produkt\/spiga-barebow-tab-vulcolan-rh-lh\/#primaryimage","url":"https:\/\/bogensportdiscount.ch\/wp-content\/uploads\/bsm-images\/a070924_1.jpg","contentUrl":"https:\/\/bogensportdiscount.ch\/wp-content\/uploads\/bsm-images\/a070924_1.jpg","width":400,"height":266},{"@type":"BreadcrumbList","@id":"https:\/\/bogensportdiscount.ch\/produkt\/spiga-barebow-tab-vulcolan-rh-lh\/#breadcrumb","itemListElement":[{"@type":"ListItem","position":1,"name":"Home","item":"https:\/\/bogensportdiscount.ch\/"},{"@type":"ListItem","position":2,"name":"Shop","item":"https:\/\/bogensportdiscount.ch\/shop\/"},{"@type":"ListItem","position":3,"name":"SPIGA BAREBOW TABS VULCOLAN RH\/LH"}]},{"@type":"WebSite","@id":"https:\/\/bogensportdiscount.ch\/#website","url":"https:\/\/bogensportdiscount.ch\/","name":"Bogensportdiscount","description":"","potentialAction":[{"@type":"SearchAction","target":{"@type":"EntryPoint","urlTemplate":"https:\/\/bogensportdiscount.ch\/?s={search_term_string}"},"query-input":{"@type":"PropertyValueSpecification","valueRequired":true,"valueName":"search_term_string"}}],"inLanguage":"it-IT"}]}},"_links":{"self":[{"href":"https:\/\/bogensportdiscount.ch\/it\/wp-json\/wp\/v2\/product\/412739","targetHints":{"allow":["GET"]}}],"collection":[{"href":"https:\/\/bogensportdiscount.ch\/it\/wp-json\/wp\/v2\/product"}],"about":[{"href":"https:\/\/bogensportdiscount.ch\/it\/wp-json\/wp\/v2\/types\/product"}],"replies":[{"embeddable":true,"href":"https:\/\/bogensportdiscount.ch\/it\/wp-json\/wp\/v2\/comments?post=412739"}],"wp:featuredmedia":[{"embeddable":true,"href":"https:\/\/bogensportdiscount.ch\/it\/wp-json\/wp\/v2\/media\/453054"}],"wp:attachment":[{"href":"https:\/\/bogensportdiscount.ch\/it\/wp-json\/wp\/v2\/media?parent=412739"}],"wp:term":[{"taxonomy":"product_brand","embeddable":true,"href":"https:\/\/bogensportdiscount.ch\/it\/wp-json\/wp\/v2\/product_brand?post=412739"},{"taxonomy":"product_cat","embeddable":true,"href":"https:\/\/bogensportdiscount.ch\/it\/wp-json\/wp\/v2\/product_cat?post=412739"},{"taxonomy":"product_tag","embeddable":true,"href":"https:\/\/bogensportdiscount.ch\/it\/wp-json\/wp\/v2\/product_tag?post=412739"}],"curies":[{"name":"wp","href":"https:\/\/api.w.org\/{rel}","templated":true}]}}