{"id":412619,"date":"2026-04-05T15:05:46","date_gmt":"2026-04-05T13:05:46","guid":{"rendered":"https:\/\/bogensportdiscount.ch\/produkt\/horse-bow-traditional-tracker-52-25-lbs-rh-lh\/"},"modified":"2026-04-17T13:48:12","modified_gmt":"2026-04-17T11:48:12","slug":"old-mountain-reiterbogen-traditional-tracker-52","status":"publish","type":"product","link":"https:\/\/bogensportdiscount.ch\/it\/prodotto\/old-mountain-reiterbogen-traditional-tracker-52\/","title":{"rendered":"CAVALLO DI VECCHIA MONTAGNA ARCO TRADIZIONALE TRACKER 52\u2033 LBS RH\/LH"},"content":{"rendered":"<p>Der Old Mountain Traditional Tracker ist ein klassischer Reiterbogen mit einer L\u00e4nge von 52 Zoll. Reiterb\u00f6gen zeichnen sich durch ihre kompakte Bauweise aus, die ein einfaches Handling auch in bewegten Situationen erm\u00f6glicht.<\/p>\n<p>Der Tracker ist in einem breiten Spektrum von Zuggewichten erh\u00e4ltlich \u2013 von 25 bis 60 LBS \u2013 und spricht damit Einsteiger sowie erfahrene Bogensch\u00fctzen gleichermassen an.<\/p>\n<ul>\n<li>L\u00e4nge: 52 Zoll<\/li>\n<li>Zuggewichte: 25, 30, 35, 40, 45, 50, 55 und 60 LBS<\/li>\n<li>Traditionelles Design f\u00fcr den Einsatz als Reiterbogen<\/li>\n<li>Vielseitig einsetzbar f\u00fcr traditionelles Bogenschiessen<\/li>\n<\/ul>","protected":false},"excerpt":{"rendered":"<p>Der Old Mountain Traditional Tracker ist ein Reiterbogen mit einer L\u00e4nge von 52 Zoll. Er ist in verschiedenen Zuggewichten von 25 bis 60 LBS erh\u00e4ltlich und eignet sich f\u00fcr traditionelles Bogenschiessen vom Pferd oder zu Fuss.<\/p>","protected":false},"featured_media":438939,"comment_status":"open","ping_status":"closed","template":"","meta":[],"product_brand":[481],"product_cat":[3463],"product_tag":[],"class_list":{"0":"post-412619","1":"product","2":"type-product","3":"status-publish","4":"has-post-thumbnail","6":"product_brand-old-mountain","7":"product_cat-reiterboegen","9":"first","10":"instock","11":"shipping-taxable","12":"purchasable","13":"product-type-variable"},"_links":{"self":[{"href":"https:\/\/bogensportdiscount.ch\/it\/wp-json\/wp\/v2\/product\/412619","targetHints":{"allow":["GET"]}}],"collection":[{"href":"https:\/\/bogensportdiscount.ch\/it\/wp-json\/wp\/v2\/product"}],"about":[{"href":"https:\/\/bogensportdiscount.ch\/it\/wp-json\/wp\/v2\/types\/product"}],"replies":[{"embeddable":true,"href":"https:\/\/bogensportdiscount.ch\/it\/wp-json\/wp\/v2\/comments?post=412619"}],"wp:featuredmedia":[{"embeddable":true,"href":"https:\/\/bogensportdiscount.ch\/it\/wp-json\/wp\/v2\/media\/438939"}],"wp:attachment":[{"href":"https:\/\/bogensportdiscount.ch\/it\/wp-json\/wp\/v2\/media?parent=412619"}],"wp:term":[{"taxonomy":"product_brand","embeddable":true,"href":"https:\/\/bogensportdiscount.ch\/it\/wp-json\/wp\/v2\/product_brand?post=412619"},{"taxonomy":"product_cat","embeddable":true,"href":"https:\/\/bogensportdiscount.ch\/it\/wp-json\/wp\/v2\/product_cat?post=412619"},{"taxonomy":"product_tag","embeddable":true,"href":"https:\/\/bogensportdiscount.ch\/it\/wp-json\/wp\/v2\/product_tag?post=412619"}],"curies":[{"name":"wp","href":"https:\/\/api.w.org\/{rel}","templated":true}]}}