{"id":412604,"date":"2026-04-05T15:05:44","date_gmt":"2026-04-05T13:05:44","guid":{"rendered":"https:\/\/bogensportdiscount.ch\/produkt\/hunting-bows-stygian-56-rh-25-lbs\/"},"modified":"2026-04-17T13:48:12","modified_gmt":"2026-04-17T11:48:12","slug":"old-mountain-jagdbogen-stygian-56","status":"publish","type":"product","link":"https:\/\/bogensportdiscount.ch\/it\/prodotto\/old-mountain-jagdbogen-stygian-56\/","title":{"rendered":"ARCHI DA CACCIA OLD MOUNTAIN STYGIAN 56\u2033 LBS"},"content":{"rendered":"<p>Der Old Mountain Stygian ist ein einteiliger traditioneller Jagdbogen mit einer Wurfl\u00e4nge von 56 Zoll. Als klassischer Recurvebogen in der Kategorie der Jagdb\u00f6gen richtet er sich an traditionell orientiertere Bogensch\u00fctzen, die auf der Jagd oder beim instinktiven Schiessen auf ein zuverl\u00e4ssiges und handliches Modell setzen m\u00f6chten.<\/p>\n<p>Das Bogenmodell ist in einer breiten Auswahl an Zuggewichten von 25 bis 60 LBS erh\u00e4ltlich und l\u00e4sst sich sowohl f\u00fcr Rechts- als auch f\u00fcr Linksh\u00e4nder bestellen. So kann das passende Setup f\u00fcr unterschiedliche K\u00f6rperst\u00e4rken und Einsatzbereiche zusammengestellt werden.<\/p>\n<ul>\n<li>Einteiliger traditioneller Jagdbogen<\/li>\n<li>Wurfl\u00e4nge: 56 Zoll<\/li>\n<li>Zuggewichte: 25, 30, 35, 40, 45, 50, 55 und 60 LBS<\/li>\n<li>Erh\u00e4ltlich f\u00fcr Links- und Rechtsh\u00e4nder<\/li>\n<\/ul>","protected":false},"excerpt":{"rendered":"<p>Der Old Mountain Stygian ist ein einteiliger traditioneller Jagdbogen mit einer Wurfl\u00e4nge von 56&#8243;. Er ist f\u00fcr Links- und Rechtsh\u00e4nder erh\u00e4ltlich und kann in Zuggewichten von 25 bis 60 LBS gew\u00e4hlt werden.<\/p>","protected":false},"featured_media":438943,"comment_status":"open","ping_status":"closed","template":"","meta":[],"product_brand":[481],"product_cat":[4274],"product_tag":[],"class_list":{"0":"post-412604","1":"product","2":"type-product","3":"status-publish","4":"has-post-thumbnail","6":"product_brand-old-mountain","7":"product_cat-jagdboegen","9":"first","10":"instock","11":"shipping-taxable","12":"purchasable","13":"product-type-variable"},"_links":{"self":[{"href":"https:\/\/bogensportdiscount.ch\/it\/wp-json\/wp\/v2\/product\/412604","targetHints":{"allow":["GET"]}}],"collection":[{"href":"https:\/\/bogensportdiscount.ch\/it\/wp-json\/wp\/v2\/product"}],"about":[{"href":"https:\/\/bogensportdiscount.ch\/it\/wp-json\/wp\/v2\/types\/product"}],"replies":[{"embeddable":true,"href":"https:\/\/bogensportdiscount.ch\/it\/wp-json\/wp\/v2\/comments?post=412604"}],"wp:featuredmedia":[{"embeddable":true,"href":"https:\/\/bogensportdiscount.ch\/it\/wp-json\/wp\/v2\/media\/438943"}],"wp:attachment":[{"href":"https:\/\/bogensportdiscount.ch\/it\/wp-json\/wp\/v2\/media?parent=412604"}],"wp:term":[{"taxonomy":"product_brand","embeddable":true,"href":"https:\/\/bogensportdiscount.ch\/it\/wp-json\/wp\/v2\/product_brand?post=412604"},{"taxonomy":"product_cat","embeddable":true,"href":"https:\/\/bogensportdiscount.ch\/it\/wp-json\/wp\/v2\/product_cat?post=412604"},{"taxonomy":"product_tag","embeddable":true,"href":"https:\/\/bogensportdiscount.ch\/it\/wp-json\/wp\/v2\/product_tag?post=412604"}],"curies":[{"name":"wp","href":"https:\/\/api.w.org\/{rel}","templated":true}]}}