{"id":412524,"date":"2026-04-05T15:05:36","date_gmt":"2026-04-05T13:05:36","guid":{"rendered":"https:\/\/bogensportdiscount.ch\/produkt\/longbows-volcano-68-rh-25-lbs\/"},"modified":"2026-04-20T13:35:24","modified_gmt":"2026-04-20T11:35:24","slug":"old-mountain-langbogen-volcano-68","status":"publish","type":"product","link":"https:\/\/bogensportdiscount.ch\/it\/prodotto\/old-mountain-langbogen-volcano-68\/","title":{"rendered":"LONGBOWS OLD MOUNTAIN VULCANO 68\u2033 LBS"},"content":{"rendered":"<p>Der Old Mountain Volcano ist ein traditioneller Langbogen mit einer Gesamtl\u00e4nge von 68 Zoll. Er eignet sich f\u00fcr Einsteiger und Fortgeschrittene, die den klassischen Bogensport mit einem Langbogen aus\u00fcben m\u00f6chten.<\/p>\n<p>Der Bogen ist in verschiedenen Zuggewichten von 25 bis 60 lbs erh\u00e4ltlich und kann sowohl von Rechts- als auch von Linkshand-Sch\u00fctzen verwendet werden. Die breite Auswahl an Zuggewichten erm\u00f6glicht eine individuelle Anpassung an die eigene St\u00e4rke und das Trainingsvorhaben.<\/p>\n<ul>\n<li>Lunghezza dell&#x27;arco: 68 pollici<\/li>\n<li>Zuggewichte: 25, 30, 35, 40, 45, 50 und 60 lbs<\/li>\n<li>F\u00fcr Rechts- und Linkshandbeschiesser<\/li>\n<li>Origine: Cina<\/li>\n<\/ul>","protected":false},"excerpt":{"rendered":"<p>Der Old Mountain Volcano ist ein traditioneller Langbogen mit einer Bogenl\u00e4nge von 68 Zoll. Erh\u00e4ltlich f\u00fcr Rechts- und Linkshandbeschiesser in Zuggewichten von 25 bis 60 lbs.<\/p>","protected":false},"featured_media":519982,"comment_status":"open","ping_status":"closed","template":"","meta":[],"product_brand":[481],"product_cat":[3467],"product_tag":[],"class_list":{"0":"post-412524","1":"product","2":"type-product","3":"status-publish","4":"has-post-thumbnail","6":"product_brand-old-mountain","7":"product_cat-langboegen","9":"first","10":"instock","11":"shipping-taxable","12":"purchasable","13":"product-type-variable"},"yoast_head":"<!-- This site is optimized with the Yoast SEO plugin v27.4 - https:\/\/yoast.com\/product\/yoast-seo-wordpress\/ -->\n<title>OLD MOUNTAIN LONGBOWS VOLCANO 68&quot; LBS - Bogensportdiscount \u2013 B\u00f6gen, Pfeile, Targets &amp; Zubeh\u00f6r<\/title>\n<meta name=\"robots\" content=\"noindex, follow, max-snippet:-1, max-image-preview:large, max-video-preview:-1\" \/>\n<meta property=\"og:locale\" content=\"it_IT\" \/>\n<meta property=\"og:type\" content=\"article\" \/>\n<meta property=\"og:title\" content=\"OLD MOUNTAIN LONGBOWS VOLCANO 68&quot; LBS - Bogensportdiscount \u2013 B\u00f6gen, Pfeile, Targets &amp; Zubeh\u00f6r\" \/>\n<meta property=\"og:description\" content=\"Der Old Mountain Volcano ist ein traditioneller Langbogen mit einer Bogenl\u00e4nge von 68 Zoll. Erh\u00e4ltlich f\u00fcr Rechts- und Linkshandbeschiesser in Zuggewichten von 25 bis 60 lbs.\" \/>\n<meta property=\"og:url\" content=\"https:\/\/bogensportdiscount.ch\/it\/prodotto\/old-mountain-langbogen-volcano-68\/\" \/>\n<meta property=\"og:site_name\" content=\"Bogensportdiscount \u2013 B\u00f6gen, Pfeile, Targets &amp; Zubeh\u00f6r\" \/>\n<meta property=\"article:modified_time\" content=\"2026-04-20T11:35:24+00:00\" \/>\n<meta property=\"og:image\" content=\"https:\/\/bogensportdiscount.ch\/wp-content\/uploads\/bsm-images\/A070526_1.png\" \/>\n\t<meta property=\"og:image:width\" content=\"1100\" \/>\n\t<meta property=\"og:image:height\" content=\"1084\" \/>\n\t<meta property=\"og:image:type\" content=\"image\/png\" \/>\n<meta name=\"twitter:card\" content=\"summary_large_image\" \/>\n<script type=\"application\/ld+json\" class=\"yoast-schema-graph\">{\"@context\":\"https:\\\/\\\/schema.org\",\"@graph\":[{\"@type\":\"WebPage\",\"@id\":\"https:\\\/\\\/bogensportdiscount.ch\\\/it\\\/prodotto\\\/old-mountain-langbogen-volcano-68\\\/\",\"url\":\"https:\\\/\\\/bogensportdiscount.ch\\\/it\\\/prodotto\\\/old-mountain-langbogen-volcano-68\\\/\",\"name\":\"OLD MOUNTAIN LONGBOWS VOLCANO 68\\\" LBS - Bogensportdiscount \u2013 B\u00f6gen, Pfeile, Targets &amp; Zubeh\u00f6r\",\"isPartOf\":{\"@id\":\"https:\\\/\\\/bogensportdiscount.ch\\\/#website\"},\"primaryImageOfPage\":{\"@id\":\"https:\\\/\\\/bogensportdiscount.ch\\\/it\\\/prodotto\\\/old-mountain-langbogen-volcano-68\\\/#primaryimage\"},\"image\":{\"@id\":\"https:\\\/\\\/bogensportdiscount.ch\\\/it\\\/prodotto\\\/old-mountain-langbogen-volcano-68\\\/#primaryimage\"},\"thumbnailUrl\":\"https:\\\/\\\/bogensportdiscount.ch\\\/wp-content\\\/uploads\\\/bsm-images\\\/A070526_1.png\",\"datePublished\":\"2026-04-05T13:05:36+00:00\",\"dateModified\":\"2026-04-20T11:35:24+00:00\",\"breadcrumb\":{\"@id\":\"https:\\\/\\\/bogensportdiscount.ch\\\/it\\\/prodotto\\\/old-mountain-langbogen-volcano-68\\\/#breadcrumb\"},\"inLanguage\":\"it-IT\",\"potentialAction\":[{\"@type\":\"ReadAction\",\"target\":[\"https:\\\/\\\/bogensportdiscount.ch\\\/it\\\/prodotto\\\/old-mountain-langbogen-volcano-68\\\/\"]}]},{\"@type\":\"ImageObject\",\"inLanguage\":\"it-IT\",\"@id\":\"https:\\\/\\\/bogensportdiscount.ch\\\/it\\\/prodotto\\\/old-mountain-langbogen-volcano-68\\\/#primaryimage\",\"url\":\"https:\\\/\\\/bogensportdiscount.ch\\\/wp-content\\\/uploads\\\/bsm-images\\\/A070526_1.png\",\"contentUrl\":\"https:\\\/\\\/bogensportdiscount.ch\\\/wp-content\\\/uploads\\\/bsm-images\\\/A070526_1.png\",\"width\":1100,\"height\":1084},{\"@type\":\"BreadcrumbList\",\"@id\":\"https:\\\/\\\/bogensportdiscount.ch\\\/it\\\/prodotto\\\/old-mountain-langbogen-volcano-68\\\/#breadcrumb\",\"itemListElement\":[{\"@type\":\"ListItem\",\"position\":1,\"name\":\"Home\",\"item\":\"https:\\\/\\\/bogensportdiscount.ch\\\/\"},{\"@type\":\"ListItem\",\"position\":2,\"name\":\"Shop\",\"item\":\"https:\\\/\\\/bogensportdiscount.ch\\\/shop\\\/\"},{\"@type\":\"ListItem\",\"position\":3,\"name\":\"OLD MOUNTAIN LONGBOWS VOLCANO 68&#8243; LBS\"}]},{\"@type\":\"WebSite\",\"@id\":\"https:\\\/\\\/bogensportdiscount.ch\\\/#website\",\"url\":\"https:\\\/\\\/bogensportdiscount.ch\\\/\",\"name\":\"Bogensportdiscount\",\"description\":\"\",\"potentialAction\":[{\"@type\":\"SearchAction\",\"target\":{\"@type\":\"EntryPoint\",\"urlTemplate\":\"https:\\\/\\\/bogensportdiscount.ch\\\/?s={search_term_string}\"},\"query-input\":{\"@type\":\"PropertyValueSpecification\",\"valueRequired\":true,\"valueName\":\"search_term_string\"}}],\"inLanguage\":\"it-IT\"}]}<\/script>\n<!-- \/ Yoast SEO plugin. -->","yoast_head_json":{"title":"OLD MOUNTAIN LONGBOWS VOLCANO 68\" LBS - Bogensportdiscount \u2013 B\u00f6gen, Pfeile, Targets &amp; Zubeh\u00f6r","robots":{"index":"noindex","follow":"follow","max-snippet":"max-snippet:-1","max-image-preview":"max-image-preview:large","max-video-preview":"max-video-preview:-1"},"og_locale":"it_IT","og_type":"article","og_title":"OLD MOUNTAIN LONGBOWS VOLCANO 68\" LBS - Bogensportdiscount \u2013 B\u00f6gen, Pfeile, Targets &amp; Zubeh\u00f6r","og_description":"Der Old Mountain Volcano ist ein traditioneller Langbogen mit einer Bogenl\u00e4nge von 68 Zoll. Erh\u00e4ltlich f\u00fcr Rechts- und Linkshandbeschiesser in Zuggewichten von 25 bis 60 lbs.","og_url":"https:\/\/bogensportdiscount.ch\/it\/prodotto\/old-mountain-langbogen-volcano-68\/","og_site_name":"Bogensportdiscount \u2013 B\u00f6gen, Pfeile, Targets &amp; Zubeh\u00f6r","article_modified_time":"2026-04-20T11:35:24+00:00","og_image":[{"width":1100,"height":1084,"url":"https:\/\/bogensportdiscount.ch\/wp-content\/uploads\/bsm-images\/A070526_1.png","type":"image\/png"}],"twitter_card":"summary_large_image","schema":{"@context":"https:\/\/schema.org","@graph":[{"@type":"WebPage","@id":"https:\/\/bogensportdiscount.ch\/it\/prodotto\/old-mountain-langbogen-volcano-68\/","url":"https:\/\/bogensportdiscount.ch\/it\/prodotto\/old-mountain-langbogen-volcano-68\/","name":"OLD MOUNTAIN LONGBOWS VOLCANO 68\" LBS - Bogensportdiscount \u2013 B\u00f6gen, Pfeile, Targets &amp; Zubeh\u00f6r","isPartOf":{"@id":"https:\/\/bogensportdiscount.ch\/#website"},"primaryImageOfPage":{"@id":"https:\/\/bogensportdiscount.ch\/it\/prodotto\/old-mountain-langbogen-volcano-68\/#primaryimage"},"image":{"@id":"https:\/\/bogensportdiscount.ch\/it\/prodotto\/old-mountain-langbogen-volcano-68\/#primaryimage"},"thumbnailUrl":"https:\/\/bogensportdiscount.ch\/wp-content\/uploads\/bsm-images\/A070526_1.png","datePublished":"2026-04-05T13:05:36+00:00","dateModified":"2026-04-20T11:35:24+00:00","breadcrumb":{"@id":"https:\/\/bogensportdiscount.ch\/it\/prodotto\/old-mountain-langbogen-volcano-68\/#breadcrumb"},"inLanguage":"it-IT","potentialAction":[{"@type":"ReadAction","target":["https:\/\/bogensportdiscount.ch\/it\/prodotto\/old-mountain-langbogen-volcano-68\/"]}]},{"@type":"ImageObject","inLanguage":"it-IT","@id":"https:\/\/bogensportdiscount.ch\/it\/prodotto\/old-mountain-langbogen-volcano-68\/#primaryimage","url":"https:\/\/bogensportdiscount.ch\/wp-content\/uploads\/bsm-images\/A070526_1.png","contentUrl":"https:\/\/bogensportdiscount.ch\/wp-content\/uploads\/bsm-images\/A070526_1.png","width":1100,"height":1084},{"@type":"BreadcrumbList","@id":"https:\/\/bogensportdiscount.ch\/it\/prodotto\/old-mountain-langbogen-volcano-68\/#breadcrumb","itemListElement":[{"@type":"ListItem","position":1,"name":"Home","item":"https:\/\/bogensportdiscount.ch\/"},{"@type":"ListItem","position":2,"name":"Shop","item":"https:\/\/bogensportdiscount.ch\/shop\/"},{"@type":"ListItem","position":3,"name":"OLD MOUNTAIN LONGBOWS VOLCANO 68&#8243; LBS"}]},{"@type":"WebSite","@id":"https:\/\/bogensportdiscount.ch\/#website","url":"https:\/\/bogensportdiscount.ch\/","name":"Bogensportdiscount","description":"","potentialAction":[{"@type":"SearchAction","target":{"@type":"EntryPoint","urlTemplate":"https:\/\/bogensportdiscount.ch\/?s={search_term_string}"},"query-input":{"@type":"PropertyValueSpecification","valueRequired":true,"valueName":"search_term_string"}}],"inLanguage":"it-IT"}]}},"_links":{"self":[{"href":"https:\/\/bogensportdiscount.ch\/it\/wp-json\/wp\/v2\/product\/412524","targetHints":{"allow":["GET"]}}],"collection":[{"href":"https:\/\/bogensportdiscount.ch\/it\/wp-json\/wp\/v2\/product"}],"about":[{"href":"https:\/\/bogensportdiscount.ch\/it\/wp-json\/wp\/v2\/types\/product"}],"replies":[{"embeddable":true,"href":"https:\/\/bogensportdiscount.ch\/it\/wp-json\/wp\/v2\/comments?post=412524"}],"wp:featuredmedia":[{"embeddable":true,"href":"https:\/\/bogensportdiscount.ch\/it\/wp-json\/wp\/v2\/media\/519982"}],"wp:attachment":[{"href":"https:\/\/bogensportdiscount.ch\/it\/wp-json\/wp\/v2\/media?parent=412524"}],"wp:term":[{"taxonomy":"product_brand","embeddable":true,"href":"https:\/\/bogensportdiscount.ch\/it\/wp-json\/wp\/v2\/product_brand?post=412524"},{"taxonomy":"product_cat","embeddable":true,"href":"https:\/\/bogensportdiscount.ch\/it\/wp-json\/wp\/v2\/product_cat?post=412524"},{"taxonomy":"product_tag","embeddable":true,"href":"https:\/\/bogensportdiscount.ch\/it\/wp-json\/wp\/v2\/product_tag?post=412524"}],"curies":[{"name":"wp","href":"https:\/\/api.w.org\/{rel}","templated":true}]}}