{"id":412375,"date":"2026-04-05T15:05:22","date_gmt":"2026-04-05T13:05:22","guid":{"rendered":"https:\/\/bogensportdiscount.ch\/produkt\/grips-in-plastic-type-a-wns-fc-100-rh-black\/"},"modified":"2026-04-17T13:48:09","modified_gmt":"2026-04-17T11:48:09","slug":"wns-recurve-griff-kunststoff","status":"publish","type":"product","link":"https:\/\/bogensportdiscount.ch\/it\/produkt\/wns-recurve-griff-kunststoff\/","title":{"rendered":"IMPUGNATURE WNS IN PLASTICA"},"content":{"rendered":"<p>Dieser Kunststoff-Griff von WNS ist als Zubeh\u00f6rteil f\u00fcr Recurve-B\u00f6gen konzipiert und dient als praktischer Ersatzgriff oder Upgrade f\u00fcr passende Bogenmodelle. Die Verf\u00fcgbarkeit in einer Rechtshand- und Linksh\u00e4ndervariante stellt sicher, dass beide Sch\u00fctzengruppen den Griff verwenden k\u00f6nnen.<\/p>\n<p>Kunststoffgriffe bieten gegen\u00fcber Holzgriffen eine gleichbleibende Formstabilit\u00e4t und sind weniger empfindlich gegen\u00fcber Feuchtigkeitsschwankungen. Der Griff ist als direktes Ersatzteil f\u00fcr kompatible WNS B\u00f6gen ausgelegt.<\/p>\n<ul>\n<li>Material: Kunststoff<\/li>\n<li>Erh\u00e4ltlich f\u00fcr Rechts- und Linksh\u00e4nder<\/li>\n<li>Passend f\u00fcr kompatible WNS Recurve-B\u00f6gen<\/li>\n<li>Geeignet als Ersatz- oder Spargriff<\/li>\n<\/ul>","protected":false},"excerpt":{"rendered":"<p><strong>Marchio:<\/strong> WNS<\/p>","protected":false},"featured_media":451797,"comment_status":"open","ping_status":"closed","template":"","meta":[],"product_brand":[461],"product_cat":[4201],"product_tag":[],"class_list":{"0":"post-412375","1":"product","2":"type-product","3":"status-publish","4":"has-post-thumbnail","6":"product_brand-wns","7":"product_cat-recurve-griffe-griffe-bogen-zubehoer","9":"first","10":"instock","11":"shipping-taxable","12":"purchasable","13":"product-type-variable"},"_links":{"self":[{"href":"https:\/\/bogensportdiscount.ch\/it\/wp-json\/wp\/v2\/product\/412375","targetHints":{"allow":["GET"]}}],"collection":[{"href":"https:\/\/bogensportdiscount.ch\/it\/wp-json\/wp\/v2\/product"}],"about":[{"href":"https:\/\/bogensportdiscount.ch\/it\/wp-json\/wp\/v2\/types\/product"}],"replies":[{"embeddable":true,"href":"https:\/\/bogensportdiscount.ch\/it\/wp-json\/wp\/v2\/comments?post=412375"}],"wp:featuredmedia":[{"embeddable":true,"href":"https:\/\/bogensportdiscount.ch\/it\/wp-json\/wp\/v2\/media\/451797"}],"wp:attachment":[{"href":"https:\/\/bogensportdiscount.ch\/it\/wp-json\/wp\/v2\/media?parent=412375"}],"wp:term":[{"taxonomy":"product_brand","embeddable":true,"href":"https:\/\/bogensportdiscount.ch\/it\/wp-json\/wp\/v2\/product_brand?post=412375"},{"taxonomy":"product_cat","embeddable":true,"href":"https:\/\/bogensportdiscount.ch\/it\/wp-json\/wp\/v2\/product_cat?post=412375"},{"taxonomy":"product_tag","embeddable":true,"href":"https:\/\/bogensportdiscount.ch\/it\/wp-json\/wp\/v2\/product_tag?post=412375"}],"curies":[{"name":"wp","href":"https:\/\/api.w.org\/{rel}","templated":true}]}}