{"id":412208,"date":"2026-04-05T15:05:01","date_gmt":"2026-04-05T13:05:01","guid":{"rendered":"https:\/\/bogensportdiscount.ch\/produkt\/lighted-nocks-universal-collars-g-x-h-s-blue-3-pk\/"},"modified":"2026-04-17T12:18:52","modified_gmt":"2026-04-17T10:18:52","slug":"nap-leuchtnocken-universal-adapter-g-x-h-s","status":"publish","type":"product","link":"https:\/\/bogensportdiscount.ch\/it\/prodotto\/nap-leuchtnocken-universal-adapter-g-x-h-s\/","title":{"rendered":"COCCA ILLUMINATA NAP THUNDERGLO"},"content":{"rendered":"<p>Die NAP Universal Collars sind Adapter-Ringe f\u00fcr NAP Leuchtnocken und erm\u00f6glichen deren Einsatz mit verschiedenen Pfeilschaft-Typen. Die Bezeichnung G\/X\/H\/S steht f\u00fcr die unterst\u00fctzten Schaftdurchmesser-Standards, wodurch eine breite Kompatibilit\u00e4t mit g\u00e4ngigen Pfeilsch\u00e4ften gew\u00e4hrleistet wird.<\/p>\n<p>Die Collars sind in drei Farben erh\u00e4ltlich \u2013 Blau, Gr\u00fcn und Rot \u2013 und k\u00f6nnen je nach Bedarf in einer 3er- oder 6er-Packung bezogen werden.<\/p>\n<ul>\n<li>Kompatibel mit G-, X-, H- und S-Schafttypen<\/li>\n<li>Erh\u00e4ltlich in Blau, Gr\u00fcn und Rot<\/li>\n<li>Packungsgr\u00f6sse: 3 oder 6 St\u00fcck<\/li>\n<li>Prodotto negli Stati Uniti<\/li>\n<\/ul>","protected":false},"excerpt":{"rendered":"<p>Universelle Adapter-Ringe von NAP f\u00fcr Leuchtnocken, kompatibel mit G-, X-, H- und S-Schaft-Typen. Erh\u00e4ltlich in den Farben Blau, Gr\u00fcn und Rot, in Packungen zu 3 oder 6 St\u00fcck.<\/p>","protected":false},"featured_media":451777,"comment_status":"open","ping_status":"closed","template":"","meta":[],"product_brand":[557],"product_cat":[4254],"product_tag":[],"class_list":{"0":"post-412208","1":"product","2":"type-product","3":"status-publish","4":"has-post-thumbnail","6":"product_brand-nap","7":"product_cat-leuchtnocken-vanes-nocks-wraps","9":"first","10":"instock","11":"shipping-taxable","12":"purchasable","13":"product-type-variable"},"_links":{"self":[{"href":"https:\/\/bogensportdiscount.ch\/it\/wp-json\/wp\/v2\/product\/412208","targetHints":{"allow":["GET"]}}],"collection":[{"href":"https:\/\/bogensportdiscount.ch\/it\/wp-json\/wp\/v2\/product"}],"about":[{"href":"https:\/\/bogensportdiscount.ch\/it\/wp-json\/wp\/v2\/types\/product"}],"replies":[{"embeddable":true,"href":"https:\/\/bogensportdiscount.ch\/it\/wp-json\/wp\/v2\/comments?post=412208"}],"wp:featuredmedia":[{"embeddable":true,"href":"https:\/\/bogensportdiscount.ch\/it\/wp-json\/wp\/v2\/media\/451777"}],"wp:attachment":[{"href":"https:\/\/bogensportdiscount.ch\/it\/wp-json\/wp\/v2\/media?parent=412208"}],"wp:term":[{"taxonomy":"product_brand","embeddable":true,"href":"https:\/\/bogensportdiscount.ch\/it\/wp-json\/wp\/v2\/product_brand?post=412208"},{"taxonomy":"product_cat","embeddable":true,"href":"https:\/\/bogensportdiscount.ch\/it\/wp-json\/wp\/v2\/product_cat?post=412208"},{"taxonomy":"product_tag","embeddable":true,"href":"https:\/\/bogensportdiscount.ch\/it\/wp-json\/wp\/v2\/product_tag?post=412208"}],"curies":[{"name":"wp","href":"https:\/\/api.w.org\/{rel}","templated":true}]}}