{"id":412162,"date":"2026-04-05T15:04:56","date_gmt":"2026-04-05T13:04:56","guid":{"rendered":"https:\/\/bogensportdiscount.ch\/produkt\/peep-sight-tec-peep-kit-45-with-2-clarifiers-and-5-apertures\/"},"modified":"2026-04-17T15:42:27","modified_gmt":"2026-04-17T13:42:27","slug":"avalon-peep-sight-tec-peep-kit","status":"publish","type":"product","link":"https:\/\/bogensportdiscount.ch\/it\/prodotto\/avalon-peep-sight-tec-peep-kit\/","title":{"rendered":"KIT PEEP AVALON TEC PEEPSIGHT"},"content":{"rendered":"<p>Das AVALON Tec Peep Kit bietet alles, was f\u00fcr die Installation eines Peep-Sights an der Compoundbogen-Sehne ben\u00f6tigt wird. Als komplettes Kit ist es besonders praktisch f\u00fcr Sch\u00fctzen, die ihr Visierungssystem selbst einrichten oder ersetzen m\u00f6chten.<\/p>\n<p>Peep-Sights dienen als hinteres Visierelement beim Compound-Bogenschiessen und erm\u00f6glichen eine pr\u00e4zise Ausrichtung des Auges zur Sehne und zum vorderen Visier. Das Kit von AVALON ist auf einfache Handhabung ausgelegt.<\/p>\n<ul>\n<li>Komplettes Peep-Sight-Set f\u00fcr Compoundb\u00f6gen<\/li>\n<li>Alle Montageteile im Lieferumfang enthalten<\/li>\n<li>Marke: AVALON<\/li>\n<li>Hergestellt in China<\/li>\n<\/ul>","protected":false},"excerpt":{"rendered":"<p>Das AVALON Tec Peep Kit ist ein komplettes Peep-Sight-Set f\u00fcr Compoundb\u00f6gen. Es enth\u00e4lt alle notwendigen Komponenten zur einfachen Montage und zuverl\u00e4ssigen Ausrichtung des Peep-Sights auf der Bogensehne.<\/p>","protected":false},"featured_media":451770,"comment_status":"open","ping_status":"closed","template":"","meta":[],"product_brand":[449],"product_cat":[4227],"product_tag":[],"class_list":{"0":"post-412162","1":"product","2":"type-product","3":"status-publish","4":"has-post-thumbnail","6":"product_brand-avalon","7":"product_cat-complete","9":"first","10":"instock","11":"shipping-taxable","12":"purchasable","13":"product-type-variable"},"_links":{"self":[{"href":"https:\/\/bogensportdiscount.ch\/it\/wp-json\/wp\/v2\/product\/412162","targetHints":{"allow":["GET"]}}],"collection":[{"href":"https:\/\/bogensportdiscount.ch\/it\/wp-json\/wp\/v2\/product"}],"about":[{"href":"https:\/\/bogensportdiscount.ch\/it\/wp-json\/wp\/v2\/types\/product"}],"replies":[{"embeddable":true,"href":"https:\/\/bogensportdiscount.ch\/it\/wp-json\/wp\/v2\/comments?post=412162"}],"wp:featuredmedia":[{"embeddable":true,"href":"https:\/\/bogensportdiscount.ch\/it\/wp-json\/wp\/v2\/media\/451770"}],"wp:attachment":[{"href":"https:\/\/bogensportdiscount.ch\/it\/wp-json\/wp\/v2\/media?parent=412162"}],"wp:term":[{"taxonomy":"product_brand","embeddable":true,"href":"https:\/\/bogensportdiscount.ch\/it\/wp-json\/wp\/v2\/product_brand?post=412162"},{"taxonomy":"product_cat","embeddable":true,"href":"https:\/\/bogensportdiscount.ch\/it\/wp-json\/wp\/v2\/product_cat?post=412162"},{"taxonomy":"product_tag","embeddable":true,"href":"https:\/\/bogensportdiscount.ch\/it\/wp-json\/wp\/v2\/product_tag?post=412162"}],"curies":[{"name":"wp","href":"https:\/\/api.w.org\/{rel}","templated":true}]}}