{"id":411452,"date":"2026-04-05T15:03:44","date_gmt":"2026-04-05T13:03:44","guid":{"rendered":"https:\/\/bogensportdiscount.ch\/produkt\/ultraview-windage-infinite-adjust-plate-t-rail-for-tetra-series-sights-rh\/"},"modified":"2026-04-22T14:12:04","modified_gmt":"2026-04-22T12:12:04","slug":"hha-ultraview-windage-infinite-adjust-platte-t-schiene-tetra-series-visiere","status":"publish","type":"product","link":"https:\/\/bogensportdiscount.ch\/it\/prodotto\/hha-ultraview-windage-infinite-adjust-platte-t-schiene-tetra-series-visiere\/","title":{"rendered":"HHA ULTRAVIEW WINDAGE INFINITE ADJUST PLATTE &amp; T-RAIL FUER TETRA SERIE VISIERE"},"content":{"rendered":"<p>Die HHA UltraView Windage Infinite Adjust Platte mit T-Schiene ist ein Ersatz- und Zubeh\u00f6rteil, das speziell f\u00fcr die Tetra Series Visiere von HHA entwickelt wurde. Sie erm\u00f6glicht eine stufenlose horizontale Windage-Justierung f\u00fcr eine pr\u00e4zise Ausrichtung des Visiers.<\/p>\n<p>Das Teil ist in Ausf\u00fchrungen f\u00fcr Rechtshand- sowie Linkshandbogen erh\u00e4ltlich und l\u00e4sst sich passgenau in die vorhandene Tetra Series Halterung integrieren.<\/p>\n<ul>\n<li>Stufenlose Windage-Einstellung (Infinite Adjust)<\/li>\n<li>T-Schiene f\u00fcr stabile Visiermontage<\/li>\n<li>Kompatibel mit HHA Tetra Series Visieren<\/li>\n<li>Disponibile per destrorsi e mancini<\/li>\n<\/ul>","protected":false},"excerpt":{"rendered":"<p>Windage Infinite Adjust Platte mit T-Schiene von HHA, kompatibel mit den Tetra Series Visieren. Erh\u00e4ltlich f\u00fcr Rechtshand- und Linkshandbogen. Hergestellt in den USA.<\/p>","protected":false},"featured_media":523527,"comment_status":"open","ping_status":"closed","template":"","meta":[],"product_brand":[528],"product_cat":[4134],"product_tag":[],"class_list":{"0":"post-411452","1":"product","2":"type-product","3":"status-publish","4":"has-post-thumbnail","6":"product_brand-hha","7":"product_cat-einzelteile-fur-jagd-und-3d","8":"product_shipping_class-bsd-standard","10":"first","11":"instock","12":"shipping-taxable","13":"purchasable","14":"product-type-variable"},"yoast_head":"<!-- This site is optimized with the Yoast SEO plugin v27.4 - https:\/\/yoast.com\/product\/yoast-seo-wordpress\/ -->\n<title>Piastra HHA ULTRAVIEW WINDAGE INFINITE ADJUST e binario a T per visiere della serie TETRA - Bogensportdiscount \u2013 Archi, frecce, bersagli e accessori<\/title>\n<meta name=\"description\" content=\"Piastra HHA ULTRAVIEW WINDAGE INFINITE ADJUST e binario a T per visiere della serie TETRA: acquista a un prezzo vantaggioso su Bogensportdiscount \u2013 Marchi di punta, spedizione veloce dalla Svizzera.\" \/>\n<meta name=\"robots\" content=\"index, follow, max-snippet:-1, max-image-preview:large, max-video-preview:-1\" \/>\n<link rel=\"canonical\" href=\"https:\/\/bogensportdiscount.ch\/it\/prodotto\/hha-ultraview-windage-infinite-adjust-platte-t-schiene-tetra-series-visiere\/\" \/>\n<meta property=\"og:locale\" content=\"it_IT\" \/>\n<meta property=\"og:type\" content=\"article\" \/>\n<meta property=\"og:title\" content=\"Piastra HHA ULTRAVIEW WINDAGE INFINITE ADJUST e binario a T per visiere della serie TETRA - Bogensportdiscount \u2013 Archi, frecce, bersagli e accessori\" \/>\n<meta property=\"og:description\" content=\"Piastra HHA ULTRAVIEW WINDAGE INFINITE ADJUST e binario a T per visiere della serie TETRA: acquista a un prezzo vantaggioso su Bogensportdiscount \u2013 Marchi di punta, spedizione veloce dalla Svizzera.\" \/>\n<meta property=\"og:url\" content=\"https:\/\/bogensportdiscount.ch\/it\/prodotto\/hha-ultraview-windage-infinite-adjust-platte-t-schiene-tetra-series-visiere\/\" \/>\n<meta property=\"og:site_name\" content=\"Bogensportdiscount \u2013 B\u00f6gen, Pfeile, Targets &amp; Zubeh\u00f6r\" \/>\n<meta property=\"article:modified_time\" content=\"2026-04-22T12:12:04+00:00\" \/>\n<meta property=\"og:image\" content=\"https:\/\/bogensportdiscount.ch\/wp-content\/uploads\/bsm-images\/A069076_1.png\" \/>\n\t<meta property=\"og:image:width\" content=\"849\" \/>\n\t<meta property=\"og:image:height\" content=\"815\" \/>\n\t<meta property=\"og:image:type\" content=\"image\/png\" \/>\n<meta name=\"twitter:card\" content=\"summary_large_image\" \/>\n<script type=\"application\/ld+json\" class=\"yoast-schema-graph\">{\"@context\":\"https:\\\/\\\/schema.org\",\"@graph\":[{\"@type\":\"WebPage\",\"@id\":\"https:\\\/\\\/bogensportdiscount.ch\\\/produkt\\\/hha-ultraview-windage-infinite-adjust-platte-t-schiene-tetra-series-visiere\\\/\",\"url\":\"https:\\\/\\\/bogensportdiscount.ch\\\/produkt\\\/hha-ultraview-windage-infinite-adjust-platte-t-schiene-tetra-series-visiere\\\/\",\"name\":\"HHA ULTRAVIEW WINDAGE INFINITE ADJUST PLATTE &amp; T-RAIL FUER TETRA SERIE VISIERE - Bogensportdiscount \u2013 B\u00f6gen, Pfeile, Targets &amp; Zubeh\u00f6r\",\"isPartOf\":{\"@id\":\"https:\\\/\\\/bogensportdiscount.ch\\\/#website\"},\"primaryImageOfPage\":{\"@id\":\"https:\\\/\\\/bogensportdiscount.ch\\\/produkt\\\/hha-ultraview-windage-infinite-adjust-platte-t-schiene-tetra-series-visiere\\\/#primaryimage\"},\"image\":{\"@id\":\"https:\\\/\\\/bogensportdiscount.ch\\\/produkt\\\/hha-ultraview-windage-infinite-adjust-platte-t-schiene-tetra-series-visiere\\\/#primaryimage\"},\"thumbnailUrl\":\"https:\\\/\\\/bogensportdiscount.ch\\\/wp-content\\\/uploads\\\/bsm-images\\\/A069076_1.png\",\"datePublished\":\"2026-04-05T13:03:44+00:00\",\"dateModified\":\"2026-04-22T12:12:04+00:00\",\"description\":\"HHA ULTRAVIEW WINDAGE INFINITE ADJUST PLATTE &amp; T-RAIL FUER TETRA SERIE VISIERE g\u00fcnstig kaufen bei Bogensportdiscount \u2013 Top-Marken, schneller Versand aus der Schweiz.\",\"breadcrumb\":{\"@id\":\"https:\\\/\\\/bogensportdiscount.ch\\\/produkt\\\/hha-ultraview-windage-infinite-adjust-platte-t-schiene-tetra-series-visiere\\\/#breadcrumb\"},\"inLanguage\":\"it-IT\",\"potentialAction\":[{\"@type\":\"ReadAction\",\"target\":[\"https:\\\/\\\/bogensportdiscount.ch\\\/produkt\\\/hha-ultraview-windage-infinite-adjust-platte-t-schiene-tetra-series-visiere\\\/\"]}]},{\"@type\":\"ImageObject\",\"inLanguage\":\"it-IT\",\"@id\":\"https:\\\/\\\/bogensportdiscount.ch\\\/produkt\\\/hha-ultraview-windage-infinite-adjust-platte-t-schiene-tetra-series-visiere\\\/#primaryimage\",\"url\":\"https:\\\/\\\/bogensportdiscount.ch\\\/wp-content\\\/uploads\\\/bsm-images\\\/A069076_1.png\",\"contentUrl\":\"https:\\\/\\\/bogensportdiscount.ch\\\/wp-content\\\/uploads\\\/bsm-images\\\/A069076_1.png\",\"width\":849,\"height\":815},{\"@type\":\"BreadcrumbList\",\"@id\":\"https:\\\/\\\/bogensportdiscount.ch\\\/produkt\\\/hha-ultraview-windage-infinite-adjust-platte-t-schiene-tetra-series-visiere\\\/#breadcrumb\",\"itemListElement\":[{\"@type\":\"ListItem\",\"position\":1,\"name\":\"Home\",\"item\":\"https:\\\/\\\/bogensportdiscount.ch\\\/\"},{\"@type\":\"ListItem\",\"position\":2,\"name\":\"Shop\",\"item\":\"https:\\\/\\\/bogensportdiscount.ch\\\/shop\\\/\"},{\"@type\":\"ListItem\",\"position\":3,\"name\":\"HHA ULTRAVIEW WINDAGE INFINITE ADJUST PLATTE &amp; T-RAIL FUER TETRA SERIE VISIERE\"}]},{\"@type\":\"WebSite\",\"@id\":\"https:\\\/\\\/bogensportdiscount.ch\\\/#website\",\"url\":\"https:\\\/\\\/bogensportdiscount.ch\\\/\",\"name\":\"Bogensportdiscount\",\"description\":\"\",\"potentialAction\":[{\"@type\":\"SearchAction\",\"target\":{\"@type\":\"EntryPoint\",\"urlTemplate\":\"https:\\\/\\\/bogensportdiscount.ch\\\/?s={search_term_string}\"},\"query-input\":{\"@type\":\"PropertyValueSpecification\",\"valueRequired\":true,\"valueName\":\"search_term_string\"}}],\"inLanguage\":\"it-IT\"}]}<\/script>\n<!-- \/ Yoast SEO plugin. -->","yoast_head_json":{"title":"Piastra HHA ULTRAVIEW WINDAGE INFINITE ADJUST e binario a T per visiere della serie TETRA - Bogensportdiscount \u2013 Archi, frecce, bersagli e accessori","description":"Piastra HHA ULTRAVIEW WINDAGE INFINITE ADJUST e binario a T per visiere della serie TETRA: acquista a un prezzo vantaggioso su Bogensportdiscount \u2013 Marchi di punta, spedizione veloce dalla Svizzera.","robots":{"index":"index","follow":"follow","max-snippet":"max-snippet:-1","max-image-preview":"max-image-preview:large","max-video-preview":"max-video-preview:-1"},"canonical":"https:\/\/bogensportdiscount.ch\/it\/prodotto\/hha-ultraview-windage-infinite-adjust-platte-t-schiene-tetra-series-visiere\/","og_locale":"it_IT","og_type":"article","og_title":"Piastra HHA ULTRAVIEW WINDAGE INFINITE ADJUST e binario a T per visiere della serie TETRA - Bogensportdiscount \u2013 Archi, frecce, bersagli e accessori","og_description":"Piastra HHA ULTRAVIEW WINDAGE INFINITE ADJUST e binario a T per visiere della serie TETRA: acquista a un prezzo vantaggioso su Bogensportdiscount \u2013 Marchi di punta, spedizione veloce dalla Svizzera.","og_url":"https:\/\/bogensportdiscount.ch\/it\/prodotto\/hha-ultraview-windage-infinite-adjust-platte-t-schiene-tetra-series-visiere\/","og_site_name":"Bogensportdiscount \u2013 B\u00f6gen, Pfeile, Targets &amp; Zubeh\u00f6r","article_modified_time":"2026-04-22T12:12:04+00:00","og_image":[{"width":849,"height":815,"url":"https:\/\/bogensportdiscount.ch\/wp-content\/uploads\/bsm-images\/A069076_1.png","type":"image\/png"}],"twitter_card":"summary_large_image","schema":{"@context":"https:\/\/schema.org","@graph":[{"@type":"WebPage","@id":"https:\/\/bogensportdiscount.ch\/produkt\/hha-ultraview-windage-infinite-adjust-platte-t-schiene-tetra-series-visiere\/","url":"https:\/\/bogensportdiscount.ch\/produkt\/hha-ultraview-windage-infinite-adjust-platte-t-schiene-tetra-series-visiere\/","name":"Piastra HHA ULTRAVIEW WINDAGE INFINITE ADJUST e binario a T per visiere della serie TETRA - Bogensportdiscount \u2013 Archi, frecce, bersagli e accessori","isPartOf":{"@id":"https:\/\/bogensportdiscount.ch\/#website"},"primaryImageOfPage":{"@id":"https:\/\/bogensportdiscount.ch\/produkt\/hha-ultraview-windage-infinite-adjust-platte-t-schiene-tetra-series-visiere\/#primaryimage"},"image":{"@id":"https:\/\/bogensportdiscount.ch\/produkt\/hha-ultraview-windage-infinite-adjust-platte-t-schiene-tetra-series-visiere\/#primaryimage"},"thumbnailUrl":"https:\/\/bogensportdiscount.ch\/wp-content\/uploads\/bsm-images\/A069076_1.png","datePublished":"2026-04-05T13:03:44+00:00","dateModified":"2026-04-22T12:12:04+00:00","description":"Piastra HHA ULTRAVIEW WINDAGE INFINITE ADJUST e binario a T per visiere della serie TETRA: acquista a un prezzo vantaggioso su Bogensportdiscount \u2013 Marchi di punta, spedizione veloce dalla Svizzera.","breadcrumb":{"@id":"https:\/\/bogensportdiscount.ch\/produkt\/hha-ultraview-windage-infinite-adjust-platte-t-schiene-tetra-series-visiere\/#breadcrumb"},"inLanguage":"it-IT","potentialAction":[{"@type":"ReadAction","target":["https:\/\/bogensportdiscount.ch\/produkt\/hha-ultraview-windage-infinite-adjust-platte-t-schiene-tetra-series-visiere\/"]}]},{"@type":"ImageObject","inLanguage":"it-IT","@id":"https:\/\/bogensportdiscount.ch\/produkt\/hha-ultraview-windage-infinite-adjust-platte-t-schiene-tetra-series-visiere\/#primaryimage","url":"https:\/\/bogensportdiscount.ch\/wp-content\/uploads\/bsm-images\/A069076_1.png","contentUrl":"https:\/\/bogensportdiscount.ch\/wp-content\/uploads\/bsm-images\/A069076_1.png","width":849,"height":815},{"@type":"BreadcrumbList","@id":"https:\/\/bogensportdiscount.ch\/produkt\/hha-ultraview-windage-infinite-adjust-platte-t-schiene-tetra-series-visiere\/#breadcrumb","itemListElement":[{"@type":"ListItem","position":1,"name":"Home","item":"https:\/\/bogensportdiscount.ch\/"},{"@type":"ListItem","position":2,"name":"Shop","item":"https:\/\/bogensportdiscount.ch\/shop\/"},{"@type":"ListItem","position":3,"name":"HHA ULTRAVIEW WINDAGE INFINITE ADJUST PLATTE &amp; T-RAIL FUER TETRA SERIE VISIERE"}]},{"@type":"WebSite","@id":"https:\/\/bogensportdiscount.ch\/#website","url":"https:\/\/bogensportdiscount.ch\/","name":"Bogensportdiscount","description":"","potentialAction":[{"@type":"SearchAction","target":{"@type":"EntryPoint","urlTemplate":"https:\/\/bogensportdiscount.ch\/?s={search_term_string}"},"query-input":{"@type":"PropertyValueSpecification","valueRequired":true,"valueName":"search_term_string"}}],"inLanguage":"it-IT"}]}},"_links":{"self":[{"href":"https:\/\/bogensportdiscount.ch\/it\/wp-json\/wp\/v2\/product\/411452","targetHints":{"allow":["GET"]}}],"collection":[{"href":"https:\/\/bogensportdiscount.ch\/it\/wp-json\/wp\/v2\/product"}],"about":[{"href":"https:\/\/bogensportdiscount.ch\/it\/wp-json\/wp\/v2\/types\/product"}],"replies":[{"embeddable":true,"href":"https:\/\/bogensportdiscount.ch\/it\/wp-json\/wp\/v2\/comments?post=411452"}],"wp:featuredmedia":[{"embeddable":true,"href":"https:\/\/bogensportdiscount.ch\/it\/wp-json\/wp\/v2\/media\/523527"}],"wp:attachment":[{"href":"https:\/\/bogensportdiscount.ch\/it\/wp-json\/wp\/v2\/media?parent=411452"}],"wp:term":[{"taxonomy":"product_brand","embeddable":true,"href":"https:\/\/bogensportdiscount.ch\/it\/wp-json\/wp\/v2\/product_brand?post=411452"},{"taxonomy":"product_cat","embeddable":true,"href":"https:\/\/bogensportdiscount.ch\/it\/wp-json\/wp\/v2\/product_cat?post=411452"},{"taxonomy":"product_tag","embeddable":true,"href":"https:\/\/bogensportdiscount.ch\/it\/wp-json\/wp\/v2\/product_tag?post=411452"}],"curies":[{"name":"wp","href":"https:\/\/api.w.org\/{rel}","templated":true}]}}