{"id":411447,"date":"2026-04-05T15:03:43","date_gmt":"2026-04-05T13:03:43","guid":{"rendered":"https:\/\/bogensportdiscount.ch\/produkt\/lighted-nocks-id6-2-244-arrows-green-4-pk\/"},"modified":"2026-04-17T15:42:26","modified_gmt":"2026-04-17T13:42:26","slug":"skylon-leuchtnocken-id62-244","status":"publish","type":"product","link":"https:\/\/bogensportdiscount.ch\/it\/prodotto\/skylon-leuchtnocken-id62-244\/","title":{"rendered":"SKYLON ID6.2 \/ .244 COCCA ILLUMINATA"},"content":{"rendered":"<p>Die SKYLON Leuchtnocken ID6.2 \/ .244 sind passend f\u00fcr Pfeile mit einem Innendurchmesser von 6.2 mm resp. .244&#8243;. Sie erm\u00f6glichen eine einfache Trefferortung unter schlechten Lichtverh\u00e4ltnissen oder beim Schiessen in der D\u00e4mmerung.<\/p>\n<p>Die Nocken werden direkt in den Schaftabschluss eingesetzt und leuchten beim Abschuss auf, was das Auffinden des Pfeils im Gel\u00e4nde deutlich erleichtert.<\/p>\n<ul>\n<li>Passend f\u00fcr Pfeile mit ID 6.2 mm \/ .244&#8243;<\/li>\n<li>Erh\u00e4ltlich in Blau, Gr\u00fcn und Rot<\/li>\n<li>Einfache Montage im Schaftende<\/li>\n<li>Geeignet f\u00fcr Training und Jagd<\/li>\n<\/ul>","protected":false},"excerpt":{"rendered":"<p>SKYLON Leuchtnocken f\u00fcr Pfeile mit einem Innendurchmesser von 6.2 mm \/ .244&#8243;. Erh\u00e4ltlich in den Farben Blau, Gr\u00fcn und Rot.<\/p>","protected":false},"featured_media":451749,"comment_status":"open","ping_status":"closed","template":"","meta":[],"product_brand":[457],"product_cat":[4254],"product_tag":[],"class_list":{"0":"post-411447","1":"product","2":"type-product","3":"status-publish","4":"has-post-thumbnail","6":"product_brand-skylon","7":"product_cat-leuchtnocken-vanes-nocks-wraps","9":"first","10":"instock","11":"shipping-taxable","12":"purchasable","13":"product-type-variable"},"_links":{"self":[{"href":"https:\/\/bogensportdiscount.ch\/it\/wp-json\/wp\/v2\/product\/411447","targetHints":{"allow":["GET"]}}],"collection":[{"href":"https:\/\/bogensportdiscount.ch\/it\/wp-json\/wp\/v2\/product"}],"about":[{"href":"https:\/\/bogensportdiscount.ch\/it\/wp-json\/wp\/v2\/types\/product"}],"replies":[{"embeddable":true,"href":"https:\/\/bogensportdiscount.ch\/it\/wp-json\/wp\/v2\/comments?post=411447"}],"wp:featuredmedia":[{"embeddable":true,"href":"https:\/\/bogensportdiscount.ch\/it\/wp-json\/wp\/v2\/media\/451749"}],"wp:attachment":[{"href":"https:\/\/bogensportdiscount.ch\/it\/wp-json\/wp\/v2\/media?parent=411447"}],"wp:term":[{"taxonomy":"product_brand","embeddable":true,"href":"https:\/\/bogensportdiscount.ch\/it\/wp-json\/wp\/v2\/product_brand?post=411447"},{"taxonomy":"product_cat","embeddable":true,"href":"https:\/\/bogensportdiscount.ch\/it\/wp-json\/wp\/v2\/product_cat?post=411447"},{"taxonomy":"product_tag","embeddable":true,"href":"https:\/\/bogensportdiscount.ch\/it\/wp-json\/wp\/v2\/product_tag?post=411447"}],"curies":[{"name":"wp","href":"https:\/\/api.w.org\/{rel}","templated":true}]}}