{"id":411394,"date":"2026-04-05T15:03:35","date_gmt":"2026-04-05T13:03:35","guid":{"rendered":"https:\/\/bogensportdiscount.ch\/produkt\/hand-model-select-medium-3-or-4-finger\/"},"modified":"2026-04-17T15:42:26","modified_gmt":"2026-04-17T13:42:26","slug":"scott-hand-release-select","status":"publish","type":"product","link":"https:\/\/bogensportdiscount.ch\/it\/prodotto\/scott-hand-release-select\/","title":{"rendered":"SCOTT SELECT RILASCIO DELLA TENSIONE DORSALE"},"content":{"rendered":"<p>Der SCOTT Hand Release Select ist ein handgehaltener Abziehhilfe aus dem Sortiment von SCOTT. Hand Releases werden ohne Befestigung am Handgelenk gehalten und bieten Bogensch\u00fctzen eine direkte Kontrolle \u00fcber den Abschuss.<\/p>\n<p>Das Modell Select ist in den Gr\u00f6ssen M (Medium) und L (Large) erh\u00e4ltlich, um eine ergonomische Passform f\u00fcr unterschiedliche Handgr\u00f6ssen zu gew\u00e4hrleisten.<\/p>\n<ul>\n<li>Handgef\u00fchrter Release (kein Handgelenksband)<\/li>\n<li>Verf\u00fcgbar in Gr\u00f6sse M und L<\/li>\n<li>Geeignet f\u00fcr Compound-Bogen<\/li>\n<li>Von der Marke SCOTT, einem etablierten Hersteller im Bereich Releases<\/li>\n<\/ul>","protected":false},"excerpt":{"rendered":"<p><strong>Marchio:<\/strong> Scott<\/p>","protected":false},"featured_media":439012,"comment_status":"open","ping_status":"closed","template":"","meta":[],"product_brand":[614],"product_cat":[4348],"product_tag":[],"class_list":{"0":"post-411394","1":"product","2":"type-product","3":"status-publish","4":"has-post-thumbnail","6":"product_brand-scott","7":"product_cat-back-tension-releases","9":"first","10":"instock","11":"shipping-taxable","12":"purchasable","13":"product-type-variable"},"_links":{"self":[{"href":"https:\/\/bogensportdiscount.ch\/it\/wp-json\/wp\/v2\/product\/411394","targetHints":{"allow":["GET"]}}],"collection":[{"href":"https:\/\/bogensportdiscount.ch\/it\/wp-json\/wp\/v2\/product"}],"about":[{"href":"https:\/\/bogensportdiscount.ch\/it\/wp-json\/wp\/v2\/types\/product"}],"replies":[{"embeddable":true,"href":"https:\/\/bogensportdiscount.ch\/it\/wp-json\/wp\/v2\/comments?post=411394"}],"wp:featuredmedia":[{"embeddable":true,"href":"https:\/\/bogensportdiscount.ch\/it\/wp-json\/wp\/v2\/media\/439012"}],"wp:attachment":[{"href":"https:\/\/bogensportdiscount.ch\/it\/wp-json\/wp\/v2\/media?parent=411394"}],"wp:term":[{"taxonomy":"product_brand","embeddable":true,"href":"https:\/\/bogensportdiscount.ch\/it\/wp-json\/wp\/v2\/product_brand?post=411394"},{"taxonomy":"product_cat","embeddable":true,"href":"https:\/\/bogensportdiscount.ch\/it\/wp-json\/wp\/v2\/product_cat?post=411394"},{"taxonomy":"product_tag","embeddable":true,"href":"https:\/\/bogensportdiscount.ch\/it\/wp-json\/wp\/v2\/product_tag?post=411394"}],"curies":[{"name":"wp","href":"https:\/\/api.w.org\/{rel}","templated":true}]}}