{"id":410747,"date":"2026-04-05T15:02:31","date_gmt":"2026-04-05T13:02:31","guid":{"rendered":"https:\/\/bogensportdiscount.ch\/produkt\/vanes-griffin-2-white-40-pk\/"},"modified":"2026-04-17T13:47:55","modified_gmt":"2026-04-17T11:47:55","slug":"bohning-vanes-griffin-2-zoll","status":"publish","type":"product","link":"https:\/\/bogensportdiscount.ch\/it\/prodotto\/bohning-vanes-griffin-2-zoll\/","title":{"rendered":"BOHNING PALETTE GRIFFIN 2\u2033 40\/PZ."},"content":{"rendered":"<p>Die Bohning Griffin 2&#8243; Vanes sind Kunststoff-Befiederungen f\u00fcr die Pfeilbefiederung. Sie werden auf Pfeilsch\u00e4fte aufgeklebt und sorgen f\u00fcr eine stabile Flugbahn des Pfeils. Mit einer L\u00e4nge von 2 Zoll sind sie kompakt gehalten, was sie besonders f\u00fcr den Einsatz mit Compound-B\u00f6gen oder f\u00fcr schnelle Pfeile interessant macht.<\/p>\n<p>Die Griffin Vanes von Bohning sind in neun verschiedenen Farben erh\u00e4ltlich, sodass eine individuelle Gestaltung der Pfeile m\u00f6glich ist. Sie werden in den USA hergestellt.<\/p>\n<ul>\n<li>L\u00e4nge: 2 Zoll<\/li>\n<li>Erh\u00e4ltlich in 9 Farben: Black, Blue, Green, Orange, Pink, Red, Silver, White, Yellow<\/li>\n<li>Prodotto negli Stati Uniti<\/li>\n<li>Geeignet f\u00fcr verschiedene Pfeilsch\u00e4fte und Bogensport-Disziplinen<\/li>\n<\/ul>","protected":false},"excerpt":{"rendered":"<p>Die Bohning Griffin 2&#8243; sind Kunststoff-Befiederungen f\u00fcr Pfeile und in zahlreichen Farben erh\u00e4ltlich: Black, Blue, Green, Orange, Pink, Red, Silver, White und Yellow. Mit einer L\u00e4nge von 2 Zoll eignen sie sich f\u00fcr verschiedene Bogensport-Disziplinen.<\/p>","protected":false},"featured_media":451687,"comment_status":"open","ping_status":"closed","template":"","meta":[],"product_brand":[444],"product_cat":[4552],"product_tag":[],"class_list":{"0":"post-410747","1":"product","2":"type-product","3":"status-publish","4":"has-post-thumbnail","6":"product_brand-bohning","7":"product_cat-plastik-vanes-vanes-nocks-wraps","9":"first","10":"instock","11":"shipping-taxable","12":"purchasable","13":"product-type-variable"},"_links":{"self":[{"href":"https:\/\/bogensportdiscount.ch\/it\/wp-json\/wp\/v2\/product\/410747","targetHints":{"allow":["GET"]}}],"collection":[{"href":"https:\/\/bogensportdiscount.ch\/it\/wp-json\/wp\/v2\/product"}],"about":[{"href":"https:\/\/bogensportdiscount.ch\/it\/wp-json\/wp\/v2\/types\/product"}],"replies":[{"embeddable":true,"href":"https:\/\/bogensportdiscount.ch\/it\/wp-json\/wp\/v2\/comments?post=410747"}],"wp:featuredmedia":[{"embeddable":true,"href":"https:\/\/bogensportdiscount.ch\/it\/wp-json\/wp\/v2\/media\/451687"}],"wp:attachment":[{"href":"https:\/\/bogensportdiscount.ch\/it\/wp-json\/wp\/v2\/media?parent=410747"}],"wp:term":[{"taxonomy":"product_brand","embeddable":true,"href":"https:\/\/bogensportdiscount.ch\/it\/wp-json\/wp\/v2\/product_brand?post=410747"},{"taxonomy":"product_cat","embeddable":true,"href":"https:\/\/bogensportdiscount.ch\/it\/wp-json\/wp\/v2\/product_cat?post=410747"},{"taxonomy":"product_tag","embeddable":true,"href":"https:\/\/bogensportdiscount.ch\/it\/wp-json\/wp\/v2\/product_tag?post=410747"}],"curies":[{"name":"wp","href":"https:\/\/api.w.org\/{rel}","templated":true}]}}