{"id":410681,"date":"2026-04-05T15:02:23","date_gmt":"2026-04-05T13:02:23","guid":{"rendered":"https:\/\/bogensportdiscount.ch\/produkt\/riser-beginner-jet-metal-24-rh-66-68-70-matt-black\/"},"modified":"2026-05-14T15:26:43","modified_gmt":"2026-05-14T13:26:43","slug":"core-recurvebogen-mittelstuck-jet-metal-24","status":"publish","type":"product","link":"https:\/\/bogensportdiscount.ch\/it\/prodotto\/core-recurvebogen-mittelstuck-jet-metal-24\/","title":{"rendered":"CORE Impugnatura PER PRINCIPIANTI JET METAL 24&#8243; 66-68-70&#8243;"},"content":{"rendered":"<p>Das CORE Jet Metal Mittelst\u00fcck in 24&#8243; ist ein Recurvebogen-Riser, der speziell f\u00fcr den Einstieg in den Bogensport konzipiert wurde. Die Metallkonstruktion bietet eine solide Basis f\u00fcr Anf\u00e4nger, die mit einem zuverl\u00e4ssigen und handlichen Mittelst\u00fcck starten m\u00f6chten.<\/p>\n<p>Das Mittelst\u00fcck ist sowohl f\u00fcr Rechts- als auch f\u00fcr Linkshandsch\u00fctzen erh\u00e4ltlich und kann mit Standard-Recurvebogen-Wurfarmen kombiniert werden. Mit einer grossen Auswahl an Farben l\u00e4sst sich das Jet Metal individuell gestalten.<\/p>\n<ul>\n<li>Taglia: 24&#8243;<\/li>\n<li>Materiale: Metallo<\/li>\n<li>Adatte per arcieri destri e mancini<\/li>\n<li>Disponibile in 11 colori<\/li>\n<\/ul>","protected":false},"excerpt":{"rendered":"<p><strong>Lunghezza:<\/strong> 24\"<br \/><strong>Weight:<\/strong> 710 g<br \/><strong>Materiale:<\/strong> Die-cast alloy<br \/><strong>Type:<\/strong> RH and LH<br \/><strong>Pocket Fitting:<\/strong> Principiante<\/p>","protected":false},"featured_media":451677,"comment_status":"open","ping_status":"closed","template":"","meta":[],"product_brand":[423],"product_cat":[4519],"product_tag":[],"class_list":{"0":"post-410681","1":"product","2":"type-product","3":"status-publish","4":"has-post-thumbnail","6":"product_brand-core","7":"product_cat-recurve-mittelteile","8":"product_shipping_class-bsd-standard","10":"first","11":"instock","12":"shipping-taxable","13":"purchasable","14":"product-type-variable"},"yoast_head":"<!-- This site is optimized with the Yoast SEO plugin v27.6 - https:\/\/yoast.com\/product\/yoast-seo-wordpress\/ -->\n<title>CORE Impugnatura PER PRINCIPIANTI JET METAL 24&quot; 66-68-70&quot; - Bogensportdiscount \u2013 Archi, Frecce, Bersagli &amp; Accessori<\/title>\n<meta name=\"description\" content=\"Acquisti CORE Impugnatura PER PRINCIPIANTI JET METAL 24&quot; 66-68-70&quot; a un prezzo vantaggioso su Bogensportdiscount \u2013 Le migliori marche, spedizione veloce dalla Svizzera.\" \/>\n<meta name=\"robots\" content=\"index, follow, max-snippet:-1, max-image-preview:large, max-video-preview:-1\" \/>\n<link rel=\"canonical\" href=\"https:\/\/bogensportdiscount.ch\/it\/prodotto\/core-recurvebogen-mittelstuck-jet-metal-24\/\" \/>\n<meta property=\"og:locale\" content=\"it_IT\" \/>\n<meta property=\"og:type\" content=\"article\" \/>\n<meta property=\"og:title\" content=\"CORE Impugnatura PER PRINCIPIANTI JET METAL 24&quot; 66-68-70&quot; - Bogensportdiscount \u2013 Archi, Frecce, Bersagli &amp; Accessori\" \/>\n<meta property=\"og:description\" content=\"Acquisti CORE Impugnatura PER PRINCIPIANTI JET METAL 24&quot; 66-68-70&quot; a un prezzo vantaggioso su Bogensportdiscount \u2013 Le migliori marche, spedizione veloce dalla Svizzera.\" \/>\n<meta property=\"og:url\" content=\"https:\/\/bogensportdiscount.ch\/it\/prodotto\/core-recurvebogen-mittelstuck-jet-metal-24\/\" \/>\n<meta property=\"og:site_name\" content=\"Bogensportdiscount \u2013 B\u00f6gen, Pfeile, Targets &amp; Zubeh\u00f6r\" \/>\n<meta property=\"article:modified_time\" content=\"2026-05-14T13:26:43+00:00\" \/>\n<meta property=\"og:image\" content=\"https:\/\/bogensportdiscount.ch\/wp-content\/uploads\/bsm-images\/A066680_1.png\" \/>\n\t<meta property=\"og:image:width\" content=\"1004\" \/>\n\t<meta property=\"og:image:height\" content=\"6738\" \/>\n\t<meta property=\"og:image:type\" content=\"image\/png\" \/>\n<meta name=\"twitter:card\" content=\"summary_large_image\" \/>\n<script type=\"application\/ld+json\" class=\"yoast-schema-graph\">{\"@context\":\"https:\\\/\\\/schema.org\",\"@graph\":[{\"@type\":\"WebPage\",\"@id\":\"https:\\\/\\\/bogensportdiscount.ch\\\/produkt\\\/core-recurvebogen-mittelstuck-jet-metal-24\\\/\",\"url\":\"https:\\\/\\\/bogensportdiscount.ch\\\/produkt\\\/core-recurvebogen-mittelstuck-jet-metal-24\\\/\",\"name\":\"CORE Mittelteil F\u00dcR ANF\u00c4NGER JET METAL 24\\\" 66-68-70\\\" - Bogensportdiscount \u2013 B\u00f6gen, Pfeile, Targets &amp; Zubeh\u00f6r\",\"isPartOf\":{\"@id\":\"https:\\\/\\\/bogensportdiscount.ch\\\/#website\"},\"primaryImageOfPage\":{\"@id\":\"https:\\\/\\\/bogensportdiscount.ch\\\/produkt\\\/core-recurvebogen-mittelstuck-jet-metal-24\\\/#primaryimage\"},\"image\":{\"@id\":\"https:\\\/\\\/bogensportdiscount.ch\\\/produkt\\\/core-recurvebogen-mittelstuck-jet-metal-24\\\/#primaryimage\"},\"thumbnailUrl\":\"https:\\\/\\\/bogensportdiscount.ch\\\/wp-content\\\/uploads\\\/bsm-images\\\/A066680_1.png\",\"datePublished\":\"2026-04-05T13:02:23+00:00\",\"dateModified\":\"2026-05-14T13:26:43+00:00\",\"description\":\"CORE Mittelteil F\u00dcR ANF\u00c4NGER JET METAL 24\\\" 66-68-70\\\" g\u00fcnstig kaufen bei Bogensportdiscount \u2013 Top-Marken, schneller Versand aus der Schweiz.\",\"breadcrumb\":{\"@id\":\"https:\\\/\\\/bogensportdiscount.ch\\\/produkt\\\/core-recurvebogen-mittelstuck-jet-metal-24\\\/#breadcrumb\"},\"inLanguage\":\"it-IT\",\"potentialAction\":[{\"@type\":\"ReadAction\",\"target\":[\"https:\\\/\\\/bogensportdiscount.ch\\\/produkt\\\/core-recurvebogen-mittelstuck-jet-metal-24\\\/\"]}]},{\"@type\":\"ImageObject\",\"inLanguage\":\"it-IT\",\"@id\":\"https:\\\/\\\/bogensportdiscount.ch\\\/produkt\\\/core-recurvebogen-mittelstuck-jet-metal-24\\\/#primaryimage\",\"url\":\"https:\\\/\\\/bogensportdiscount.ch\\\/wp-content\\\/uploads\\\/bsm-images\\\/A066680_1.png\",\"contentUrl\":\"https:\\\/\\\/bogensportdiscount.ch\\\/wp-content\\\/uploads\\\/bsm-images\\\/A066680_1.png\",\"width\":1004,\"height\":6738},{\"@type\":\"BreadcrumbList\",\"@id\":\"https:\\\/\\\/bogensportdiscount.ch\\\/produkt\\\/core-recurvebogen-mittelstuck-jet-metal-24\\\/#breadcrumb\",\"itemListElement\":[{\"@type\":\"ListItem\",\"position\":1,\"name\":\"Home\",\"item\":\"https:\\\/\\\/bogensportdiscount.ch\\\/\"},{\"@type\":\"ListItem\",\"position\":2,\"name\":\"Shop\",\"item\":\"https:\\\/\\\/bogensportdiscount.ch\\\/shop\\\/\"},{\"@type\":\"ListItem\",\"position\":3,\"name\":\"CORE Mittelteil F\u00dcR ANF\u00c4NGER JET METAL 24&#8243; 66-68-70&#8243;\"}]},{\"@type\":\"WebSite\",\"@id\":\"https:\\\/\\\/bogensportdiscount.ch\\\/#website\",\"url\":\"https:\\\/\\\/bogensportdiscount.ch\\\/\",\"name\":\"Bogensportdiscount\",\"description\":\"\",\"potentialAction\":[{\"@type\":\"SearchAction\",\"target\":{\"@type\":\"EntryPoint\",\"urlTemplate\":\"https:\\\/\\\/bogensportdiscount.ch\\\/?s={search_term_string}\"},\"query-input\":{\"@type\":\"PropertyValueSpecification\",\"valueRequired\":true,\"valueName\":\"search_term_string\"}}],\"inLanguage\":\"it-IT\"}]}<\/script>\n<!-- \/ Yoast SEO plugin. -->","yoast_head_json":{"title":"CORE Impugnatura PER PRINCIPIANTI JET METAL 24\" 66-68-70\" - Bogensportdiscount \u2013 Archi, Frecce, Bersagli &amp; Accessori","description":"Acquisti CORE Impugnatura PER PRINCIPIANTI JET METAL 24\" 66-68-70\" a un prezzo vantaggioso su Bogensportdiscount \u2013 Le migliori marche, spedizione veloce dalla Svizzera.","robots":{"index":"index","follow":"follow","max-snippet":"max-snippet:-1","max-image-preview":"max-image-preview:large","max-video-preview":"max-video-preview:-1"},"canonical":"https:\/\/bogensportdiscount.ch\/it\/prodotto\/core-recurvebogen-mittelstuck-jet-metal-24\/","og_locale":"it_IT","og_type":"article","og_title":"CORE Impugnatura PER PRINCIPIANTI JET METAL 24\" 66-68-70\" - Bogensportdiscount \u2013 Archi, Frecce, Bersagli &amp; Accessori","og_description":"Acquisti CORE Impugnatura PER PRINCIPIANTI JET METAL 24\" 66-68-70\" a un prezzo vantaggioso su Bogensportdiscount \u2013 Le migliori marche, spedizione veloce dalla Svizzera.","og_url":"https:\/\/bogensportdiscount.ch\/it\/prodotto\/core-recurvebogen-mittelstuck-jet-metal-24\/","og_site_name":"Bogensportdiscount \u2013 B\u00f6gen, Pfeile, Targets &amp; Zubeh\u00f6r","article_modified_time":"2026-05-14T13:26:43+00:00","og_image":[{"url":"https:\/\/bogensportdiscount.ch\/wp-content\/uploads\/bsm-images\/A066680_1.png","width":1004,"height":6738,"type":"image\/png"}],"twitter_card":"summary_large_image","schema":{"@context":"https:\/\/schema.org","@graph":[{"@type":"WebPage","@id":"https:\/\/bogensportdiscount.ch\/produkt\/core-recurvebogen-mittelstuck-jet-metal-24\/","url":"https:\/\/bogensportdiscount.ch\/produkt\/core-recurvebogen-mittelstuck-jet-metal-24\/","name":"CORE Impugnatura PER PRINCIPIANTI JET METAL 24\" 66-68-70\" - Bogensportdiscount \u2013 Archi, Frecce, Bersagli &amp; Accessori","isPartOf":{"@id":"https:\/\/bogensportdiscount.ch\/#website"},"primaryImageOfPage":{"@id":"https:\/\/bogensportdiscount.ch\/produkt\/core-recurvebogen-mittelstuck-jet-metal-24\/#primaryimage"},"image":{"@id":"https:\/\/bogensportdiscount.ch\/produkt\/core-recurvebogen-mittelstuck-jet-metal-24\/#primaryimage"},"thumbnailUrl":"https:\/\/bogensportdiscount.ch\/wp-content\/uploads\/bsm-images\/A066680_1.png","datePublished":"2026-04-05T13:02:23+00:00","dateModified":"2026-05-14T13:26:43+00:00","description":"Acquisti CORE Impugnatura PER PRINCIPIANTI JET METAL 24\" 66-68-70\" a un prezzo vantaggioso su Bogensportdiscount \u2013 Le migliori marche, spedizione veloce dalla Svizzera.","breadcrumb":{"@id":"https:\/\/bogensportdiscount.ch\/produkt\/core-recurvebogen-mittelstuck-jet-metal-24\/#breadcrumb"},"inLanguage":"it-IT","potentialAction":[{"@type":"ReadAction","target":["https:\/\/bogensportdiscount.ch\/produkt\/core-recurvebogen-mittelstuck-jet-metal-24\/"]}]},{"@type":"ImageObject","inLanguage":"it-IT","@id":"https:\/\/bogensportdiscount.ch\/produkt\/core-recurvebogen-mittelstuck-jet-metal-24\/#primaryimage","url":"https:\/\/bogensportdiscount.ch\/wp-content\/uploads\/bsm-images\/A066680_1.png","contentUrl":"https:\/\/bogensportdiscount.ch\/wp-content\/uploads\/bsm-images\/A066680_1.png","width":1004,"height":6738},{"@type":"BreadcrumbList","@id":"https:\/\/bogensportdiscount.ch\/produkt\/core-recurvebogen-mittelstuck-jet-metal-24\/#breadcrumb","itemListElement":[{"@type":"ListItem","position":1,"name":"Home","item":"https:\/\/bogensportdiscount.ch\/"},{"@type":"ListItem","position":2,"name":"Shop","item":"https:\/\/bogensportdiscount.ch\/shop\/"},{"@type":"ListItem","position":3,"name":"CORE Mittelteil F\u00dcR ANF\u00c4NGER JET METAL 24&#8243; 66-68-70&#8243;"}]},{"@type":"WebSite","@id":"https:\/\/bogensportdiscount.ch\/#website","url":"https:\/\/bogensportdiscount.ch\/","name":"Bogensportdiscount","description":"","potentialAction":[{"@type":"SearchAction","target":{"@type":"EntryPoint","urlTemplate":"https:\/\/bogensportdiscount.ch\/?s={search_term_string}"},"query-input":{"@type":"PropertyValueSpecification","valueRequired":true,"valueName":"search_term_string"}}],"inLanguage":"it-IT"}]}},"_links":{"self":[{"href":"https:\/\/bogensportdiscount.ch\/it\/wp-json\/wp\/v2\/product\/410681","targetHints":{"allow":["GET"]}}],"collection":[{"href":"https:\/\/bogensportdiscount.ch\/it\/wp-json\/wp\/v2\/product"}],"about":[{"href":"https:\/\/bogensportdiscount.ch\/it\/wp-json\/wp\/v2\/types\/product"}],"replies":[{"embeddable":true,"href":"https:\/\/bogensportdiscount.ch\/it\/wp-json\/wp\/v2\/comments?post=410681"}],"wp:featuredmedia":[{"embeddable":true,"href":"https:\/\/bogensportdiscount.ch\/it\/wp-json\/wp\/v2\/media\/451677"}],"wp:attachment":[{"href":"https:\/\/bogensportdiscount.ch\/it\/wp-json\/wp\/v2\/media?parent=410681"}],"wp:term":[{"taxonomy":"product_brand","embeddable":true,"href":"https:\/\/bogensportdiscount.ch\/it\/wp-json\/wp\/v2\/product_brand?post=410681"},{"taxonomy":"product_cat","embeddable":true,"href":"https:\/\/bogensportdiscount.ch\/it\/wp-json\/wp\/v2\/product_cat?post=410681"},{"taxonomy":"product_tag","embeddable":true,"href":"https:\/\/bogensportdiscount.ch\/it\/wp-json\/wp\/v2\/product_tag?post=410681"}],"curies":[{"name":"wp","href":"https:\/\/api.w.org\/{rel}","templated":true}]}}