{"id":410669,"date":"2026-04-05T15:02:21","date_gmt":"2026-04-05T13:02:21","guid":{"rendered":"https:\/\/bogensportdiscount.ch\/produkt\/risers-aix-v3-25-rh-black\/"},"modified":"2026-05-14T15:26:43","modified_gmt":"2026-05-14T13:26:43","slug":"grayarchery-recurvebogen-mittelstuck-aix-v3-25-rh","status":"publish","type":"product","link":"https:\/\/bogensportdiscount.ch\/it\/prodotto\/grayarchery-recurvebogen-mittelstuck-aix-v3-25-rh\/","title":{"rendered":"GRAYARCHERY Impugnature AIX V3 25&#8243; RH"},"content":{"rendered":"<p>Das GRAYARCHERY AIX V3 Mittelst\u00fcck ist in einer L\u00e4nge von 25 Zoll gefertigt und richtet sich an Recurvebogensch\u00fctzen, die ein solides Griffst\u00fcck suchen. Die Rechtsh\u00e4nder-Ausf\u00fchrung (RH) ist in den Farben Schwarz und Rot erh\u00e4ltlich.<\/p>\n<p>Als zentrales Bauteil eines Recurvebogens verbindet das Mittelst\u00fcck die Wurfarme und bildet die Basis f\u00fcr Visier, Pfeilauflage und weiteres Zubeh\u00f6r. Das AIX V3 von GRAYARCHERY ist f\u00fcr den Einsatz mit kompatiblen ILF- oder systemspezifischen Wurfarmen konzipiert.<\/p>\n<ul>\n<li>Lunghezza: 25 pollici<\/li>\n<li>Versione: destrimano (RH)<\/li>\n<li>Disponibile in nero e rosso<\/li>\n<li>L'impugnatura GRAYARCHERY AIX V3 \u00e8 realizzata in una lunghezza di 25 pollici e si rivolge agli arcieri di arco ricurvo che cercano un'impugnatura solida. La versione per destrorsi (RH) \u00e8 disponibile nei colori nero e rosso.<\/li>\n<\/ul>","protected":false},"excerpt":{"rendered":"<table>\n<tr>\n<th>Propriet\u00e0<\/th>\n<th>Valore<\/th>\n<\/tr>\n<tr>\n<td>Marca<\/td>\n<td>Gray Archery<\/td>\n<\/tr>\n<tr>\n<td>Tipo<\/td>\n<td>Full CNC<\/td>\n<\/tr>\n<tr>\n<td>Materiale<\/td>\n<td>Alluminio<\/td>\n<\/tr>\n<tr>\n<td>Halter-Passung<\/td>\n<td>ILF<\/td>\n<\/tr>\n<tr>\n<td>Raccomandazione<\/td>\n<td>All poundages<\/td>\n<\/tr>\n<tr>\n<td>Paese di origine<\/td>\n<td>S\u00fcdafrika<\/td>\n<\/tr>\n<\/table>","protected":false},"featured_media":451671,"comment_status":"open","ping_status":"closed","template":"","meta":[],"product_brand":[849],"product_cat":[4519],"product_tag":[],"class_list":{"0":"post-410669","1":"product","2":"type-product","3":"status-publish","4":"has-post-thumbnail","6":"product_brand-grayarchery","7":"product_cat-recurve-mittelteile","8":"product_shipping_class-bsd-standard","10":"first","11":"instock","12":"shipping-taxable","13":"purchasable","14":"product-type-variable"},"yoast_head":"<!-- This site is optimized with the Yoast SEO plugin v27.6 - https:\/\/yoast.com\/product\/yoast-seo-wordpress\/ -->\n<title>GRAYARCHERY Sezioni centrali AIX V3 25&quot; RH - Bogensportdiscount \u2013 Archi, frecce, bersagli e accessori<\/title>\n<meta name=\"description\" content=\"Acquista a un prezzo vantaggioso i pezzi centrali GRAYARCHERY AIX V3 da 25&quot; per mano destra su Bogensportdiscount \u2013 Marchi di punta, spedizione veloce dalla Svizzera.\" \/>\n<meta name=\"robots\" content=\"index, follow, max-snippet:-1, max-image-preview:large, max-video-preview:-1\" \/>\n<link rel=\"canonical\" href=\"https:\/\/bogensportdiscount.ch\/it\/prodotto\/grayarchery-recurvebogen-mittelstuck-aix-v3-25-rh\/\" \/>\n<meta property=\"og:locale\" content=\"it_IT\" \/>\n<meta property=\"og:type\" content=\"article\" \/>\n<meta property=\"og:title\" content=\"GRAYARCHERY Sezioni centrali AIX V3 25&quot; RH - Bogensportdiscount \u2013 Archi, frecce, bersagli e accessori\" \/>\n<meta property=\"og:description\" content=\"Acquista a un prezzo vantaggioso i pezzi centrali GRAYARCHERY AIX V3 da 25&quot; per mano destra su Bogensportdiscount \u2013 Marchi di punta, spedizione veloce dalla Svizzera.\" \/>\n<meta property=\"og:url\" content=\"https:\/\/bogensportdiscount.ch\/it\/prodotto\/grayarchery-recurvebogen-mittelstuck-aix-v3-25-rh\/\" \/>\n<meta property=\"og:site_name\" content=\"Bogensportdiscount \u2013 B\u00f6gen, Pfeile, Targets &amp; Zubeh\u00f6r\" \/>\n<meta property=\"article:modified_time\" content=\"2026-05-14T13:26:43+00:00\" \/>\n<meta property=\"og:image\" content=\"https:\/\/bogensportdiscount.ch\/wp-content\/uploads\/bsm-images\/A066649_1.png\" \/>\n\t<meta property=\"og:image:width\" content=\"1429\" \/>\n\t<meta property=\"og:image:height\" content=\"6926\" \/>\n\t<meta property=\"og:image:type\" content=\"image\/png\" \/>\n<meta name=\"twitter:card\" content=\"summary_large_image\" \/>\n<script type=\"application\/ld+json\" class=\"yoast-schema-graph\">{\"@context\":\"https:\\\/\\\/schema.org\",\"@graph\":[{\"@type\":\"WebPage\",\"@id\":\"https:\\\/\\\/bogensportdiscount.ch\\\/produkt\\\/grayarchery-recurvebogen-mittelstuck-aix-v3-25-rh\\\/\",\"url\":\"https:\\\/\\\/bogensportdiscount.ch\\\/produkt\\\/grayarchery-recurvebogen-mittelstuck-aix-v3-25-rh\\\/\",\"name\":\"GRAYARCHERY Mittelteile AIX V3 25\\\" RH - Bogensportdiscount \u2013 B\u00f6gen, Pfeile, Targets &amp; Zubeh\u00f6r\",\"isPartOf\":{\"@id\":\"https:\\\/\\\/bogensportdiscount.ch\\\/#website\"},\"primaryImageOfPage\":{\"@id\":\"https:\\\/\\\/bogensportdiscount.ch\\\/produkt\\\/grayarchery-recurvebogen-mittelstuck-aix-v3-25-rh\\\/#primaryimage\"},\"image\":{\"@id\":\"https:\\\/\\\/bogensportdiscount.ch\\\/produkt\\\/grayarchery-recurvebogen-mittelstuck-aix-v3-25-rh\\\/#primaryimage\"},\"thumbnailUrl\":\"https:\\\/\\\/bogensportdiscount.ch\\\/wp-content\\\/uploads\\\/bsm-images\\\/A066649_1.png\",\"datePublished\":\"2026-04-05T13:02:21+00:00\",\"dateModified\":\"2026-05-14T13:26:43+00:00\",\"description\":\"GRAYARCHERY Mittelteile AIX V3 25\\\" RH g\u00fcnstig kaufen bei Bogensportdiscount \u2013 Top-Marken, schneller Versand aus der Schweiz.\",\"breadcrumb\":{\"@id\":\"https:\\\/\\\/bogensportdiscount.ch\\\/produkt\\\/grayarchery-recurvebogen-mittelstuck-aix-v3-25-rh\\\/#breadcrumb\"},\"inLanguage\":\"it-IT\",\"potentialAction\":[{\"@type\":\"ReadAction\",\"target\":[\"https:\\\/\\\/bogensportdiscount.ch\\\/produkt\\\/grayarchery-recurvebogen-mittelstuck-aix-v3-25-rh\\\/\"]}]},{\"@type\":\"ImageObject\",\"inLanguage\":\"it-IT\",\"@id\":\"https:\\\/\\\/bogensportdiscount.ch\\\/produkt\\\/grayarchery-recurvebogen-mittelstuck-aix-v3-25-rh\\\/#primaryimage\",\"url\":\"https:\\\/\\\/bogensportdiscount.ch\\\/wp-content\\\/uploads\\\/bsm-images\\\/A066649_1.png\",\"contentUrl\":\"https:\\\/\\\/bogensportdiscount.ch\\\/wp-content\\\/uploads\\\/bsm-images\\\/A066649_1.png\",\"width\":1429,\"height\":6926},{\"@type\":\"BreadcrumbList\",\"@id\":\"https:\\\/\\\/bogensportdiscount.ch\\\/produkt\\\/grayarchery-recurvebogen-mittelstuck-aix-v3-25-rh\\\/#breadcrumb\",\"itemListElement\":[{\"@type\":\"ListItem\",\"position\":1,\"name\":\"Home\",\"item\":\"https:\\\/\\\/bogensportdiscount.ch\\\/\"},{\"@type\":\"ListItem\",\"position\":2,\"name\":\"Shop\",\"item\":\"https:\\\/\\\/bogensportdiscount.ch\\\/shop\\\/\"},{\"@type\":\"ListItem\",\"position\":3,\"name\":\"GRAYARCHERY Mittelteile AIX V3 25&#8243; RH\"}]},{\"@type\":\"WebSite\",\"@id\":\"https:\\\/\\\/bogensportdiscount.ch\\\/#website\",\"url\":\"https:\\\/\\\/bogensportdiscount.ch\\\/\",\"name\":\"Bogensportdiscount\",\"description\":\"\",\"potentialAction\":[{\"@type\":\"SearchAction\",\"target\":{\"@type\":\"EntryPoint\",\"urlTemplate\":\"https:\\\/\\\/bogensportdiscount.ch\\\/?s={search_term_string}\"},\"query-input\":{\"@type\":\"PropertyValueSpecification\",\"valueRequired\":true,\"valueName\":\"search_term_string\"}}],\"inLanguage\":\"it-IT\"}]}<\/script>\n<!-- \/ Yoast SEO plugin. -->","yoast_head_json":{"title":"GRAYARCHERY Sezioni centrali AIX V3 25&quot; RH - Bogensportdiscount \u2013 Archi, frecce, bersagli e accessori","description":"Acquista a un prezzo vantaggioso i pezzi centrali GRAYARCHERY AIX V3 da 25&quot; per mano destra su Bogensportdiscount \u2013 Marchi di punta, spedizione veloce dalla Svizzera.","robots":{"index":"index","follow":"follow","max-snippet":"max-snippet:-1","max-image-preview":"max-image-preview:large","max-video-preview":"max-video-preview:-1"},"canonical":"https:\/\/bogensportdiscount.ch\/it\/prodotto\/grayarchery-recurvebogen-mittelstuck-aix-v3-25-rh\/","og_locale":"it_IT","og_type":"article","og_title":"GRAYARCHERY Sezioni centrali AIX V3 25&quot; RH - Bogensportdiscount \u2013 Archi, frecce, bersagli e accessori","og_description":"Acquista a un prezzo vantaggioso i pezzi centrali GRAYARCHERY AIX V3 da 25&quot; per mano destra su Bogensportdiscount \u2013 Marchi di punta, spedizione veloce dalla Svizzera.","og_url":"https:\/\/bogensportdiscount.ch\/it\/prodotto\/grayarchery-recurvebogen-mittelstuck-aix-v3-25-rh\/","og_site_name":"Bogensportdiscount \u2013 B\u00f6gen, Pfeile, Targets &amp; Zubeh\u00f6r","article_modified_time":"2026-05-14T13:26:43+00:00","og_image":[{"url":"https:\/\/bogensportdiscount.ch\/wp-content\/uploads\/bsm-images\/A066649_1.png","width":1429,"height":6926,"type":"image\/png"}],"twitter_card":"summary_large_image","schema":{"@context":"https:\/\/schema.org","@graph":[{"@type":"WebPage","@id":"https:\/\/bogensportdiscount.ch\/produkt\/grayarchery-recurvebogen-mittelstuck-aix-v3-25-rh\/","url":"https:\/\/bogensportdiscount.ch\/produkt\/grayarchery-recurvebogen-mittelstuck-aix-v3-25-rh\/","name":"GRAYARCHERY Sezioni centrali AIX V3 25&quot; RH - Bogensportdiscount \u2013 Archi, frecce, bersagli e accessori","isPartOf":{"@id":"https:\/\/bogensportdiscount.ch\/#website"},"primaryImageOfPage":{"@id":"https:\/\/bogensportdiscount.ch\/produkt\/grayarchery-recurvebogen-mittelstuck-aix-v3-25-rh\/#primaryimage"},"image":{"@id":"https:\/\/bogensportdiscount.ch\/produkt\/grayarchery-recurvebogen-mittelstuck-aix-v3-25-rh\/#primaryimage"},"thumbnailUrl":"https:\/\/bogensportdiscount.ch\/wp-content\/uploads\/bsm-images\/A066649_1.png","datePublished":"2026-04-05T13:02:21+00:00","dateModified":"2026-05-14T13:26:43+00:00","description":"Acquista a un prezzo vantaggioso i pezzi centrali GRAYARCHERY AIX V3 da 25&quot; per mano destra su Bogensportdiscount \u2013 Marchi di punta, spedizione veloce dalla Svizzera.","breadcrumb":{"@id":"https:\/\/bogensportdiscount.ch\/produkt\/grayarchery-recurvebogen-mittelstuck-aix-v3-25-rh\/#breadcrumb"},"inLanguage":"it-IT","potentialAction":[{"@type":"ReadAction","target":["https:\/\/bogensportdiscount.ch\/produkt\/grayarchery-recurvebogen-mittelstuck-aix-v3-25-rh\/"]}]},{"@type":"ImageObject","inLanguage":"it-IT","@id":"https:\/\/bogensportdiscount.ch\/produkt\/grayarchery-recurvebogen-mittelstuck-aix-v3-25-rh\/#primaryimage","url":"https:\/\/bogensportdiscount.ch\/wp-content\/uploads\/bsm-images\/A066649_1.png","contentUrl":"https:\/\/bogensportdiscount.ch\/wp-content\/uploads\/bsm-images\/A066649_1.png","width":1429,"height":6926},{"@type":"BreadcrumbList","@id":"https:\/\/bogensportdiscount.ch\/produkt\/grayarchery-recurvebogen-mittelstuck-aix-v3-25-rh\/#breadcrumb","itemListElement":[{"@type":"ListItem","position":1,"name":"Home","item":"https:\/\/bogensportdiscount.ch\/"},{"@type":"ListItem","position":2,"name":"Shop","item":"https:\/\/bogensportdiscount.ch\/shop\/"},{"@type":"ListItem","position":3,"name":"GRAYARCHERY Mittelteile AIX V3 25&#8243; RH"}]},{"@type":"WebSite","@id":"https:\/\/bogensportdiscount.ch\/#website","url":"https:\/\/bogensportdiscount.ch\/","name":"Bogensportdiscount","description":"","potentialAction":[{"@type":"SearchAction","target":{"@type":"EntryPoint","urlTemplate":"https:\/\/bogensportdiscount.ch\/?s={search_term_string}"},"query-input":{"@type":"PropertyValueSpecification","valueRequired":true,"valueName":"search_term_string"}}],"inLanguage":"it-IT"}]}},"_links":{"self":[{"href":"https:\/\/bogensportdiscount.ch\/it\/wp-json\/wp\/v2\/product\/410669","targetHints":{"allow":["GET"]}}],"collection":[{"href":"https:\/\/bogensportdiscount.ch\/it\/wp-json\/wp\/v2\/product"}],"about":[{"href":"https:\/\/bogensportdiscount.ch\/it\/wp-json\/wp\/v2\/types\/product"}],"replies":[{"embeddable":true,"href":"https:\/\/bogensportdiscount.ch\/it\/wp-json\/wp\/v2\/comments?post=410669"}],"wp:featuredmedia":[{"embeddable":true,"href":"https:\/\/bogensportdiscount.ch\/it\/wp-json\/wp\/v2\/media\/451671"}],"wp:attachment":[{"href":"https:\/\/bogensportdiscount.ch\/it\/wp-json\/wp\/v2\/media?parent=410669"}],"wp:term":[{"taxonomy":"product_brand","embeddable":true,"href":"https:\/\/bogensportdiscount.ch\/it\/wp-json\/wp\/v2\/product_brand?post=410669"},{"taxonomy":"product_cat","embeddable":true,"href":"https:\/\/bogensportdiscount.ch\/it\/wp-json\/wp\/v2\/product_cat?post=410669"},{"taxonomy":"product_tag","embeddable":true,"href":"https:\/\/bogensportdiscount.ch\/it\/wp-json\/wp\/v2\/product_tag?post=410669"}],"curies":[{"name":"wp","href":"https:\/\/api.w.org\/{rel}","templated":true}]}}