{"id":410655,"date":"2026-04-05T15:02:19","date_gmt":"2026-04-05T13:02:19","guid":{"rendered":"https:\/\/bogensportdiscount.ch\/produkt\/screw-on-points-3d-steel-black-w-thread-5-16-70gr-12-pk\/"},"modified":"2026-04-20T09:06:28","modified_gmt":"2026-04-20T07:06:28","slug":"bucktrail-screw-on-spitzen-3d-stahl-schwarz-gewinde-5-16","status":"publish","type":"product","link":"https:\/\/bogensportdiscount.ch\/it\/prodotto\/bucktrail-screw-on-spitzen-3d-stahl-schwarz-gewinde-5-16\/","title":{"rendered":"BUCKTRAIL SCHRAUBSPITZEN 3D STAHL SCHWARZ MIT GEWINDE- 5\/16 12\/PK"},"content":{"rendered":"<p>Le punte avvitabili BUCKTRAIL sono punte di alta qualit\u00e0 per frecce da arco in acciaio con design 3D e filettatura. Sono ideali per fusti in legno e sono disponibili in vari pesi da 70 a 125 grani.<\/p>\n<p>Con il loro rivestimento superficiale nero e la robusta struttura in acciaio, queste punte offrono prestazioni affidabili e lunga durata nel tiro con l'arco. La filettatura consente una sostituzione semplice e un fissaggio sicuro ai tubi dei fusti compatibili.<\/p>\n<ul>\n<li>Costruzione in acciaio 3D per un equilibrio ottimale<\/li>\n<li>Sistema Screw-On con filettatura 5\/16<\/li>\n<li>Quattro varianti di peso: 70, 80, 100 e 125 grani<\/li>\n<li>Rivestimento nero per protezione ed estetica<\/li>\n<\/ul>","protected":false},"excerpt":{"rendered":"<table>\n<tr>\n<th>Propriet\u00e0<\/th>\n<th>Valore<\/th>\n<\/tr>\n<tr>\n<td>Marca<\/td>\n<td>Buck Trail<\/td>\n<\/tr>\n<tr>\n<td>Pesi<\/td>\n<td>70 GR, 80 GR, 100 GR, 125 GR<\/td>\n<\/tr>\n<tr>\n<td>Versione<\/td>\n<td>Screw-On 3D acciaio, nero con filettatura<\/td>\n<\/tr>\n<tr>\n<td>Gr\u00f6sse<\/td>\n<td>5\/16<\/td>\n<\/tr>\n<\/table>","protected":false},"featured_media":451663,"comment_status":"open","ping_status":"closed","template":"","meta":[],"product_brand":[432],"product_cat":[4549],"product_tag":[],"class_list":{"0":"post-410655","1":"product","2":"type-product","3":"status-publish","4":"has-post-thumbnail","6":"product_brand-bucktrail","7":"product_cat-spitzen-holz-schaefte-pfeil-komponenten","9":"first","10":"instock","11":"shipping-taxable","12":"purchasable","13":"product-type-variable"},"yoast_head":"<!-- This site is optimized with the Yoast SEO plugin v27.4 - https:\/\/yoast.com\/product\/yoast-seo-wordpress\/ -->\n<title>BUCKTRAIL SCHRAUBSPITZEN 3D STAHL SCHWARZ MIT GEWINDE- 5\/16 12\/PK - Bogensportdiscount \u2013 B\u00f6gen, Pfeile, Targets &amp; Zubeh\u00f6r<\/title>\n<meta name=\"robots\" content=\"noindex, follow, max-snippet:-1, max-image-preview:large, max-video-preview:-1\" \/>\n<meta property=\"og:locale\" content=\"it_IT\" \/>\n<meta property=\"og:type\" content=\"article\" \/>\n<meta property=\"og:title\" content=\"BUCKTRAIL SCHRAUBSPITZEN 3D STAHL SCHWARZ MIT GEWINDE- 5\/16 12\/PK - Bogensportdiscount \u2013 B\u00f6gen, Pfeile, Targets &amp; Zubeh\u00f6r\" \/>\n<meta property=\"og:description\" content=\"EigenschaftWertMarkeBuck TrailGewichte70 GR, 80 GR, 100 GR, 125 GRAusf\u00fchrungScrew-On 3D Stahl, Schwarz mit GewindeGr\u00f6sse5\/16\" \/>\n<meta property=\"og:url\" content=\"https:\/\/bogensportdiscount.ch\/it\/prodotto\/bucktrail-screw-on-spitzen-3d-stahl-schwarz-gewinde-5-16\/\" \/>\n<meta property=\"og:site_name\" content=\"Bogensportdiscount \u2013 B\u00f6gen, Pfeile, Targets &amp; Zubeh\u00f6r\" \/>\n<meta property=\"article:modified_time\" content=\"2026-04-20T07:06:28+00:00\" \/>\n<meta property=\"og:image\" content=\"https:\/\/bogensportdiscount.ch\/wp-content\/uploads\/bsm-images\/A066622_1.png\" \/>\n\t<meta property=\"og:image:width\" content=\"879\" \/>\n\t<meta property=\"og:image:height\" content=\"352\" \/>\n\t<meta property=\"og:image:type\" content=\"image\/png\" \/>\n<meta name=\"twitter:card\" content=\"summary_large_image\" \/>\n<script type=\"application\/ld+json\" class=\"yoast-schema-graph\">{\"@context\":\"https:\\\/\\\/schema.org\",\"@graph\":[{\"@type\":\"WebPage\",\"@id\":\"https:\\\/\\\/bogensportdiscount.ch\\\/it\\\/prodotto\\\/bucktrail-screw-on-spitzen-3d-stahl-schwarz-gewinde-5-16\\\/\",\"url\":\"https:\\\/\\\/bogensportdiscount.ch\\\/it\\\/prodotto\\\/bucktrail-screw-on-spitzen-3d-stahl-schwarz-gewinde-5-16\\\/\",\"name\":\"BUCKTRAIL SCHRAUBSPITZEN 3D STAHL SCHWARZ MIT GEWINDE- 5\\\/16 12\\\/PK - Bogensportdiscount \u2013 B\u00f6gen, Pfeile, Targets &amp; Zubeh\u00f6r\",\"isPartOf\":{\"@id\":\"https:\\\/\\\/bogensportdiscount.ch\\\/#website\"},\"primaryImageOfPage\":{\"@id\":\"https:\\\/\\\/bogensportdiscount.ch\\\/it\\\/prodotto\\\/bucktrail-screw-on-spitzen-3d-stahl-schwarz-gewinde-5-16\\\/#primaryimage\"},\"image\":{\"@id\":\"https:\\\/\\\/bogensportdiscount.ch\\\/it\\\/prodotto\\\/bucktrail-screw-on-spitzen-3d-stahl-schwarz-gewinde-5-16\\\/#primaryimage\"},\"thumbnailUrl\":\"https:\\\/\\\/bogensportdiscount.ch\\\/wp-content\\\/uploads\\\/bsm-images\\\/A066622_1.png\",\"datePublished\":\"2026-04-05T13:02:19+00:00\",\"dateModified\":\"2026-04-20T07:06:28+00:00\",\"breadcrumb\":{\"@id\":\"https:\\\/\\\/bogensportdiscount.ch\\\/it\\\/prodotto\\\/bucktrail-screw-on-spitzen-3d-stahl-schwarz-gewinde-5-16\\\/#breadcrumb\"},\"inLanguage\":\"it-IT\",\"potentialAction\":[{\"@type\":\"ReadAction\",\"target\":[\"https:\\\/\\\/bogensportdiscount.ch\\\/it\\\/prodotto\\\/bucktrail-screw-on-spitzen-3d-stahl-schwarz-gewinde-5-16\\\/\"]}]},{\"@type\":\"ImageObject\",\"inLanguage\":\"it-IT\",\"@id\":\"https:\\\/\\\/bogensportdiscount.ch\\\/it\\\/prodotto\\\/bucktrail-screw-on-spitzen-3d-stahl-schwarz-gewinde-5-16\\\/#primaryimage\",\"url\":\"https:\\\/\\\/bogensportdiscount.ch\\\/wp-content\\\/uploads\\\/bsm-images\\\/A066622_1.png\",\"contentUrl\":\"https:\\\/\\\/bogensportdiscount.ch\\\/wp-content\\\/uploads\\\/bsm-images\\\/A066622_1.png\",\"width\":879,\"height\":352},{\"@type\":\"BreadcrumbList\",\"@id\":\"https:\\\/\\\/bogensportdiscount.ch\\\/it\\\/prodotto\\\/bucktrail-screw-on-spitzen-3d-stahl-schwarz-gewinde-5-16\\\/#breadcrumb\",\"itemListElement\":[{\"@type\":\"ListItem\",\"position\":1,\"name\":\"Home\",\"item\":\"https:\\\/\\\/bogensportdiscount.ch\\\/\"},{\"@type\":\"ListItem\",\"position\":2,\"name\":\"Shop\",\"item\":\"https:\\\/\\\/bogensportdiscount.ch\\\/shop\\\/\"},{\"@type\":\"ListItem\",\"position\":3,\"name\":\"BUCKTRAIL SCHRAUBSPITZEN 3D STAHL SCHWARZ MIT GEWINDE- 5\\\/16 12\\\/PK\"}]},{\"@type\":\"WebSite\",\"@id\":\"https:\\\/\\\/bogensportdiscount.ch\\\/#website\",\"url\":\"https:\\\/\\\/bogensportdiscount.ch\\\/\",\"name\":\"Bogensportdiscount\",\"description\":\"\",\"potentialAction\":[{\"@type\":\"SearchAction\",\"target\":{\"@type\":\"EntryPoint\",\"urlTemplate\":\"https:\\\/\\\/bogensportdiscount.ch\\\/?s={search_term_string}\"},\"query-input\":{\"@type\":\"PropertyValueSpecification\",\"valueRequired\":true,\"valueName\":\"search_term_string\"}}],\"inLanguage\":\"it-IT\"}]}<\/script>\n<!-- \/ Yoast SEO plugin. -->","yoast_head_json":{"title":"BUCKTRAIL SCHRAUBSPITZEN 3D STAHL SCHWARZ MIT GEWINDE- 5\/16 12\/PK - Bogensportdiscount \u2013 B\u00f6gen, Pfeile, Targets &amp; Zubeh\u00f6r","robots":{"index":"noindex","follow":"follow","max-snippet":"max-snippet:-1","max-image-preview":"max-image-preview:large","max-video-preview":"max-video-preview:-1"},"og_locale":"it_IT","og_type":"article","og_title":"BUCKTRAIL SCHRAUBSPITZEN 3D STAHL SCHWARZ MIT GEWINDE- 5\/16 12\/PK - Bogensportdiscount \u2013 B\u00f6gen, Pfeile, Targets &amp; Zubeh\u00f6r","og_description":"EigenschaftWertMarkeBuck TrailGewichte70 GR, 80 GR, 100 GR, 125 GRAusf\u00fchrungScrew-On 3D Stahl, Schwarz mit GewindeGr\u00f6sse5\/16","og_url":"https:\/\/bogensportdiscount.ch\/it\/prodotto\/bucktrail-screw-on-spitzen-3d-stahl-schwarz-gewinde-5-16\/","og_site_name":"Bogensportdiscount \u2013 B\u00f6gen, Pfeile, Targets &amp; Zubeh\u00f6r","article_modified_time":"2026-04-20T07:06:28+00:00","og_image":[{"width":879,"height":352,"url":"https:\/\/bogensportdiscount.ch\/wp-content\/uploads\/bsm-images\/A066622_1.png","type":"image\/png"}],"twitter_card":"summary_large_image","schema":{"@context":"https:\/\/schema.org","@graph":[{"@type":"WebPage","@id":"https:\/\/bogensportdiscount.ch\/it\/prodotto\/bucktrail-screw-on-spitzen-3d-stahl-schwarz-gewinde-5-16\/","url":"https:\/\/bogensportdiscount.ch\/it\/prodotto\/bucktrail-screw-on-spitzen-3d-stahl-schwarz-gewinde-5-16\/","name":"BUCKTRAIL SCHRAUBSPITZEN 3D STAHL SCHWARZ MIT GEWINDE- 5\/16 12\/PK - Bogensportdiscount \u2013 B\u00f6gen, Pfeile, Targets &amp; Zubeh\u00f6r","isPartOf":{"@id":"https:\/\/bogensportdiscount.ch\/#website"},"primaryImageOfPage":{"@id":"https:\/\/bogensportdiscount.ch\/it\/prodotto\/bucktrail-screw-on-spitzen-3d-stahl-schwarz-gewinde-5-16\/#primaryimage"},"image":{"@id":"https:\/\/bogensportdiscount.ch\/it\/prodotto\/bucktrail-screw-on-spitzen-3d-stahl-schwarz-gewinde-5-16\/#primaryimage"},"thumbnailUrl":"https:\/\/bogensportdiscount.ch\/wp-content\/uploads\/bsm-images\/A066622_1.png","datePublished":"2026-04-05T13:02:19+00:00","dateModified":"2026-04-20T07:06:28+00:00","breadcrumb":{"@id":"https:\/\/bogensportdiscount.ch\/it\/prodotto\/bucktrail-screw-on-spitzen-3d-stahl-schwarz-gewinde-5-16\/#breadcrumb"},"inLanguage":"it-IT","potentialAction":[{"@type":"ReadAction","target":["https:\/\/bogensportdiscount.ch\/it\/prodotto\/bucktrail-screw-on-spitzen-3d-stahl-schwarz-gewinde-5-16\/"]}]},{"@type":"ImageObject","inLanguage":"it-IT","@id":"https:\/\/bogensportdiscount.ch\/it\/prodotto\/bucktrail-screw-on-spitzen-3d-stahl-schwarz-gewinde-5-16\/#primaryimage","url":"https:\/\/bogensportdiscount.ch\/wp-content\/uploads\/bsm-images\/A066622_1.png","contentUrl":"https:\/\/bogensportdiscount.ch\/wp-content\/uploads\/bsm-images\/A066622_1.png","width":879,"height":352},{"@type":"BreadcrumbList","@id":"https:\/\/bogensportdiscount.ch\/it\/prodotto\/bucktrail-screw-on-spitzen-3d-stahl-schwarz-gewinde-5-16\/#breadcrumb","itemListElement":[{"@type":"ListItem","position":1,"name":"Home","item":"https:\/\/bogensportdiscount.ch\/"},{"@type":"ListItem","position":2,"name":"Shop","item":"https:\/\/bogensportdiscount.ch\/shop\/"},{"@type":"ListItem","position":3,"name":"BUCKTRAIL SCHRAUBSPITZEN 3D STAHL SCHWARZ MIT GEWINDE- 5\/16 12\/PK"}]},{"@type":"WebSite","@id":"https:\/\/bogensportdiscount.ch\/#website","url":"https:\/\/bogensportdiscount.ch\/","name":"Bogensportdiscount","description":"","potentialAction":[{"@type":"SearchAction","target":{"@type":"EntryPoint","urlTemplate":"https:\/\/bogensportdiscount.ch\/?s={search_term_string}"},"query-input":{"@type":"PropertyValueSpecification","valueRequired":true,"valueName":"search_term_string"}}],"inLanguage":"it-IT"}]}},"_links":{"self":[{"href":"https:\/\/bogensportdiscount.ch\/it\/wp-json\/wp\/v2\/product\/410655","targetHints":{"allow":["GET"]}}],"collection":[{"href":"https:\/\/bogensportdiscount.ch\/it\/wp-json\/wp\/v2\/product"}],"about":[{"href":"https:\/\/bogensportdiscount.ch\/it\/wp-json\/wp\/v2\/types\/product"}],"replies":[{"embeddable":true,"href":"https:\/\/bogensportdiscount.ch\/it\/wp-json\/wp\/v2\/comments?post=410655"}],"wp:featuredmedia":[{"embeddable":true,"href":"https:\/\/bogensportdiscount.ch\/it\/wp-json\/wp\/v2\/media\/451663"}],"wp:attachment":[{"href":"https:\/\/bogensportdiscount.ch\/it\/wp-json\/wp\/v2\/media?parent=410655"}],"wp:term":[{"taxonomy":"product_brand","embeddable":true,"href":"https:\/\/bogensportdiscount.ch\/it\/wp-json\/wp\/v2\/product_brand?post=410655"},{"taxonomy":"product_cat","embeddable":true,"href":"https:\/\/bogensportdiscount.ch\/it\/wp-json\/wp\/v2\/product_cat?post=410655"},{"taxonomy":"product_tag","embeddable":true,"href":"https:\/\/bogensportdiscount.ch\/it\/wp-json\/wp\/v2\/product_tag?post=410655"}],"curies":[{"name":"wp","href":"https:\/\/api.w.org\/{rel}","templated":true}]}}