{"id":410459,"date":"2026-04-05T15:02:01","date_gmt":"2026-04-05T13:02:01","guid":{"rendered":"https:\/\/bogensportdiscount.ch\/produkt\/lancer-novana-rh\/"},"modified":"2026-04-16T15:00:19","modified_gmt":"2026-04-16T13:00:19","slug":"kinetic-recurve-griff-lancer-novana","status":"publish","type":"product","link":"https:\/\/bogensportdiscount.ch\/it\/prodotto\/kinetic-recurve-griff-lancer-novana\/","title":{"rendered":"KINETIC LANCER\/NOVANA RH"},"content":{"rendered":"<p>Der KINETIC Griff Lancer\/Novana ist als Ersatz- oder Austauschgriff f\u00fcr die KINETIC Recurve-B\u00f6gen der Baureihen Lancer und Novana konzipiert. Er erm\u00f6glicht den Austausch oder die Erneuerung des Griffst\u00fccks am bestehenden Bogen.<\/p>\n<p>Das Modell ist sowohl f\u00fcr Rechtshand- als auch f\u00fcr Linkshand-Sch\u00fctzen erh\u00e4ltlich, sodass eine passende Ausf\u00fchrung f\u00fcr die jeweilige Schiessdominanz gew\u00e4hlt werden kann.<\/p>\n<ul>\n<li>Passend f\u00fcr KINETIC Recurve-Modelle Lancer und Novana<\/li>\n<li>Erh\u00e4ltlich in Rechtshand (RH) und Linkshand (LH)<\/li>\n<li>Geeignet als Ersatz- oder Austauschgriff<\/li>\n<\/ul>","protected":false},"excerpt":{"rendered":"<p><strong>Marchio:<\/strong> Cinetico<\/p>","protected":false},"featured_media":452960,"comment_status":"open","ping_status":"closed","template":"","meta":[],"product_brand":[439],"product_cat":[4201],"product_tag":[],"class_list":{"0":"post-410459","1":"product","2":"type-product","3":"status-publish","4":"has-post-thumbnail","6":"product_brand-kinetic","7":"product_cat-recurve-griffe-griffe-bogen-zubehoer","9":"first","10":"outofstock","11":"shipping-taxable","12":"product-type-variable"},"_links":{"self":[{"href":"https:\/\/bogensportdiscount.ch\/it\/wp-json\/wp\/v2\/product\/410459","targetHints":{"allow":["GET"]}}],"collection":[{"href":"https:\/\/bogensportdiscount.ch\/it\/wp-json\/wp\/v2\/product"}],"about":[{"href":"https:\/\/bogensportdiscount.ch\/it\/wp-json\/wp\/v2\/types\/product"}],"replies":[{"embeddable":true,"href":"https:\/\/bogensportdiscount.ch\/it\/wp-json\/wp\/v2\/comments?post=410459"}],"wp:featuredmedia":[{"embeddable":true,"href":"https:\/\/bogensportdiscount.ch\/it\/wp-json\/wp\/v2\/media\/452960"}],"wp:attachment":[{"href":"https:\/\/bogensportdiscount.ch\/it\/wp-json\/wp\/v2\/media?parent=410459"}],"wp:term":[{"taxonomy":"product_brand","embeddable":true,"href":"https:\/\/bogensportdiscount.ch\/it\/wp-json\/wp\/v2\/product_brand?post=410459"},{"taxonomy":"product_cat","embeddable":true,"href":"https:\/\/bogensportdiscount.ch\/it\/wp-json\/wp\/v2\/product_cat?post=410459"},{"taxonomy":"product_tag","embeddable":true,"href":"https:\/\/bogensportdiscount.ch\/it\/wp-json\/wp\/v2\/product_tag?post=410459"}],"curies":[{"name":"wp","href":"https:\/\/api.w.org\/{rel}","templated":true}]}}