{"id":410451,"date":"2026-04-05T15:02:00","date_gmt":"2026-04-05T13:02:00","guid":{"rendered":"https:\/\/bogensportdiscount.ch\/produkt\/invinso-rubber-coated-rh\/"},"modified":"2026-04-17T13:47:52","modified_gmt":"2026-04-17T11:47:52","slug":"kinetic-recurve-griff-invinso-gummibeschichtet","status":"publish","type":"product","link":"https:\/\/bogensportdiscount.ch\/it\/prodotto\/kinetic-recurve-griff-invinso-gummibeschichtet\/","title":{"rendered":"KINETIC INVINSO RIVESTITO IN GOMMA"},"content":{"rendered":"<p>Der KINETIC Invinso Recurve-Griff ist mit einer Gummibeschichtung versehen, die eine zuverl\u00e4ssige Kontrolle und einen sicheren Halt beim Abschuss bietet. Er ist sowohl f\u00fcr Rechts- als auch f\u00fcr Linksh\u00e4nder erh\u00e4ltlich.<\/p>\n<p>Gummibeschichtete Griffe d\u00e4mpfen leichte Vibrationen und bieten auch bei unterschiedlichen Witterungsbedingungen eine gleichbleibende Griffsicherheit. Der Invinso eignet sich f\u00fcr Recurve-B\u00f6gen und richtet sich an Bogensch\u00fctzen, die Wert auf eine rutschfeste Griffoberfl\u00e4che legen.<\/p>\n<ul>\n<li>Gummibeschichtete Oberfl\u00e4che f\u00fcr sicheren Halt<\/li>\n<li>Erh\u00e4ltlich f\u00fcr Rechtshand (RH) und Linkshand (LH)<\/li>\n<li>Geeignet f\u00fcr Recurve-B\u00f6gen<\/li>\n<li>Angenehme Haptik beim Schiessen<\/li>\n<\/ul>","protected":false},"excerpt":{"rendered":"<p><strong>Marchio:<\/strong> Cinetico<\/p>","protected":false},"featured_media":439075,"comment_status":"open","ping_status":"closed","template":"","meta":[],"product_brand":[439],"product_cat":[4201],"product_tag":[],"class_list":{"0":"post-410451","1":"product","2":"type-product","3":"status-publish","4":"has-post-thumbnail","6":"product_brand-kinetic","7":"product_cat-recurve-griffe-griffe-bogen-zubehoer","9":"first","10":"instock","11":"shipping-taxable","12":"purchasable","13":"product-type-variable"},"_links":{"self":[{"href":"https:\/\/bogensportdiscount.ch\/it\/wp-json\/wp\/v2\/product\/410451","targetHints":{"allow":["GET"]}}],"collection":[{"href":"https:\/\/bogensportdiscount.ch\/it\/wp-json\/wp\/v2\/product"}],"about":[{"href":"https:\/\/bogensportdiscount.ch\/it\/wp-json\/wp\/v2\/types\/product"}],"replies":[{"embeddable":true,"href":"https:\/\/bogensportdiscount.ch\/it\/wp-json\/wp\/v2\/comments?post=410451"}],"wp:featuredmedia":[{"embeddable":true,"href":"https:\/\/bogensportdiscount.ch\/it\/wp-json\/wp\/v2\/media\/439075"}],"wp:attachment":[{"href":"https:\/\/bogensportdiscount.ch\/it\/wp-json\/wp\/v2\/media?parent=410451"}],"wp:term":[{"taxonomy":"product_brand","embeddable":true,"href":"https:\/\/bogensportdiscount.ch\/it\/wp-json\/wp\/v2\/product_brand?post=410451"},{"taxonomy":"product_cat","embeddable":true,"href":"https:\/\/bogensportdiscount.ch\/it\/wp-json\/wp\/v2\/product_cat?post=410451"},{"taxonomy":"product_tag","embeddable":true,"href":"https:\/\/bogensportdiscount.ch\/it\/wp-json\/wp\/v2\/product_tag?post=410451"}],"curies":[{"name":"wp","href":"https:\/\/api.w.org\/{rel}","templated":true}]}}