{"id":410359,"date":"2026-04-05T15:01:50","date_gmt":"2026-04-05T13:01:50","guid":{"rendered":"https:\/\/bogensportdiscount.ch\/produkt\/compound-package-t1-beginner-rotating-mod-20-60lbs-19-30-rh-anodized-black\/"},"modified":"2026-05-14T15:26:42","modified_gmt":"2026-05-14T13:26:42","slug":"topoint-compound-set-t1-einsteiger-rotating-mod-20-60-lbs","status":"publish","type":"product","link":"https:\/\/bogensportdiscount.ch\/it\/prodotto\/topoint-compound-set-t1-einsteiger-rotating-mod-20-60-lbs\/","title":{"rendered":"TOPOINT KIT COMPOUND T1 PRINCIPIANTE \/ ROTATING MOD 20-60LBS \/ 19&#8243;-30&#8243;"},"content":{"rendered":"<p>Il TOPOINT T1 \u00e8 un kit di arco compound appositamente progettato per i principianti. Con un ampio intervallo di libbraggio da 20 a 60 lbs e un allungo regolabile da 19 a 30 Zoll, l'arco si adatta a diverse corporature e valori di forza crescenti, senza necessit\u00e0 di una pressa per archi.<\/p>\n<p>Il telaio \u00e8 in alluminio e offre un interasse di 31 Zoll e una brace height di 7 Zoll. Il sistema Rotating Mod consente una facile regolazione dell'allungo. Con il 75% di let-off, il peso di tenuta al pieno allungo si riduce notevolmente, il che \u00e8 vantaggioso per le lunghe sessioni di allenamento.<\/p>\n<ul>\n<li>Libbraggio regolabile in continuo: 20\u201360 lbs<\/li>\n<li>Allungo: 19\u201330 Zoll tramite Rotating Mod<\/li>\n<li>75% di let-off per una tenuta comoda<\/li>\n<li>Disponibile per destrorsi e mancini in quattro colori<\/li>\n<\/ul>","protected":false},"excerpt":{"rendered":"<table>\n<tr>\n<th>Propriet\u00e0<\/th>\n<th>Valore<\/th>\n<\/tr>\n<tr>\n<td>Apertura assiale<\/td>\n<td>31 pollici<\/td>\n<\/tr>\n<tr>\n<td>Brace Height<\/td>\n<td>7 pollici<\/td>\n<\/tr>\n<tr>\n<td>Modulo<\/td>\n<td>Rotating Mod<\/td>\n<\/tr>\n<tr>\n<td>Let-Off<\/td>\n<td>75 %<\/td>\n<\/tr>\n<tr>\n<td>Peso del treno<\/td>\n<td>20\u201360 lbs<\/td>\n<\/tr>\n<tr>\n<td>Lunghezza di trazione<\/td>\n<td>19&#8243;\u201330&#8243;<\/td>\n<\/tr>\n<tr>\n<td>Materiale<\/td>\n<td>Alluminio<\/td>\n<\/tr>\n<tr>\n<td>Mani disponibili<\/td>\n<td>Mano destra (RH), Mano sinistra (LH)<\/td>\n<\/tr>\n<tr>\n<td>Colori<\/td>\n<td>Anodized Black, Camo, Green, Grey<\/td>\n<\/tr>\n<\/table>","protected":false},"featured_media":451625,"comment_status":"open","ping_status":"closed","template":"","meta":[],"product_brand":[436],"product_cat":[4525],"product_tag":[],"class_list":{"0":"post-410359","1":"product","2":"type-product","3":"status-publish","4":"has-post-thumbnail","6":"product_brand-topoint","7":"product_cat-compound-boegen-sets","8":"product_shipping_class-bsd-standard","10":"first","11":"instock","12":"shipping-taxable","13":"purchasable","14":"product-type-variable"},"yoast_head":"<!-- This site is optimized with the Yoast SEO plugin v27.6 - https:\/\/yoast.com\/product\/yoast-seo-wordpress\/ -->\n<title>TOPOINT COMPOUND PAKET T1 ANF\u00c4NGER \/ ROTATING MOD 20-60LBS \/ 19&quot;-30&quot; - Bogensportdiscount \u2013 B\u00f6gen, Pfeile, Targets &amp; Zubeh\u00f6r<\/title>\n<meta name=\"description\" content=\"TOPOINT COMPOUND PAKET T1 ANF\u00c4NGER \/ ROTATING MOD 20-60LBS \/ 19&quot;-30&quot; g\u00fcnstig kaufen bei Bogensportdiscount \u2013 Top-Marken, schneller Versand aus der Schweiz.\" \/>\n<meta name=\"robots\" content=\"index, follow, max-snippet:-1, max-image-preview:large, max-video-preview:-1\" \/>\n<link rel=\"canonical\" href=\"https:\/\/bogensportdiscount.ch\/it\/prodotto\/topoint-compound-set-t1-einsteiger-rotating-mod-20-60-lbs\/\" \/>\n<meta property=\"og:locale\" content=\"it_IT\" \/>\n<meta property=\"og:type\" content=\"article\" \/>\n<meta property=\"og:title\" content=\"TOPOINT COMPOUND PAKET T1 ANF\u00c4NGER \/ ROTATING MOD 20-60LBS \/ 19&quot;-30&quot; - Bogensportdiscount \u2013 B\u00f6gen, Pfeile, Targets &amp; Zubeh\u00f6r\" \/>\n<meta property=\"og:description\" content=\"TOPOINT COMPOUND PAKET T1 ANF\u00c4NGER \/ ROTATING MOD 20-60LBS \/ 19&quot;-30&quot; g\u00fcnstig kaufen bei Bogensportdiscount \u2013 Top-Marken, schneller Versand aus der Schweiz.\" \/>\n<meta property=\"og:url\" content=\"https:\/\/bogensportdiscount.ch\/it\/prodotto\/topoint-compound-set-t1-einsteiger-rotating-mod-20-60-lbs\/\" \/>\n<meta property=\"og:site_name\" content=\"Bogensportdiscount \u2013 B\u00f6gen, Pfeile, Targets &amp; Zubeh\u00f6r\" \/>\n<meta property=\"article:modified_time\" content=\"2026-05-14T13:26:42+00:00\" \/>\n<meta property=\"og:image\" content=\"https:\/\/bogensportdiscount.ch\/wp-content\/uploads\/bsm-images\/A064719_1.png\" \/>\n\t<meta property=\"og:image:width\" content=\"1523\" \/>\n\t<meta property=\"og:image:height\" content=\"4538\" \/>\n\t<meta property=\"og:image:type\" content=\"image\/png\" \/>\n<meta name=\"twitter:card\" content=\"summary_large_image\" \/>\n<meta name=\"twitter:label1\" content=\"Tempo di lettura stimato\" \/>\n\t<meta name=\"twitter:data1\" content=\"1 minuto\" \/>\n<script type=\"application\/ld+json\" class=\"yoast-schema-graph\">{\"@context\":\"https:\\\/\\\/schema.org\",\"@graph\":[{\"@type\":\"WebPage\",\"@id\":\"https:\\\/\\\/bogensportdiscount.ch\\\/produkt\\\/topoint-compound-set-t1-einsteiger-rotating-mod-20-60-lbs\\\/\",\"url\":\"https:\\\/\\\/bogensportdiscount.ch\\\/produkt\\\/topoint-compound-set-t1-einsteiger-rotating-mod-20-60-lbs\\\/\",\"name\":\"TOPOINT COMPOUND PAKET T1 ANF\u00c4NGER \\\/ ROTATING MOD 20-60LBS \\\/ 19\\\"-30\\\" - Bogensportdiscount \u2013 B\u00f6gen, Pfeile, Targets &amp; Zubeh\u00f6r\",\"isPartOf\":{\"@id\":\"https:\\\/\\\/bogensportdiscount.ch\\\/#website\"},\"primaryImageOfPage\":{\"@id\":\"https:\\\/\\\/bogensportdiscount.ch\\\/produkt\\\/topoint-compound-set-t1-einsteiger-rotating-mod-20-60-lbs\\\/#primaryimage\"},\"image\":{\"@id\":\"https:\\\/\\\/bogensportdiscount.ch\\\/produkt\\\/topoint-compound-set-t1-einsteiger-rotating-mod-20-60-lbs\\\/#primaryimage\"},\"thumbnailUrl\":\"https:\\\/\\\/bogensportdiscount.ch\\\/wp-content\\\/uploads\\\/bsm-images\\\/A064719_1.png\",\"datePublished\":\"2026-04-05T13:01:50+00:00\",\"dateModified\":\"2026-05-14T13:26:42+00:00\",\"description\":\"TOPOINT COMPOUND PAKET T1 ANF\u00c4NGER \\\/ ROTATING MOD 20-60LBS \\\/ 19\\\"-30\\\" g\u00fcnstig kaufen bei Bogensportdiscount \u2013 Top-Marken, schneller Versand aus der Schweiz.\",\"breadcrumb\":{\"@id\":\"https:\\\/\\\/bogensportdiscount.ch\\\/produkt\\\/topoint-compound-set-t1-einsteiger-rotating-mod-20-60-lbs\\\/#breadcrumb\"},\"inLanguage\":\"it-IT\",\"potentialAction\":[{\"@type\":\"ReadAction\",\"target\":[\"https:\\\/\\\/bogensportdiscount.ch\\\/produkt\\\/topoint-compound-set-t1-einsteiger-rotating-mod-20-60-lbs\\\/\"]}]},{\"@type\":\"ImageObject\",\"inLanguage\":\"it-IT\",\"@id\":\"https:\\\/\\\/bogensportdiscount.ch\\\/produkt\\\/topoint-compound-set-t1-einsteiger-rotating-mod-20-60-lbs\\\/#primaryimage\",\"url\":\"https:\\\/\\\/bogensportdiscount.ch\\\/wp-content\\\/uploads\\\/bsm-images\\\/A064719_1.png\",\"contentUrl\":\"https:\\\/\\\/bogensportdiscount.ch\\\/wp-content\\\/uploads\\\/bsm-images\\\/A064719_1.png\",\"width\":1523,\"height\":4538},{\"@type\":\"BreadcrumbList\",\"@id\":\"https:\\\/\\\/bogensportdiscount.ch\\\/produkt\\\/topoint-compound-set-t1-einsteiger-rotating-mod-20-60-lbs\\\/#breadcrumb\",\"itemListElement\":[{\"@type\":\"ListItem\",\"position\":1,\"name\":\"Home\",\"item\":\"https:\\\/\\\/bogensportdiscount.ch\\\/\"},{\"@type\":\"ListItem\",\"position\":2,\"name\":\"Shop\",\"item\":\"https:\\\/\\\/bogensportdiscount.ch\\\/shop\\\/\"},{\"@type\":\"ListItem\",\"position\":3,\"name\":\"TOPOINT COMPOUND PACKAGE T1 BEGINNER \\\/ ROTATING MOD 20-60LBS \\\/ 19&#8243;-30&#8243;\"}]},{\"@type\":\"WebSite\",\"@id\":\"https:\\\/\\\/bogensportdiscount.ch\\\/#website\",\"url\":\"https:\\\/\\\/bogensportdiscount.ch\\\/\",\"name\":\"Bogensportdiscount\",\"description\":\"\",\"potentialAction\":[{\"@type\":\"SearchAction\",\"target\":{\"@type\":\"EntryPoint\",\"urlTemplate\":\"https:\\\/\\\/bogensportdiscount.ch\\\/?s={search_term_string}\"},\"query-input\":{\"@type\":\"PropertyValueSpecification\",\"valueRequired\":true,\"valueName\":\"search_term_string\"}}],\"inLanguage\":\"it-IT\"}]}<\/script>\n<!-- \/ Yoast SEO plugin. -->","yoast_head_json":{"title":"TOPOINT COMPOUND PAKET T1 ANF\u00c4NGER \/ ROTATING MOD 20-60LBS \/ 19\"-30\" - Bogensportdiscount \u2013 B\u00f6gen, Pfeile, Targets &amp; Zubeh\u00f6r","description":"TOPOINT COMPOUND PAKET T1 ANF\u00c4NGER \/ ROTATING MOD 20-60LBS \/ 19\"-30\" g\u00fcnstig kaufen bei Bogensportdiscount \u2013 Top-Marken, schneller Versand aus der Schweiz.","robots":{"index":"index","follow":"follow","max-snippet":"max-snippet:-1","max-image-preview":"max-image-preview:large","max-video-preview":"max-video-preview:-1"},"canonical":"https:\/\/bogensportdiscount.ch\/it\/prodotto\/topoint-compound-set-t1-einsteiger-rotating-mod-20-60-lbs\/","og_locale":"it_IT","og_type":"article","og_title":"TOPOINT COMPOUND PAKET T1 ANF\u00c4NGER \/ ROTATING MOD 20-60LBS \/ 19\"-30\" - Bogensportdiscount \u2013 B\u00f6gen, Pfeile, Targets &amp; Zubeh\u00f6r","og_description":"TOPOINT COMPOUND PAKET T1 ANF\u00c4NGER \/ ROTATING MOD 20-60LBS \/ 19\"-30\" g\u00fcnstig kaufen bei Bogensportdiscount \u2013 Top-Marken, schneller Versand aus der Schweiz.","og_url":"https:\/\/bogensportdiscount.ch\/it\/prodotto\/topoint-compound-set-t1-einsteiger-rotating-mod-20-60-lbs\/","og_site_name":"Bogensportdiscount \u2013 B\u00f6gen, Pfeile, Targets &amp; Zubeh\u00f6r","article_modified_time":"2026-05-14T13:26:42+00:00","og_image":[{"url":"https:\/\/bogensportdiscount.ch\/wp-content\/uploads\/bsm-images\/A064719_1.png","width":1523,"height":4538,"type":"image\/png"}],"twitter_card":"summary_large_image","twitter_misc":{"Tempo di lettura stimato":"1 minuto"},"schema":{"@context":"https:\/\/schema.org","@graph":[{"@type":"WebPage","@id":"https:\/\/bogensportdiscount.ch\/produkt\/topoint-compound-set-t1-einsteiger-rotating-mod-20-60-lbs\/","url":"https:\/\/bogensportdiscount.ch\/produkt\/topoint-compound-set-t1-einsteiger-rotating-mod-20-60-lbs\/","name":"TOPOINT COMPOUND PAKET T1 ANF\u00c4NGER \/ ROTATING MOD 20-60LBS \/ 19\"-30\" - Bogensportdiscount \u2013 B\u00f6gen, Pfeile, Targets &amp; Zubeh\u00f6r","isPartOf":{"@id":"https:\/\/bogensportdiscount.ch\/#website"},"primaryImageOfPage":{"@id":"https:\/\/bogensportdiscount.ch\/produkt\/topoint-compound-set-t1-einsteiger-rotating-mod-20-60-lbs\/#primaryimage"},"image":{"@id":"https:\/\/bogensportdiscount.ch\/produkt\/topoint-compound-set-t1-einsteiger-rotating-mod-20-60-lbs\/#primaryimage"},"thumbnailUrl":"https:\/\/bogensportdiscount.ch\/wp-content\/uploads\/bsm-images\/A064719_1.png","datePublished":"2026-04-05T13:01:50+00:00","dateModified":"2026-05-14T13:26:42+00:00","description":"TOPOINT COMPOUND PAKET T1 ANF\u00c4NGER \/ ROTATING MOD 20-60LBS \/ 19\"-30\" g\u00fcnstig kaufen bei Bogensportdiscount \u2013 Top-Marken, schneller Versand aus der Schweiz.","breadcrumb":{"@id":"https:\/\/bogensportdiscount.ch\/produkt\/topoint-compound-set-t1-einsteiger-rotating-mod-20-60-lbs\/#breadcrumb"},"inLanguage":"it-IT","potentialAction":[{"@type":"ReadAction","target":["https:\/\/bogensportdiscount.ch\/produkt\/topoint-compound-set-t1-einsteiger-rotating-mod-20-60-lbs\/"]}]},{"@type":"ImageObject","inLanguage":"it-IT","@id":"https:\/\/bogensportdiscount.ch\/produkt\/topoint-compound-set-t1-einsteiger-rotating-mod-20-60-lbs\/#primaryimage","url":"https:\/\/bogensportdiscount.ch\/wp-content\/uploads\/bsm-images\/A064719_1.png","contentUrl":"https:\/\/bogensportdiscount.ch\/wp-content\/uploads\/bsm-images\/A064719_1.png","width":1523,"height":4538},{"@type":"BreadcrumbList","@id":"https:\/\/bogensportdiscount.ch\/produkt\/topoint-compound-set-t1-einsteiger-rotating-mod-20-60-lbs\/#breadcrumb","itemListElement":[{"@type":"ListItem","position":1,"name":"Home","item":"https:\/\/bogensportdiscount.ch\/"},{"@type":"ListItem","position":2,"name":"Shop","item":"https:\/\/bogensportdiscount.ch\/shop\/"},{"@type":"ListItem","position":3,"name":"TOPOINT COMPOUND PACKAGE T1 BEGINNER \/ ROTATING MOD 20-60LBS \/ 19&#8243;-30&#8243;"}]},{"@type":"WebSite","@id":"https:\/\/bogensportdiscount.ch\/#website","url":"https:\/\/bogensportdiscount.ch\/","name":"Bogensportdiscount","description":"","potentialAction":[{"@type":"SearchAction","target":{"@type":"EntryPoint","urlTemplate":"https:\/\/bogensportdiscount.ch\/?s={search_term_string}"},"query-input":{"@type":"PropertyValueSpecification","valueRequired":true,"valueName":"search_term_string"}}],"inLanguage":"it-IT"}]}},"_links":{"self":[{"href":"https:\/\/bogensportdiscount.ch\/it\/wp-json\/wp\/v2\/product\/410359","targetHints":{"allow":["GET"]}}],"collection":[{"href":"https:\/\/bogensportdiscount.ch\/it\/wp-json\/wp\/v2\/product"}],"about":[{"href":"https:\/\/bogensportdiscount.ch\/it\/wp-json\/wp\/v2\/types\/product"}],"replies":[{"embeddable":true,"href":"https:\/\/bogensportdiscount.ch\/it\/wp-json\/wp\/v2\/comments?post=410359"}],"wp:featuredmedia":[{"embeddable":true,"href":"https:\/\/bogensportdiscount.ch\/it\/wp-json\/wp\/v2\/media\/451625"}],"wp:attachment":[{"href":"https:\/\/bogensportdiscount.ch\/it\/wp-json\/wp\/v2\/media?parent=410359"}],"wp:term":[{"taxonomy":"product_brand","embeddable":true,"href":"https:\/\/bogensportdiscount.ch\/it\/wp-json\/wp\/v2\/product_brand?post=410359"},{"taxonomy":"product_cat","embeddable":true,"href":"https:\/\/bogensportdiscount.ch\/it\/wp-json\/wp\/v2\/product_cat?post=410359"},{"taxonomy":"product_tag","embeddable":true,"href":"https:\/\/bogensportdiscount.ch\/it\/wp-json\/wp\/v2\/product_tag?post=410359"}],"curies":[{"name":"wp","href":"https:\/\/api.w.org\/{rel}","templated":true}]}}