{"id":410220,"date":"2026-04-05T15:01:37","date_gmt":"2026-04-05T13:01:37","guid":{"rendered":"https:\/\/bogensportdiscount.ch\/produkt\/compound-breth-36-cam-2-sd-rotating-mod-30-40lbs-24-27-rh-anodized-black\/"},"modified":"2026-04-15T13:07:56","modified_gmt":"2026-04-15T11:07:56","slug":"topoint-compoundbogen-breth-36-cam-2-sd-rotating-mod","status":"publish","type":"product","link":"https:\/\/bogensportdiscount.ch\/it\/prodotto\/topoint-compoundbogen-breth-36-cam-2-sd-rotating-mod\/","title":{"rendered":"TOPOINT COMPOUND BRETH 36 CAM 2 SD MOD ROTANTE"},"content":{"rendered":"<p>Der TOPOINT Breth 36 ist ein Compoundbogen aus der Kategorie der langen Compound-Modelle mit \u00fcber 35 Zoll Axial-L\u00e4nge. Das Cam-2-SD-System mit rotierendem Modul erm\u00f6glicht eine pr\u00e4zise Anpassung der Auszugsl\u00e4nge, ohne das gesamte Cam austauschen zu m\u00fcssen.<\/p>\n<p>Der Bogen ist in zwei Zuggewichtsbereichen erh\u00e4ltlich \u2013 30\u201340 lbs und 40\u201350 lbs \u2013 und eignet sich damit sowohl f\u00fcr Einsteiger als auch f\u00fcr fortgeschrittene Bogensch\u00fctzen. Die Verf\u00fcgbarkeit in Links- und Rechtshand sowie in neun anodisierten Farbvarianten erlaubt eine individuelle Konfiguration.<\/p>\n<ul>\n<li>Axial-L\u00e4nge \u00fcber 35 Zoll<\/li>\n<li>Cam 2 SD mit rotierendem Modul zur Zugweitenanpassung<\/li>\n<li>Zuggewicht w\u00e4hlbar: 30\u201340 lbs oder 40\u201350 lbs<\/li>\n<li>Erh\u00e4ltlich in Links- und Rechtshand, neun Farbvarianten<\/li>\n<\/ul>","protected":false},"excerpt":{"rendered":"<p><strong>Marchio:<\/strong> Topoint<br \/><strong>Axle-to-axle (inch):<\/strong> 36<br \/><strong>Brace height (inch):<\/strong> 6,75<br \/><strong>Module:<\/strong> Rotating mod<br \/><strong>Let Off %:<\/strong> 75<br \/><strong>Materiale:<\/strong> Aluminum<\/p>","protected":false},"featured_media":451607,"comment_status":"open","ping_status":"closed","template":"","meta":[],"product_brand":[436],"product_cat":[4523],"product_tag":[],"class_list":{"0":"post-410220","1":"product","2":"type-product","3":"status-publish","4":"has-post-thumbnail","6":"product_brand-topoint","7":"product_cat-compound-bows--35-compound-boegen","9":"first","10":"instock","11":"shipping-taxable","12":"purchasable","13":"product-type-variable"},"_links":{"self":[{"href":"https:\/\/bogensportdiscount.ch\/it\/wp-json\/wp\/v2\/product\/410220","targetHints":{"allow":["GET"]}}],"collection":[{"href":"https:\/\/bogensportdiscount.ch\/it\/wp-json\/wp\/v2\/product"}],"about":[{"href":"https:\/\/bogensportdiscount.ch\/it\/wp-json\/wp\/v2\/types\/product"}],"replies":[{"embeddable":true,"href":"https:\/\/bogensportdiscount.ch\/it\/wp-json\/wp\/v2\/comments?post=410220"}],"wp:featuredmedia":[{"embeddable":true,"href":"https:\/\/bogensportdiscount.ch\/it\/wp-json\/wp\/v2\/media\/451607"}],"wp:attachment":[{"href":"https:\/\/bogensportdiscount.ch\/it\/wp-json\/wp\/v2\/media?parent=410220"}],"wp:term":[{"taxonomy":"product_brand","embeddable":true,"href":"https:\/\/bogensportdiscount.ch\/it\/wp-json\/wp\/v2\/product_brand?post=410220"},{"taxonomy":"product_cat","embeddable":true,"href":"https:\/\/bogensportdiscount.ch\/it\/wp-json\/wp\/v2\/product_cat?post=410220"},{"taxonomy":"product_tag","embeddable":true,"href":"https:\/\/bogensportdiscount.ch\/it\/wp-json\/wp\/v2\/product_tag?post=410220"}],"curies":[{"name":"wp","href":"https:\/\/api.w.org\/{rel}","templated":true}]}}