{"id":410160,"date":"2026-04-05T15:01:33","date_gmt":"2026-04-05T13:01:33","guid":{"rendered":"https:\/\/bogensportdiscount.ch\/produkt\/compound-breth-36-cam-1-xl-rotating-mod-30-40lbs-26-30-rh-anodized-black\/"},"modified":"2026-04-15T13:07:56","modified_gmt":"2026-04-15T11:07:56","slug":"topoint-compoundbogen-breth-36-cam-1-xl-rotating-mod","status":"publish","type":"product","link":"https:\/\/bogensportdiscount.ch\/it\/prodotto\/topoint-compoundbogen-breth-36-cam-1-xl-rotating-mod\/","title":{"rendered":"TOPOINT COMPOUND BRETH 36 CAM 1 XL MOD ROTANTE"},"content":{"rendered":"<p>Der TOPOINT Breth 36 geh\u00f6rt zur Kategorie der Compoundb\u00f6gen \u00fcber 35 Zoll Achsmass und richtet sich an Sch\u00fctzen, die einen stabilen und ausgewogenen Bogen f\u00fcr Feld, 3D oder Training suchen. Das Modell ist mit dem Cam 1 XL Rotating Mod ausgestattet, das eine pr\u00e4zise Anpassung der Zuglaenge erm\u00f6glicht.<\/p>\n<p>Das Zuggewicht ist in drei Stufen (30\u201340 LBS, 40\u201350 LBS, 50\u201360 LBS) w\u00e4hlbar, sodass der Bogen sowohl f\u00fcr Einsteiger als auch f\u00fcr fortgeschrittene Sch\u00fctzen geeignet ist. Die eloxierte Oberfl\u00e4che (Anodized) ist in neun verschiedenen Farben erh\u00e4ltlich.<\/p>\n<ul>\n<li>Achsmass \u00fcber 35 Zoll f\u00fcr hohe Stabilit\u00e4t<\/li>\n<li>Cam 1 XL mit Rotating Mod f\u00fcr flexible Zuglaengenanpassung<\/li>\n<li>Zuggewicht in drei Bereichen konfigurierbar (30\u201360 LBS)<\/li>\n<li>Erh\u00e4ltlich f\u00fcr Links- und Rechtsh\u00e4nder in neun Farben<\/li>\n<\/ul>","protected":false},"excerpt":{"rendered":"<p><strong>Marchio:<\/strong> Topoint<br \/><strong>Axle-to-axle (inch):<\/strong> 36<br \/><strong>Brace height (inch):<\/strong> 7<br \/><strong>Module:<\/strong> Rotating mod<br \/><strong>Let Off %:<\/strong> 75<br \/><strong>Materiale:<\/strong> Aluminum<\/p>","protected":false},"featured_media":451606,"comment_status":"open","ping_status":"closed","template":"","meta":[],"product_brand":[436],"product_cat":[4523],"product_tag":[],"class_list":{"0":"post-410160","1":"product","2":"type-product","3":"status-publish","4":"has-post-thumbnail","6":"product_brand-topoint","7":"product_cat-compound-bows--35-compound-boegen","9":"first","10":"instock","11":"shipping-taxable","12":"purchasable","13":"product-type-variable"},"_links":{"self":[{"href":"https:\/\/bogensportdiscount.ch\/it\/wp-json\/wp\/v2\/product\/410160","targetHints":{"allow":["GET"]}}],"collection":[{"href":"https:\/\/bogensportdiscount.ch\/it\/wp-json\/wp\/v2\/product"}],"about":[{"href":"https:\/\/bogensportdiscount.ch\/it\/wp-json\/wp\/v2\/types\/product"}],"replies":[{"embeddable":true,"href":"https:\/\/bogensportdiscount.ch\/it\/wp-json\/wp\/v2\/comments?post=410160"}],"wp:featuredmedia":[{"embeddable":true,"href":"https:\/\/bogensportdiscount.ch\/it\/wp-json\/wp\/v2\/media\/451606"}],"wp:attachment":[{"href":"https:\/\/bogensportdiscount.ch\/it\/wp-json\/wp\/v2\/media?parent=410160"}],"wp:term":[{"taxonomy":"product_brand","embeddable":true,"href":"https:\/\/bogensportdiscount.ch\/it\/wp-json\/wp\/v2\/product_brand?post=410160"},{"taxonomy":"product_cat","embeddable":true,"href":"https:\/\/bogensportdiscount.ch\/it\/wp-json\/wp\/v2\/product_cat?post=410160"},{"taxonomy":"product_tag","embeddable":true,"href":"https:\/\/bogensportdiscount.ch\/it\/wp-json\/wp\/v2\/product_tag?post=410160"}],"curies":[{"name":"wp","href":"https:\/\/api.w.org\/{rel}","templated":true}]}}