{"id":410097,"date":"2026-04-05T15:01:25","date_gmt":"2026-04-05T13:01:25","guid":{"rendered":"https:\/\/bogensportdiscount.ch\/produkt\/shafts-carbon-phoric-id6-2-350-33-with-compound-pin-nock-and-insert-12-pk\/"},"modified":"2026-04-19T11:54:17","modified_gmt":"2026-04-19T09:54:17","slug":"skylon-carbon-schaefte-phoric-id62-350-33-compound-pin-nocke-insert-12er-pack","status":"publish","type":"product","link":"https:\/\/bogensportdiscount.ch\/it\/prodotto\/skylon-carbon-schaefte-phoric-id62-350-33-compound-pin-nocke-insert-12er-pack\/","title":{"rendered":"SKYLON SCHAEFTE CARBON PHORIC ID6.2 \/ 33&#8243; MIT COMPOUND PIN NOCK UND EINSATZ 12\/PK"},"content":{"rendered":"<p>Die SKYLON Phoric ID6.2 Carbon-Sch\u00e4fte sind f\u00fcr den Compoundbogen-Einsatz im Jagd- und Outdoorbereich konzipiert. Der Innendurchmesser von 6.2 mm erm\u00f6glicht die Verwendung von Standardkomponenten im ID6.2-Format. Im Lieferumfang jedes Schaftes sind eine Compound-Pin-Nocke sowie ein Insert enthalten.<\/p>\n<p>Die Sch\u00e4fte werden in einem 12er-Pack geliefert und sind in verschiedenen Spine-Werten erh\u00e4ltlich: 350, 400, 500, 600 und 700. Damit lassen sie sich auf unterschiedliche Zuggewichte und Pfeilgewichte abstimmen. Die L\u00e4nge von 33&#8243; bietet ausreichend Spielraum f\u00fcr individuelle K\u00fcrzungen.<\/p>\n<ul>\n<li>Spine-Auswahl: 350 \/ 400 \/ 500 \/ 600 \/ 700<\/li>\n<li>Innendurchmesser ID6.2 mm f\u00fcr Compound-Komponenten<\/li>\n<li>Inklusive Compound-Pin-Nocke und Insert<\/li>\n<li>12 Sch\u00e4fte pro Packung<\/li>\n<\/ul>","protected":false},"excerpt":{"rendered":"<table>\n<tr>\n<th>Propriet\u00e0<\/th>\n<th>Valore<\/th>\n<\/tr>\n<tr>\n<td>Marca<\/td>\n<td>Skylon<\/td>\n<\/tr>\n<tr>\n<td>Modello<\/td>\n<td>Phoric ID6.2<\/td>\n<\/tr>\n<tr>\n<td>Spina<\/td>\n<td>350 (auch erh\u00e4ltlich in 400, 500, 600, 700)<\/td>\n<\/tr>\n<tr>\n<td>Lunghezza<\/td>\n<td>33&#8243;<\/td>\n<\/tr>\n<tr>\n<td>Diametro interno<\/td>\n<td>6.2 mm<\/td>\n<\/tr>\n<tr>\n<td>Inclusa<\/td>\n<td>Compound-Pin-Nocke und Insert<\/td>\n<\/tr>\n<tr>\n<td>Contenuto della confezione<\/td>\n<td>12 Sch\u00e4fte<\/td>\n<\/tr>\n<tr>\n<td>Origine<\/td>\n<td>Cina<\/td>\n<\/tr>\n<\/table>","protected":false},"featured_media":451596,"comment_status":"open","ping_status":"closed","template":"","meta":[],"product_brand":[457],"product_cat":[4503],"product_tag":[],"class_list":{"0":"post-410097","1":"product","2":"type-product","3":"status-publish","4":"has-post-thumbnail","6":"product_brand-skylon","7":"product_cat-carbon-jagd-schaefte","9":"first","10":"instock","11":"shipping-taxable","12":"purchasable","13":"product-type-variable"},"_links":{"self":[{"href":"https:\/\/bogensportdiscount.ch\/it\/wp-json\/wp\/v2\/product\/410097","targetHints":{"allow":["GET"]}}],"collection":[{"href":"https:\/\/bogensportdiscount.ch\/it\/wp-json\/wp\/v2\/product"}],"about":[{"href":"https:\/\/bogensportdiscount.ch\/it\/wp-json\/wp\/v2\/types\/product"}],"replies":[{"embeddable":true,"href":"https:\/\/bogensportdiscount.ch\/it\/wp-json\/wp\/v2\/comments?post=410097"}],"wp:featuredmedia":[{"embeddable":true,"href":"https:\/\/bogensportdiscount.ch\/it\/wp-json\/wp\/v2\/media\/451596"}],"wp:attachment":[{"href":"https:\/\/bogensportdiscount.ch\/it\/wp-json\/wp\/v2\/media?parent=410097"}],"wp:term":[{"taxonomy":"product_brand","embeddable":true,"href":"https:\/\/bogensportdiscount.ch\/it\/wp-json\/wp\/v2\/product_brand?post=410097"},{"taxonomy":"product_cat","embeddable":true,"href":"https:\/\/bogensportdiscount.ch\/it\/wp-json\/wp\/v2\/product_cat?post=410097"},{"taxonomy":"product_tag","embeddable":true,"href":"https:\/\/bogensportdiscount.ch\/it\/wp-json\/wp\/v2\/product_tag?post=410097"}],"curies":[{"name":"wp","href":"https:\/\/api.w.org\/{rel}","templated":true}]}}