{"id":410028,"date":"2026-04-05T15:01:15","date_gmt":"2026-04-05T13:01:15","guid":{"rendered":"https:\/\/bogensportdiscount.ch\/produkt\/hunting-bows-oryx-60-rh-25-lbs-fastflite-string-incl\/"},"modified":"2026-04-17T15:42:25","modified_gmt":"2026-04-17T13:42:25","slug":"bucktrail-jagdbogen-oryx-60","status":"publish","type":"product","link":"https:\/\/bogensportdiscount.ch\/it\/prodotto\/bucktrail-jagdbogen-oryx-60\/","title":{"rendered":"BUCKTRAIL ORYX ARCO RICURVO MONOPEZZO"},"content":{"rendered":"<p>Der Bucktrail Oryx ist ein einteiliger traditioneller Jagdbogen in der L\u00e4nge von 60&#8243;. Als klassischer Recurvebogen f\u00fcr die Jagd richtet er sich an Bogenj\u00e4ger, die Wert auf eine kompakte und handliche Ausr\u00fcstung legen.<\/p>\n<p>Der Oryx ist in einer grossen Auswahl an Zuggewichten von 25 bis 60 lbs erh\u00e4ltlich und l\u00e4sst sich somit auf unterschiedliche Anforderungen und Sch\u00fctzenprofile abstimmen. Zudem ist er sowohl f\u00fcr Rechts- als auch f\u00fcr Linkshandsch\u00fctzen verf\u00fcgbar.<\/p>\n<ul>\n<li>Einteiliger traditioneller Jagdbogen<\/li>\n<li>Bogenl\u00e4nge: 60&#8243;<\/li>\n<li>Zuggewichte: 25 \/ 30 \/ 35 \/ 40 \/ 45 \/ 50 \/ 55 \/ 60 lbs<\/li>\n<li>F\u00fcr Rechts- und Linkshandsch\u00fctzen erh\u00e4ltlich<\/li>\n<\/ul>","protected":false},"excerpt":{"rendered":"<p><strong>Marchio:<\/strong> Buck Trail<\/p>","protected":false},"featured_media":451578,"comment_status":"open","ping_status":"closed","template":"","meta":[],"product_brand":[432],"product_cat":[4274],"product_tag":[],"class_list":{"0":"post-410028","1":"product","2":"type-product","3":"status-publish","4":"has-post-thumbnail","6":"product_brand-bucktrail","7":"product_cat-jagdboegen","9":"first","10":"instock","11":"shipping-taxable","12":"purchasable","13":"product-type-variable"},"_links":{"self":[{"href":"https:\/\/bogensportdiscount.ch\/it\/wp-json\/wp\/v2\/product\/410028","targetHints":{"allow":["GET"]}}],"collection":[{"href":"https:\/\/bogensportdiscount.ch\/it\/wp-json\/wp\/v2\/product"}],"about":[{"href":"https:\/\/bogensportdiscount.ch\/it\/wp-json\/wp\/v2\/types\/product"}],"replies":[{"embeddable":true,"href":"https:\/\/bogensportdiscount.ch\/it\/wp-json\/wp\/v2\/comments?post=410028"}],"wp:featuredmedia":[{"embeddable":true,"href":"https:\/\/bogensportdiscount.ch\/it\/wp-json\/wp\/v2\/media\/451578"}],"wp:attachment":[{"href":"https:\/\/bogensportdiscount.ch\/it\/wp-json\/wp\/v2\/media?parent=410028"}],"wp:term":[{"taxonomy":"product_brand","embeddable":true,"href":"https:\/\/bogensportdiscount.ch\/it\/wp-json\/wp\/v2\/product_brand?post=410028"},{"taxonomy":"product_cat","embeddable":true,"href":"https:\/\/bogensportdiscount.ch\/it\/wp-json\/wp\/v2\/product_cat?post=410028"},{"taxonomy":"product_tag","embeddable":true,"href":"https:\/\/bogensportdiscount.ch\/it\/wp-json\/wp\/v2\/product_tag?post=410028"}],"curies":[{"name":"wp","href":"https:\/\/api.w.org\/{rel}","templated":true}]}}