{"id":409994,"date":"2026-04-05T15:01:10","date_gmt":"2026-04-05T13:01:10","guid":{"rendered":"https:\/\/bogensportdiscount.ch\/produkt\/sight-parts-tetra-series-xl-010-1-pin-scope-only-rh\/"},"modified":"2026-04-22T14:12:04","modified_gmt":"2026-04-22T12:12:04","slug":"hha-visier-ersatzteile-tetra-series-xl","status":"publish","type":"product","link":"https:\/\/bogensportdiscount.ch\/it\/prodotto\/hha-visier-ersatzteile-tetra-series-xl\/","title":{"rendered":"HHA VISIER TEILE TETRA SERIES XL .019 1 PIN NUR ZIELFERNROHR"},"content":{"rendered":"<p>Diese Ersatzteile sind speziell f\u00fcr das HHA Tetra Series XL Visier gefertigt und erm\u00f6glichen die Reparatur oder den Austausch von Verschleissteilen am Visier. Das Produkt wird in den USA hergestellt und entspricht dem Qualit\u00e4tsstandard der HHA-Produktlinie.<\/p>\n<p>Die Teile sind in zwei Klingendicken erh\u00e4ltlich (.010&#8243; und .019&#8243;) und f\u00fcr Links- sowie Rechtshandsch\u00fctzen konzipiert, sodass eine breite Kompatibilit\u00e4t gew\u00e4hrleistet ist.<\/p>\n<ul>\n<li>Passend f\u00fcr HHA Tetra Series XL Visiere<\/li>\n<li>Disponibile per l'uso con la mano destra o sinistra<\/li>\n<li>Klingendicken: .010&#8243; und .019&#8243;<\/li>\n<li>Prodotto negli Stati Uniti<\/li>\n<\/ul>","protected":false},"excerpt":{"rendered":"<p>Ersatzteile f\u00fcr das HHA Tetra Series XL Visier. Erh\u00e4ltlich f\u00fcr Links- und Rechtshandsch\u00fctzen, in den Klingendicken .010&#8243; und .019&#8243;.<\/p>","protected":false},"featured_media":524440,"comment_status":"open","ping_status":"closed","template":"","meta":[],"product_brand":[528],"product_cat":[4134],"product_tag":[],"class_list":{"0":"post-409994","1":"product","2":"type-product","3":"status-publish","4":"has-post-thumbnail","6":"product_brand-hha","7":"product_cat-einzelteile-fur-jagd-und-3d","8":"product_shipping_class-bsd-standard","10":"first","11":"instock","12":"shipping-taxable","13":"purchasable","14":"product-type-variable"},"yoast_head":"<!-- This site is optimized with the Yoast SEO plugin v27.4 - https:\/\/yoast.com\/product\/yoast-seo-wordpress\/ -->\n<title>HHA PARTI DEL MIRINO SERIE TETRA XL .019 1 PIN SOLO CANNOCCHIALE - Bogensportdiscount \u2013 Archi, frecce, bersagli e accessori<\/title>\n<meta name=\"description\" content=\"Acquista a un prezzo conveniente le parti per mirini HHA della serie TETRA XL .019 a 1 pin solo per cannocchiali da puntamento su Bogensportdiscount \u2013 Marchi di punta, spedizione veloce dalla Svizzera.\" \/>\n<meta name=\"robots\" content=\"index, follow, max-snippet:-1, max-image-preview:large, max-video-preview:-1\" \/>\n<link rel=\"canonical\" href=\"https:\/\/bogensportdiscount.ch\/it\/prodotto\/hha-visier-ersatzteile-tetra-series-xl\/\" \/>\n<meta property=\"og:locale\" content=\"it_IT\" \/>\n<meta property=\"og:type\" content=\"article\" \/>\n<meta property=\"og:title\" content=\"HHA PARTI DEL MIRINO SERIE TETRA XL .019 1 PIN SOLO CANNOCCHIALE - Bogensportdiscount \u2013 Archi, frecce, bersagli e accessori\" \/>\n<meta property=\"og:description\" content=\"Acquista a un prezzo conveniente le parti per mirini HHA della serie TETRA XL .019 a 1 pin solo per cannocchiali da puntamento su Bogensportdiscount \u2013 Marchi di punta, spedizione veloce dalla Svizzera.\" \/>\n<meta property=\"og:url\" content=\"https:\/\/bogensportdiscount.ch\/it\/prodotto\/hha-visier-ersatzteile-tetra-series-xl\/\" \/>\n<meta property=\"og:site_name\" content=\"Bogensportdiscount \u2013 B\u00f6gen, Pfeile, Targets &amp; Zubeh\u00f6r\" \/>\n<meta property=\"article:modified_time\" content=\"2026-04-22T12:12:04+00:00\" \/>\n<meta property=\"og:image\" content=\"https:\/\/bogensportdiscount.ch\/wp-content\/uploads\/bsm-images\/A063340_1.jpg\" \/>\n\t<meta property=\"og:image:width\" content=\"1600\" \/>\n\t<meta property=\"og:image:height\" content=\"900\" \/>\n\t<meta property=\"og:image:type\" content=\"image\/jpeg\" \/>\n<meta name=\"twitter:card\" content=\"summary_large_image\" \/>\n<script type=\"application\/ld+json\" class=\"yoast-schema-graph\">{\"@context\":\"https:\\\/\\\/schema.org\",\"@graph\":[{\"@type\":\"WebPage\",\"@id\":\"https:\\\/\\\/bogensportdiscount.ch\\\/produkt\\\/hha-visier-ersatzteile-tetra-series-xl\\\/\",\"url\":\"https:\\\/\\\/bogensportdiscount.ch\\\/produkt\\\/hha-visier-ersatzteile-tetra-series-xl\\\/\",\"name\":\"HHA VISIER TEILE TETRA SERIES XL .019 1 PIN NUR ZIELFERNROHR - Bogensportdiscount \u2013 B\u00f6gen, Pfeile, Targets &amp; Zubeh\u00f6r\",\"isPartOf\":{\"@id\":\"https:\\\/\\\/bogensportdiscount.ch\\\/#website\"},\"primaryImageOfPage\":{\"@id\":\"https:\\\/\\\/bogensportdiscount.ch\\\/produkt\\\/hha-visier-ersatzteile-tetra-series-xl\\\/#primaryimage\"},\"image\":{\"@id\":\"https:\\\/\\\/bogensportdiscount.ch\\\/produkt\\\/hha-visier-ersatzteile-tetra-series-xl\\\/#primaryimage\"},\"thumbnailUrl\":\"https:\\\/\\\/bogensportdiscount.ch\\\/wp-content\\\/uploads\\\/bsm-images\\\/A063340_1.jpg\",\"datePublished\":\"2026-04-05T13:01:10+00:00\",\"dateModified\":\"2026-04-22T12:12:04+00:00\",\"description\":\"HHA VISIER TEILE TETRA SERIES XL .019 1 PIN NUR ZIELFERNROHR g\u00fcnstig kaufen bei Bogensportdiscount \u2013 Top-Marken, schneller Versand aus der Schweiz.\",\"breadcrumb\":{\"@id\":\"https:\\\/\\\/bogensportdiscount.ch\\\/produkt\\\/hha-visier-ersatzteile-tetra-series-xl\\\/#breadcrumb\"},\"inLanguage\":\"it-IT\",\"potentialAction\":[{\"@type\":\"ReadAction\",\"target\":[\"https:\\\/\\\/bogensportdiscount.ch\\\/produkt\\\/hha-visier-ersatzteile-tetra-series-xl\\\/\"]}]},{\"@type\":\"ImageObject\",\"inLanguage\":\"it-IT\",\"@id\":\"https:\\\/\\\/bogensportdiscount.ch\\\/produkt\\\/hha-visier-ersatzteile-tetra-series-xl\\\/#primaryimage\",\"url\":\"https:\\\/\\\/bogensportdiscount.ch\\\/wp-content\\\/uploads\\\/bsm-images\\\/A063340_1.jpg\",\"contentUrl\":\"https:\\\/\\\/bogensportdiscount.ch\\\/wp-content\\\/uploads\\\/bsm-images\\\/A063340_1.jpg\",\"width\":1600,\"height\":900},{\"@type\":\"BreadcrumbList\",\"@id\":\"https:\\\/\\\/bogensportdiscount.ch\\\/produkt\\\/hha-visier-ersatzteile-tetra-series-xl\\\/#breadcrumb\",\"itemListElement\":[{\"@type\":\"ListItem\",\"position\":1,\"name\":\"Home\",\"item\":\"https:\\\/\\\/bogensportdiscount.ch\\\/\"},{\"@type\":\"ListItem\",\"position\":2,\"name\":\"Shop\",\"item\":\"https:\\\/\\\/bogensportdiscount.ch\\\/shop\\\/\"},{\"@type\":\"ListItem\",\"position\":3,\"name\":\"HHA VISIER TEILE TETRA SERIES XL .019 1 PIN NUR ZIELFERNROHR\"}]},{\"@type\":\"WebSite\",\"@id\":\"https:\\\/\\\/bogensportdiscount.ch\\\/#website\",\"url\":\"https:\\\/\\\/bogensportdiscount.ch\\\/\",\"name\":\"Bogensportdiscount\",\"description\":\"\",\"potentialAction\":[{\"@type\":\"SearchAction\",\"target\":{\"@type\":\"EntryPoint\",\"urlTemplate\":\"https:\\\/\\\/bogensportdiscount.ch\\\/?s={search_term_string}\"},\"query-input\":{\"@type\":\"PropertyValueSpecification\",\"valueRequired\":true,\"valueName\":\"search_term_string\"}}],\"inLanguage\":\"it-IT\"}]}<\/script>\n<!-- \/ Yoast SEO plugin. -->","yoast_head_json":{"title":"HHA PARTI DEL MIRINO SERIE TETRA XL .019 1 PIN SOLO CANNOCCHIALE - Bogensportdiscount \u2013 Archi, frecce, bersagli e accessori","description":"Acquista a un prezzo conveniente le parti per mirini HHA della serie TETRA XL .019 a 1 pin solo per cannocchiali da puntamento su Bogensportdiscount \u2013 Marchi di punta, spedizione veloce dalla Svizzera.","robots":{"index":"index","follow":"follow","max-snippet":"max-snippet:-1","max-image-preview":"max-image-preview:large","max-video-preview":"max-video-preview:-1"},"canonical":"https:\/\/bogensportdiscount.ch\/it\/prodotto\/hha-visier-ersatzteile-tetra-series-xl\/","og_locale":"it_IT","og_type":"article","og_title":"HHA PARTI DEL MIRINO SERIE TETRA XL .019 1 PIN SOLO CANNOCCHIALE - Bogensportdiscount \u2013 Archi, frecce, bersagli e accessori","og_description":"Acquista a un prezzo conveniente le parti per mirini HHA della serie TETRA XL .019 a 1 pin solo per cannocchiali da puntamento su Bogensportdiscount \u2013 Marchi di punta, spedizione veloce dalla Svizzera.","og_url":"https:\/\/bogensportdiscount.ch\/it\/prodotto\/hha-visier-ersatzteile-tetra-series-xl\/","og_site_name":"Bogensportdiscount \u2013 B\u00f6gen, Pfeile, Targets &amp; Zubeh\u00f6r","article_modified_time":"2026-04-22T12:12:04+00:00","og_image":[{"width":1600,"height":900,"url":"https:\/\/bogensportdiscount.ch\/wp-content\/uploads\/bsm-images\/A063340_1.jpg","type":"image\/jpeg"}],"twitter_card":"summary_large_image","schema":{"@context":"https:\/\/schema.org","@graph":[{"@type":"WebPage","@id":"https:\/\/bogensportdiscount.ch\/produkt\/hha-visier-ersatzteile-tetra-series-xl\/","url":"https:\/\/bogensportdiscount.ch\/produkt\/hha-visier-ersatzteile-tetra-series-xl\/","name":"HHA PARTI DEL MIRINO SERIE TETRA XL .019 1 PIN SOLO CANNOCCHIALE - Bogensportdiscount \u2013 Archi, frecce, bersagli e accessori","isPartOf":{"@id":"https:\/\/bogensportdiscount.ch\/#website"},"primaryImageOfPage":{"@id":"https:\/\/bogensportdiscount.ch\/produkt\/hha-visier-ersatzteile-tetra-series-xl\/#primaryimage"},"image":{"@id":"https:\/\/bogensportdiscount.ch\/produkt\/hha-visier-ersatzteile-tetra-series-xl\/#primaryimage"},"thumbnailUrl":"https:\/\/bogensportdiscount.ch\/wp-content\/uploads\/bsm-images\/A063340_1.jpg","datePublished":"2026-04-05T13:01:10+00:00","dateModified":"2026-04-22T12:12:04+00:00","description":"Acquista a un prezzo conveniente le parti per mirini HHA della serie TETRA XL .019 a 1 pin solo per cannocchiali da puntamento su Bogensportdiscount \u2013 Marchi di punta, spedizione veloce dalla Svizzera.","breadcrumb":{"@id":"https:\/\/bogensportdiscount.ch\/produkt\/hha-visier-ersatzteile-tetra-series-xl\/#breadcrumb"},"inLanguage":"it-IT","potentialAction":[{"@type":"ReadAction","target":["https:\/\/bogensportdiscount.ch\/produkt\/hha-visier-ersatzteile-tetra-series-xl\/"]}]},{"@type":"ImageObject","inLanguage":"it-IT","@id":"https:\/\/bogensportdiscount.ch\/produkt\/hha-visier-ersatzteile-tetra-series-xl\/#primaryimage","url":"https:\/\/bogensportdiscount.ch\/wp-content\/uploads\/bsm-images\/A063340_1.jpg","contentUrl":"https:\/\/bogensportdiscount.ch\/wp-content\/uploads\/bsm-images\/A063340_1.jpg","width":1600,"height":900},{"@type":"BreadcrumbList","@id":"https:\/\/bogensportdiscount.ch\/produkt\/hha-visier-ersatzteile-tetra-series-xl\/#breadcrumb","itemListElement":[{"@type":"ListItem","position":1,"name":"Home","item":"https:\/\/bogensportdiscount.ch\/"},{"@type":"ListItem","position":2,"name":"Shop","item":"https:\/\/bogensportdiscount.ch\/shop\/"},{"@type":"ListItem","position":3,"name":"HHA VISIER TEILE TETRA SERIES XL .019 1 PIN NUR ZIELFERNROHR"}]},{"@type":"WebSite","@id":"https:\/\/bogensportdiscount.ch\/#website","url":"https:\/\/bogensportdiscount.ch\/","name":"Bogensportdiscount","description":"","potentialAction":[{"@type":"SearchAction","target":{"@type":"EntryPoint","urlTemplate":"https:\/\/bogensportdiscount.ch\/?s={search_term_string}"},"query-input":{"@type":"PropertyValueSpecification","valueRequired":true,"valueName":"search_term_string"}}],"inLanguage":"it-IT"}]}},"_links":{"self":[{"href":"https:\/\/bogensportdiscount.ch\/it\/wp-json\/wp\/v2\/product\/409994","targetHints":{"allow":["GET"]}}],"collection":[{"href":"https:\/\/bogensportdiscount.ch\/it\/wp-json\/wp\/v2\/product"}],"about":[{"href":"https:\/\/bogensportdiscount.ch\/it\/wp-json\/wp\/v2\/types\/product"}],"replies":[{"embeddable":true,"href":"https:\/\/bogensportdiscount.ch\/it\/wp-json\/wp\/v2\/comments?post=409994"}],"wp:featuredmedia":[{"embeddable":true,"href":"https:\/\/bogensportdiscount.ch\/it\/wp-json\/wp\/v2\/media\/524440"}],"wp:attachment":[{"href":"https:\/\/bogensportdiscount.ch\/it\/wp-json\/wp\/v2\/media?parent=409994"}],"wp:term":[{"taxonomy":"product_brand","embeddable":true,"href":"https:\/\/bogensportdiscount.ch\/it\/wp-json\/wp\/v2\/product_brand?post=409994"},{"taxonomy":"product_cat","embeddable":true,"href":"https:\/\/bogensportdiscount.ch\/it\/wp-json\/wp\/v2\/product_cat?post=409994"},{"taxonomy":"product_tag","embeddable":true,"href":"https:\/\/bogensportdiscount.ch\/it\/wp-json\/wp\/v2\/product_tag?post=409994"}],"curies":[{"name":"wp","href":"https:\/\/api.w.org\/{rel}","templated":true}]}}