{"id":409900,"date":"2026-04-05T15:00:58","date_gmt":"2026-04-05T13:00:58","guid":{"rendered":"https:\/\/bogensportdiscount.ch\/produkt\/tiller-bolt-high-hardness-steel-dark-gray-set-of-2\/"},"modified":"2026-04-17T13:47:45","modified_gmt":"2026-04-17T11:47:45","slug":"kinetic-tiller-bolt-high-hardness-steel","status":"publish","type":"product","link":"https:\/\/bogensportdiscount.ch\/it\/prodotto\/kinetic-tiller-bolt-high-hardness-steel\/","title":{"rendered":"BULLONE KINETIC PER TIMONE IN ACCIAIO AD ALTA DUREZZA, SET DI 2 PEZZI"},"content":{"rendered":"<p>Der KINETIC Tiller Bolt aus hochfestem Stahl (High Hardness Steel) ist ein Zubeh\u00f6rteil f\u00fcr Recurveb\u00f6gen und dient der genauen Einstellung des Tillers \u2014 also des Abstands zwischen Bogenwurfarmund Sehne an Ober- und Unterwurf. Eine korrekte Tiller-Einstellung ist wichtig f\u00fcr eine gleichm\u00e4ssige Lastverteilung und eine saubere Schussausf\u00fchrung.<\/p>\n<p>Durch die Fertigung aus hochfestem Stahl bietet der Bolzen eine hohe Langlebigkeit und Belastbarkeit im t\u00e4glichen Einsatz. Er ist in den Farben Gold und Grau erh\u00e4ltlich.<\/p>\n<ul>\n<li>Material: hochfester Stahl (High Hardness Steel)<\/li>\n<li>Verwendung: Tiller-Einstellung am Recurvebogen<\/li>\n<li>Erh\u00e4ltlich in Gold und Grau<\/li>\n<li>Langlebige und robuste Verarbeitung<\/li>\n<\/ul>","protected":false},"excerpt":{"rendered":"<p><strong>Type:<\/strong> Tiller bolts<br \/><strong>Materiale:<\/strong> High-hardness steel<br \/><strong>Quantity:<\/strong> Set of 2<\/p>","protected":false},"featured_media":451546,"comment_status":"open","ping_status":"closed","template":"","meta":[],"product_brand":[439],"product_cat":[4522],"product_tag":[],"class_list":{"0":"post-409900","1":"product","2":"type-product","3":"status-publish","4":"has-post-thumbnail","6":"product_brand-kinetic","7":"product_cat-einzelteile-fuer-recurve-boegen-recurve-boegen","9":"first","10":"instock","11":"shipping-taxable","12":"purchasable","13":"product-type-variable"},"_links":{"self":[{"href":"https:\/\/bogensportdiscount.ch\/it\/wp-json\/wp\/v2\/product\/409900","targetHints":{"allow":["GET"]}}],"collection":[{"href":"https:\/\/bogensportdiscount.ch\/it\/wp-json\/wp\/v2\/product"}],"about":[{"href":"https:\/\/bogensportdiscount.ch\/it\/wp-json\/wp\/v2\/types\/product"}],"replies":[{"embeddable":true,"href":"https:\/\/bogensportdiscount.ch\/it\/wp-json\/wp\/v2\/comments?post=409900"}],"wp:featuredmedia":[{"embeddable":true,"href":"https:\/\/bogensportdiscount.ch\/it\/wp-json\/wp\/v2\/media\/451546"}],"wp:attachment":[{"href":"https:\/\/bogensportdiscount.ch\/it\/wp-json\/wp\/v2\/media?parent=409900"}],"wp:term":[{"taxonomy":"product_brand","embeddable":true,"href":"https:\/\/bogensportdiscount.ch\/it\/wp-json\/wp\/v2\/product_brand?post=409900"},{"taxonomy":"product_cat","embeddable":true,"href":"https:\/\/bogensportdiscount.ch\/it\/wp-json\/wp\/v2\/product_cat?post=409900"},{"taxonomy":"product_tag","embeddable":true,"href":"https:\/\/bogensportdiscount.ch\/it\/wp-json\/wp\/v2\/product_tag?post=409900"}],"curies":[{"name":"wp","href":"https:\/\/api.w.org\/{rel}","templated":true}]}}