{"id":409891,"date":"2026-04-05T15:00:57","date_gmt":"2026-04-05T13:00:57","guid":{"rendered":"https:\/\/bogensportdiscount.ch\/produkt\/binoculars-prostaff-p3-10x30-waterproof-and-fog-proof\/"},"modified":"2026-04-19T11:54:16","modified_gmt":"2026-04-19T09:54:16","slug":"nikon-fernglas-prostaff-p3","status":"publish","type":"product","link":"https:\/\/bogensportdiscount.ch\/it\/prodotto\/nikon-fernglas-prostaff-p3\/","title":{"rendered":"NIKON FERNGLAS PROSTAFF P3"},"content":{"rendered":"<p>Il binocolo Nikon Prostaff P3 appartiene alla linea Prostaff di Nikon ed \u00e8 rivolto a cacciatori, osservatori della natura e appassionati di outdoor. La serie Prostaff \u00e8 sinonimo di solide prestazioni ottiche a un rapporto qualit\u00e0-prezzo orientato alla pratica.<\/p>\n<p>Il binocolo \u00e8 adatto all'uso nella caccia, all'osservazione della selvaggina e alle attivit\u00e0 outdoor in generale. Grazie alla tecnologia ottica Nikon, fornisce immagini nitide e contrastate anche in condizioni di luce variabili.<\/p>\n<ul>\n<li>Ottica Nikon collaudata della serie Prostaff<\/li>\n<li>Adatto per caccia e uso outdoor<\/li>\n<li>Design compatto e maneggevole<\/li>\n<li>Robusto per l'uso in terreno difficile<\/li>\n<\/ul>","protected":false},"excerpt":{"rendered":"<p><strong>Marchio:<\/strong> Nikon<\/p>","protected":false},"featured_media":451542,"comment_status":"open","ping_status":"closed","template":"","meta":[],"product_brand":[823],"product_cat":[4378],"product_tag":[],"class_list":{"0":"post-409891","1":"product","2":"type-product","3":"status-publish","4":"has-post-thumbnail","6":"product_brand-nikon","7":"product_cat-fernglas","9":"first","10":"instock","11":"shipping-taxable","12":"purchasable","13":"product-type-variable"},"_links":{"self":[{"href":"https:\/\/bogensportdiscount.ch\/it\/wp-json\/wp\/v2\/product\/409891","targetHints":{"allow":["GET"]}}],"collection":[{"href":"https:\/\/bogensportdiscount.ch\/it\/wp-json\/wp\/v2\/product"}],"about":[{"href":"https:\/\/bogensportdiscount.ch\/it\/wp-json\/wp\/v2\/types\/product"}],"replies":[{"embeddable":true,"href":"https:\/\/bogensportdiscount.ch\/it\/wp-json\/wp\/v2\/comments?post=409891"}],"wp:featuredmedia":[{"embeddable":true,"href":"https:\/\/bogensportdiscount.ch\/it\/wp-json\/wp\/v2\/media\/451542"}],"wp:attachment":[{"href":"https:\/\/bogensportdiscount.ch\/it\/wp-json\/wp\/v2\/media?parent=409891"}],"wp:term":[{"taxonomy":"product_brand","embeddable":true,"href":"https:\/\/bogensportdiscount.ch\/it\/wp-json\/wp\/v2\/product_brand?post=409891"},{"taxonomy":"product_cat","embeddable":true,"href":"https:\/\/bogensportdiscount.ch\/it\/wp-json\/wp\/v2\/product_cat?post=409891"},{"taxonomy":"product_tag","embeddable":true,"href":"https:\/\/bogensportdiscount.ch\/it\/wp-json\/wp\/v2\/product_tag?post=409891"}],"curies":[{"name":"wp","href":"https:\/\/api.w.org\/{rel}","templated":true}]}}