{"id":409870,"date":"2026-04-05T15:00:54","date_gmt":"2026-04-05T13:00:54","guid":{"rendered":"https:\/\/bogensportdiscount.ch\/produkt\/risers-x-on-25-rh-black\/"},"modified":"2026-05-14T15:26:39","modified_gmt":"2026-05-14T13:26:39","slug":"mkarchery-recurvebogen-mittelstuck-x-on-25-rh","status":"publish","type":"product","link":"https:\/\/bogensportdiscount.ch\/it\/prodotto\/mkarchery-recurvebogen-mittelstuck-x-on-25-rh\/","title":{"rendered":"MKARCHERY Impugnatura X-ON 25&#8243; RH"},"content":{"rendered":"<p>Das MKARCHERY X-On ist ein 25-Zoll Recurvebogen-Mittelst\u00fcck f\u00fcr Rechtsh\u00e4nder, gefertigt aus CNC-gefr\u00e4stem Aluminium. Die ILF-kompatible Pfeilauflagentasche erm\u00f6glicht die Kombination mit einem breiten Sortiment an Recurve-Wurfarmpaaren verschiedener Hersteller.<\/p>\n<p>Das Mittelst\u00fcck eignet sich laut Herstellerangabe f\u00fcr alle Zuggewichte und richtet sich damit gleichermassen an Einsteiger wie an fortgeschrittene Sch\u00fctzen. Es ist in den Farben Schwarz, Blau, Gold und Rot erh\u00e4ltlich.<\/p>\n<ul>\n<li>Costruzione in alluminio fresato CNC (Forged CNC)<\/li>\n<li>Vano appoggia-freccia ILF per ampia compatibilit\u00e0<\/li>\n<li>Adatto a tutti i pesi di trazione<\/li>\n<li>Disponibile in quattro colori<\/li>\n<\/ul>","protected":false},"excerpt":{"rendered":"<table>\n<tr>\n<th>Propriet\u00e0<\/th>\n<th>Valore<\/th>\n<\/tr>\n<tr>\n<td>Tipo<\/td>\n<td>Forged CNC<\/td>\n<\/tr>\n<tr>\n<td>Materiale<\/td>\n<td>Alluminio<\/td>\n<\/tr>\n<tr>\n<td>Sede del posafreccia<\/td>\n<td>ILF<\/td>\n<\/tr>\n<tr>\n<td>Raccomandazione<\/td>\n<td>Tutti i pesi di trazione<\/td>\n<\/tr>\n<tr>\n<td>Lunghezza<\/td>\n<td>25&#8243;<\/td>\n<\/tr>\n<tr>\n<td>Mano<\/td>\n<td>Mano destra (RH)<\/td>\n<\/tr>\n<tr>\n<td>Origine<\/td>\n<td>Corea<\/td>\n<\/tr>\n<\/table>","protected":false},"featured_media":451534,"comment_status":"open","ping_status":"closed","template":"","meta":[],"product_brand":[500],"product_cat":[4519],"product_tag":[],"class_list":{"0":"post-409870","1":"product","2":"type-product","3":"status-publish","4":"has-post-thumbnail","6":"product_brand-mkarchery","7":"product_cat-recurve-mittelteile","8":"product_shipping_class-bsd-standard","10":"first","11":"instock","12":"shipping-taxable","13":"purchasable","14":"product-type-variable"},"yoast_head":"<!-- This site is optimized with the Yoast SEO plugin v27.6 - https:\/\/yoast.com\/product\/yoast-seo-wordpress\/ -->\n<title>MKARCHERY Sezioni centrali X-ON 25&quot; RH - Bogensportdiscount \u2013 Archi, frecce, bersagli e accessori<\/title>\n<meta name=\"description\" content=\"Acquista le sezioni centrali MKARCHERY X-ON 25&quot; RH a un prezzo vantaggioso su Bogensportdiscount \u2013 Le migliori marche, spedizione veloce dalla Svizzera.\" \/>\n<meta name=\"robots\" content=\"index, follow, max-snippet:-1, max-image-preview:large, max-video-preview:-1\" \/>\n<link rel=\"canonical\" href=\"https:\/\/bogensportdiscount.ch\/it\/prodotto\/mkarchery-recurvebogen-mittelstuck-x-on-25-rh\/\" \/>\n<meta property=\"og:locale\" content=\"it_IT\" \/>\n<meta property=\"og:type\" content=\"article\" \/>\n<meta property=\"og:title\" content=\"MKARCHERY Sezioni centrali X-ON 25&quot; RH - Bogensportdiscount \u2013 Archi, frecce, bersagli e accessori\" \/>\n<meta property=\"og:description\" content=\"Acquista le sezioni centrali MKARCHERY X-ON 25&quot; RH a un prezzo vantaggioso su Bogensportdiscount \u2013 Le migliori marche, spedizione veloce dalla Svizzera.\" \/>\n<meta property=\"og:url\" content=\"https:\/\/bogensportdiscount.ch\/it\/prodotto\/mkarchery-recurvebogen-mittelstuck-x-on-25-rh\/\" \/>\n<meta property=\"og:site_name\" content=\"Bogensportdiscount \u2013 B\u00f6gen, Pfeile, Targets &amp; Zubeh\u00f6r\" \/>\n<meta property=\"article:modified_time\" content=\"2026-05-14T13:26:39+00:00\" \/>\n<meta property=\"og:image\" content=\"https:\/\/bogensportdiscount.ch\/wp-content\/uploads\/bsm-images\/A063011_1.jpg\" \/>\n\t<meta property=\"og:image:width\" content=\"2100\" \/>\n\t<meta property=\"og:image:height\" content=\"3000\" \/>\n\t<meta property=\"og:image:type\" content=\"image\/jpeg\" \/>\n<meta name=\"twitter:card\" content=\"summary_large_image\" \/>\n<script type=\"application\/ld+json\" class=\"yoast-schema-graph\">{\"@context\":\"https:\\\/\\\/schema.org\",\"@graph\":[{\"@type\":\"WebPage\",\"@id\":\"https:\\\/\\\/bogensportdiscount.ch\\\/produkt\\\/mkarchery-recurvebogen-mittelstuck-x-on-25-rh\\\/\",\"url\":\"https:\\\/\\\/bogensportdiscount.ch\\\/produkt\\\/mkarchery-recurvebogen-mittelstuck-x-on-25-rh\\\/\",\"name\":\"MKARCHERY Mittelteile X-ON 25\\\" RH - Bogensportdiscount \u2013 B\u00f6gen, Pfeile, Targets &amp; Zubeh\u00f6r\",\"isPartOf\":{\"@id\":\"https:\\\/\\\/bogensportdiscount.ch\\\/#website\"},\"primaryImageOfPage\":{\"@id\":\"https:\\\/\\\/bogensportdiscount.ch\\\/produkt\\\/mkarchery-recurvebogen-mittelstuck-x-on-25-rh\\\/#primaryimage\"},\"image\":{\"@id\":\"https:\\\/\\\/bogensportdiscount.ch\\\/produkt\\\/mkarchery-recurvebogen-mittelstuck-x-on-25-rh\\\/#primaryimage\"},\"thumbnailUrl\":\"https:\\\/\\\/bogensportdiscount.ch\\\/wp-content\\\/uploads\\\/bsm-images\\\/A063011_1.jpg\",\"datePublished\":\"2026-04-05T13:00:54+00:00\",\"dateModified\":\"2026-05-14T13:26:39+00:00\",\"description\":\"MKARCHERY Mittelteile X-ON 25\\\" RH g\u00fcnstig kaufen bei Bogensportdiscount \u2013 Top-Marken, schneller Versand aus der Schweiz.\",\"breadcrumb\":{\"@id\":\"https:\\\/\\\/bogensportdiscount.ch\\\/produkt\\\/mkarchery-recurvebogen-mittelstuck-x-on-25-rh\\\/#breadcrumb\"},\"inLanguage\":\"it-IT\",\"potentialAction\":[{\"@type\":\"ReadAction\",\"target\":[\"https:\\\/\\\/bogensportdiscount.ch\\\/produkt\\\/mkarchery-recurvebogen-mittelstuck-x-on-25-rh\\\/\"]}]},{\"@type\":\"ImageObject\",\"inLanguage\":\"it-IT\",\"@id\":\"https:\\\/\\\/bogensportdiscount.ch\\\/produkt\\\/mkarchery-recurvebogen-mittelstuck-x-on-25-rh\\\/#primaryimage\",\"url\":\"https:\\\/\\\/bogensportdiscount.ch\\\/wp-content\\\/uploads\\\/bsm-images\\\/A063011_1.jpg\",\"contentUrl\":\"https:\\\/\\\/bogensportdiscount.ch\\\/wp-content\\\/uploads\\\/bsm-images\\\/A063011_1.jpg\",\"width\":2100,\"height\":3000},{\"@type\":\"BreadcrumbList\",\"@id\":\"https:\\\/\\\/bogensportdiscount.ch\\\/produkt\\\/mkarchery-recurvebogen-mittelstuck-x-on-25-rh\\\/#breadcrumb\",\"itemListElement\":[{\"@type\":\"ListItem\",\"position\":1,\"name\":\"Home\",\"item\":\"https:\\\/\\\/bogensportdiscount.ch\\\/\"},{\"@type\":\"ListItem\",\"position\":2,\"name\":\"Shop\",\"item\":\"https:\\\/\\\/bogensportdiscount.ch\\\/shop\\\/\"},{\"@type\":\"ListItem\",\"position\":3,\"name\":\"MKARCHERY Mittelteile X-ON 25&#8243; RH\"}]},{\"@type\":\"WebSite\",\"@id\":\"https:\\\/\\\/bogensportdiscount.ch\\\/#website\",\"url\":\"https:\\\/\\\/bogensportdiscount.ch\\\/\",\"name\":\"Bogensportdiscount\",\"description\":\"\",\"potentialAction\":[{\"@type\":\"SearchAction\",\"target\":{\"@type\":\"EntryPoint\",\"urlTemplate\":\"https:\\\/\\\/bogensportdiscount.ch\\\/?s={search_term_string}\"},\"query-input\":{\"@type\":\"PropertyValueSpecification\",\"valueRequired\":true,\"valueName\":\"search_term_string\"}}],\"inLanguage\":\"it-IT\"}]}<\/script>\n<!-- \/ Yoast SEO plugin. -->","yoast_head_json":{"title":"MKARCHERY Sezioni centrali X-ON 25&quot; RH - Bogensportdiscount \u2013 Archi, frecce, bersagli e accessori","description":"Acquista le sezioni centrali MKARCHERY X-ON 25&quot; RH a un prezzo vantaggioso su Bogensportdiscount \u2013 Le migliori marche, spedizione veloce dalla Svizzera.","robots":{"index":"index","follow":"follow","max-snippet":"max-snippet:-1","max-image-preview":"max-image-preview:large","max-video-preview":"max-video-preview:-1"},"canonical":"https:\/\/bogensportdiscount.ch\/it\/prodotto\/mkarchery-recurvebogen-mittelstuck-x-on-25-rh\/","og_locale":"it_IT","og_type":"article","og_title":"MKARCHERY Sezioni centrali X-ON 25&quot; RH - Bogensportdiscount \u2013 Archi, frecce, bersagli e accessori","og_description":"Acquista le sezioni centrali MKARCHERY X-ON 25&quot; RH a un prezzo vantaggioso su Bogensportdiscount \u2013 Le migliori marche, spedizione veloce dalla Svizzera.","og_url":"https:\/\/bogensportdiscount.ch\/it\/prodotto\/mkarchery-recurvebogen-mittelstuck-x-on-25-rh\/","og_site_name":"Bogensportdiscount \u2013 B\u00f6gen, Pfeile, Targets &amp; Zubeh\u00f6r","article_modified_time":"2026-05-14T13:26:39+00:00","og_image":[{"width":2100,"height":3000,"url":"https:\/\/bogensportdiscount.ch\/wp-content\/uploads\/bsm-images\/A063011_1.jpg","type":"image\/jpeg"}],"twitter_card":"summary_large_image","schema":{"@context":"https:\/\/schema.org","@graph":[{"@type":"WebPage","@id":"https:\/\/bogensportdiscount.ch\/produkt\/mkarchery-recurvebogen-mittelstuck-x-on-25-rh\/","url":"https:\/\/bogensportdiscount.ch\/produkt\/mkarchery-recurvebogen-mittelstuck-x-on-25-rh\/","name":"MKARCHERY Sezioni centrali X-ON 25&quot; RH - Bogensportdiscount \u2013 Archi, frecce, bersagli e accessori","isPartOf":{"@id":"https:\/\/bogensportdiscount.ch\/#website"},"primaryImageOfPage":{"@id":"https:\/\/bogensportdiscount.ch\/produkt\/mkarchery-recurvebogen-mittelstuck-x-on-25-rh\/#primaryimage"},"image":{"@id":"https:\/\/bogensportdiscount.ch\/produkt\/mkarchery-recurvebogen-mittelstuck-x-on-25-rh\/#primaryimage"},"thumbnailUrl":"https:\/\/bogensportdiscount.ch\/wp-content\/uploads\/bsm-images\/A063011_1.jpg","datePublished":"2026-04-05T13:00:54+00:00","dateModified":"2026-05-14T13:26:39+00:00","description":"Acquista le sezioni centrali MKARCHERY X-ON 25&quot; RH a un prezzo vantaggioso su Bogensportdiscount \u2013 Le migliori marche, spedizione veloce dalla Svizzera.","breadcrumb":{"@id":"https:\/\/bogensportdiscount.ch\/produkt\/mkarchery-recurvebogen-mittelstuck-x-on-25-rh\/#breadcrumb"},"inLanguage":"it-IT","potentialAction":[{"@type":"ReadAction","target":["https:\/\/bogensportdiscount.ch\/produkt\/mkarchery-recurvebogen-mittelstuck-x-on-25-rh\/"]}]},{"@type":"ImageObject","inLanguage":"it-IT","@id":"https:\/\/bogensportdiscount.ch\/produkt\/mkarchery-recurvebogen-mittelstuck-x-on-25-rh\/#primaryimage","url":"https:\/\/bogensportdiscount.ch\/wp-content\/uploads\/bsm-images\/A063011_1.jpg","contentUrl":"https:\/\/bogensportdiscount.ch\/wp-content\/uploads\/bsm-images\/A063011_1.jpg","width":2100,"height":3000},{"@type":"BreadcrumbList","@id":"https:\/\/bogensportdiscount.ch\/produkt\/mkarchery-recurvebogen-mittelstuck-x-on-25-rh\/#breadcrumb","itemListElement":[{"@type":"ListItem","position":1,"name":"Home","item":"https:\/\/bogensportdiscount.ch\/"},{"@type":"ListItem","position":2,"name":"Shop","item":"https:\/\/bogensportdiscount.ch\/shop\/"},{"@type":"ListItem","position":3,"name":"MKARCHERY Mittelteile X-ON 25&#8243; RH"}]},{"@type":"WebSite","@id":"https:\/\/bogensportdiscount.ch\/#website","url":"https:\/\/bogensportdiscount.ch\/","name":"Bogensportdiscount","description":"","potentialAction":[{"@type":"SearchAction","target":{"@type":"EntryPoint","urlTemplate":"https:\/\/bogensportdiscount.ch\/?s={search_term_string}"},"query-input":{"@type":"PropertyValueSpecification","valueRequired":true,"valueName":"search_term_string"}}],"inLanguage":"it-IT"}]}},"_links":{"self":[{"href":"https:\/\/bogensportdiscount.ch\/it\/wp-json\/wp\/v2\/product\/409870","targetHints":{"allow":["GET"]}}],"collection":[{"href":"https:\/\/bogensportdiscount.ch\/it\/wp-json\/wp\/v2\/product"}],"about":[{"href":"https:\/\/bogensportdiscount.ch\/it\/wp-json\/wp\/v2\/types\/product"}],"replies":[{"embeddable":true,"href":"https:\/\/bogensportdiscount.ch\/it\/wp-json\/wp\/v2\/comments?post=409870"}],"wp:featuredmedia":[{"embeddable":true,"href":"https:\/\/bogensportdiscount.ch\/it\/wp-json\/wp\/v2\/media\/451534"}],"wp:attachment":[{"href":"https:\/\/bogensportdiscount.ch\/it\/wp-json\/wp\/v2\/media?parent=409870"}],"wp:term":[{"taxonomy":"product_brand","embeddable":true,"href":"https:\/\/bogensportdiscount.ch\/it\/wp-json\/wp\/v2\/product_brand?post=409870"},{"taxonomy":"product_cat","embeddable":true,"href":"https:\/\/bogensportdiscount.ch\/it\/wp-json\/wp\/v2\/product_cat?post=409870"},{"taxonomy":"product_tag","embeddable":true,"href":"https:\/\/bogensportdiscount.ch\/it\/wp-json\/wp\/v2\/product_tag?post=409870"}],"curies":[{"name":"wp","href":"https:\/\/api.w.org\/{rel}","templated":true}]}}