{"id":409780,"date":"2026-04-05T15:00:46","date_gmt":"2026-04-05T13:00:46","guid":{"rendered":"https:\/\/bogensportdiscount.ch\/produkt\/point-collars-id5-2-alu-7075-skylon-spine-300-12-pk\/"},"modified":"2026-04-17T13:47:43","modified_gmt":"2026-04-17T11:47:43","slug":"skylon-pfeilspitzenadapter-point-collars-id52-alu-7075","status":"publish","type":"product","link":"https:\/\/bogensportdiscount.ch\/it\/prodotto\/skylon-pfeilspitzenadapter-point-collars-id52-alu-7075\/","title":{"rendered":"COLLARI A PUNTA ID5.2 ALU-7075 SPINA DI SKYLON 12\/pz."},"content":{"rendered":"<p>Die SKYLON Point Collars ID5.2 sind Pfeilspitzenadapter aus hochfestem Aluminium 7075, konzipiert f\u00fcr Pfeilsch\u00e4fte mit einem Innendurchmesser von 5.2 mm. Sie erm\u00f6glichen die sichere Befestigung von Pfeilspitzen und sch\u00fctzen gleichzeitig das Schaftmaterial im Bereich der Spitze.<\/p>\n<p>Dank der Fertigung aus Alu-7075 bieten die Adapter eine hohe Belastbarkeit bei geringem Gewicht. Die Collars sind auf die SKYLON Schaftserie abgestimmt und in den g\u00e4ngigen Spine-St\u00e4rken 300, 350, 400, 500, 600 und 700 erh\u00e4ltlich.<\/p>\n<ul>\n<li>Material: Aluminium 7075<\/li>\n<li>Innendurchmesser: 5.2 mm<\/li>\n<li>Passend f\u00fcr Spine-St\u00e4rken 300\u2013700<\/li>\n<li>Schutz des Schaftendes im Spitzenbereich<\/li>\n<\/ul>","protected":false},"excerpt":{"rendered":"<p>Die SKYLON Point Collars ID5.2 sind Pfeilspitzenadapter aus Aluminium 7075 f\u00fcr Sch\u00e4fte mit einem Innen-Durchmesser von 5.2 mm. Erh\u00e4ltlich in den Spine-St\u00e4rken 300, 350, 400, 500, 600 und 700.<\/p>","protected":false},"featured_media":439148,"comment_status":"open","ping_status":"closed","template":"","meta":[],"product_brand":[457],"product_cat":[4551],"product_tag":[],"class_list":{"0":"post-409780","1":"product","2":"type-product","3":"status-publish","4":"has-post-thumbnail","6":"product_brand-skylon","7":"product_cat-collars","9":"first","10":"instock","11":"shipping-taxable","12":"purchasable","13":"product-type-variable"},"_links":{"self":[{"href":"https:\/\/bogensportdiscount.ch\/it\/wp-json\/wp\/v2\/product\/409780","targetHints":{"allow":["GET"]}}],"collection":[{"href":"https:\/\/bogensportdiscount.ch\/it\/wp-json\/wp\/v2\/product"}],"about":[{"href":"https:\/\/bogensportdiscount.ch\/it\/wp-json\/wp\/v2\/types\/product"}],"replies":[{"embeddable":true,"href":"https:\/\/bogensportdiscount.ch\/it\/wp-json\/wp\/v2\/comments?post=409780"}],"wp:featuredmedia":[{"embeddable":true,"href":"https:\/\/bogensportdiscount.ch\/it\/wp-json\/wp\/v2\/media\/439148"}],"wp:attachment":[{"href":"https:\/\/bogensportdiscount.ch\/it\/wp-json\/wp\/v2\/media?parent=409780"}],"wp:term":[{"taxonomy":"product_brand","embeddable":true,"href":"https:\/\/bogensportdiscount.ch\/it\/wp-json\/wp\/v2\/product_brand?post=409780"},{"taxonomy":"product_cat","embeddable":true,"href":"https:\/\/bogensportdiscount.ch\/it\/wp-json\/wp\/v2\/product_cat?post=409780"},{"taxonomy":"product_tag","embeddable":true,"href":"https:\/\/bogensportdiscount.ch\/it\/wp-json\/wp\/v2\/product_tag?post=409780"}],"curies":[{"name":"wp","href":"https:\/\/api.w.org\/{rel}","templated":true}]}}