{"id":409729,"date":"2026-04-05T15:00:39","date_gmt":"2026-04-05T13:00:39","guid":{"rendered":"https:\/\/bogensportdiscount.ch\/produkt\/accutouch-carbon-pro-slider-w-damp-accustat-ii-scope-3-pin-010-black\/"},"modified":"2026-04-21T08:53:21","modified_gmt":"2026-04-21T06:53:21","slug":"axcel-compound-visier-accutouch-carbon-pro-slider-daempfer-accustat-ii-scope","status":"publish","type":"product","link":"https:\/\/bogensportdiscount.ch\/it\/prodotto\/axcel-compound-visier-accutouch-carbon-pro-slider-daempfer-accustat-ii-scope\/","title":{"rendered":"AXCEL ACCUTOUCH CARBON PRO SLIDER W\/DAMP. ACCUSTAT II ZIELFERNROHR &#8211; 5 PIN"},"content":{"rendered":"<p>Das AXCEL Accutouch Carbon Pro Slider ist ein Slider-Visier f\u00fcr Compound-B\u00f6gen, das speziell f\u00fcr den Einsatz bei der Jagd und im 3D-Bogensport entwickelt wurde. Die Slider-Konstruktion erm\u00f6glicht eine stufenlose Entfernungseinstellung direkt am Visier.<\/p>\n<p>Als Material kommt Carbon zum Einsatz, was das Visier leicht und stabil h\u00e4lt. Der integrierte D\u00e4mpfer reduziert Schwingungen nach dem Schuss, w\u00e4hrend das Accustat II Scope eine pr\u00e4zise Zieloptik bietet. Das Visier ist in den Pin-Dicken .010&#8243; und .019&#8243; erh\u00e4ltlich.<\/p>\n<ul>\n<li>Slider-Visier f\u00fcr stufenlose Entfernungseinstellung<\/li>\n<li>Carbon-Bauweise f\u00fcr geringes Gewicht<\/li>\n<li>Integrierter D\u00e4mpfer zur Schwingungsreduktion<\/li>\n<li>Accustat II Scope f\u00fcr pr\u00e4zise Zielerfassung<\/li>\n<\/ul>","protected":false},"excerpt":{"rendered":"<p><strong>Marchio:<\/strong> Axcel<\/p>","protected":false},"featured_media":523570,"comment_status":"open","ping_status":"closed","template":"","meta":[],"product_brand":[467],"product_cat":[4263],"product_tag":[],"class_list":{"0":"post-409729","1":"product","2":"type-product","3":"status-publish","4":"has-post-thumbnail","6":"product_brand-axcel","7":"product_cat-jagd-und-3d-visiere","8":"product_shipping_class-bsd-standard","10":"first","11":"instock","12":"shipping-taxable","13":"purchasable","14":"product-type-variable"},"yoast_head":"<!-- This site is optimized with the Yoast SEO plugin v27.4 - https:\/\/yoast.com\/product\/yoast-seo-wordpress\/ -->\n<title>AXCEL ACCUTOUCH CARBON PRO SLIDER CON AMMORTIZZATORE. CANNOCCHIALE ACCUSTAT II - 5 PIN - Bogensportdiscount \u2013 Archi, frecce, bersagli e accessori<\/title>\n<meta name=\"description\" content=\"AXCEL ACCUTOUCH CARBON PRO SLIDER CON SMORZATORE. CANNOCCHIALE ACCUSTAT II - 5 PIN: acquista a un prezzo conveniente su Bogensportdiscount \u2013 Le migliori marche, spedizione veloce dalla Svizzera.\" \/>\n<meta name=\"robots\" content=\"index, follow, max-snippet:-1, max-image-preview:large, max-video-preview:-1\" \/>\n<link rel=\"canonical\" href=\"https:\/\/bogensportdiscount.ch\/it\/prodotto\/axcel-compound-visier-accutouch-carbon-pro-slider-daempfer-accustat-ii-scope\/\" \/>\n<meta property=\"og:locale\" content=\"it_IT\" \/>\n<meta property=\"og:type\" content=\"article\" \/>\n<meta property=\"og:title\" content=\"AXCEL ACCUTOUCH CARBON PRO SLIDER CON AMMORTIZZATORE. CANNOCCHIALE ACCUSTAT II - 5 PIN - Bogensportdiscount \u2013 Archi, frecce, bersagli e accessori\" \/>\n<meta property=\"og:description\" content=\"AXCEL ACCUTOUCH CARBON PRO SLIDER CON SMORZATORE. CANNOCCHIALE ACCUSTAT II - 5 PIN: acquista a un prezzo conveniente su Bogensportdiscount \u2013 Le migliori marche, spedizione veloce dalla Svizzera.\" \/>\n<meta property=\"og:url\" content=\"https:\/\/bogensportdiscount.ch\/it\/prodotto\/axcel-compound-visier-accutouch-carbon-pro-slider-daempfer-accustat-ii-scope\/\" \/>\n<meta property=\"og:site_name\" content=\"Bogensportdiscount \u2013 B\u00f6gen, Pfeile, Targets &amp; Zubeh\u00f6r\" \/>\n<meta property=\"article:modified_time\" content=\"2026-04-21T06:53:21+00:00\" \/>\n<meta property=\"og:image\" content=\"https:\/\/bogensportdiscount.ch\/wp-content\/uploads\/bsm-images\/A062545_1.png\" \/>\n\t<meta property=\"og:image:width\" content=\"2048\" \/>\n\t<meta property=\"og:image:height\" content=\"1024\" \/>\n\t<meta property=\"og:image:type\" content=\"image\/png\" \/>\n<meta name=\"twitter:card\" content=\"summary_large_image\" \/>\n<meta name=\"twitter:label1\" content=\"Tempo di lettura stimato\" \/>\n\t<meta name=\"twitter:data1\" content=\"1 minuto\" \/>\n<script type=\"application\/ld+json\" class=\"yoast-schema-graph\">{\"@context\":\"https:\\\/\\\/schema.org\",\"@graph\":[{\"@type\":\"WebPage\",\"@id\":\"https:\\\/\\\/bogensportdiscount.ch\\\/produkt\\\/axcel-compound-visier-accutouch-carbon-pro-slider-daempfer-accustat-ii-scope\\\/\",\"url\":\"https:\\\/\\\/bogensportdiscount.ch\\\/produkt\\\/axcel-compound-visier-accutouch-carbon-pro-slider-daempfer-accustat-ii-scope\\\/\",\"name\":\"AXCEL ACCUTOUCH CARBON PRO SLIDER W\\\/DAMP. ACCUSTAT II ZIELFERNROHR - 5 PIN - Bogensportdiscount \u2013 B\u00f6gen, Pfeile, Targets &amp; Zubeh\u00f6r\",\"isPartOf\":{\"@id\":\"https:\\\/\\\/bogensportdiscount.ch\\\/#website\"},\"primaryImageOfPage\":{\"@id\":\"https:\\\/\\\/bogensportdiscount.ch\\\/produkt\\\/axcel-compound-visier-accutouch-carbon-pro-slider-daempfer-accustat-ii-scope\\\/#primaryimage\"},\"image\":{\"@id\":\"https:\\\/\\\/bogensportdiscount.ch\\\/produkt\\\/axcel-compound-visier-accutouch-carbon-pro-slider-daempfer-accustat-ii-scope\\\/#primaryimage\"},\"thumbnailUrl\":\"https:\\\/\\\/bogensportdiscount.ch\\\/wp-content\\\/uploads\\\/bsm-images\\\/A062545_1.png\",\"datePublished\":\"2026-04-05T13:00:39+00:00\",\"dateModified\":\"2026-04-21T06:53:21+00:00\",\"description\":\"AXCEL ACCUTOUCH CARBON PRO SLIDER W\\\/DAMP. ACCUSTAT II ZIELFERNROHR - 5 PIN g\u00fcnstig kaufen bei Bogensportdiscount \u2013 Top-Marken, schneller Versand aus der Schweiz.\",\"breadcrumb\":{\"@id\":\"https:\\\/\\\/bogensportdiscount.ch\\\/produkt\\\/axcel-compound-visier-accutouch-carbon-pro-slider-daempfer-accustat-ii-scope\\\/#breadcrumb\"},\"inLanguage\":\"it-IT\",\"potentialAction\":[{\"@type\":\"ReadAction\",\"target\":[\"https:\\\/\\\/bogensportdiscount.ch\\\/produkt\\\/axcel-compound-visier-accutouch-carbon-pro-slider-daempfer-accustat-ii-scope\\\/\"]}]},{\"@type\":\"ImageObject\",\"inLanguage\":\"it-IT\",\"@id\":\"https:\\\/\\\/bogensportdiscount.ch\\\/produkt\\\/axcel-compound-visier-accutouch-carbon-pro-slider-daempfer-accustat-ii-scope\\\/#primaryimage\",\"url\":\"https:\\\/\\\/bogensportdiscount.ch\\\/wp-content\\\/uploads\\\/bsm-images\\\/A062545_1.png\",\"contentUrl\":\"https:\\\/\\\/bogensportdiscount.ch\\\/wp-content\\\/uploads\\\/bsm-images\\\/A062545_1.png\",\"width\":2048,\"height\":1024},{\"@type\":\"BreadcrumbList\",\"@id\":\"https:\\\/\\\/bogensportdiscount.ch\\\/produkt\\\/axcel-compound-visier-accutouch-carbon-pro-slider-daempfer-accustat-ii-scope\\\/#breadcrumb\",\"itemListElement\":[{\"@type\":\"ListItem\",\"position\":1,\"name\":\"Home\",\"item\":\"https:\\\/\\\/bogensportdiscount.ch\\\/\"},{\"@type\":\"ListItem\",\"position\":2,\"name\":\"Shop\",\"item\":\"https:\\\/\\\/bogensportdiscount.ch\\\/shop\\\/\"},{\"@type\":\"ListItem\",\"position\":3,\"name\":\"AXCEL ACCUTOUCH CARBON PRO SLIDER W\\\/DAMP. ACCUSTAT II ZIELFERNROHR &#8211; 5 PIN\"}]},{\"@type\":\"WebSite\",\"@id\":\"https:\\\/\\\/bogensportdiscount.ch\\\/#website\",\"url\":\"https:\\\/\\\/bogensportdiscount.ch\\\/\",\"name\":\"Bogensportdiscount\",\"description\":\"\",\"potentialAction\":[{\"@type\":\"SearchAction\",\"target\":{\"@type\":\"EntryPoint\",\"urlTemplate\":\"https:\\\/\\\/bogensportdiscount.ch\\\/?s={search_term_string}\"},\"query-input\":{\"@type\":\"PropertyValueSpecification\",\"valueRequired\":true,\"valueName\":\"search_term_string\"}}],\"inLanguage\":\"it-IT\"}]}<\/script>\n<!-- \/ Yoast SEO plugin. -->","yoast_head_json":{"title":"AXCEL ACCUTOUCH CARBON PRO SLIDER CON AMMORTIZZATORE. CANNOCCHIALE ACCUSTAT II - 5 PIN - Bogensportdiscount \u2013 Archi, frecce, bersagli e accessori","description":"AXCEL ACCUTOUCH CARBON PRO SLIDER CON SMORZATORE. CANNOCCHIALE ACCUSTAT II - 5 PIN: acquista a un prezzo conveniente su Bogensportdiscount \u2013 Le migliori marche, spedizione veloce dalla Svizzera.","robots":{"index":"index","follow":"follow","max-snippet":"max-snippet:-1","max-image-preview":"max-image-preview:large","max-video-preview":"max-video-preview:-1"},"canonical":"https:\/\/bogensportdiscount.ch\/it\/prodotto\/axcel-compound-visier-accutouch-carbon-pro-slider-daempfer-accustat-ii-scope\/","og_locale":"it_IT","og_type":"article","og_title":"AXCEL ACCUTOUCH CARBON PRO SLIDER CON AMMORTIZZATORE. CANNOCCHIALE ACCUSTAT II - 5 PIN - Bogensportdiscount \u2013 Archi, frecce, bersagli e accessori","og_description":"AXCEL ACCUTOUCH CARBON PRO SLIDER CON SMORZATORE. CANNOCCHIALE ACCUSTAT II - 5 PIN: acquista a un prezzo conveniente su Bogensportdiscount \u2013 Le migliori marche, spedizione veloce dalla Svizzera.","og_url":"https:\/\/bogensportdiscount.ch\/it\/prodotto\/axcel-compound-visier-accutouch-carbon-pro-slider-daempfer-accustat-ii-scope\/","og_site_name":"Bogensportdiscount \u2013 B\u00f6gen, Pfeile, Targets &amp; Zubeh\u00f6r","article_modified_time":"2026-04-21T06:53:21+00:00","og_image":[{"width":2048,"height":1024,"url":"https:\/\/bogensportdiscount.ch\/wp-content\/uploads\/bsm-images\/A062545_1.png","type":"image\/png"}],"twitter_card":"summary_large_image","twitter_misc":{"Tempo di lettura stimato":"1 minuto"},"schema":{"@context":"https:\/\/schema.org","@graph":[{"@type":"WebPage","@id":"https:\/\/bogensportdiscount.ch\/produkt\/axcel-compound-visier-accutouch-carbon-pro-slider-daempfer-accustat-ii-scope\/","url":"https:\/\/bogensportdiscount.ch\/produkt\/axcel-compound-visier-accutouch-carbon-pro-slider-daempfer-accustat-ii-scope\/","name":"AXCEL ACCUTOUCH CARBON PRO SLIDER CON AMMORTIZZATORE. CANNOCCHIALE ACCUSTAT II - 5 PIN - Bogensportdiscount \u2013 Archi, frecce, bersagli e accessori","isPartOf":{"@id":"https:\/\/bogensportdiscount.ch\/#website"},"primaryImageOfPage":{"@id":"https:\/\/bogensportdiscount.ch\/produkt\/axcel-compound-visier-accutouch-carbon-pro-slider-daempfer-accustat-ii-scope\/#primaryimage"},"image":{"@id":"https:\/\/bogensportdiscount.ch\/produkt\/axcel-compound-visier-accutouch-carbon-pro-slider-daempfer-accustat-ii-scope\/#primaryimage"},"thumbnailUrl":"https:\/\/bogensportdiscount.ch\/wp-content\/uploads\/bsm-images\/A062545_1.png","datePublished":"2026-04-05T13:00:39+00:00","dateModified":"2026-04-21T06:53:21+00:00","description":"AXCEL ACCUTOUCH CARBON PRO SLIDER CON SMORZATORE. CANNOCCHIALE ACCUSTAT II - 5 PIN: acquista a un prezzo conveniente su Bogensportdiscount \u2013 Le migliori marche, spedizione veloce dalla Svizzera.","breadcrumb":{"@id":"https:\/\/bogensportdiscount.ch\/produkt\/axcel-compound-visier-accutouch-carbon-pro-slider-daempfer-accustat-ii-scope\/#breadcrumb"},"inLanguage":"it-IT","potentialAction":[{"@type":"ReadAction","target":["https:\/\/bogensportdiscount.ch\/produkt\/axcel-compound-visier-accutouch-carbon-pro-slider-daempfer-accustat-ii-scope\/"]}]},{"@type":"ImageObject","inLanguage":"it-IT","@id":"https:\/\/bogensportdiscount.ch\/produkt\/axcel-compound-visier-accutouch-carbon-pro-slider-daempfer-accustat-ii-scope\/#primaryimage","url":"https:\/\/bogensportdiscount.ch\/wp-content\/uploads\/bsm-images\/A062545_1.png","contentUrl":"https:\/\/bogensportdiscount.ch\/wp-content\/uploads\/bsm-images\/A062545_1.png","width":2048,"height":1024},{"@type":"BreadcrumbList","@id":"https:\/\/bogensportdiscount.ch\/produkt\/axcel-compound-visier-accutouch-carbon-pro-slider-daempfer-accustat-ii-scope\/#breadcrumb","itemListElement":[{"@type":"ListItem","position":1,"name":"Home","item":"https:\/\/bogensportdiscount.ch\/"},{"@type":"ListItem","position":2,"name":"Shop","item":"https:\/\/bogensportdiscount.ch\/shop\/"},{"@type":"ListItem","position":3,"name":"AXCEL ACCUTOUCH CARBON PRO SLIDER W\/DAMP. ACCUSTAT II ZIELFERNROHR &#8211; 5 PIN"}]},{"@type":"WebSite","@id":"https:\/\/bogensportdiscount.ch\/#website","url":"https:\/\/bogensportdiscount.ch\/","name":"Bogensportdiscount","description":"","potentialAction":[{"@type":"SearchAction","target":{"@type":"EntryPoint","urlTemplate":"https:\/\/bogensportdiscount.ch\/?s={search_term_string}"},"query-input":{"@type":"PropertyValueSpecification","valueRequired":true,"valueName":"search_term_string"}}],"inLanguage":"it-IT"}]}},"_links":{"self":[{"href":"https:\/\/bogensportdiscount.ch\/it\/wp-json\/wp\/v2\/product\/409729","targetHints":{"allow":["GET"]}}],"collection":[{"href":"https:\/\/bogensportdiscount.ch\/it\/wp-json\/wp\/v2\/product"}],"about":[{"href":"https:\/\/bogensportdiscount.ch\/it\/wp-json\/wp\/v2\/types\/product"}],"replies":[{"embeddable":true,"href":"https:\/\/bogensportdiscount.ch\/it\/wp-json\/wp\/v2\/comments?post=409729"}],"wp:featuredmedia":[{"embeddable":true,"href":"https:\/\/bogensportdiscount.ch\/it\/wp-json\/wp\/v2\/media\/523570"}],"wp:attachment":[{"href":"https:\/\/bogensportdiscount.ch\/it\/wp-json\/wp\/v2\/media?parent=409729"}],"wp:term":[{"taxonomy":"product_brand","embeddable":true,"href":"https:\/\/bogensportdiscount.ch\/it\/wp-json\/wp\/v2\/product_brand?post=409729"},{"taxonomy":"product_cat","embeddable":true,"href":"https:\/\/bogensportdiscount.ch\/it\/wp-json\/wp\/v2\/product_cat?post=409729"},{"taxonomy":"product_tag","embeddable":true,"href":"https:\/\/bogensportdiscount.ch\/it\/wp-json\/wp\/v2\/product_tag?post=409729"}],"curies":[{"name":"wp","href":"https:\/\/api.w.org\/{rel}","templated":true}]}}