{"id":409695,"date":"2026-04-05T15:00:33","date_gmt":"2026-04-05T13:00:33","guid":{"rendered":"https:\/\/bogensportdiscount.ch\/produkt\/fast-eddie-triple-stack-mrt-3-pin-010-rh-black\/"},"modified":"2026-04-15T13:07:18","modified_gmt":"2026-04-15T11:07:18","slug":"spothogg-compound-visier-fast-eddie-triple-stack-mrt-3-pin","status":"publish","type":"product","link":"https:\/\/bogensportdiscount.ch\/it\/prodotto\/spothogg-compound-visier-fast-eddie-triple-stack-mrt-3-pin\/","title":{"rendered":"SPOTHOGG FAST EDDIE TRIPLE STACK MRT \/ 3 PIN"},"content":{"rendered":"<p>Das SPOTHOGG Fast Eddie Triple Stack MRT ist ein robustes 3-Pin Compound-Visier, das speziell f\u00fcr den Einsatz bei der Jagd und im 3D-Bogensport entwickelt wurde. Es geh\u00f6rt zur bew\u00e4hrten Fast-Eddie-Linie von Spot-Hogg und bietet mit dem Triple-Stack-System eine stabile Halterungskonstruktion.<\/p>\n<p>Das Visier ist in zwei Fadenst\u00e4rken erh\u00e4ltlich (.010&#8243; und .019&#8243;) und kann sowohl von Rechts- als auch von Linksh\u00e4ndern verwendet werden. Die MRT-Ausf\u00fchrung (Micro Rheostat Tape) erm\u00f6glicht eine pr\u00e4zise Einstellung der Lichtintensit\u00e4t des Visierlichts.<\/p>\n<ul>\n<li>3-Pin-Konfiguration f\u00fcr verschiedene Distanzen<\/li>\n<li>Disponibile per l'uso con la mano destra o sinistra<\/li>\n<li>Fadenst\u00e4rken .010&#8243; und .019&#8243; w\u00e4hlbar<\/li>\n<li>Prodotto negli Stati Uniti<\/li>\n<\/ul>","protected":false},"excerpt":{"rendered":"<p>Das SPOTHOGG Fast Eddie Triple Stack MRT ist ein 3-Pin Compound-Visier f\u00fcr Jagd und 3D-Bogensport. Erh\u00e4ltlich f\u00fcr Links- und Rechtshand in den Fadenst\u00e4rken .010&#8243; und .019&#8243;. Hergestellt in den USA.<\/p>","protected":false},"featured_media":452936,"comment_status":"open","ping_status":"closed","template":"","meta":[],"product_brand":[538],"product_cat":[4263],"product_tag":[],"class_list":{"0":"post-409695","1":"product","2":"type-product","3":"status-publish","4":"has-post-thumbnail","6":"product_brand-spothogg","7":"product_cat-jagd-und-3d-visiere","9":"first","10":"instock","11":"shipping-taxable","12":"purchasable","13":"product-type-variable"},"_links":{"self":[{"href":"https:\/\/bogensportdiscount.ch\/it\/wp-json\/wp\/v2\/product\/409695","targetHints":{"allow":["GET"]}}],"collection":[{"href":"https:\/\/bogensportdiscount.ch\/it\/wp-json\/wp\/v2\/product"}],"about":[{"href":"https:\/\/bogensportdiscount.ch\/it\/wp-json\/wp\/v2\/types\/product"}],"replies":[{"embeddable":true,"href":"https:\/\/bogensportdiscount.ch\/it\/wp-json\/wp\/v2\/comments?post=409695"}],"wp:featuredmedia":[{"embeddable":true,"href":"https:\/\/bogensportdiscount.ch\/it\/wp-json\/wp\/v2\/media\/452936"}],"wp:attachment":[{"href":"https:\/\/bogensportdiscount.ch\/it\/wp-json\/wp\/v2\/media?parent=409695"}],"wp:term":[{"taxonomy":"product_brand","embeddable":true,"href":"https:\/\/bogensportdiscount.ch\/it\/wp-json\/wp\/v2\/product_brand?post=409695"},{"taxonomy":"product_cat","embeddable":true,"href":"https:\/\/bogensportdiscount.ch\/it\/wp-json\/wp\/v2\/product_cat?post=409695"},{"taxonomy":"product_tag","embeddable":true,"href":"https:\/\/bogensportdiscount.ch\/it\/wp-json\/wp\/v2\/product_tag?post=409695"}],"curies":[{"name":"wp","href":"https:\/\/api.w.org\/{rel}","templated":true}]}}